{"id":101,"date":"2018-11-22T15:51:16","date_gmt":"2018-11-22T13:51:16","guid":{"rendered":"https:\/\/www.amethystmine.fi\/?page_id=101"},"modified":"2026-03-17T15:36:45","modified_gmt":"2026-03-17T13:36:45","slug":"arvot-ja-toiminta","status":"publish","type":"page","link":"https:\/\/www.amethystmine.fi\/fi\/yhtio\/arvot-ja-toiminta\/","title":{"rendered":"Arvot ja toiminta"},"content":{"rendered":"<p>Liiketoimintasuunnitelmassa kaivosyhti\u00f6n arvoiksi m\u00e4\u00e4riteltiin luonnon kunnioitus, ihmisen kunnioitus ja kest\u00e4v\u00e4n matkailun periaatteen noudattaminen, aitojen el\u00e4mysten tuottaminen ja toiminnan ammattimainen laatu.<\/p>\n<p><u>Luonnon kunnioitus<\/u> n\u00e4kyy yhti\u00f6n perusvalinnoissa.\u00a0\u00a0 Luopumalla nopeaa kassavirtaa tuovasta teollisesta kaivostoiminnasta ja jalostamalla raaka-aineen arvoketjun ylimm\u00e4lle portaalle el\u00e4myksiksi on yhti\u00f6 tehokkaasti s\u00e4\u00e4st\u00e4nyt kaivosalueen ymp\u00e4rist\u00f6\u00e4.\u00a0 Esimerkiksi kaivuuty\u00f6n takia ei tarpeettomasti poisteta yht\u00e4k\u00e4\u00e4n puuta.\u00a0 Yhti\u00f6 on my\u00f6s toiminut aktiivisesti kansallispuiston perustamisen hyv\u00e4ksi.<\/p>\n<p><u>Ihmisten kunnioitus<\/u> tarkoittaa ty\u00f6ntekij\u00f6iden ja yhteisty\u00f6kumppanien tarpeiden huomioonottamista ja se n\u00e4kyy p\u00e4ivitt\u00e4isess\u00e4 toiminnassa sek\u00e4 yhti\u00f6n sis\u00e4ll\u00e4 ett\u00e4 ulkoisissa suhteissa.\u00a0\u00a0 Yhti\u00f6 pit\u00e4\u00e4 t\u00e4rke\u00e4n\u00e4 mm. sit\u00e4, ettei pysyv\u00e4ss\u00e4 ty\u00f6suhteessa olevia ty\u00f6ntekij\u00f6it\u00e4 lomauteta taloudellisilla perusteilla.\u00a0 Ihmisen kunnioitus n\u00e4kyy my\u00f6s ohjeistetussa k\u00e4ytt\u00e4ytymisess\u00e4 asiakaspalvelutilanteissa.\u00a0 Esimerkiksi oppaat eiv\u00e4t asiantuntemuksestaan huolimatta ryhdy v\u00e4ittelyihin el\u00e4myst\u00e4 kokevan kaivosvieraan kanssa.<\/p>\n<p>Olemme ylpe\u00e4sti sateenkaariyst\u00e4v\u00e4llinen yritys, joka n\u00e4kyy toiminnassamme arjessa. Kohtelemme kaikkia asiakkaitamme ja yhteisty\u00f6kumppaneitamme yhdenvertaisesti riippumatta heid\u00e4n sukupuoli-identiteetist\u00e4\u00e4n, seksuaalisesta suuntautumisestaan, kulttuuritaustastaan, i\u00e4st\u00e4\u00e4n tai uskonnostaan. Meille on t\u00e4rke\u00e4\u00e4, ett\u00e4 jokainen tuntee olonsa tervetulleeksi ja turvalliseksi vierailunsa aikana.<\/p>\n<p>Haluamme my\u00f6s edist\u00e4\u00e4 matkailua, joka kunnioittaa moninaisuutta ja rakentaa avoimempaa maailmaa. Uskomme, ett\u00e4 parhaat el\u00e4mykset syntyv\u00e4t ymp\u00e4rist\u00f6ss\u00e4, jossa ihmiset voivat kohdata toisensa aidosti, arvostavasti ja ennakkoluulottomasti.<\/p>\n<p>Meill\u00e4 kaivoksella turvallinen ilmapiiri tarkoittaa yst\u00e4v\u00e4llist\u00e4 kohtaamista, kunnioittavaa palvelua ja tilaa olla oma itsens\u00e4. Toivotamme l\u00e4mpim\u00e4sti tervetulleiksi kaikki vierailijat \u2013 yksin matkustavat, perheet, yst\u00e4v\u00e4t, pariskunnat ja yhteis\u00f6t \u2013 juuri sellaisina kuin he ovat.<\/p>\n<p>Meille sateenkaariyst\u00e4v\u00e4llisyys ja yhdenvertaisuus ei ole vain periaate, vaan osa p\u00e4ivitt\u00e4ist\u00e4 toimintaamme ja vierailijakokemusta.<\/p>\n<p><u>Aitous<\/u> n\u00e4kyy yhti\u00f6n tuotteissa ja n\u00e4ytt\u00e4m\u00f6ill\u00e4.\u00a0\u00a0 Kun kaivosvieras kaivaa omaa onnen ametistiaan on kaivuupaikka k\u00e4sittelem\u00e4t\u00f6nt\u00e4 maata, josta voi l\u00f6yty\u00e4 mink\u00e4 tahansa arvoinen kivi.\u00a0 Vieras saa vied\u00e4 mukanaan etuk\u00e4teen sovitun koon mukaisen kiven sen laadusta tai arvosta riippumatta.\u00a0\u00a0 Yhti\u00f6n myym\u00e4t tuotteet ovat aina suomalaisia ja p\u00e4\u00e4asiassa lappilaisella ty\u00f6ll\u00e4 tehtyj\u00e4.<\/p>\n<p>Kest\u00e4v\u00e4n matkailun periaatteita ovat ekologinen kest\u00e4vyys, taloudellinen kest\u00e4vyys, sosiaalinen ja kulturaalinen kest\u00e4vyys sek\u00e4 vastuullisuus.<\/p>\n<p><u>Ekologinen kest\u00e4vyys<\/u> tarkoittaa yhti\u00f6n toiminnassa teht\u00e4vi\u00e4 valintoja, jotka edist\u00e4v\u00e4t luonto- ja ymp\u00e4rist\u00f6resurssien optimaalista k\u00e4ytt\u00f6\u00e4.\u00a0 T\u00e4m\u00e4 n\u00e4kyy peruslinjausten ohella my\u00f6s j\u00e4tteiden lajitteluna kaivoksella ja kahviolla, bioj\u00e4tteen kompostoimisena kahviolla, materiaalivalinnoissa, maaston kulumista suojaavina rakenteina ja ymp\u00e4r\u00f6iv\u00e4n kansallispuiston luontoarvojen vaalimisena.<\/p>\n<p><u>Taloudellinen kest\u00e4vyys<\/u> tarkoittaa pitk\u00e4kestoisia ratkaisuja, joilla yhti\u00f6n toiminnan taloudellinen hy\u00f6ty jakaantuu yhti\u00f6n lis\u00e4ksi muille alueen toimijoille.\u00a0 Yhti\u00f6n toiminnassa se n\u00e4kyy paikallisten tuotteiden suosimisena, paikallisten palvelujen k\u00e4ytt\u00e4misen\u00e4, yhteisty\u00f6n\u00e4 muiden alueen matkailuyritysten kanssa, pyrkimyksen\u00e4 jatkuviin ty\u00f6suhteisiin ja paikkakuntalaisten ty\u00f6llist\u00e4misen\u00e4.\u00a0 Esimerkiksi kaivosyhti\u00f6n rakennukset ja esittelytilojen sek\u00e4 kaivoskaupan sisustukset ovat paikallista k\u00e4sity\u00f6t\u00e4.<\/p>\n<p><u>Sosiaalinen ja kulturaalinen kest\u00e4vyys<\/u> tarkoittaa alueen omaleimaisuuden, aitouden ja historian arvostamista ja kulttuurien v\u00e4lisen ymm\u00e4rryksen lis\u00e4\u00e4mist\u00e4.\u00a0 Yhti\u00f6n toiminnassa se n\u00e4kyy alueen historian, perinteen ja kulttuurin ottamisena mukaan yhti\u00f6n tuotteisiin, alueen paikalliset olot hyvin tuntevina oppaina, paikallisten, lappilaisten ja suomalaisten matkamuistojen suosimisena sek\u00e4 alueen aitoutta ja omaleimaisuutta korostavana markkinointiviestint\u00e4n\u00e4.<\/p>\n<p><u>Vastuullisuudella<\/u> tarkoitetaan luotettavuuteen, turvallisuuteen ja lainmukaisuuteen pohjautuvaa toimintaa.\u00a0\u00a0 Yhti\u00f6n toiminnassa vastuullisuus n\u00e4kyy annettujen lupausten pit\u00e4misen\u00e4, s\u00e4\u00e4d\u00f6sten mukaisena toimintana, asiakkaiden ja ty\u00f6ntekij\u00f6iden turvallisuudesta huolehtimisena sek\u00e4 todenmukaisena markkinointiviestint\u00e4n\u00e4.<\/p>\n<p>Aitojen el\u00e4mysten laadukas tuottaminen n\u00e4kyy jatkuvana tuotekehityksen\u00e4, oppaiden ja muun henkil\u00f6kunnan jatkuvana kouluttamisena.\u00a0 Toiminnan laatua seurataan jatkuvana asiakaspalautteen ker\u00e4\u00e4misen\u00e4 ja se n\u00e4kyy yhti\u00f6n toiminnassa ker\u00e4tyn tiedon analysointiin pohjautuvana p\u00e4\u00e4t\u00f6ksentekona.<\/p>\n<p>Kaivosyhti\u00f6 Arctic Ametisti Oy:lle on my\u00f6nnetty Visit Finlandin Sustainable Travel Finland -merkki.<\/p>\n<p><a href=\"https:\/\/www.amethystmine.fi\/wp-content\/uploads\/2024\/11\/TiedoteSTF.pdf\">STF-Tiedote<\/a><\/p>\n\n\n<p><\/p>\n","protected":false},"excerpt":{"rendered":"<p>Liiketoimintasuunnitelmassa kaivosyhti\u00f6n arvoiksi m\u00e4\u00e4riteltiin luonnon kunnioitus, ihmisen kunnioitus ja kest\u00e4v\u00e4n matkailun periaatteen noudattaminen, aitojen el\u00e4mysten tuottaminen ja toiminnan ammattimainen laatu. Luonnon kunnioitus n\u00e4kyy yhti\u00f6n perusvalinnoissa.\u00a0\u00a0 Luopumalla nopeaa kassavirtaa tuovasta teollisesta kaivostoiminnasta ja jalostamalla raaka-aineen arvoketjun ylimm\u00e4lle portaalle el\u00e4myksiksi on yhti\u00f6 tehokkaasti s\u00e4\u00e4st\u00e4nyt kaivosalueen ymp\u00e4rist\u00f6\u00e4.\u00a0 Esimerkiksi kaivuuty\u00f6n takia ei tarpeettomasti poisteta yht\u00e4k\u00e4\u00e4n puuta.\u00a0 Yhti\u00f6 on my\u00f6s [&hellip;]<\/p>\n","protected":false},"author":1,"featured_media":103,"parent":754,"menu_order":0,"comment_status":"closed","ping_status":"closed","template":"","meta":{"_acf_changed":false,"_genesis_hide_title":false,"_genesis_hide_breadcrumbs":false,"_genesis_hide_singular_image":false,"_genesis_hide_footer_widgets":false,"_genesis_custom_body_class":"","_genesis_custom_post_class":"","_genesis_layout":"","footnotes":""},"class_list":{"0":"post-101","1":"page","2":"type-page","3":"status-publish","4":"has-post-thumbnail","6":"entry"},"acf":[],"yoast_head":"<!-- This site is optimized with the Yoast SEO plugin v27.4 - https:\/\/yoast.com\/product\/yoast-seo-wordpress\/ -->\n<title>Arvot ja toiminta - Amethystmine.fi<\/title>\n<meta name=\"description\" content=\"Kaivosyhti\u00f6n arvoja ovat luonnon kunnioitus, ihmisen kunnioitus ja kest\u00e4v\u00e4n matkailun periaatteen noudattaminen, aitojen el\u00e4mysten tuottaminen ja toiminnan ammattimainen laatu.\" \/>\n<meta name=\"robots\" content=\"index, follow, max-snippet:-1, max-image-preview:large, max-video-preview:-1\" \/>\n<link rel=\"canonical\" href=\"https:\/\/www.amethystmine.fi\/fi\/yhtio\/arvot-ja-toiminta\/\" \/>\n<meta property=\"og:locale\" content=\"fi_FI\" \/>\n<meta property=\"og:type\" content=\"article\" \/>\n<meta property=\"og:title\" content=\"Arvot ja toiminta - Amethystmine.fi\" \/>\n<meta property=\"og:description\" content=\"Kaivosyhti\u00f6n arvoja ovat luonnon kunnioitus, ihmisen kunnioitus ja kest\u00e4v\u00e4n matkailun periaatteen noudattaminen, aitojen el\u00e4mysten tuottaminen ja toiminnan ammattimainen laatu.\" \/>\n<meta property=\"og:url\" content=\"https:\/\/www.amethystmine.fi\/fi\/yhtio\/arvot-ja-toiminta\/\" \/>\n<meta property=\"og:site_name\" content=\"Amethystmine.fi\" \/>\n<meta property=\"article:publisher\" content=\"https:\/\/www.facebook.com\/Amethystmine\" \/>\n<meta property=\"article:modified_time\" content=\"2026-03-17T13:36:45+00:00\" \/>\n<meta property=\"og:image\" content=\"https:\/\/www.amethystmine.fi\/wp-content\/uploads\/2018\/11\/YHTI\u00d6.jpg\" \/>\n\t<meta property=\"og:image:width\" content=\"1903\" \/>\n\t<meta property=\"og:image:height\" content=\"489\" \/>\n\t<meta property=\"og:image:type\" content=\"image\/jpeg\" \/>\n<meta name=\"twitter:card\" content=\"summary_large_image\" \/>\n<meta name=\"twitter:label1\" content=\"Arvioitu lukuaika\" \/>\n\t<meta name=\"twitter:data1\" content=\"3 minuuttia\" \/>\n<script type=\"application\/ld+json\" class=\"yoast-schema-graph\">{\"@context\":\"https:\\\/\\\/schema.org\",\"@graph\":[{\"@type\":\"WebPage\",\"@id\":\"https:\\\/\\\/www.amethystmine.fi\\\/fi\\\/yhtio\\\/arvot-ja-toiminta\\\/\",\"url\":\"https:\\\/\\\/www.amethystmine.fi\\\/fi\\\/yhtio\\\/arvot-ja-toiminta\\\/\",\"name\":\"Arvot ja toiminta - Amethystmine.fi\",\"isPartOf\":{\"@id\":\"https:\\\/\\\/www.amethystmine.fi\\\/fi\\\/#website\"},\"primaryImageOfPage\":{\"@id\":\"https:\\\/\\\/www.amethystmine.fi\\\/fi\\\/yhtio\\\/arvot-ja-toiminta\\\/#primaryimage\"},\"image\":{\"@id\":\"https:\\\/\\\/www.amethystmine.fi\\\/fi\\\/yhtio\\\/arvot-ja-toiminta\\\/#primaryimage\"},\"thumbnailUrl\":\"https:\\\/\\\/www.amethystmine.fi\\\/wp-content\\\/uploads\\\/2018\\\/11\\\/YHTI\u00d6.jpg\",\"datePublished\":\"2018-11-22T13:51:16+00:00\",\"dateModified\":\"2026-03-17T13:36:45+00:00\",\"description\":\"Kaivosyhti\u00f6n arvoja ovat luonnon kunnioitus, ihmisen kunnioitus ja kest\u00e4v\u00e4n matkailun periaatteen noudattaminen, aitojen el\u00e4mysten tuottaminen ja toiminnan ammattimainen laatu.\",\"breadcrumb\":{\"@id\":\"https:\\\/\\\/www.amethystmine.fi\\\/fi\\\/yhtio\\\/arvot-ja-toiminta\\\/#breadcrumb\"},\"inLanguage\":\"fi\",\"potentialAction\":[{\"@type\":\"ReadAction\",\"target\":[\"https:\\\/\\\/www.amethystmine.fi\\\/fi\\\/yhtio\\\/arvot-ja-toiminta\\\/\"]}]},{\"@type\":\"ImageObject\",\"inLanguage\":\"fi\",\"@id\":\"https:\\\/\\\/www.amethystmine.fi\\\/fi\\\/yhtio\\\/arvot-ja-toiminta\\\/#primaryimage\",\"url\":\"https:\\\/\\\/www.amethystmine.fi\\\/wp-content\\\/uploads\\\/2018\\\/11\\\/YHTI\u00d6.jpg\",\"contentUrl\":\"https:\\\/\\\/www.amethystmine.fi\\\/wp-content\\\/uploads\\\/2018\\\/11\\\/YHTI\u00d6.jpg\",\"width\":1903,\"height\":489},{\"@type\":\"BreadcrumbList\",\"@id\":\"https:\\\/\\\/www.amethystmine.fi\\\/fi\\\/yhtio\\\/arvot-ja-toiminta\\\/#breadcrumb\",\"itemListElement\":[{\"@type\":\"ListItem\",\"position\":1,\"name\":\"Home\",\"item\":\"https:\\\/\\\/www.amethystmine.fi\\\/fi\\\/\"},{\"@type\":\"ListItem\",\"position\":2,\"name\":\"Yhti\u00f6\",\"item\":\"https:\\\/\\\/www.amethystmine.fi\\\/fi\\\/yhtio\\\/\"},{\"@type\":\"ListItem\",\"position\":3,\"name\":\"Arvot ja toiminta\"}]},{\"@type\":\"WebSite\",\"@id\":\"https:\\\/\\\/www.amethystmine.fi\\\/fi\\\/#website\",\"url\":\"https:\\\/\\\/www.amethystmine.fi\\\/fi\\\/\",\"name\":\"Amethystmine.fi\",\"description\":\"Ihan uusi WordPress-sivusto\",\"publisher\":{\"@id\":\"https:\\\/\\\/www.amethystmine.fi\\\/fi\\\/#organization\"},\"potentialAction\":[{\"@type\":\"SearchAction\",\"target\":{\"@type\":\"EntryPoint\",\"urlTemplate\":\"https:\\\/\\\/www.amethystmine.fi\\\/fi\\\/?s={search_term_string}\"},\"query-input\":{\"@type\":\"PropertyValueSpecification\",\"valueRequired\":true,\"valueName\":\"search_term_string\"}}],\"inLanguage\":\"fi\"},{\"@type\":\"Organization\",\"@id\":\"https:\\\/\\\/www.amethystmine.fi\\\/fi\\\/#organization\",\"name\":\"Amethystmine.fi\",\"url\":\"https:\\\/\\\/www.amethystmine.fi\\\/fi\\\/\",\"logo\":{\"@type\":\"ImageObject\",\"inLanguage\":\"fi\",\"@id\":\"https:\\\/\\\/www.amethystmine.fi\\\/fi\\\/#\\\/schema\\\/logo\\\/image\\\/\",\"url\":\"https:\\\/\\\/www.amethystmine.fi\\\/wp-content\\\/uploads\\\/2018\\\/11\\\/logo.png\",\"contentUrl\":\"https:\\\/\\\/www.amethystmine.fi\\\/wp-content\\\/uploads\\\/2018\\\/11\\\/logo.png\",\"width\":186,\"height\":76,\"caption\":\"Amethystmine.fi\"},\"image\":{\"@id\":\"https:\\\/\\\/www.amethystmine.fi\\\/fi\\\/#\\\/schema\\\/logo\\\/image\\\/\"},\"sameAs\":[\"https:\\\/\\\/www.facebook.com\\\/Amethystmine\"]}]}<\/script>\n<!-- \/ Yoast SEO plugin. -->","yoast_head_json":{"title":"Arvot ja toiminta - Amethystmine.fi","description":"Kaivosyhti\u00f6n arvoja ovat luonnon kunnioitus, ihmisen kunnioitus ja kest\u00e4v\u00e4n matkailun periaatteen noudattaminen, aitojen el\u00e4mysten tuottaminen ja toiminnan ammattimainen laatu.","robots":{"index":"index","follow":"follow","max-snippet":"max-snippet:-1","max-image-preview":"max-image-preview:large","max-video-preview":"max-video-preview:-1"},"canonical":"https:\/\/www.amethystmine.fi\/fi\/yhtio\/arvot-ja-toiminta\/","og_locale":"fi_FI","og_type":"article","og_title":"Arvot ja toiminta - Amethystmine.fi","og_description":"Kaivosyhti\u00f6n arvoja ovat luonnon kunnioitus, ihmisen kunnioitus ja kest\u00e4v\u00e4n matkailun periaatteen noudattaminen, aitojen el\u00e4mysten tuottaminen ja toiminnan ammattimainen laatu.","og_url":"https:\/\/www.amethystmine.fi\/fi\/yhtio\/arvot-ja-toiminta\/","og_site_name":"Amethystmine.fi","article_publisher":"https:\/\/www.facebook.com\/Amethystmine","article_modified_time":"2026-03-17T13:36:45+00:00","og_image":[{"width":1903,"height":489,"url":"https:\/\/www.amethystmine.fi\/wp-content\/uploads\/2018\/11\/YHTI\u00d6.jpg","type":"image\/jpeg"}],"twitter_card":"summary_large_image","twitter_misc":{"Arvioitu lukuaika":"3 minuuttia"},"schema":{"@context":"https:\/\/schema.org","@graph":[{"@type":"WebPage","@id":"https:\/\/www.amethystmine.fi\/fi\/yhtio\/arvot-ja-toiminta\/","url":"https:\/\/www.amethystmine.fi\/fi\/yhtio\/arvot-ja-toiminta\/","name":"Arvot ja toiminta - Amethystmine.fi","isPartOf":{"@id":"https:\/\/www.amethystmine.fi\/fi\/#website"},"primaryImageOfPage":{"@id":"https:\/\/www.amethystmine.fi\/fi\/yhtio\/arvot-ja-toiminta\/#primaryimage"},"image":{"@id":"https:\/\/www.amethystmine.fi\/fi\/yhtio\/arvot-ja-toiminta\/#primaryimage"},"thumbnailUrl":"https:\/\/www.amethystmine.fi\/wp-content\/uploads\/2018\/11\/YHTI\u00d6.jpg","datePublished":"2018-11-22T13:51:16+00:00","dateModified":"2026-03-17T13:36:45+00:00","description":"Kaivosyhti\u00f6n arvoja ovat luonnon kunnioitus, ihmisen kunnioitus ja kest\u00e4v\u00e4n matkailun periaatteen noudattaminen, aitojen el\u00e4mysten tuottaminen ja toiminnan ammattimainen laatu.","breadcrumb":{"@id":"https:\/\/www.amethystmine.fi\/fi\/yhtio\/arvot-ja-toiminta\/#breadcrumb"},"inLanguage":"fi","potentialAction":[{"@type":"ReadAction","target":["https:\/\/www.amethystmine.fi\/fi\/yhtio\/arvot-ja-toiminta\/"]}]},{"@type":"ImageObject","inLanguage":"fi","@id":"https:\/\/www.amethystmine.fi\/fi\/yhtio\/arvot-ja-toiminta\/#primaryimage","url":"https:\/\/www.amethystmine.fi\/wp-content\/uploads\/2018\/11\/YHTI\u00d6.jpg","contentUrl":"https:\/\/www.amethystmine.fi\/wp-content\/uploads\/2018\/11\/YHTI\u00d6.jpg","width":1903,"height":489},{"@type":"BreadcrumbList","@id":"https:\/\/www.amethystmine.fi\/fi\/yhtio\/arvot-ja-toiminta\/#breadcrumb","itemListElement":[{"@type":"ListItem","position":1,"name":"Home","item":"https:\/\/www.amethystmine.fi\/fi\/"},{"@type":"ListItem","position":2,"name":"Yhti\u00f6","item":"https:\/\/www.amethystmine.fi\/fi\/yhtio\/"},{"@type":"ListItem","position":3,"name":"Arvot ja toiminta"}]},{"@type":"WebSite","@id":"https:\/\/www.amethystmine.fi\/fi\/#website","url":"https:\/\/www.amethystmine.fi\/fi\/","name":"Amethystmine.fi","description":"Ihan uusi WordPress-sivusto","publisher":{"@id":"https:\/\/www.amethystmine.fi\/fi\/#organization"},"potentialAction":[{"@type":"SearchAction","target":{"@type":"EntryPoint","urlTemplate":"https:\/\/www.amethystmine.fi\/fi\/?s={search_term_string}"},"query-input":{"@type":"PropertyValueSpecification","valueRequired":true,"valueName":"search_term_string"}}],"inLanguage":"fi"},{"@type":"Organization","@id":"https:\/\/www.amethystmine.fi\/fi\/#organization","name":"Amethystmine.fi","url":"https:\/\/www.amethystmine.fi\/fi\/","logo":{"@type":"ImageObject","inLanguage":"fi","@id":"https:\/\/www.amethystmine.fi\/fi\/#\/schema\/logo\/image\/","url":"https:\/\/www.amethystmine.fi\/wp-content\/uploads\/2018\/11\/logo.png","contentUrl":"https:\/\/www.amethystmine.fi\/wp-content\/uploads\/2018\/11\/logo.png","width":186,"height":76,"caption":"Amethystmine.fi"},"image":{"@id":"https:\/\/www.amethystmine.fi\/fi\/#\/schema\/logo\/image\/"},"sameAs":["https:\/\/www.facebook.com\/Amethystmine"]}]}},"_links":{"self":[{"href":"https:\/\/www.amethystmine.fi\/fi\/wp-json\/wp\/v2\/pages\/101","targetHints":{"allow":["GET"]}}],"collection":[{"href":"https:\/\/www.amethystmine.fi\/fi\/wp-json\/wp\/v2\/pages"}],"about":[{"href":"https:\/\/www.amethystmine.fi\/fi\/wp-json\/wp\/v2\/types\/page"}],"author":[{"embeddable":true,"href":"https:\/\/www.amethystmine.fi\/fi\/wp-json\/wp\/v2\/users\/1"}],"replies":[{"embeddable":true,"href":"https:\/\/www.amethystmine.fi\/fi\/wp-json\/wp\/v2\/comments?post=101"}],"version-history":[{"count":2,"href":"https:\/\/www.amethystmine.fi\/fi\/wp-json\/wp\/v2\/pages\/101\/revisions"}],"predecessor-version":[{"id":8765,"href":"https:\/\/www.amethystmine.fi\/fi\/wp-json\/wp\/v2\/pages\/101\/revisions\/8765"}],"up":[{"embeddable":true,"href":"https:\/\/www.amethystmine.fi\/fi\/wp-json\/wp\/v2\/pages\/754"}],"wp:featuredmedia":[{"embeddable":true,"href":"https:\/\/www.amethystmine.fi\/fi\/wp-json\/wp\/v2\/media\/103"}],"wp:attachment":[{"href":"https:\/\/www.amethystmine.fi\/fi\/wp-json\/wp\/v2\/media?parent=101"}],"curies":[{"name":"wp","href":"https:\/\/api.w.org\/{rel}","templated":true}]}}