{"id":1029,"date":"2019-03-13T10:38:25","date_gmt":"2019-03-13T08:38:25","guid":{"rendered":"https:\/\/www.amethystmine.fi\/?page_id=1029"},"modified":"2026-03-18T10:10:13","modified_gmt":"2026-03-18T08:10:13","slug":"ametistikauppa","status":"publish","type":"page","link":"https:\/\/www.amethystmine.fi\/fi\/vieraile\/ametistikauppa\/","title":{"rendered":"Ametistikauppa"},"content":{"rendered":"\n<p>Ametistikauppa sijaitsee Luoston Syd\u00e4n liikekeskuksessa, osoitteessa Luostontie 4, 99555 Luosto. Sielt\u00e4 l\u00f6yd\u00e4t aidot ametistikorut, hiottuja sek\u00e4 raaka-ametisteja ja paljon muita Lapissa tehtyj\u00e4 matkamuistoja. Ametistikaupalta voit k\u00e4yd\u00e4 tiedustelemassa lis\u00e4tietoja Ametistikaivosvierailuista sek\u00e4 talvisin ostaa liput Luoston keskustan ja Ukko-Luoston l\u00e4ht\u00f6ihin paikan p\u00e4\u00e4lt\u00e4.<\/p>\n\n\n\n<p>Ametistikaupan tuotteita voit tilata my\u00f6s <a href=\"https:\/\/www.amethystmine.fi\/fi\/ametisti-verkkokauppa\/\">verkkokaupastamme<\/a>.<\/p>\n\n\n\n<h2 class=\"wp-block-heading\"><strong>Aukioloajat<\/strong><\/h2>\n\n\n\n<p><strong>Kes\u00e4 2026<\/strong><\/p>\n\n\n\n<ul class=\"wp-block-list\">\n<li>1.6. \u2013 30.9. ma-la klo 10-17<\/li>\n\n\n\n<li>1.- 31.10. ti-la klo 10-17, su-ma suljettu<\/li>\n<\/ul>\n\n\n\n<p><strong> Talvi 2025 &#8211; 2026<\/strong><\/p>\n\n\n\n<p>1.11.2025 &#8211; 30.11.2025 tiistaista lauantaihin klo 11 &#8211; 16 <\/p>\n\n\n\n<p>1.12.2025 &#8211; 5.4.2026 maanantaista lauantaihin klo 10 &#8211; 17, sunnuntaisin 10 &#8211; 16.<\/p>\n\n\n\n<p>6.4.2026 &#8211; 19.4.2026 maanantaista lauantaihin klo 10 &#8211; 17, sunnuntait suljettu.<\/p>\n\n\n\n<p><\/p>\n\n\n\n<p><\/p>\n\n\n\n<p><\/p>\n\n\n\n<p><\/p>\n\n\n\n<p><\/p>\n\n\n\n<p><\/p>\n\n\n\n<p><strong>Yhteystiedot: <\/strong><\/p>\n\n\n\n<p>Ametistikauppa<br>Luostontie 4<br>99555 Luosto<br>shop@amethystmine.fi<br>Puh. +358 16 624 334 <\/p>\n","protected":false},"excerpt":{"rendered":"<p>Ametistikauppa sijaitsee Luoston Syd\u00e4n liikekeskuksessa, osoitteessa Luostontie 4, 99555 Luosto. Sielt\u00e4 l\u00f6yd\u00e4t aidot ametistikorut, hiottuja sek\u00e4 raaka-ametisteja ja paljon muita Lapissa tehtyj\u00e4 matkamuistoja. Ametistikaupalta voit k\u00e4yd\u00e4 tiedustelemassa lis\u00e4tietoja Ametistikaivosvierailuista sek\u00e4 talvisin ostaa liput Luoston keskustan ja Ukko-Luoston l\u00e4ht\u00f6ihin paikan p\u00e4\u00e4lt\u00e4. Ametistikaupan tuotteita voit tilata my\u00f6s verkkokaupastamme. Aukioloajat Kes\u00e4 2026 Talvi 2025 &#8211; 2026 1.11.2025 &#8211; [&hellip;]<\/p>\n","protected":false},"author":14,"featured_media":0,"parent":24,"menu_order":0,"comment_status":"closed","ping_status":"closed","template":"","meta":{"_acf_changed":false,"_genesis_hide_title":false,"_genesis_hide_breadcrumbs":false,"_genesis_hide_singular_image":false,"_genesis_hide_footer_widgets":false,"_genesis_custom_body_class":"","_genesis_custom_post_class":"","_genesis_layout":"","footnotes":""},"class_list":{"0":"post-1029","1":"page","2":"type-page","3":"status-publish","5":"entry"},"acf":[],"yoast_head":"<!-- This site is optimized with the Yoast SEO plugin v27.4 - https:\/\/yoast.com\/product\/yoast-seo-wordpress\/ -->\n<title>Ametistikauppa - Amethystmine.fi<\/title>\n<meta name=\"description\" content=\"Luoston Ametistikaupasta l\u00f6yd\u00e4t aidot ametistikorut, hiottuja sek\u00e4 raaka-ametisteja ja paljon muita Lapissa tehtyj\u00e4 matkamuistoja.\" \/>\n<meta name=\"robots\" content=\"index, follow, max-snippet:-1, max-image-preview:large, max-video-preview:-1\" \/>\n<link rel=\"canonical\" href=\"https:\/\/www.amethystmine.fi\/fi\/vieraile\/ametistikauppa\/\" \/>\n<meta property=\"og:locale\" content=\"fi_FI\" \/>\n<meta property=\"og:type\" content=\"article\" \/>\n<meta property=\"og:title\" content=\"Ametistikauppa - Amethystmine.fi\" \/>\n<meta property=\"og:description\" content=\"Luoston Ametistikaupasta l\u00f6yd\u00e4t aidot ametistikorut, hiottuja sek\u00e4 raaka-ametisteja ja paljon muita Lapissa tehtyj\u00e4 matkamuistoja.\" \/>\n<meta property=\"og:url\" content=\"https:\/\/www.amethystmine.fi\/fi\/vieraile\/ametistikauppa\/\" \/>\n<meta property=\"og:site_name\" content=\"Amethystmine.fi\" \/>\n<meta property=\"article:publisher\" content=\"https:\/\/www.facebook.com\/Amethystmine\" \/>\n<meta property=\"article:modified_time\" content=\"2026-03-18T08:10:13+00:00\" \/>\n<meta name=\"twitter:card\" content=\"summary_large_image\" \/>\n<meta name=\"twitter:label1\" content=\"Arvioitu lukuaika\" \/>\n\t<meta name=\"twitter:data1\" content=\"1 minuutti\" \/>\n<script type=\"application\/ld+json\" class=\"yoast-schema-graph\">{\"@context\":\"https:\\\/\\\/schema.org\",\"@graph\":[{\"@type\":\"WebPage\",\"@id\":\"https:\\\/\\\/www.amethystmine.fi\\\/fi\\\/vieraile\\\/ametistikauppa\\\/\",\"url\":\"https:\\\/\\\/www.amethystmine.fi\\\/fi\\\/vieraile\\\/ametistikauppa\\\/\",\"name\":\"Ametistikauppa - Amethystmine.fi\",\"isPartOf\":{\"@id\":\"https:\\\/\\\/www.amethystmine.fi\\\/fi\\\/#website\"},\"datePublished\":\"2019-03-13T08:38:25+00:00\",\"dateModified\":\"2026-03-18T08:10:13+00:00\",\"description\":\"Luoston Ametistikaupasta l\u00f6yd\u00e4t aidot ametistikorut, hiottuja sek\u00e4 raaka-ametisteja ja paljon muita Lapissa tehtyj\u00e4 matkamuistoja.\",\"breadcrumb\":{\"@id\":\"https:\\\/\\\/www.amethystmine.fi\\\/fi\\\/vieraile\\\/ametistikauppa\\\/#breadcrumb\"},\"inLanguage\":\"fi\",\"potentialAction\":[{\"@type\":\"ReadAction\",\"target\":[\"https:\\\/\\\/www.amethystmine.fi\\\/fi\\\/vieraile\\\/ametistikauppa\\\/\"]}]},{\"@type\":\"BreadcrumbList\",\"@id\":\"https:\\\/\\\/www.amethystmine.fi\\\/fi\\\/vieraile\\\/ametistikauppa\\\/#breadcrumb\",\"itemListElement\":[{\"@type\":\"ListItem\",\"position\":1,\"name\":\"Home\",\"item\":\"https:\\\/\\\/www.amethystmine.fi\\\/fi\\\/\"},{\"@type\":\"ListItem\",\"position\":2,\"name\":\"Vieraile\",\"item\":\"https:\\\/\\\/www.amethystmine.fi\\\/fi\\\/vieraile\\\/\"},{\"@type\":\"ListItem\",\"position\":3,\"name\":\"Ametistikauppa\"}]},{\"@type\":\"WebSite\",\"@id\":\"https:\\\/\\\/www.amethystmine.fi\\\/fi\\\/#website\",\"url\":\"https:\\\/\\\/www.amethystmine.fi\\\/fi\\\/\",\"name\":\"Amethystmine.fi\",\"description\":\"Ihan uusi WordPress-sivusto\",\"publisher\":{\"@id\":\"https:\\\/\\\/www.amethystmine.fi\\\/fi\\\/#organization\"},\"potentialAction\":[{\"@type\":\"SearchAction\",\"target\":{\"@type\":\"EntryPoint\",\"urlTemplate\":\"https:\\\/\\\/www.amethystmine.fi\\\/fi\\\/?s={search_term_string}\"},\"query-input\":{\"@type\":\"PropertyValueSpecification\",\"valueRequired\":true,\"valueName\":\"search_term_string\"}}],\"inLanguage\":\"fi\"},{\"@type\":\"Organization\",\"@id\":\"https:\\\/\\\/www.amethystmine.fi\\\/fi\\\/#organization\",\"name\":\"Amethystmine.fi\",\"url\":\"https:\\\/\\\/www.amethystmine.fi\\\/fi\\\/\",\"logo\":{\"@type\":\"ImageObject\",\"inLanguage\":\"fi\",\"@id\":\"https:\\\/\\\/www.amethystmine.fi\\\/fi\\\/#\\\/schema\\\/logo\\\/image\\\/\",\"url\":\"https:\\\/\\\/www.amethystmine.fi\\\/wp-content\\\/uploads\\\/2018\\\/11\\\/logo.png\",\"contentUrl\":\"https:\\\/\\\/www.amethystmine.fi\\\/wp-content\\\/uploads\\\/2018\\\/11\\\/logo.png\",\"width\":186,\"height\":76,\"caption\":\"Amethystmine.fi\"},\"image\":{\"@id\":\"https:\\\/\\\/www.amethystmine.fi\\\/fi\\\/#\\\/schema\\\/logo\\\/image\\\/\"},\"sameAs\":[\"https:\\\/\\\/www.facebook.com\\\/Amethystmine\"]}]}<\/script>\n<!-- \/ Yoast SEO plugin. -->","yoast_head_json":{"title":"Ametistikauppa - Amethystmine.fi","description":"Luoston Ametistikaupasta l\u00f6yd\u00e4t aidot ametistikorut, hiottuja sek\u00e4 raaka-ametisteja ja paljon muita Lapissa tehtyj\u00e4 matkamuistoja.","robots":{"index":"index","follow":"follow","max-snippet":"max-snippet:-1","max-image-preview":"max-image-preview:large","max-video-preview":"max-video-preview:-1"},"canonical":"https:\/\/www.amethystmine.fi\/fi\/vieraile\/ametistikauppa\/","og_locale":"fi_FI","og_type":"article","og_title":"Ametistikauppa - Amethystmine.fi","og_description":"Luoston Ametistikaupasta l\u00f6yd\u00e4t aidot ametistikorut, hiottuja sek\u00e4 raaka-ametisteja ja paljon muita Lapissa tehtyj\u00e4 matkamuistoja.","og_url":"https:\/\/www.amethystmine.fi\/fi\/vieraile\/ametistikauppa\/","og_site_name":"Amethystmine.fi","article_publisher":"https:\/\/www.facebook.com\/Amethystmine","article_modified_time":"2026-03-18T08:10:13+00:00","twitter_card":"summary_large_image","twitter_misc":{"Arvioitu lukuaika":"1 minuutti"},"schema":{"@context":"https:\/\/schema.org","@graph":[{"@type":"WebPage","@id":"https:\/\/www.amethystmine.fi\/fi\/vieraile\/ametistikauppa\/","url":"https:\/\/www.amethystmine.fi\/fi\/vieraile\/ametistikauppa\/","name":"Ametistikauppa - Amethystmine.fi","isPartOf":{"@id":"https:\/\/www.amethystmine.fi\/fi\/#website"},"datePublished":"2019-03-13T08:38:25+00:00","dateModified":"2026-03-18T08:10:13+00:00","description":"Luoston Ametistikaupasta l\u00f6yd\u00e4t aidot ametistikorut, hiottuja sek\u00e4 raaka-ametisteja ja paljon muita Lapissa tehtyj\u00e4 matkamuistoja.","breadcrumb":{"@id":"https:\/\/www.amethystmine.fi\/fi\/vieraile\/ametistikauppa\/#breadcrumb"},"inLanguage":"fi","potentialAction":[{"@type":"ReadAction","target":["https:\/\/www.amethystmine.fi\/fi\/vieraile\/ametistikauppa\/"]}]},{"@type":"BreadcrumbList","@id":"https:\/\/www.amethystmine.fi\/fi\/vieraile\/ametistikauppa\/#breadcrumb","itemListElement":[{"@type":"ListItem","position":1,"name":"Home","item":"https:\/\/www.amethystmine.fi\/fi\/"},{"@type":"ListItem","position":2,"name":"Vieraile","item":"https:\/\/www.amethystmine.fi\/fi\/vieraile\/"},{"@type":"ListItem","position":3,"name":"Ametistikauppa"}]},{"@type":"WebSite","@id":"https:\/\/www.amethystmine.fi\/fi\/#website","url":"https:\/\/www.amethystmine.fi\/fi\/","name":"Amethystmine.fi","description":"Ihan uusi WordPress-sivusto","publisher":{"@id":"https:\/\/www.amethystmine.fi\/fi\/#organization"},"potentialAction":[{"@type":"SearchAction","target":{"@type":"EntryPoint","urlTemplate":"https:\/\/www.amethystmine.fi\/fi\/?s={search_term_string}"},"query-input":{"@type":"PropertyValueSpecification","valueRequired":true,"valueName":"search_term_string"}}],"inLanguage":"fi"},{"@type":"Organization","@id":"https:\/\/www.amethystmine.fi\/fi\/#organization","name":"Amethystmine.fi","url":"https:\/\/www.amethystmine.fi\/fi\/","logo":{"@type":"ImageObject","inLanguage":"fi","@id":"https:\/\/www.amethystmine.fi\/fi\/#\/schema\/logo\/image\/","url":"https:\/\/www.amethystmine.fi\/wp-content\/uploads\/2018\/11\/logo.png","contentUrl":"https:\/\/www.amethystmine.fi\/wp-content\/uploads\/2018\/11\/logo.png","width":186,"height":76,"caption":"Amethystmine.fi"},"image":{"@id":"https:\/\/www.amethystmine.fi\/fi\/#\/schema\/logo\/image\/"},"sameAs":["https:\/\/www.facebook.com\/Amethystmine"]}]}},"_links":{"self":[{"href":"https:\/\/www.amethystmine.fi\/fi\/wp-json\/wp\/v2\/pages\/1029","targetHints":{"allow":["GET"]}}],"collection":[{"href":"https:\/\/www.amethystmine.fi\/fi\/wp-json\/wp\/v2\/pages"}],"about":[{"href":"https:\/\/www.amethystmine.fi\/fi\/wp-json\/wp\/v2\/types\/page"}],"author":[{"embeddable":true,"href":"https:\/\/www.amethystmine.fi\/fi\/wp-json\/wp\/v2\/users\/14"}],"replies":[{"embeddable":true,"href":"https:\/\/www.amethystmine.fi\/fi\/wp-json\/wp\/v2\/comments?post=1029"}],"version-history":[{"count":46,"href":"https:\/\/www.amethystmine.fi\/fi\/wp-json\/wp\/v2\/pages\/1029\/revisions"}],"predecessor-version":[{"id":8776,"href":"https:\/\/www.amethystmine.fi\/fi\/wp-json\/wp\/v2\/pages\/1029\/revisions\/8776"}],"up":[{"embeddable":true,"href":"https:\/\/www.amethystmine.fi\/fi\/wp-json\/wp\/v2\/pages\/24"}],"wp:attachment":[{"href":"https:\/\/www.amethystmine.fi\/fi\/wp-json\/wp\/v2\/media?parent=1029"}],"curies":[{"name":"wp","href":"https:\/\/api.w.org\/{rel}","templated":true}]}}