{"id":1935,"date":"2019-04-04T11:17:09","date_gmt":"2019-04-04T08:17:09","guid":{"rendered":"https:\/\/www.amethystmine.fi\/?page_id=1935"},"modified":"2020-09-13T14:33:37","modified_gmt":"2020-09-13T11:33:37","slug":"tule-osakkaaksi","status":"publish","type":"page","link":"https:\/\/www.amethystmine.fi\/fi\/yhtio\/tule-osakkaaksi\/","title":{"rendered":"Tule osakkaaksi"},"content":{"rendered":"<p>Voit hankkia itsellesi kaivosyhti\u00f6n osakkeen tai antaa sen tavallisuudesta poikkeavaksi lahjaksi t\u00e4rke\u00e4lle henkil\u00f6lle. Osake tuo saajalle aidon osakkuuden kaivosyhti\u00f6ss\u00e4 kaikkine etuineen. Osakkeen voit ostaa Ametistikaupasta, Ametistikaivokselta tai <strong><a href=\"https:\/\/www.amethystmine.fi\/fi\/tuote-osasto\/kaivososakkeet\/\">verkkokaupasta<\/a><\/strong>.<\/p>\n<h2>Kaivosyhti\u00f6 vaalii kansallisaarretta<\/h2>\n<p>Lampivaaran tumman violetista vaaleaan lilaan hehkuvaa ametistia on kaivettu vasta muutamia kymmeni\u00e4 vuosia. Tunturin laella toimii ametistikaivos, joka sekin on kaivoksena poikkeuksellinen. Rikkaasta esiintym\u00e4st\u00e4 poimitaan kivi\u00e4 vain yhti\u00f6n omaan korutuotantoon. Ametisti sijaitsee rapautuneessa pintamaassa, joista niit\u00e4 kaivetaan lapioilla ja pikku kuokilla. Louhintaa ja murskausta ei tarvita. Kaivosyhti\u00f6 haluaakin s\u00e4ilytt\u00e4\u00e4 ymp\u00e4r\u00f6iv\u00e4\u00e4n luontoon saumattomasti sopivan kaivosmilj\u00f6\u00f6n my\u00f6s tulevien sukupolvien ihastelun kohteena.<\/p>\n<h2>Osakekirjat ovat erikoisia<\/h2>\n<p>Kaivosyhti\u00f6n osakekirjat ovat tunnettujen suomalasten taidegraafikoiden k\u00e4sinvedostettuja etsauksia, jotka taiteilija on itse numeroinut ja signeerannut.<\/p>\n<p>Taidegraafikko <em>V\u00e4in\u00f6 Rouvinen<\/em> tunnetaan monipuolisena suomalaisen luonnon tulkkina ja mestarillisena metalligrafiikan taitajana.<\/p>\n<p>Taidemaalari ja -graafikko <em>Meeri Torvisen<\/em> laajaan aihepiiriin kuuluvat luonto- ja henkil\u00f6kuvat, ihmiset, el\u00e4imet ja maisemat. H\u00e4nen grafiikassaan on tarkan kuvauksen lis\u00e4ksi usein my\u00f6s surrealismin unenomaista tunnetta.<\/p>\n<p>Graafikko <em>Juha Tammenp\u00e4\u00e4n<\/em> omaper\u00e4inen kuvamaailma visualisoi\u00a0 taiteilijan luovaa mielenkulkua ja alitajunnassa syntyneit\u00e4 visioita. Syk\u00e4hdytt\u00e4v\u00e4t kummajaiset ovat yht&#8217;aikaa tutuntuntuisia, humoristisia, salaper\u00e4isi\u00e4 ja maagisia.<\/p>\n<p>Taidegraafikko ja -maalari <em>Kristian Krokforsin<\/em> tyylitellyt rytmikk\u00e4\u00e4t maisemat ovat taiteenharrastajille tuttuja. Krokfors on ty\u00f6skennellyt vuosikausia johdonmukaisesti samojen teemojen parissa. H\u00e4n l\u00f6yt\u00e4\u00e4 aina uuden hienostuneen n\u00e4k\u00f6kulman aiheeseensa<\/p>\n<h2>Osakasedut<\/h2>\n<p>Yhti\u00f6kokouksen p\u00e4\u00e4tt\u00e4mi\u00e4 osakasetuja ovat mm:<br \/>\nMaksuton osallistuminen kaivosohjelmaan kaivoksen aukioloaikana ja 50% alennus kahden oman vieraan kaivoslipusta. Alennus yhti\u00f6n koru- ja kivituotteista Ametistikaupassa ja kaivoksella.<\/p>\n<p>Merkint\u00e4listoja on saatavilla kaikista Kaivosyhti\u00f6n toimipisteist\u00e4 sek\u00e4 <a href=\"https:\/\/www.amethystmine.fi\/fi\/tuote-osasto\/kaivososakkeet\/\"><strong>verkkokaupasta<\/strong><\/a><a href=\"https:\/\/www.amethystmine.fi\/ametisti-verkkokauppa\/\">.<\/a><\/p>\n<figure id=\"attachment_2116\" aria-describedby=\"caption-attachment-2116\" style=\"width: 300px\" class=\"wp-caption aligncenter\"><img loading=\"lazy\" decoding=\"async\" class=\"wp-image-2116 size-medium lazyload\" src=\"data:image\/gif;base64,R0lGODlhAQABAAAAACH5BAEKAAEALAAAAAABAAEAAAICTAEAOw==\" alt=\"\" width=\"300\" height=\"300\" sizes=\"auto, (max-width: 300px) 100vw, 300px\" data-src=\"https:\/\/www.amethystmine.fi\/wp-content\/uploads\/2019\/02\/huvfZeMw.jpeg-300x300.jpg\" data-srcset=\"https:\/\/www.amethystmine.fi\/wp-content\/uploads\/2019\/02\/huvfZeMw.jpeg-300x300.jpg 300w, https:\/\/www.amethystmine.fi\/wp-content\/uploads\/2019\/02\/huvfZeMw.jpeg-150x150.jpg 150w, https:\/\/www.amethystmine.fi\/wp-content\/uploads\/2019\/02\/huvfZeMw.jpeg-75x75.jpg 75w, https:\/\/www.amethystmine.fi\/wp-content\/uploads\/2019\/02\/huvfZeMw.jpeg-600x600.jpg 600w, https:\/\/www.amethystmine.fi\/wp-content\/uploads\/2019\/02\/huvfZeMw.jpeg-100x100.jpg 100w, https:\/\/www.amethystmine.fi\/wp-content\/uploads\/2019\/02\/huvfZeMw.jpeg.jpg 674w\"><figcaption id=\"caption-attachment-2116\" class=\"wp-caption-text\"><a href=\"https:\/\/www.amethystmine.fi\/tuote\/kaivososake-tiedonpuu\/\">Osake &#8221;Tiedonpuu&#8221;<\/a><\/figcaption><\/figure>\n<figure id=\"attachment_2120\" aria-describedby=\"caption-attachment-2120\" style=\"width: 300px\" class=\"wp-caption aligncenter\"><img loading=\"lazy\" decoding=\"async\" class=\"wp-image-2120 size-medium lazyload\" src=\"data:image\/gif;base64,R0lGODlhAQABAAAAACH5BAEKAAEALAAAAAABAAEAAAICTAEAOw==\" alt=\"\" width=\"300\" height=\"300\" sizes=\"auto, (max-width: 300px) 100vw, 300px\" data-src=\"https:\/\/www.amethystmine.fi\/wp-content\/uploads\/2019\/02\/mMHAnAzA.jpeg-300x300.jpg\" data-srcset=\"https:\/\/www.amethystmine.fi\/wp-content\/uploads\/2019\/02\/mMHAnAzA.jpeg-300x300.jpg 300w, https:\/\/www.amethystmine.fi\/wp-content\/uploads\/2019\/02\/mMHAnAzA.jpeg-150x150.jpg 150w, https:\/\/www.amethystmine.fi\/wp-content\/uploads\/2019\/02\/mMHAnAzA.jpeg-75x75.jpg 75w, https:\/\/www.amethystmine.fi\/wp-content\/uploads\/2019\/02\/mMHAnAzA.jpeg-600x600.jpg 600w, https:\/\/www.amethystmine.fi\/wp-content\/uploads\/2019\/02\/mMHAnAzA.jpeg-100x100.jpg 100w, https:\/\/www.amethystmine.fi\/wp-content\/uploads\/2019\/02\/mMHAnAzA.jpeg.jpg 674w\"><figcaption id=\"caption-attachment-2120\" class=\"wp-caption-text\"><a href=\"https:\/\/www.amethystmine.fi\/tuote\/kaivososake-kaamoksen-satu\/\">Osake &#8221;Kaamoksen satu&#8221;<\/a><\/figcaption><\/figure>\n<figure id=\"attachment_2114\" aria-describedby=\"caption-attachment-2114\" style=\"width: 300px\" class=\"wp-caption aligncenter\"><img loading=\"lazy\" decoding=\"async\" class=\"wp-image-2114 size-medium lazyload\" src=\"data:image\/gif;base64,R0lGODlhAQABAAAAACH5BAEKAAEALAAAAAABAAEAAAICTAEAOw==\" alt=\"\" width=\"300\" height=\"300\" sizes=\"auto, (max-width: 300px) 100vw, 300px\" data-src=\"https:\/\/www.amethystmine.fi\/wp-content\/uploads\/2019\/02\/01zQ9c1w.jpeg-300x300.jpg\" data-srcset=\"https:\/\/www.amethystmine.fi\/wp-content\/uploads\/2019\/02\/01zQ9c1w.jpeg-300x300.jpg 300w, https:\/\/www.amethystmine.fi\/wp-content\/uploads\/2019\/02\/01zQ9c1w.jpeg-150x150.jpg 150w, https:\/\/www.amethystmine.fi\/wp-content\/uploads\/2019\/02\/01zQ9c1w.jpeg-75x75.jpg 75w, https:\/\/www.amethystmine.fi\/wp-content\/uploads\/2019\/02\/01zQ9c1w.jpeg-600x600.jpg 600w, https:\/\/www.amethystmine.fi\/wp-content\/uploads\/2019\/02\/01zQ9c1w.jpeg-100x100.jpg 100w, https:\/\/www.amethystmine.fi\/wp-content\/uploads\/2019\/02\/01zQ9c1w.jpeg.jpg 674w\"><figcaption id=\"caption-attachment-2114\" class=\"wp-caption-text\"><a href=\"https:\/\/www.amethystmine.fi\/tuote\/kaivososake-ruskaretki\/\">Osake &#8221;Ruskaretki&#8221;<\/a><\/figcaption><\/figure>\n<figure id=\"attachment_2122\" aria-describedby=\"caption-attachment-2122\" style=\"width: 300px\" class=\"wp-caption aligncenter\"><img loading=\"lazy\" decoding=\"async\" class=\"wp-image-2122 size-medium lazyload\" src=\"data:image\/gif;base64,R0lGODlhAQABAAAAACH5BAEKAAEALAAAAAABAAEAAAICTAEAOw==\" alt=\"\" width=\"300\" height=\"300\" sizes=\"auto, (max-width: 300px) 100vw, 300px\" data-src=\"https:\/\/www.amethystmine.fi\/wp-content\/uploads\/2019\/02\/tWmxTEmQ.jpeg-300x300.jpg\" data-srcset=\"https:\/\/www.amethystmine.fi\/wp-content\/uploads\/2019\/02\/tWmxTEmQ.jpeg-300x300.jpg 300w, https:\/\/www.amethystmine.fi\/wp-content\/uploads\/2019\/02\/tWmxTEmQ.jpeg-150x150.jpg 150w, https:\/\/www.amethystmine.fi\/wp-content\/uploads\/2019\/02\/tWmxTEmQ.jpeg-75x75.jpg 75w, https:\/\/www.amethystmine.fi\/wp-content\/uploads\/2019\/02\/tWmxTEmQ.jpeg-600x600.jpg 600w, https:\/\/www.amethystmine.fi\/wp-content\/uploads\/2019\/02\/tWmxTEmQ.jpeg-100x100.jpg 100w, https:\/\/www.amethystmine.fi\/wp-content\/uploads\/2019\/02\/tWmxTEmQ.jpeg.jpg 674w\"><figcaption id=\"caption-attachment-2122\" class=\"wp-caption-text\"><a href=\"https:\/\/www.amethystmine.fi\/tuote\/kaivososake-kuru\/\">Osake &#8221;Kuru&#8221;<\/a><\/figcaption><\/figure>\n","protected":false},"excerpt":{"rendered":"<p>Voit hankkia itsellesi kaivosyhti\u00f6n osakkeen tai antaa sen tavallisuudesta poikkeavaksi lahjaksi t\u00e4rke\u00e4lle henkil\u00f6lle. Osake tuo saajalle aidon osakkuuden kaivosyhti\u00f6ss\u00e4 kaikkine etuineen. Osakkeen voit ostaa Ametistikaupasta, Ametistikaivokselta tai verkkokaupasta. Kaivosyhti\u00f6 vaalii kansallisaarretta Lampivaaran tumman violetista vaaleaan lilaan hehkuvaa ametistia on kaivettu vasta muutamia kymmeni\u00e4 vuosia. Tunturin laella toimii ametistikaivos, joka sekin on kaivoksena poikkeuksellinen. Rikkaasta esiintym\u00e4st\u00e4 [&hellip;]<\/p>\n","protected":false},"author":14,"featured_media":0,"parent":754,"menu_order":0,"comment_status":"closed","ping_status":"closed","template":"","meta":{"_acf_changed":false,"_genesis_hide_title":false,"_genesis_hide_breadcrumbs":false,"_genesis_hide_singular_image":false,"_genesis_hide_footer_widgets":false,"_genesis_custom_body_class":"","_genesis_custom_post_class":"","_genesis_layout":"","footnotes":""},"class_list":{"0":"post-1935","1":"page","2":"type-page","3":"status-publish","5":"entry"},"acf":[],"yoast_head":"<!-- This site is optimized with the Yoast SEO plugin v27.2 - https:\/\/yoast.com\/product\/yoast-seo-wordpress\/ -->\n<title>Tule osakkaaksi - Amethystmine.fi<\/title>\n<meta name=\"description\" content=\"Voit hankkia itsellesi kaivosyhti\u00f6n osakkeen tai antaa sen tavallisuudesta poikkeavaksi lahjaksi t\u00e4rke\u00e4lle henkil\u00f6lle.\" \/>\n<meta name=\"robots\" content=\"index, follow, max-snippet:-1, max-image-preview:large, max-video-preview:-1\" \/>\n<link rel=\"canonical\" href=\"https:\/\/www.amethystmine.fi\/fi\/yhtio\/tule-osakkaaksi\/\" \/>\n<meta property=\"og:locale\" content=\"fi_FI\" \/>\n<meta property=\"og:type\" content=\"article\" \/>\n<meta property=\"og:title\" content=\"Tule osakkaaksi - Amethystmine.fi\" \/>\n<meta property=\"og:description\" content=\"Voit hankkia itsellesi kaivosyhti\u00f6n osakkeen tai antaa sen tavallisuudesta poikkeavaksi lahjaksi t\u00e4rke\u00e4lle henkil\u00f6lle.\" \/>\n<meta property=\"og:url\" content=\"https:\/\/www.amethystmine.fi\/fi\/yhtio\/tule-osakkaaksi\/\" \/>\n<meta property=\"og:site_name\" content=\"Amethystmine.fi\" \/>\n<meta property=\"article:publisher\" content=\"https:\/\/www.facebook.com\/Amethystmine\" \/>\n<meta property=\"article:modified_time\" content=\"2020-09-13T11:33:37+00:00\" \/>\n<meta property=\"og:image\" content=\"https:\/\/www.amethystmine.fi\/wp-content\/uploads\/2019\/02\/huvfZeMw.jpeg-300x300.jpg\" \/>\n<meta name=\"twitter:card\" content=\"summary_large_image\" \/>\n<meta name=\"twitter:label1\" content=\"Arvioitu lukuaika\" \/>\n\t<meta name=\"twitter:data1\" content=\"2 minuuttia\" \/>\n<script type=\"application\/ld+json\" class=\"yoast-schema-graph\">{\"@context\":\"https:\/\/schema.org\",\"@graph\":[{\"@type\":\"WebPage\",\"@id\":\"https:\/\/www.amethystmine.fi\/fi\/yhtio\/tule-osakkaaksi\/\",\"url\":\"https:\/\/www.amethystmine.fi\/fi\/yhtio\/tule-osakkaaksi\/\",\"name\":\"Tule osakkaaksi - Amethystmine.fi\",\"isPartOf\":{\"@id\":\"https:\/\/www.amethystmine.fi\/fi\/#website\"},\"primaryImageOfPage\":{\"@id\":\"https:\/\/www.amethystmine.fi\/fi\/yhtio\/tule-osakkaaksi\/#primaryimage\"},\"image\":{\"@id\":\"https:\/\/www.amethystmine.fi\/fi\/yhtio\/tule-osakkaaksi\/#primaryimage\"},\"thumbnailUrl\":\"https:\/\/www.amethystmine.fi\/wp-content\/uploads\/2019\/02\/huvfZeMw.jpeg-300x300.jpg\",\"datePublished\":\"2019-04-04T08:17:09+00:00\",\"dateModified\":\"2020-09-13T11:33:37+00:00\",\"description\":\"Voit hankkia itsellesi kaivosyhti\u00f6n osakkeen tai antaa sen tavallisuudesta poikkeavaksi lahjaksi t\u00e4rke\u00e4lle henkil\u00f6lle.\",\"breadcrumb\":{\"@id\":\"https:\/\/www.amethystmine.fi\/fi\/yhtio\/tule-osakkaaksi\/#breadcrumb\"},\"inLanguage\":\"fi\",\"potentialAction\":[{\"@type\":\"ReadAction\",\"target\":[\"https:\/\/www.amethystmine.fi\/fi\/yhtio\/tule-osakkaaksi\/\"]}]},{\"@type\":\"ImageObject\",\"inLanguage\":\"fi\",\"@id\":\"https:\/\/www.amethystmine.fi\/fi\/yhtio\/tule-osakkaaksi\/#primaryimage\",\"url\":\"https:\/\/www.amethystmine.fi\/wp-content\/uploads\/2019\/02\/huvfZeMw.jpeg-300x300.jpg\",\"contentUrl\":\"https:\/\/www.amethystmine.fi\/wp-content\/uploads\/2019\/02\/huvfZeMw.jpeg-300x300.jpg\"},{\"@type\":\"BreadcrumbList\",\"@id\":\"https:\/\/www.amethystmine.fi\/fi\/yhtio\/tule-osakkaaksi\/#breadcrumb\",\"itemListElement\":[{\"@type\":\"ListItem\",\"position\":1,\"name\":\"Home\",\"item\":\"https:\/\/www.amethystmine.fi\/fi\/\"},{\"@type\":\"ListItem\",\"position\":2,\"name\":\"Yhti\u00f6\",\"item\":\"https:\/\/www.amethystmine.fi\/fi\/yhtio\/\"},{\"@type\":\"ListItem\",\"position\":3,\"name\":\"Tule osakkaaksi\"}]},{\"@type\":\"WebSite\",\"@id\":\"https:\/\/www.amethystmine.fi\/fi\/#website\",\"url\":\"https:\/\/www.amethystmine.fi\/fi\/\",\"name\":\"Amethystmine.fi\",\"description\":\"Ihan uusi WordPress-sivusto\",\"publisher\":{\"@id\":\"https:\/\/www.amethystmine.fi\/fi\/#organization\"},\"potentialAction\":[{\"@type\":\"SearchAction\",\"target\":{\"@type\":\"EntryPoint\",\"urlTemplate\":\"https:\/\/www.amethystmine.fi\/fi\/?s={search_term_string}\"},\"query-input\":{\"@type\":\"PropertyValueSpecification\",\"valueRequired\":true,\"valueName\":\"search_term_string\"}}],\"inLanguage\":\"fi\"},{\"@type\":\"Organization\",\"@id\":\"https:\/\/www.amethystmine.fi\/fi\/#organization\",\"name\":\"Amethystmine.fi\",\"url\":\"https:\/\/www.amethystmine.fi\/fi\/\",\"logo\":{\"@type\":\"ImageObject\",\"inLanguage\":\"fi\",\"@id\":\"https:\/\/www.amethystmine.fi\/fi\/#\/schema\/logo\/image\/\",\"url\":\"https:\/\/www.amethystmine.fi\/wp-content\/uploads\/2018\/11\/logo.png\",\"contentUrl\":\"https:\/\/www.amethystmine.fi\/wp-content\/uploads\/2018\/11\/logo.png\",\"width\":186,\"height\":76,\"caption\":\"Amethystmine.fi\"},\"image\":{\"@id\":\"https:\/\/www.amethystmine.fi\/fi\/#\/schema\/logo\/image\/\"},\"sameAs\":[\"https:\/\/www.facebook.com\/Amethystmine\"]}]}<\/script>\n<!-- \/ Yoast SEO plugin. -->","yoast_head_json":{"title":"Tule osakkaaksi - Amethystmine.fi","description":"Voit hankkia itsellesi kaivosyhti\u00f6n osakkeen tai antaa sen tavallisuudesta poikkeavaksi lahjaksi t\u00e4rke\u00e4lle henkil\u00f6lle.","robots":{"index":"index","follow":"follow","max-snippet":"max-snippet:-1","max-image-preview":"max-image-preview:large","max-video-preview":"max-video-preview:-1"},"canonical":"https:\/\/www.amethystmine.fi\/fi\/yhtio\/tule-osakkaaksi\/","og_locale":"fi_FI","og_type":"article","og_title":"Tule osakkaaksi - Amethystmine.fi","og_description":"Voit hankkia itsellesi kaivosyhti\u00f6n osakkeen tai antaa sen tavallisuudesta poikkeavaksi lahjaksi t\u00e4rke\u00e4lle henkil\u00f6lle.","og_url":"https:\/\/www.amethystmine.fi\/fi\/yhtio\/tule-osakkaaksi\/","og_site_name":"Amethystmine.fi","article_publisher":"https:\/\/www.facebook.com\/Amethystmine","article_modified_time":"2020-09-13T11:33:37+00:00","og_image":[{"url":"https:\/\/www.amethystmine.fi\/wp-content\/uploads\/2019\/02\/huvfZeMw.jpeg-300x300.jpg","type":"","width":"","height":""}],"twitter_card":"summary_large_image","twitter_misc":{"Arvioitu lukuaika":"2 minuuttia"},"schema":{"@context":"https:\/\/schema.org","@graph":[{"@type":"WebPage","@id":"https:\/\/www.amethystmine.fi\/fi\/yhtio\/tule-osakkaaksi\/","url":"https:\/\/www.amethystmine.fi\/fi\/yhtio\/tule-osakkaaksi\/","name":"Tule osakkaaksi - Amethystmine.fi","isPartOf":{"@id":"https:\/\/www.amethystmine.fi\/fi\/#website"},"primaryImageOfPage":{"@id":"https:\/\/www.amethystmine.fi\/fi\/yhtio\/tule-osakkaaksi\/#primaryimage"},"image":{"@id":"https:\/\/www.amethystmine.fi\/fi\/yhtio\/tule-osakkaaksi\/#primaryimage"},"thumbnailUrl":"https:\/\/www.amethystmine.fi\/wp-content\/uploads\/2019\/02\/huvfZeMw.jpeg-300x300.jpg","datePublished":"2019-04-04T08:17:09+00:00","dateModified":"2020-09-13T11:33:37+00:00","description":"Voit hankkia itsellesi kaivosyhti\u00f6n osakkeen tai antaa sen tavallisuudesta poikkeavaksi lahjaksi t\u00e4rke\u00e4lle henkil\u00f6lle.","breadcrumb":{"@id":"https:\/\/www.amethystmine.fi\/fi\/yhtio\/tule-osakkaaksi\/#breadcrumb"},"inLanguage":"fi","potentialAction":[{"@type":"ReadAction","target":["https:\/\/www.amethystmine.fi\/fi\/yhtio\/tule-osakkaaksi\/"]}]},{"@type":"ImageObject","inLanguage":"fi","@id":"https:\/\/www.amethystmine.fi\/fi\/yhtio\/tule-osakkaaksi\/#primaryimage","url":"https:\/\/www.amethystmine.fi\/wp-content\/uploads\/2019\/02\/huvfZeMw.jpeg-300x300.jpg","contentUrl":"https:\/\/www.amethystmine.fi\/wp-content\/uploads\/2019\/02\/huvfZeMw.jpeg-300x300.jpg"},{"@type":"BreadcrumbList","@id":"https:\/\/www.amethystmine.fi\/fi\/yhtio\/tule-osakkaaksi\/#breadcrumb","itemListElement":[{"@type":"ListItem","position":1,"name":"Home","item":"https:\/\/www.amethystmine.fi\/fi\/"},{"@type":"ListItem","position":2,"name":"Yhti\u00f6","item":"https:\/\/www.amethystmine.fi\/fi\/yhtio\/"},{"@type":"ListItem","position":3,"name":"Tule osakkaaksi"}]},{"@type":"WebSite","@id":"https:\/\/www.amethystmine.fi\/fi\/#website","url":"https:\/\/www.amethystmine.fi\/fi\/","name":"Amethystmine.fi","description":"Ihan uusi WordPress-sivusto","publisher":{"@id":"https:\/\/www.amethystmine.fi\/fi\/#organization"},"potentialAction":[{"@type":"SearchAction","target":{"@type":"EntryPoint","urlTemplate":"https:\/\/www.amethystmine.fi\/fi\/?s={search_term_string}"},"query-input":{"@type":"PropertyValueSpecification","valueRequired":true,"valueName":"search_term_string"}}],"inLanguage":"fi"},{"@type":"Organization","@id":"https:\/\/www.amethystmine.fi\/fi\/#organization","name":"Amethystmine.fi","url":"https:\/\/www.amethystmine.fi\/fi\/","logo":{"@type":"ImageObject","inLanguage":"fi","@id":"https:\/\/www.amethystmine.fi\/fi\/#\/schema\/logo\/image\/","url":"https:\/\/www.amethystmine.fi\/wp-content\/uploads\/2018\/11\/logo.png","contentUrl":"https:\/\/www.amethystmine.fi\/wp-content\/uploads\/2018\/11\/logo.png","width":186,"height":76,"caption":"Amethystmine.fi"},"image":{"@id":"https:\/\/www.amethystmine.fi\/fi\/#\/schema\/logo\/image\/"},"sameAs":["https:\/\/www.facebook.com\/Amethystmine"]}]}},"_links":{"self":[{"href":"https:\/\/www.amethystmine.fi\/fi\/wp-json\/wp\/v2\/pages\/1935","targetHints":{"allow":["GET"]}}],"collection":[{"href":"https:\/\/www.amethystmine.fi\/fi\/wp-json\/wp\/v2\/pages"}],"about":[{"href":"https:\/\/www.amethystmine.fi\/fi\/wp-json\/wp\/v2\/types\/page"}],"author":[{"embeddable":true,"href":"https:\/\/www.amethystmine.fi\/fi\/wp-json\/wp\/v2\/users\/14"}],"replies":[{"embeddable":true,"href":"https:\/\/www.amethystmine.fi\/fi\/wp-json\/wp\/v2\/comments?post=1935"}],"version-history":[{"count":3,"href":"https:\/\/www.amethystmine.fi\/fi\/wp-json\/wp\/v2\/pages\/1935\/revisions"}],"predecessor-version":[{"id":4129,"href":"https:\/\/www.amethystmine.fi\/fi\/wp-json\/wp\/v2\/pages\/1935\/revisions\/4129"}],"up":[{"embeddable":true,"href":"https:\/\/www.amethystmine.fi\/fi\/wp-json\/wp\/v2\/pages\/754"}],"wp:attachment":[{"href":"https:\/\/www.amethystmine.fi\/fi\/wp-json\/wp\/v2\/media?parent=1935"}],"curies":[{"name":"wp","href":"https:\/\/api.w.org\/{rel}","templated":true}]}}