{"id":215,"date":"2019-01-08T14:45:05","date_gmt":"2019-01-08T12:45:05","guid":{"rendered":"https:\/\/www.amethystmine.fi\/?page_id=215"},"modified":"2021-10-05T11:10:21","modified_gmt":"2021-10-05T08:10:21","slug":"toimitusehdot","status":"publish","type":"page","link":"https:\/\/www.amethystmine.fi\/fi\/ametisti-verkkokauppa\/toimitusehdot\/","title":{"rendered":"Toimitusehdot"},"content":{"rendered":"\n<p><strong>Yleist\u00e4<\/strong><\/p>\n\n\n\n<p>Kaivosyhti\u00f6 Arctic Ametisti Oy Ametistikauppa, y-tunnus: FI02514400, osoite: Luostontie 4, 99555 Luosto; myy tuotteita yrityksille ja t\u00e4ysi-ik\u00e4isille yksityishenkil\u00f6ille. N\u00e4m\u00e4 toimitusehdot soveltuvat tuotteiden tilaamiseen verkkokaupassamme sek\u00e4 vastaaviin toimituksiin.<\/p>\n\n\n\n<p>N\u00e4m\u00e4 toimitusehtomme ovat voimassa 1.1.2019\nalkaen. Voimme muuttaa toimitusehtoja yksipuolisesti aika ajoin, joten\ntutustuthan toimitusehtoihimme joka kerta etuk\u00e4teen kun tilaat tuotteita\nverkkokaupastamme.<\/p>\n\n\n\n<p><strong>Tuotteet ja\ntuotehinnat<\/strong><\/p>\n\n\n\n<p>Verkkokaupan tuotteiden ominaisuudet ja\nhinnat on esitetty kunkin tuotteen tuote-esittelyn yhteydess\u00e4. Pid\u00e4t\u00e4mme\noikeuden hintojen ja toimituskulujen muutoksiin, joten tarkastathan ko. hinnat\nostoskorista ennen kuin hyv\u00e4ksyt tilauksen. <\/p>\n\n\n\n<p><strong>Toimituskulut<\/strong><\/p>\n\n\n\n<p>Tilauksesta mahdollisesti veloitettavat toimituskulut riippuvat itse tuotteesta (esim. paino, pakkaus) ja valitusta toimitustavasta ja ne lis\u00e4t\u00e4\u00e4n automaattisesti tilauksen loppusummaan. N\u00e4et tilauksestasi veloitettavat toimituskulut (jos toimituskuluja veloitetaan) ostoskoristasi ennen kuin hyv\u00e4ksyt tilauksen.<\/p>\n\n\n\n<p>Mik\u00e4li tuotteet toimitetaan EU:n ulkopuolelle, tilaaja on vastuussa mahdollisista tullaus-, tuonti- tai muista maksuista. Tullausk\u00e4yt\u00e4nn\u00f6t vaihtelevat maittain. Lis\u00e4tietoja saat paikallisesta tullipisteest\u00e4. Mik\u00e4li tuote pit\u00e4\u00e4 tullata, on tilaaja vastuussa kaikista siihen liittyvist\u00e4 kuluista sek\u00e4 ymm\u00e4rt\u00e4\u00e4, ett\u00e4 tullaus voi aiheuttaa viivett\u00e4 alkuper\u00e4iseen toimitusaika-arvioon. <\/p>\n\n\n\n<p><strong>Tilaaminen ja sopimus<\/strong><\/p>\n\n\n\n<p>Voit tilata tuotteita verkkokauppamme\nkotisivuilla siirt\u00e4m\u00e4ll\u00e4 niit\u00e4 ostoskoriin ja vahvistamalla tilauksen ja\nmaksamalla ostoskorin sis\u00e4ll\u00f6n maksupalvelussa. Tilatessasi verkkokaupastamme\nsinun edellytet\u00e4\u00e4n tutustuneen ja sitoutuneen kulloinkin voimassa oleviin\ntoimitusehtoihimme. Ymm\u00e4rr\u00e4t, ett\u00e4 hyv\u00e4ksym\u00e4si ja vahvistamamme tilauksesi on,\npaitsi silt\u00e4 osin mit\u00e4 my\u00f6hemmin mainitaan peruttamisoikeudesta, sitova ja\nsynnytt\u00e4\u00e4 n\u00e4iden toimitusehtojen kanssa sopimuksen v\u00e4lillemme.<\/p>\n\n\n\n<p><strong>Maksaminen ja\nmaksutavat<\/strong><\/p>\n\n\n\n<p>Voit maksaa tilauksesi verkkokaupassa kuvatuilla ja ostoskorissa valittavissa olevilla maksutavoilla.<\/p>\n\n\n\n<p><strong>Maksupalvelutarjoaja<\/strong> <br><br>Maksunv\u00e4lityspalvelun toteuttajana ja maksupalveluntarjoajana toimii Paytrail Oyj (2122839-7) yhteisty\u00f6ss\u00e4 suomalaisten pankkien ja luottolaitosten kanssa. Paytrail Oyj n\u00e4kyy maksun saajana tiliotteella tai korttilaskulla ja v\u00e4litt\u00e4\u00e4 maksun kauppiaalle. Paytrail Oyj:ll\u00e4 on maksulaitoksen toimilupa. Reklamaatiotapauksissa pyyd\u00e4mme ottamaan ensisijaisesti yhteytt\u00e4 tuotteen toimittajaan.<br><br>Paytrail Oyj, y-tunnus: 2122839-7<br>Innova 2<br>Lutakonaukio 7<br>40100 Jyv\u00e4skyl\u00e4<\/p>\n\n\n\n<p>www.paytrail.com<\/p>\n\n\n\n<p><strong>Tilaus- ja\nmaksuvahvistus<\/strong><\/p>\n\n\n\n<p>Onnistuneen tilauksen j\u00e4lkeen s\u00e4hk\u00f6postiisi\nl\u00e4hetet\u00e4\u00e4n tilausvahvistus, joten annathan s\u00e4hk\u00f6postiosoitteesi kun teet\ntilauksen. Tilausvahvistuksessa vahvistetaan my\u00f6s k\u00e4ytetty maksutapa.<\/p>\n\n\n\n<p>Jos emme jostain odottamattomasta syyst\u00e4\nvoi vahvistaa tilaustasi ilmoitamme siit\u00e4 s\u00e4hk\u00f6postiisi mahdollisimman pian.<\/p>\n\n\n\n<p><strong>Toimitustapa<\/strong><\/p>\n\n\n\n<p>Toimitamme tilauksesi jollakin k\u00e4yt\u00f6ss\u00e4\nolevalla kotisivuillamme mainitulla toimitustavalla, jonka valitset tilauksesi\nyhteydess\u00e4.<\/p>\n\n\n\n<p><strong>Toimitusaika<\/strong><\/p>\n\n\n\n<p>Yleisimm\u00e4t toimitusaikamme EU -alueelle\novat&nbsp;tilauksesta ja toimitustavasta riippuen 2-7 p\u00e4iv\u00e4\u00e4. Mahdolliset\npoikkeavat ajat ilmoitetaan tuotevaihtoehtojen yhteydess\u00e4.<\/p>\n\n\n\n<p><strong>Peruutusoikeus ja\npalautusehdot<\/strong><\/p>\n\n\n\n<p>Jos olet kuluttaja, sinulla on Suomen\nkuluttajansuojalain mukainen oikeus peruuttaa tilaus ilmoittamalla t\u00e4st\u00e4 meille\nviimeist\u00e4\u00e4n 14 p\u00e4iv\u00e4n kuluttua tavaran tai viimeisen tavaraer\u00e4n\nvastaanottamisesta taikka, jos kyse on tavaroiden s\u00e4\u00e4nn\u00f6llisest\u00e4\ntoimittamisesta, ensimm\u00e4isen tavaraer\u00e4n vastaanottamisesta. Tavaran\npalauttamisesta tulee aina sopia ensin s\u00e4hk\u00f6postitse tai puhelimitse.<\/p>\n\n\n\n<p>Peruuttamisilmoitus tulee tehd\u00e4\nselke\u00e4sti esimerkiksi peruuttamislomakkeellamme,&nbsp;alla olevaan\ns\u00e4hk\u00f6postiimme tai palautettavan tavaran mukana toimittamallasi kirjallisella\nilmoituksella.<\/p>\n\n\n\n<p>Peruutusoikeus koskee vain verkkokaupasta ostettuja tuotteita&nbsp;ja vastaavasti palautettavien tuotteiden on oltava alkuper\u00e4ispakkauksessa, k\u00e4ytt\u00e4m\u00e4tt\u00f6mi\u00e4 ja&nbsp; takaisinl\u00e4hetyst\u00e4 varten hyvin pakattuja.<\/p>\n\n\n\n<p>Peruutusoikeus ei kuitenkaan koske nimelle kirjoitettuja osakekirjoja eik\u00e4 muita erillisest\u00e4 tilauksesta nimikoituja tai kaiverrettuja tuotteita.<\/p>\n\n\n\n<p>Jos kauppa perutaan,\ntavara on palautettava viivytyksett\u00e4 ja viimeist\u00e4\u00e4n 14 p\u00e4iv\u00e4n kuluttua\nperuuttamisilmoituksen tekemisest\u00e4 alla mainittuun palautusosoitteeseemme.\nPalauttajan on tarvittaessa n\u00e4ytett\u00e4v\u00e4 toteen, ett\u00e4 tavara on palautettu\nm\u00e4\u00e4r\u00e4ajassa, esimerkiksi palautuskuitilla. Palauttajan on maksettava\npalauttamisesta aiheutuvat kustannukset. N\u00e4it\u00e4 kustannuksia ei makseta takaisin\npalauttajalle.<\/p>\n\n\n\n<p>Palauttaessasi\ntoimitetun tilauksen, liit\u00e4 siihen mukaan&nbsp;<strong><em>nimesi<\/em><\/strong>&nbsp;ja&nbsp;<strong><em>yhteystietosi<\/em><\/strong>&nbsp;sek\u00e4&nbsp;<strong><em>tilinumerosi<\/em><\/strong>&nbsp;rahojen\npalautusta varten.<\/p>\n\n\n\n<p>Palautamme vastaavasti\ntilauksesta maksamasi rahat viivytyksett\u00e4 kuluttajasuojalain mukaisesti.<\/p>\n\n\n\n<p><strong>Palautusosoitteemme:<\/strong><br> Kaivosyhti\u00f6 Arctic Ametisti Oy<\/p>\n\n\n\n<p>Luostontie 4 <\/p>\n\n\n\n<p>99555 Luosto<br>Finland<\/p>\n\n\n\n<p><strong>L\u00e4hetyksen tarkistus,\nvirhe ja ongelmatilanteet<\/strong><\/p>\n\n\n\n<p>Tarkistathan toimituksen heti sen\nsaatuasi. Jos tuote on kadonnut tai vioittunut kuljetuksen aikana tai se ei\nmuuten vastaa tilaustasi tai on virheellinen, ilmoitathan siit\u00e4 mahdollisimman\npian ja viimeist\u00e4\u00e4n14 p\u00e4iv\u00e4n kuluessa Asiakaspalveluumme, niin sovimme miten\nsaamme virheen korjattua. Kuluttajakaupassa noudatamme virheitten osalta\npakottavia kuluttajasuojalain virhevastuus\u00e4\u00e4nn\u00f6ksi\u00e4.<\/p>\n\n\n\n<p><strong>Asiakaspalvelu<\/strong><\/p>\n\n\n\n<p>Henkil\u00f6kuntamme auttaa sinua tilaukseesi\nliittyviss\u00e4 kysymyksiss\u00e4. Otathan yhteytt\u00e4 joko s\u00e4hk\u00f6postitse tai puhelimitse:<\/p>\n\n\n\n<p>eshop@amethystmine.fi<br> +358 16 624334<\/p>\n\n\n\n<p><strong>Vastuunrajoitus<\/strong><\/p>\n\n\n\n<p>Kaivosyhti\u00f6 Arctic Ametisti Oy Ametistikauppa&nbsp;ei vastaa mist\u00e4\u00e4n\ntilaukseen, toimitukseen tai tuotteeseen liittyv\u00e4st\u00e4 tai mist\u00e4\u00e4n edell\u00e4\nmainitusta aiheutuneesta v\u00e4lillisest\u00e4 tai v\u00e4litt\u00f6m\u00e4st\u00e4 tai muusta vahingosta\npaitsi siihen asti kuin pakottava m\u00e4\u00e4r\u00e4ys kuluttajanasuojalaissa tai muussa\npakottavassa laissa on kyseisen vahingon osalta toisin m\u00e4\u00e4r\u00e4nnyt.<\/p>\n\n\n\n<p><strong>Erimielisyydet<\/strong><\/p>\n\n\n\n<p>Pyrimme sopimaan tilaustasi koskevat\nmahdolliset erimielisyydet ensisijaisesti sopimalla, joten otathan ensisijassa\nyhteytt\u00e4 Asiakaspalveluumme sopiaksemme asian.<\/p>\n\n\n\n<p>Jos kauppasopimusta koskevaa\nerimielisyytt\u00e4 ei saada ratkaistuksi osapuolten v\u00e4lisill\u00e4 neuvotteluilla,\nkuluttaja voi saattaa asian kuluttajariitalautakunnan (<a href=\"http:\/\/www.kuluttajariita.fi\/\">www.kuluttajariita.fi<\/a>) ratkaistavaksi. Ennen asian viemist\u00e4 kuluttajariitalautakunnan\nk\u00e4sittelyyn kuluttajan tulee olla yhteydess\u00e4 maistraattien kuluttajaneuvontaan\n(<a href=\"http:\/\/www.kuluttajaneuvonta.fi\/\">www.kuluttajaneuvonta.fi<\/a>).<\/p>\n","protected":false},"excerpt":{"rendered":"<p>Yleist\u00e4 Kaivosyhti\u00f6 Arctic Ametisti Oy Ametistikauppa, y-tunnus: FI02514400, osoite: Luostontie 4, 99555 Luosto; myy tuotteita yrityksille ja t\u00e4ysi-ik\u00e4isille yksityishenkil\u00f6ille. N\u00e4m\u00e4 toimitusehdot soveltuvat tuotteiden tilaamiseen verkkokaupassamme sek\u00e4 vastaaviin toimituksiin. N\u00e4m\u00e4 toimitusehtomme ovat voimassa 1.1.2019 alkaen. Voimme muuttaa toimitusehtoja yksipuolisesti aika ajoin, joten tutustuthan toimitusehtoihimme joka kerta etuk\u00e4teen kun tilaat tuotteita verkkokaupastamme. Tuotteet ja tuotehinnat Verkkokaupan tuotteiden [&hellip;]<\/p>\n","protected":false},"author":1,"featured_media":99,"parent":6,"menu_order":0,"comment_status":"closed","ping_status":"closed","template":"","meta":{"_acf_changed":false,"_genesis_hide_title":false,"_genesis_hide_breadcrumbs":false,"_genesis_hide_singular_image":false,"_genesis_hide_footer_widgets":false,"_genesis_custom_body_class":"","_genesis_custom_post_class":"","_genesis_layout":"","footnotes":""},"class_list":{"0":"post-215","1":"page","2":"type-page","3":"status-publish","4":"has-post-thumbnail","6":"entry"},"acf":[],"yoast_head":"<!-- This site is optimized with the Yoast SEO plugin v27.4 - https:\/\/yoast.com\/product\/yoast-seo-wordpress\/ -->\n<title>Toimitusehdot - Amethystmine.fi<\/title>\n<meta name=\"robots\" content=\"index, follow, max-snippet:-1, max-image-preview:large, max-video-preview:-1\" \/>\n<link rel=\"canonical\" href=\"https:\/\/www.amethystmine.fi\/fi\/ametisti-verkkokauppa\/toimitusehdot\/\" \/>\n<meta property=\"og:locale\" content=\"fi_FI\" \/>\n<meta property=\"og:type\" content=\"article\" \/>\n<meta property=\"og:title\" content=\"Toimitusehdot - Amethystmine.fi\" \/>\n<meta property=\"og:description\" content=\"Yleist\u00e4 Kaivosyhti\u00f6 Arctic Ametisti Oy Ametistikauppa, y-tunnus: FI02514400, osoite: Luostontie 4, 99555 Luosto; myy tuotteita yrityksille ja t\u00e4ysi-ik\u00e4isille yksityishenkil\u00f6ille. N\u00e4m\u00e4 toimitusehdot soveltuvat tuotteiden tilaamiseen verkkokaupassamme sek\u00e4 vastaaviin toimituksiin. N\u00e4m\u00e4 toimitusehtomme ovat voimassa 1.1.2019 alkaen. Voimme muuttaa toimitusehtoja yksipuolisesti aika ajoin, joten tutustuthan toimitusehtoihimme joka kerta etuk\u00e4teen kun tilaat tuotteita verkkokaupastamme. Tuotteet ja tuotehinnat Verkkokaupan tuotteiden [&hellip;]\" \/>\n<meta property=\"og:url\" content=\"https:\/\/www.amethystmine.fi\/fi\/ametisti-verkkokauppa\/toimitusehdot\/\" \/>\n<meta property=\"og:site_name\" content=\"Amethystmine.fi\" \/>\n<meta property=\"article:publisher\" content=\"https:\/\/www.facebook.com\/Amethystmine\" \/>\n<meta property=\"article:modified_time\" content=\"2021-10-05T08:10:21+00:00\" \/>\n<meta property=\"og:image\" content=\"https:\/\/www.amethystmine.fi\/wp-content\/uploads\/2018\/11\/LAMPIVAARA.jpg\" \/>\n\t<meta property=\"og:image:width\" content=\"1903\" \/>\n\t<meta property=\"og:image:height\" content=\"489\" \/>\n\t<meta property=\"og:image:type\" content=\"image\/jpeg\" \/>\n<meta name=\"twitter:card\" content=\"summary_large_image\" \/>\n<meta name=\"twitter:label1\" content=\"Arvioitu lukuaika\" \/>\n\t<meta name=\"twitter:data1\" content=\"3 minuuttia\" \/>\n<script type=\"application\/ld+json\" class=\"yoast-schema-graph\">{\"@context\":\"https:\\\/\\\/schema.org\",\"@graph\":[{\"@type\":\"WebPage\",\"@id\":\"https:\\\/\\\/www.amethystmine.fi\\\/fi\\\/ametisti-verkkokauppa\\\/toimitusehdot\\\/\",\"url\":\"https:\\\/\\\/www.amethystmine.fi\\\/fi\\\/ametisti-verkkokauppa\\\/toimitusehdot\\\/\",\"name\":\"Toimitusehdot - Amethystmine.fi\",\"isPartOf\":{\"@id\":\"https:\\\/\\\/www.amethystmine.fi\\\/fi\\\/#website\"},\"primaryImageOfPage\":{\"@id\":\"https:\\\/\\\/www.amethystmine.fi\\\/fi\\\/ametisti-verkkokauppa\\\/toimitusehdot\\\/#primaryimage\"},\"image\":{\"@id\":\"https:\\\/\\\/www.amethystmine.fi\\\/fi\\\/ametisti-verkkokauppa\\\/toimitusehdot\\\/#primaryimage\"},\"thumbnailUrl\":\"https:\\\/\\\/www.amethystmine.fi\\\/wp-content\\\/uploads\\\/2018\\\/11\\\/LAMPIVAARA.jpg\",\"datePublished\":\"2019-01-08T12:45:05+00:00\",\"dateModified\":\"2021-10-05T08:10:21+00:00\",\"breadcrumb\":{\"@id\":\"https:\\\/\\\/www.amethystmine.fi\\\/fi\\\/ametisti-verkkokauppa\\\/toimitusehdot\\\/#breadcrumb\"},\"inLanguage\":\"fi\",\"potentialAction\":[{\"@type\":\"ReadAction\",\"target\":[\"https:\\\/\\\/www.amethystmine.fi\\\/fi\\\/ametisti-verkkokauppa\\\/toimitusehdot\\\/\"]}]},{\"@type\":\"ImageObject\",\"inLanguage\":\"fi\",\"@id\":\"https:\\\/\\\/www.amethystmine.fi\\\/fi\\\/ametisti-verkkokauppa\\\/toimitusehdot\\\/#primaryimage\",\"url\":\"https:\\\/\\\/www.amethystmine.fi\\\/wp-content\\\/uploads\\\/2018\\\/11\\\/LAMPIVAARA.jpg\",\"contentUrl\":\"https:\\\/\\\/www.amethystmine.fi\\\/wp-content\\\/uploads\\\/2018\\\/11\\\/LAMPIVAARA.jpg\",\"width\":1903,\"height\":489},{\"@type\":\"BreadcrumbList\",\"@id\":\"https:\\\/\\\/www.amethystmine.fi\\\/fi\\\/ametisti-verkkokauppa\\\/toimitusehdot\\\/#breadcrumb\",\"itemListElement\":[{\"@type\":\"ListItem\",\"position\":1,\"name\":\"Home\",\"item\":\"https:\\\/\\\/www.amethystmine.fi\\\/fi\\\/\"},{\"@type\":\"ListItem\",\"position\":2,\"name\":\"Ametisti verkkokauppa\",\"item\":\"https:\\\/\\\/www.amethystmine.fi\\\/fi\\\/ametisti-verkkokauppa\\\/\"},{\"@type\":\"ListItem\",\"position\":3,\"name\":\"Toimitusehdot\"}]},{\"@type\":\"WebSite\",\"@id\":\"https:\\\/\\\/www.amethystmine.fi\\\/fi\\\/#website\",\"url\":\"https:\\\/\\\/www.amethystmine.fi\\\/fi\\\/\",\"name\":\"Amethystmine.fi\",\"description\":\"Ihan uusi WordPress-sivusto\",\"publisher\":{\"@id\":\"https:\\\/\\\/www.amethystmine.fi\\\/fi\\\/#organization\"},\"potentialAction\":[{\"@type\":\"SearchAction\",\"target\":{\"@type\":\"EntryPoint\",\"urlTemplate\":\"https:\\\/\\\/www.amethystmine.fi\\\/fi\\\/?s={search_term_string}\"},\"query-input\":{\"@type\":\"PropertyValueSpecification\",\"valueRequired\":true,\"valueName\":\"search_term_string\"}}],\"inLanguage\":\"fi\"},{\"@type\":\"Organization\",\"@id\":\"https:\\\/\\\/www.amethystmine.fi\\\/fi\\\/#organization\",\"name\":\"Amethystmine.fi\",\"url\":\"https:\\\/\\\/www.amethystmine.fi\\\/fi\\\/\",\"logo\":{\"@type\":\"ImageObject\",\"inLanguage\":\"fi\",\"@id\":\"https:\\\/\\\/www.amethystmine.fi\\\/fi\\\/#\\\/schema\\\/logo\\\/image\\\/\",\"url\":\"https:\\\/\\\/www.amethystmine.fi\\\/wp-content\\\/uploads\\\/2018\\\/11\\\/logo.png\",\"contentUrl\":\"https:\\\/\\\/www.amethystmine.fi\\\/wp-content\\\/uploads\\\/2018\\\/11\\\/logo.png\",\"width\":186,\"height\":76,\"caption\":\"Amethystmine.fi\"},\"image\":{\"@id\":\"https:\\\/\\\/www.amethystmine.fi\\\/fi\\\/#\\\/schema\\\/logo\\\/image\\\/\"},\"sameAs\":[\"https:\\\/\\\/www.facebook.com\\\/Amethystmine\"]}]}<\/script>\n<!-- \/ Yoast SEO plugin. -->","yoast_head_json":{"title":"Toimitusehdot - Amethystmine.fi","robots":{"index":"index","follow":"follow","max-snippet":"max-snippet:-1","max-image-preview":"max-image-preview:large","max-video-preview":"max-video-preview:-1"},"canonical":"https:\/\/www.amethystmine.fi\/fi\/ametisti-verkkokauppa\/toimitusehdot\/","og_locale":"fi_FI","og_type":"article","og_title":"Toimitusehdot - Amethystmine.fi","og_description":"Yleist\u00e4 Kaivosyhti\u00f6 Arctic Ametisti Oy Ametistikauppa, y-tunnus: FI02514400, osoite: Luostontie 4, 99555 Luosto; myy tuotteita yrityksille ja t\u00e4ysi-ik\u00e4isille yksityishenkil\u00f6ille. N\u00e4m\u00e4 toimitusehdot soveltuvat tuotteiden tilaamiseen verkkokaupassamme sek\u00e4 vastaaviin toimituksiin. N\u00e4m\u00e4 toimitusehtomme ovat voimassa 1.1.2019 alkaen. Voimme muuttaa toimitusehtoja yksipuolisesti aika ajoin, joten tutustuthan toimitusehtoihimme joka kerta etuk\u00e4teen kun tilaat tuotteita verkkokaupastamme. Tuotteet ja tuotehinnat Verkkokaupan tuotteiden [&hellip;]","og_url":"https:\/\/www.amethystmine.fi\/fi\/ametisti-verkkokauppa\/toimitusehdot\/","og_site_name":"Amethystmine.fi","article_publisher":"https:\/\/www.facebook.com\/Amethystmine","article_modified_time":"2021-10-05T08:10:21+00:00","og_image":[{"width":1903,"height":489,"url":"https:\/\/www.amethystmine.fi\/wp-content\/uploads\/2018\/11\/LAMPIVAARA.jpg","type":"image\/jpeg"}],"twitter_card":"summary_large_image","twitter_misc":{"Arvioitu lukuaika":"3 minuuttia"},"schema":{"@context":"https:\/\/schema.org","@graph":[{"@type":"WebPage","@id":"https:\/\/www.amethystmine.fi\/fi\/ametisti-verkkokauppa\/toimitusehdot\/","url":"https:\/\/www.amethystmine.fi\/fi\/ametisti-verkkokauppa\/toimitusehdot\/","name":"Toimitusehdot - Amethystmine.fi","isPartOf":{"@id":"https:\/\/www.amethystmine.fi\/fi\/#website"},"primaryImageOfPage":{"@id":"https:\/\/www.amethystmine.fi\/fi\/ametisti-verkkokauppa\/toimitusehdot\/#primaryimage"},"image":{"@id":"https:\/\/www.amethystmine.fi\/fi\/ametisti-verkkokauppa\/toimitusehdot\/#primaryimage"},"thumbnailUrl":"https:\/\/www.amethystmine.fi\/wp-content\/uploads\/2018\/11\/LAMPIVAARA.jpg","datePublished":"2019-01-08T12:45:05+00:00","dateModified":"2021-10-05T08:10:21+00:00","breadcrumb":{"@id":"https:\/\/www.amethystmine.fi\/fi\/ametisti-verkkokauppa\/toimitusehdot\/#breadcrumb"},"inLanguage":"fi","potentialAction":[{"@type":"ReadAction","target":["https:\/\/www.amethystmine.fi\/fi\/ametisti-verkkokauppa\/toimitusehdot\/"]}]},{"@type":"ImageObject","inLanguage":"fi","@id":"https:\/\/www.amethystmine.fi\/fi\/ametisti-verkkokauppa\/toimitusehdot\/#primaryimage","url":"https:\/\/www.amethystmine.fi\/wp-content\/uploads\/2018\/11\/LAMPIVAARA.jpg","contentUrl":"https:\/\/www.amethystmine.fi\/wp-content\/uploads\/2018\/11\/LAMPIVAARA.jpg","width":1903,"height":489},{"@type":"BreadcrumbList","@id":"https:\/\/www.amethystmine.fi\/fi\/ametisti-verkkokauppa\/toimitusehdot\/#breadcrumb","itemListElement":[{"@type":"ListItem","position":1,"name":"Home","item":"https:\/\/www.amethystmine.fi\/fi\/"},{"@type":"ListItem","position":2,"name":"Ametisti verkkokauppa","item":"https:\/\/www.amethystmine.fi\/fi\/ametisti-verkkokauppa\/"},{"@type":"ListItem","position":3,"name":"Toimitusehdot"}]},{"@type":"WebSite","@id":"https:\/\/www.amethystmine.fi\/fi\/#website","url":"https:\/\/www.amethystmine.fi\/fi\/","name":"Amethystmine.fi","description":"Ihan uusi WordPress-sivusto","publisher":{"@id":"https:\/\/www.amethystmine.fi\/fi\/#organization"},"potentialAction":[{"@type":"SearchAction","target":{"@type":"EntryPoint","urlTemplate":"https:\/\/www.amethystmine.fi\/fi\/?s={search_term_string}"},"query-input":{"@type":"PropertyValueSpecification","valueRequired":true,"valueName":"search_term_string"}}],"inLanguage":"fi"},{"@type":"Organization","@id":"https:\/\/www.amethystmine.fi\/fi\/#organization","name":"Amethystmine.fi","url":"https:\/\/www.amethystmine.fi\/fi\/","logo":{"@type":"ImageObject","inLanguage":"fi","@id":"https:\/\/www.amethystmine.fi\/fi\/#\/schema\/logo\/image\/","url":"https:\/\/www.amethystmine.fi\/wp-content\/uploads\/2018\/11\/logo.png","contentUrl":"https:\/\/www.amethystmine.fi\/wp-content\/uploads\/2018\/11\/logo.png","width":186,"height":76,"caption":"Amethystmine.fi"},"image":{"@id":"https:\/\/www.amethystmine.fi\/fi\/#\/schema\/logo\/image\/"},"sameAs":["https:\/\/www.facebook.com\/Amethystmine"]}]}},"_links":{"self":[{"href":"https:\/\/www.amethystmine.fi\/fi\/wp-json\/wp\/v2\/pages\/215","targetHints":{"allow":["GET"]}}],"collection":[{"href":"https:\/\/www.amethystmine.fi\/fi\/wp-json\/wp\/v2\/pages"}],"about":[{"href":"https:\/\/www.amethystmine.fi\/fi\/wp-json\/wp\/v2\/types\/page"}],"author":[{"embeddable":true,"href":"https:\/\/www.amethystmine.fi\/fi\/wp-json\/wp\/v2\/users\/1"}],"replies":[{"embeddable":true,"href":"https:\/\/www.amethystmine.fi\/fi\/wp-json\/wp\/v2\/comments?post=215"}],"version-history":[{"count":2,"href":"https:\/\/www.amethystmine.fi\/fi\/wp-json\/wp\/v2\/pages\/215\/revisions"}],"predecessor-version":[{"id":5082,"href":"https:\/\/www.amethystmine.fi\/fi\/wp-json\/wp\/v2\/pages\/215\/revisions\/5082"}],"up":[{"embeddable":true,"href":"https:\/\/www.amethystmine.fi\/fi\/wp-json\/wp\/v2\/pages\/6"}],"wp:featuredmedia":[{"embeddable":true,"href":"https:\/\/www.amethystmine.fi\/fi\/wp-json\/wp\/v2\/media\/99"}],"wp:attachment":[{"href":"https:\/\/www.amethystmine.fi\/fi\/wp-json\/wp\/v2\/media?parent=215"}],"curies":[{"name":"wp","href":"https:\/\/api.w.org\/{rel}","templated":true}]}}