{"id":2174,"date":"2019-04-15T11:00:39","date_gmt":"2019-04-15T08:00:39","guid":{"rendered":"https:\/\/www.amethystmine.fi\/?page_id=2174"},"modified":"2025-11-17T09:36:05","modified_gmt":"2025-11-17T07:36:05","slug":"osakastiedotteet","status":"publish","type":"page","link":"https:\/\/www.amethystmine.fi\/fi\/yhtio\/osakastiedotteet\/","title":{"rendered":"Osakastiedotteet"},"content":{"rendered":"\n<p><img decoding=\"async\" class=\"wp-image-8429 lazyload\" style=\"width: NaNpx;\" src=\"data:image\/gif;base64,R0lGODlhAQABAAAAACH5BAEKAAEALAAAAAABAAEAAAICTAEAOw==\" alt=\"\" data-src=\"https:\/\/www.amethystmine.fi\/wp-content\/uploads\/2025\/11\/Osakastiedote2025.pdf\"><a href=\"https:\/\/www.amethystmine.fi\/wp-content\/uploads\/2025\/11\/Osakastiedote_25-1.pdf\">Osakastiedote<\/a><\/p>\n\n\n\n<p>Yhti\u00f6kokoustapahtuma 22.11.2025<\/p>\n\n\n\n<p><a href=\"https:\/\/www.amethystmine.fi\/wp-content\/uploads\/2025\/11\/Yhtiokokouskutsu-2025.pdf\">Yhti\u00f6kokouskutsu<\/a><\/p>\n\n\n\n<p><a href=\"https:\/\/www.amethystmine.fi\/wp-content\/uploads\/2025\/11\/Yk_kutsuliite1.pdf\">Liite 1<\/a><\/p>\n\n\n\n<p><a href=\"https:\/\/www.amethystmine.fi\/wp-content\/uploads\/2025\/11\/Yk_kutsuliite2.pdf\">Liite 2<\/a><\/p>\n\n\n\n<p>Ilmoittautuminen yhti\u00f6kokoustapahtumaan 16.11.2025 menness\u00e4 s\u00e4hk\u00f6postitse osoitteeseen office(at)amethystmine.fi<\/p>\n\n\n\n<p>Hotellivaraukset suoraan <a href=\"https:\/\/santashotels.fi\/hotellit\/hotel-aurora\/?gad_source=1&amp;gad_campaignid=22828427252&amp;gbraid=0AAAAADGs1Kh5P-U_15o3Vw0HfL2SW5JPR&amp;gclid=CjwKCAjwpOfHBhAxEiwAm1SwEsltjV6DKTP5mBme7qfRC1l1FIbHvIu3N-t8wxN2SfZvHxJXesq11xoCVzEQAvD_BwE\">Santa&#8217;s Hotel Aurora<\/a>an tai <a href=\"https:\/\/www.laplandhotels.com\/fi\/hotellit-ja-kohteet\/luosto\/lapland-hotels-luostotunturi?utm_source=google&amp;utm_medium=cpc&amp;utm_campaign=Br%C3%A4ndi%20%E2%80%93%20Kohteet%20%E2%80%93%20Lappi&amp;utm_source=google&amp;utm_medium=cpc&amp;utm_campaign=Br%C3%A4ndi%20%E2%80%93%20Kohteet%20%E2%80%93%20Lappi&amp;utm_id=20465651210&amp;gad_source=1&amp;gad_campaignid=20465651210&amp;gbraid=0AAAAAD9ycbm4v7kzZTnqGKm4i5LkJ4UuW&amp;gclid=CjwKCAjwpOfHBhAxEiwAm1SwEmb80Thz0sREuCLdf2c4v9vAkHQ9UyW-gc29SIW8li493hs5l0XvUhoCMcEQAvD_BwE\">Lapland Hotels Luostotunturi<\/a>in.<\/p>\n","protected":false},"excerpt":{"rendered":"<p>Osakastiedote Yhti\u00f6kokoustapahtuma 22.11.2025 Yhti\u00f6kokouskutsu Liite 1 Liite 2 Ilmoittautuminen yhti\u00f6kokoustapahtumaan 16.11.2025 menness\u00e4 s\u00e4hk\u00f6postitse osoitteeseen office(at)amethystmine.fi Hotellivaraukset suoraan Santa&#8217;s Hotel Auroraan tai Lapland Hotels Luostotunturiin.<\/p>\n","protected":false},"author":14,"featured_media":0,"parent":754,"menu_order":0,"comment_status":"closed","ping_status":"closed","template":"","meta":{"_acf_changed":false,"_genesis_hide_title":false,"_genesis_hide_breadcrumbs":false,"_genesis_hide_singular_image":false,"_genesis_hide_footer_widgets":false,"_genesis_custom_body_class":"","_genesis_custom_post_class":"","_genesis_layout":"","footnotes":""},"class_list":{"0":"post-2174","1":"page","2":"type-page","3":"status-publish","5":"entry"},"acf":[],"yoast_head":"<!-- This site is optimized with the Yoast SEO plugin v27.4 - https:\/\/yoast.com\/product\/yoast-seo-wordpress\/ -->\n<title>Osakastiedotteet - Amethystmine.fi<\/title>\n<meta name=\"robots\" content=\"index, follow, max-snippet:-1, max-image-preview:large, max-video-preview:-1\" \/>\n<link rel=\"canonical\" href=\"https:\/\/www.amethystmine.fi\/fi\/yhtio\/osakastiedotteet\/\" \/>\n<meta property=\"og:locale\" content=\"fi_FI\" \/>\n<meta property=\"og:type\" content=\"article\" \/>\n<meta property=\"og:title\" content=\"Osakastiedotteet - Amethystmine.fi\" \/>\n<meta property=\"og:description\" content=\"Osakastiedote Yhti\u00f6kokoustapahtuma 22.11.2025 Yhti\u00f6kokouskutsu Liite 1 Liite 2 Ilmoittautuminen yhti\u00f6kokoustapahtumaan 16.11.2025 menness\u00e4 s\u00e4hk\u00f6postitse osoitteeseen office(at)amethystmine.fi Hotellivaraukset suoraan Santa&#8217;s Hotel Auroraan tai Lapland Hotels Luostotunturiin.\" \/>\n<meta property=\"og:url\" content=\"https:\/\/www.amethystmine.fi\/fi\/yhtio\/osakastiedotteet\/\" \/>\n<meta property=\"og:site_name\" content=\"Amethystmine.fi\" \/>\n<meta property=\"article:publisher\" content=\"https:\/\/www.facebook.com\/Amethystmine\" \/>\n<meta property=\"article:modified_time\" content=\"2025-11-17T07:36:05+00:00\" \/>\n<meta name=\"twitter:card\" content=\"summary_large_image\" \/>\n<meta name=\"twitter:label1\" content=\"Arvioitu lukuaika\" \/>\n\t<meta name=\"twitter:data1\" content=\"1 minuutti\" \/>\n<script type=\"application\/ld+json\" class=\"yoast-schema-graph\">{\"@context\":\"https:\\\/\\\/schema.org\",\"@graph\":[{\"@type\":\"WebPage\",\"@id\":\"https:\\\/\\\/www.amethystmine.fi\\\/fi\\\/yhtio\\\/osakastiedotteet\\\/\",\"url\":\"https:\\\/\\\/www.amethystmine.fi\\\/fi\\\/yhtio\\\/osakastiedotteet\\\/\",\"name\":\"Osakastiedotteet - Amethystmine.fi\",\"isPartOf\":{\"@id\":\"https:\\\/\\\/www.amethystmine.fi\\\/fi\\\/#website\"},\"primaryImageOfPage\":{\"@id\":\"https:\\\/\\\/www.amethystmine.fi\\\/fi\\\/yhtio\\\/osakastiedotteet\\\/#primaryimage\"},\"image\":{\"@id\":\"https:\\\/\\\/www.amethystmine.fi\\\/fi\\\/yhtio\\\/osakastiedotteet\\\/#primaryimage\"},\"thumbnailUrl\":\"https:\\\/\\\/www.amethystmine.fi\\\/wp-content\\\/uploads\\\/2025\\\/11\\\/Osakastiedote2025.pdf\",\"datePublished\":\"2019-04-15T08:00:39+00:00\",\"dateModified\":\"2025-11-17T07:36:05+00:00\",\"breadcrumb\":{\"@id\":\"https:\\\/\\\/www.amethystmine.fi\\\/fi\\\/yhtio\\\/osakastiedotteet\\\/#breadcrumb\"},\"inLanguage\":\"fi\",\"potentialAction\":[{\"@type\":\"ReadAction\",\"target\":[\"https:\\\/\\\/www.amethystmine.fi\\\/fi\\\/yhtio\\\/osakastiedotteet\\\/\"]}]},{\"@type\":\"ImageObject\",\"inLanguage\":\"fi\",\"@id\":\"https:\\\/\\\/www.amethystmine.fi\\\/fi\\\/yhtio\\\/osakastiedotteet\\\/#primaryimage\",\"url\":\"https:\\\/\\\/www.amethystmine.fi\\\/wp-content\\\/uploads\\\/2025\\\/11\\\/Osakastiedote2025.pdf\",\"contentUrl\":\"https:\\\/\\\/www.amethystmine.fi\\\/wp-content\\\/uploads\\\/2025\\\/11\\\/Osakastiedote2025.pdf\"},{\"@type\":\"BreadcrumbList\",\"@id\":\"https:\\\/\\\/www.amethystmine.fi\\\/fi\\\/yhtio\\\/osakastiedotteet\\\/#breadcrumb\",\"itemListElement\":[{\"@type\":\"ListItem\",\"position\":1,\"name\":\"Home\",\"item\":\"https:\\\/\\\/www.amethystmine.fi\\\/fi\\\/\"},{\"@type\":\"ListItem\",\"position\":2,\"name\":\"Yhti\u00f6\",\"item\":\"https:\\\/\\\/www.amethystmine.fi\\\/fi\\\/yhtio\\\/\"},{\"@type\":\"ListItem\",\"position\":3,\"name\":\"Osakastiedotteet\"}]},{\"@type\":\"WebSite\",\"@id\":\"https:\\\/\\\/www.amethystmine.fi\\\/fi\\\/#website\",\"url\":\"https:\\\/\\\/www.amethystmine.fi\\\/fi\\\/\",\"name\":\"Amethystmine.fi\",\"description\":\"Ihan uusi WordPress-sivusto\",\"publisher\":{\"@id\":\"https:\\\/\\\/www.amethystmine.fi\\\/fi\\\/#organization\"},\"potentialAction\":[{\"@type\":\"SearchAction\",\"target\":{\"@type\":\"EntryPoint\",\"urlTemplate\":\"https:\\\/\\\/www.amethystmine.fi\\\/fi\\\/?s={search_term_string}\"},\"query-input\":{\"@type\":\"PropertyValueSpecification\",\"valueRequired\":true,\"valueName\":\"search_term_string\"}}],\"inLanguage\":\"fi\"},{\"@type\":\"Organization\",\"@id\":\"https:\\\/\\\/www.amethystmine.fi\\\/fi\\\/#organization\",\"name\":\"Amethystmine.fi\",\"url\":\"https:\\\/\\\/www.amethystmine.fi\\\/fi\\\/\",\"logo\":{\"@type\":\"ImageObject\",\"inLanguage\":\"fi\",\"@id\":\"https:\\\/\\\/www.amethystmine.fi\\\/fi\\\/#\\\/schema\\\/logo\\\/image\\\/\",\"url\":\"https:\\\/\\\/www.amethystmine.fi\\\/wp-content\\\/uploads\\\/2018\\\/11\\\/logo.png\",\"contentUrl\":\"https:\\\/\\\/www.amethystmine.fi\\\/wp-content\\\/uploads\\\/2018\\\/11\\\/logo.png\",\"width\":186,\"height\":76,\"caption\":\"Amethystmine.fi\"},\"image\":{\"@id\":\"https:\\\/\\\/www.amethystmine.fi\\\/fi\\\/#\\\/schema\\\/logo\\\/image\\\/\"},\"sameAs\":[\"https:\\\/\\\/www.facebook.com\\\/Amethystmine\"]}]}<\/script>\n<!-- \/ Yoast SEO plugin. -->","yoast_head_json":{"title":"Osakastiedotteet - Amethystmine.fi","robots":{"index":"index","follow":"follow","max-snippet":"max-snippet:-1","max-image-preview":"max-image-preview:large","max-video-preview":"max-video-preview:-1"},"canonical":"https:\/\/www.amethystmine.fi\/fi\/yhtio\/osakastiedotteet\/","og_locale":"fi_FI","og_type":"article","og_title":"Osakastiedotteet - Amethystmine.fi","og_description":"Osakastiedote Yhti\u00f6kokoustapahtuma 22.11.2025 Yhti\u00f6kokouskutsu Liite 1 Liite 2 Ilmoittautuminen yhti\u00f6kokoustapahtumaan 16.11.2025 menness\u00e4 s\u00e4hk\u00f6postitse osoitteeseen office(at)amethystmine.fi Hotellivaraukset suoraan Santa&#8217;s Hotel Auroraan tai Lapland Hotels Luostotunturiin.","og_url":"https:\/\/www.amethystmine.fi\/fi\/yhtio\/osakastiedotteet\/","og_site_name":"Amethystmine.fi","article_publisher":"https:\/\/www.facebook.com\/Amethystmine","article_modified_time":"2025-11-17T07:36:05+00:00","twitter_card":"summary_large_image","twitter_misc":{"Arvioitu lukuaika":"1 minuutti"},"schema":{"@context":"https:\/\/schema.org","@graph":[{"@type":"WebPage","@id":"https:\/\/www.amethystmine.fi\/fi\/yhtio\/osakastiedotteet\/","url":"https:\/\/www.amethystmine.fi\/fi\/yhtio\/osakastiedotteet\/","name":"Osakastiedotteet - Amethystmine.fi","isPartOf":{"@id":"https:\/\/www.amethystmine.fi\/fi\/#website"},"primaryImageOfPage":{"@id":"https:\/\/www.amethystmine.fi\/fi\/yhtio\/osakastiedotteet\/#primaryimage"},"image":{"@id":"https:\/\/www.amethystmine.fi\/fi\/yhtio\/osakastiedotteet\/#primaryimage"},"thumbnailUrl":"https:\/\/www.amethystmine.fi\/wp-content\/uploads\/2025\/11\/Osakastiedote2025.pdf","datePublished":"2019-04-15T08:00:39+00:00","dateModified":"2025-11-17T07:36:05+00:00","breadcrumb":{"@id":"https:\/\/www.amethystmine.fi\/fi\/yhtio\/osakastiedotteet\/#breadcrumb"},"inLanguage":"fi","potentialAction":[{"@type":"ReadAction","target":["https:\/\/www.amethystmine.fi\/fi\/yhtio\/osakastiedotteet\/"]}]},{"@type":"ImageObject","inLanguage":"fi","@id":"https:\/\/www.amethystmine.fi\/fi\/yhtio\/osakastiedotteet\/#primaryimage","url":"https:\/\/www.amethystmine.fi\/wp-content\/uploads\/2025\/11\/Osakastiedote2025.pdf","contentUrl":"https:\/\/www.amethystmine.fi\/wp-content\/uploads\/2025\/11\/Osakastiedote2025.pdf"},{"@type":"BreadcrumbList","@id":"https:\/\/www.amethystmine.fi\/fi\/yhtio\/osakastiedotteet\/#breadcrumb","itemListElement":[{"@type":"ListItem","position":1,"name":"Home","item":"https:\/\/www.amethystmine.fi\/fi\/"},{"@type":"ListItem","position":2,"name":"Yhti\u00f6","item":"https:\/\/www.amethystmine.fi\/fi\/yhtio\/"},{"@type":"ListItem","position":3,"name":"Osakastiedotteet"}]},{"@type":"WebSite","@id":"https:\/\/www.amethystmine.fi\/fi\/#website","url":"https:\/\/www.amethystmine.fi\/fi\/","name":"Amethystmine.fi","description":"Ihan uusi WordPress-sivusto","publisher":{"@id":"https:\/\/www.amethystmine.fi\/fi\/#organization"},"potentialAction":[{"@type":"SearchAction","target":{"@type":"EntryPoint","urlTemplate":"https:\/\/www.amethystmine.fi\/fi\/?s={search_term_string}"},"query-input":{"@type":"PropertyValueSpecification","valueRequired":true,"valueName":"search_term_string"}}],"inLanguage":"fi"},{"@type":"Organization","@id":"https:\/\/www.amethystmine.fi\/fi\/#organization","name":"Amethystmine.fi","url":"https:\/\/www.amethystmine.fi\/fi\/","logo":{"@type":"ImageObject","inLanguage":"fi","@id":"https:\/\/www.amethystmine.fi\/fi\/#\/schema\/logo\/image\/","url":"https:\/\/www.amethystmine.fi\/wp-content\/uploads\/2018\/11\/logo.png","contentUrl":"https:\/\/www.amethystmine.fi\/wp-content\/uploads\/2018\/11\/logo.png","width":186,"height":76,"caption":"Amethystmine.fi"},"image":{"@id":"https:\/\/www.amethystmine.fi\/fi\/#\/schema\/logo\/image\/"},"sameAs":["https:\/\/www.facebook.com\/Amethystmine"]}]}},"_links":{"self":[{"href":"https:\/\/www.amethystmine.fi\/fi\/wp-json\/wp\/v2\/pages\/2174","targetHints":{"allow":["GET"]}}],"collection":[{"href":"https:\/\/www.amethystmine.fi\/fi\/wp-json\/wp\/v2\/pages"}],"about":[{"href":"https:\/\/www.amethystmine.fi\/fi\/wp-json\/wp\/v2\/types\/page"}],"author":[{"embeddable":true,"href":"https:\/\/www.amethystmine.fi\/fi\/wp-json\/wp\/v2\/users\/14"}],"replies":[{"embeddable":true,"href":"https:\/\/www.amethystmine.fi\/fi\/wp-json\/wp\/v2\/comments?post=2174"}],"version-history":[{"count":44,"href":"https:\/\/www.amethystmine.fi\/fi\/wp-json\/wp\/v2\/pages\/2174\/revisions"}],"predecessor-version":[{"id":8461,"href":"https:\/\/www.amethystmine.fi\/fi\/wp-json\/wp\/v2\/pages\/2174\/revisions\/8461"}],"up":[{"embeddable":true,"href":"https:\/\/www.amethystmine.fi\/fi\/wp-json\/wp\/v2\/pages\/754"}],"wp:attachment":[{"href":"https:\/\/www.amethystmine.fi\/fi\/wp-json\/wp\/v2\/media?parent=2174"}],"curies":[{"name":"wp","href":"https:\/\/api.w.org\/{rel}","templated":true}]}}