{"id":2191,"date":"2019-04-16T10:05:26","date_gmt":"2019-04-16T07:05:26","guid":{"rendered":"https:\/\/www.amethystmine.fi\/?page_id=2191"},"modified":"2019-04-16T11:55:13","modified_gmt":"2019-04-16T08:55:13","slug":"tietosuojaseloste","status":"publish","type":"page","link":"https:\/\/www.amethystmine.fi\/fi\/tietosuojaseloste\/","title":{"rendered":"Tietosuojaseloste"},"content":{"rendered":"\n<p><strong>Yleist\u00e4<\/strong><\/p>\n\n\n\n<p>Kaivosyhti\u00f6 Arctic Ametisti\nOy on sitoutunut suojaamaan asiakkaidensa yksityisyytt\u00e4 ja tarjoaa\nmahdollisuuden vaikuttaa asiakkaan omien henkil\u00f6tietojen k\u00e4sittelyyn. T\u00e4ll\u00e4\nrekisteriselosteella informoimme asiakkaitamme heid\u00e4n henkil\u00f6tietojensa\nk\u00e4sittelyst\u00e4.<\/p>\n\n\n\n<p><strong>Rekisterinpit\u00e4j\u00e4 ja sen yhteystiedot<\/strong><\/p>\n\n\n\n<p><strong>Kaivosyhti\u00f6 Arctic Ametisti Oy<\/strong>  <br>Y-tunnus: 0251440-0 <br>Luostontie 4<br>99555 Luosto<\/p>\n\n\n\n<p><strong>Rekisterin nimi<\/strong><\/p>\n\n\n\n<p> Kaivosyhti\u00f6 Arctic Ametisti Oy:n  verkkokaupan asiakasrekisteri.<\/p>\n\n\n\n<p><strong>Rekisterin pit\u00e4misen peruste<\/strong><\/p>\n\n\n\n<p>Henkil\u00f6 tallennetaan rekisteriin, jos h\u00e4n on rekister\u00f6itynyt Kaivosyhti\u00f6 Arctic Ametisti Oy:n verkkokauppa-asiakkaaksi, ostanut tuotteita osoitteessa www.amethystmine.fi, vastannut kyselyyn Kaivosyhti\u00f6 Arctic Ametisti Oy:n tilaisuudessa ja antanut markkinointiluvan.<\/p>\n\n\n\n<p><strong>Rekisterin k\u00e4ytt\u00f6tarkoitus<\/strong><\/p>\n\n\n\n<p>Rekisterin k\u00e4ytt\u00f6tarkoitus on Kaivosyhti\u00f6 Arctic Ametisti Oy:n asiakasrekisterin yll\u00e4pit\u00e4minen sek\u00e4 asiakkaiden tilausten k\u00e4sittely, toimittaminen ja tilaushistorian arkistointi. Rekisteri\u00e4 k\u00e4ytet\u00e4\u00e4n my\u00f6s l\u00e4hetysten seurantaan. Tietoja voidaan k\u00e4ytt\u00e4\u00e4 Kaivosyhti\u00f6n verkkokaupan kehitt\u00e4miseen ja yrityksen toiminnan edellytt\u00e4miin tilastollisiin tarkoituksiin.<\/p>\n\n\n\n<p>Henkil\u00f6tietoja k\u00e4sitell\u00e4\u00e4n my\u00f6s asiakassuhteen hoitamiseen ja kehitt\u00e4miseen, kuten asiakaskyselyiden toteuttamiseen sek\u00e4 palveluiden tarjoamiseen ja toteuttamiseen. Rekisteriss\u00e4 k\u00e4sitelt\u00e4vi\u00e4 tietoja voidaan k\u00e4ytt\u00e4\u00e4 my\u00f6s Kaivosyhti\u00f6 Arctic Ametisti Oy  malliston kehitt\u00e4miseen, asiakaskunnan profilointiin sek\u00e4 kiinnostavamman markkinoinnin ja asiakasviestinn\u00e4n kohdentamiseksi rekister\u00f6idylle.<\/p>\n\n\n\n<p>Kaivosyhti\u00f6 Arctic Ametisti Oy voi k\u00e4ytt\u00e4\u00e4 asiakas- ja palvelusuhteen yll\u00e4pit\u00e4miseen yhteisty\u00f6kumppaneita jolloin osa rekisteritiedoista saatetaan siirt\u00e4\u00e4 yhteisty\u00f6kumppanin palvelimille teknisten vaatimusten vuoksi. Tietoja k\u00e4sitell\u00e4\u00e4n ainoastaan Kaivosyhti\u00f6 Arctic Ametisti Oy:n asiakassuhteen yll\u00e4pit\u00e4miseen teknisten rajapintojen kautta. Tietoja ei siirret\u00e4 EU- tai ETA-alueen ulkopuolelle.<\/p>\n\n\n\n<p>Henkil\u00f6tietoja k\u00e4sitell\u00e4\u00e4n asiakkaan ja Kaivosyhti\u00f6 Arctic Ametisti Oy:n asiakassuhteeseen, sopimukseen, verkkosivustojen k\u00e4ytt\u00f6\u00f6n, asiakkaan nimenomaiseen suostumukseen tai henkil\u00f6tietolain velvoitteisiin perustuen.<\/p>\n\n\n\n<p><strong>Rekisterin sis\u00e4lt\u00e4m\u00e4t tiedot<\/strong><\/p>\n\n\n\n<ul class=\"wp-block-list\"><li>Henkil\u00f6n etu- ja sukunimi<\/li><li>Henkil\u00f6tunnus asiakkaan tunnistamiseksi, jos asiakkuus edellytt\u00e4\u00e4 luottosopimusta<\/li><li>Tullin vaatimat passitiedot tai vastaavat tilattaessa tuotteita verottomana Suomen ulkopuolelta<\/li><li>Yhteystiedot, kuten postiosoite, s\u00e4hk\u00f6postiosoite ja puhelinnumero<\/li><li>Tiedot verkkokauppatilauksista<\/li><li>Tilausten seurantatiedot logistiikkayrityksilt\u00e4<\/li><li>Ametistikaupan Facebook- tai Google-kirjautumiseen k\u00e4ytetty s\u00e4hk\u00f6postiosoite ja varmenne<\/li><li>Tiedot markkinointiluvista ja \u2013kielloista<\/li><li>Syntym\u00e4vuosi<\/li><li>Sukupuoli<\/li><li>Tietoa korumieltymyksist\u00e4<\/li><li>Osallistumishalukkuus tapahtumiin<\/li><li>Tiedot mahdollisista luovutetuista palkinnoista<\/li><li>Verkkokaupan ohjelmistotoimittajalle siin\u00e4 m\u00e4\u00e4rin, kuin verkkokaupan tekninen yll\u00e4pito ja kehitt\u00e4minen edellytt\u00e4\u00e4 <\/li><li>S\u00e4hk\u00f6postimarkkinointikumppanille, jos asiakas on sallinut uutiskirjeen tai muun s\u00e4hk\u00f6isen markkinointiviestinn\u00e4n <\/li><li>Logistiikkayritykselle, jos valittu toimitustapa on kuljetus noutopisteeseen, l\u00e4himp\u00e4\u00e4n postiin tai perille asti annettuun toimitusosoitteeseen <\/li><li>Maksunv\u00e4litt\u00e4j\u00e4lle maksukortilla tai muulla Ametistikaupan verkkokaupassa k\u00e4yt\u00f6ss\u00e4 olevalla maksuj\u00e4rjestelm\u00e4ll\u00e4 maksettaessa <\/li><li>Luotonmy\u00f6nt\u00e4j\u00e4lle, asiakkaan valitessa maksutavaksi luottoyhti\u00f6n laskun tai osamaksun <\/li><li>Tullille tilattaessa tuotteita verottomana EU:n ulkopuolelle <\/li><li>Perint\u00e4yhti\u00f6lle er\u00e4\u00e4ntyneiden laskujen siirtyess\u00e4 perint\u00e4\u00e4n<\/li><\/ul>\n\n\n\n<p>Tietojen p\u00e4\u00e4asiallinen l\u00e4hde\non tilauksen tehnyt asiakas itse. Lis\u00e4ksi saamme tietoja\nyhteisty\u00f6kumppaneiltamme, kuten esimerkiksi luottopalvelujen tarjoajilta.\nKolmansilta osapuolilta saamistamme henkil\u00f6tiedoista ilmoitamme asiakkaalle\ntietosuoja-asetuksen edellytt\u00e4m\u00e4ll\u00e4 tavalla ensimm\u00e4isess\u00e4 yhteydenotossa\nasiakkaaseen.<\/p>\n\n\n\n<p><strong>Tietojen luovutus<\/strong><\/p>\n\n\n\n<p>Kaivosyhti\u00f6 Arctic Ametisti Oy voi luovuttaa asiakasrekisterin tietoja Kaivosyhti\u00f6n kanssa yhteisty\u00f6sopimuksen tehneille yhteis\u00f6ille asiakastilausten toimittamiseksi tai Kaivosyhti\u00f6 Arctic Ametisti Oy:n asiakasprofilointia varten. Tiedot v\u00e4littyv\u00e4t my\u00f6s mahdollisen luottop\u00e4\u00e4t\u00f6ksen yhteydess\u00e4 luottoa my\u00f6nt\u00e4v\u00e4lle taholle.  <br>Kaivosyhti\u00f6 Arctic Ametisti Oy:n yhteisty\u00f6kumppanit eiv\u00e4t k\u00e4yt\u00e4 tietoja muihin tarkoituksiin eiv\u00e4tk\u00e4 luovuta tietoja kolmansille osapuolille. Tarvittaessa Kaivosyhti\u00f6 Arctic Ametisti Oy voi luovuttaa asiakastietoja viranomaisille voimassaolevan lains\u00e4\u00e4d\u00e4nn\u00f6n sallimissa ja velvoittamissa rajoissa. Informoimme viranomaisten tietopyynn\u00f6ist\u00e4 my\u00f6s asiakasta, jos se on lain puitteissa sallittua.<\/p>\n\n\n\n<p>Tietoja ei luovuteta EU:n\ntai ETA:n ulkopuolelle.<\/p>\n\n\n\n<p><strong>Rekisterin s\u00e4ilytys ja suojaus<\/strong><\/p>\n\n\n\n<p>Asiakasrekisteri\u00e4 s\u00e4ilytet\u00e4\u00e4n s\u00e4hk\u00f6isesti yhteisty\u00f6kumppanin palvelimella ja Kaivosyhti\u00f6 Arctic Ametisti Oy:n sis\u00e4isess\u00e4 verkossa salasanoin suojattuna. Rekisteri on asianmukaisesti suojattu ulkopuolisilta palomuurein ja muilla teknisill\u00e4 suojakeinoilla. Rekisteri\u00e4 ei s\u00e4ilytet\u00e4 paperiversiona.<\/p>\n\n\n\n<p>Ainoastaan nimetyill\u00e4\nhenkil\u00f6ill\u00e4 on oikeus k\u00e4ytt\u00e4\u00e4 ja yll\u00e4pit\u00e4\u00e4 rekisterin tietoja ty\u00f6teht\u00e4viens\u00e4\nv\u00e4ltt\u00e4m\u00e4tt\u00e4 edellytt\u00e4m\u00e4ss\u00e4 laajuudessa. Kullakin k\u00e4ytt\u00e4j\u00e4ll\u00e4 on\nhenkil\u00f6kohtainen k\u00e4ytt\u00e4j\u00e4tunnus ja salasana. K\u00e4ytt\u00e4ji\u00e4 sitoo ty\u00f6sopimukseen\nliitetty vaitiolovelvollisuus.<\/p>\n\n\n\n<p><strong>Oikeus tietojen tarkastukseen, korjaukseen, poistoon ja kieltoon<\/strong><\/p>\n\n\n\n<p>Asiakkaalla on oikeus tarkastaa ja tarvittaessa oikaista h\u00e4nt\u00e4 koskevia rekisteriin on tallennettuja tietoja. Tarkastuspyynt\u00f6 tulee l\u00e4hett\u00e4\u00e4 kirjallisesti ja allekirjoitettuna osoitteeseen:<\/p>\n\n\n\n<p>Kaivosyhti\u00f6 Arctic Ametisti Oy  <br>Luostontie 4<br>99555 Luosto  <\/p>\n\n\n\n<p>tai s\u00e4hk\u00f6postilla osoitteeseen: eshop@amethystmine.fi<\/p>\n\n\n\n<p>Kaivosyhti\u00f6 Arctic Ametisti Oy  vastaa tietojen tarkastuspyynt\u00f6ihin kirjallisesti, l\u00e4ht\u00f6kohtaisesti asiakastiedoissa ilmoitettuun osoitteeseen. Mik\u00e4li osoitetiedoissa on ristiriitoja, pyrit\u00e4\u00e4n henkil\u00f6llisyys varmentamaan muilla keinoilla.<\/p>\n\n\n\n<p>Jos asiakkaan tiedoissa on\nvirheit\u00e4, asiakas voi esitt\u00e4\u00e4 rekisterinpit\u00e4j\u00e4lle pyynn\u00f6n virheen\nkorjaamiseksi. Asiakkaalla on oikeus pyyt\u00e4\u00e4 tietonsa poistettavaksi niilt\u00e4\nosin, kuin ne eiv\u00e4t sis\u00e4ll\u00e4 tietoa, joka viranomaisvalvonnan osalta on s\u00e4ilytysvelvollisuuden\npiiriss\u00e4 (esim. verotustiedot lahjoituksista tai palkinnoista).<\/p>\n\n\n\n<p>Asiakkaalla on oikeus kielt\u00e4\u00e4 tietojensa k\u00e4ytt\u00e4minen suoramarkkinointia varten ilmoittamalla siit\u00e4 Kaivosyhti\u00f6 Arctic Ametisti Oy:n verkkokaupan asiakaspalveluun puhelinnumero 016 624 334, kirjeitse tai s\u00e4hk\u00f6postitse osoitteeseen eshop@amethystmine.fi.<\/p>\n\n\n\n<p>Jos henkil\u00f6tietojen\nk\u00e4sittelyss\u00e4 on asiakkaan mielest\u00e4 puutteita tai se on lainvastaista,\nasiakkaalla on oikeus tehd\u00e4 asiasta valitus tietosuojaviranomaiselle.<\/p>\n\n\n\n<p><strong>Rekisteriselosteen yll\u00e4pito ja muuttaminen<\/strong><\/p>\n\n\n\n<p>Palveluiden kehityksen ja\nmuuttuvan lains\u00e4\u00e4d\u00e4nn\u00f6n edellytt\u00e4ess\u00e4 pid\u00e4t\u00e4mme oikeuden muuttaa\nrekisteriselostetta. Yksityisyyteen, henkil\u00f6tietojen k\u00e4sittelyyn ja\nrekisteriselosteeseen liittyviss\u00e4 kysymyksiss\u00e4 voi ottaa yhteytt\u00e4\ns\u00e4hk\u00f6postitse: eshop@amethystmine.fi.<\/p>\n\n\n\n<p>Rekisteriseloste p\u00e4ivitetty 15.4.2019<\/p>\n","protected":false},"excerpt":{"rendered":"<p>Yleist\u00e4 Kaivosyhti\u00f6 Arctic Ametisti Oy on sitoutunut suojaamaan asiakkaidensa yksityisyytt\u00e4 ja tarjoaa mahdollisuuden vaikuttaa asiakkaan omien henkil\u00f6tietojen k\u00e4sittelyyn. T\u00e4ll\u00e4 rekisteriselosteella informoimme asiakkaitamme heid\u00e4n henkil\u00f6tietojensa k\u00e4sittelyst\u00e4. Rekisterinpit\u00e4j\u00e4 ja sen yhteystiedot Kaivosyhti\u00f6 Arctic Ametisti Oy Y-tunnus: 0251440-0 Luostontie 499555 Luosto Rekisterin nimi Kaivosyhti\u00f6 Arctic Ametisti Oy:n verkkokaupan asiakasrekisteri. Rekisterin pit\u00e4misen peruste Henkil\u00f6 tallennetaan rekisteriin, jos h\u00e4n on [&hellip;]<\/p>\n","protected":false},"author":1,"featured_media":70,"parent":0,"menu_order":0,"comment_status":"closed","ping_status":"closed","template":"","meta":{"_acf_changed":false,"_genesis_hide_title":false,"_genesis_hide_breadcrumbs":false,"_genesis_hide_singular_image":false,"_genesis_hide_footer_widgets":false,"_genesis_custom_body_class":"","_genesis_custom_post_class":"","_genesis_layout":"","footnotes":""},"class_list":{"0":"post-2191","1":"page","2":"type-page","3":"status-publish","4":"has-post-thumbnail","6":"entry"},"acf":[],"yoast_head":"<!-- This site is optimized with the Yoast SEO plugin v27.4 - https:\/\/yoast.com\/product\/yoast-seo-wordpress\/ -->\n<title>Tietosuojaseloste - Amethystmine.fi<\/title>\n<meta name=\"robots\" content=\"index, follow, max-snippet:-1, max-image-preview:large, max-video-preview:-1\" \/>\n<link rel=\"canonical\" href=\"https:\/\/www.amethystmine.fi\/fi\/tietosuojaseloste\/\" \/>\n<meta property=\"og:locale\" content=\"fi_FI\" \/>\n<meta property=\"og:type\" content=\"article\" \/>\n<meta property=\"og:title\" content=\"Tietosuojaseloste - Amethystmine.fi\" \/>\n<meta property=\"og:description\" content=\"Yleist\u00e4 Kaivosyhti\u00f6 Arctic Ametisti Oy on sitoutunut suojaamaan asiakkaidensa yksityisyytt\u00e4 ja tarjoaa mahdollisuuden vaikuttaa asiakkaan omien henkil\u00f6tietojen k\u00e4sittelyyn. T\u00e4ll\u00e4 rekisteriselosteella informoimme asiakkaitamme heid\u00e4n henkil\u00f6tietojensa k\u00e4sittelyst\u00e4. Rekisterinpit\u00e4j\u00e4 ja sen yhteystiedot Kaivosyhti\u00f6 Arctic Ametisti Oy Y-tunnus: 0251440-0 Luostontie 499555 Luosto Rekisterin nimi Kaivosyhti\u00f6 Arctic Ametisti Oy:n verkkokaupan asiakasrekisteri. Rekisterin pit\u00e4misen peruste Henkil\u00f6 tallennetaan rekisteriin, jos h\u00e4n on [&hellip;]\" \/>\n<meta property=\"og:url\" content=\"https:\/\/www.amethystmine.fi\/fi\/tietosuojaseloste\/\" \/>\n<meta property=\"og:site_name\" content=\"Amethystmine.fi\" \/>\n<meta property=\"article:publisher\" content=\"https:\/\/www.facebook.com\/Amethystmine\" \/>\n<meta property=\"article:modified_time\" content=\"2019-04-16T08:55:13+00:00\" \/>\n<meta property=\"og:image\" content=\"https:\/\/www.amethystmine.fi\/wp-content\/uploads\/2018\/11\/Vieraile.jpg\" \/>\n\t<meta property=\"og:image:width\" content=\"1903\" \/>\n\t<meta property=\"og:image:height\" content=\"489\" \/>\n\t<meta property=\"og:image:type\" content=\"image\/jpeg\" \/>\n<meta name=\"twitter:card\" content=\"summary_large_image\" \/>\n<meta name=\"twitter:label1\" content=\"Arvioitu lukuaika\" \/>\n\t<meta name=\"twitter:data1\" content=\"4 minuuttia\" \/>\n<script type=\"application\/ld+json\" class=\"yoast-schema-graph\">{\"@context\":\"https:\\\/\\\/schema.org\",\"@graph\":[{\"@type\":\"WebPage\",\"@id\":\"https:\\\/\\\/www.amethystmine.fi\\\/fi\\\/tietosuojaseloste\\\/\",\"url\":\"https:\\\/\\\/www.amethystmine.fi\\\/fi\\\/tietosuojaseloste\\\/\",\"name\":\"Tietosuojaseloste - Amethystmine.fi\",\"isPartOf\":{\"@id\":\"https:\\\/\\\/www.amethystmine.fi\\\/fi\\\/#website\"},\"primaryImageOfPage\":{\"@id\":\"https:\\\/\\\/www.amethystmine.fi\\\/fi\\\/tietosuojaseloste\\\/#primaryimage\"},\"image\":{\"@id\":\"https:\\\/\\\/www.amethystmine.fi\\\/fi\\\/tietosuojaseloste\\\/#primaryimage\"},\"thumbnailUrl\":\"https:\\\/\\\/www.amethystmine.fi\\\/wp-content\\\/uploads\\\/2018\\\/11\\\/Vieraile.jpg\",\"datePublished\":\"2019-04-16T07:05:26+00:00\",\"dateModified\":\"2019-04-16T08:55:13+00:00\",\"breadcrumb\":{\"@id\":\"https:\\\/\\\/www.amethystmine.fi\\\/fi\\\/tietosuojaseloste\\\/#breadcrumb\"},\"inLanguage\":\"fi\",\"potentialAction\":[{\"@type\":\"ReadAction\",\"target\":[\"https:\\\/\\\/www.amethystmine.fi\\\/fi\\\/tietosuojaseloste\\\/\"]}]},{\"@type\":\"ImageObject\",\"inLanguage\":\"fi\",\"@id\":\"https:\\\/\\\/www.amethystmine.fi\\\/fi\\\/tietosuojaseloste\\\/#primaryimage\",\"url\":\"https:\\\/\\\/www.amethystmine.fi\\\/wp-content\\\/uploads\\\/2018\\\/11\\\/Vieraile.jpg\",\"contentUrl\":\"https:\\\/\\\/www.amethystmine.fi\\\/wp-content\\\/uploads\\\/2018\\\/11\\\/Vieraile.jpg\",\"width\":1903,\"height\":489},{\"@type\":\"BreadcrumbList\",\"@id\":\"https:\\\/\\\/www.amethystmine.fi\\\/fi\\\/tietosuojaseloste\\\/#breadcrumb\",\"itemListElement\":[{\"@type\":\"ListItem\",\"position\":1,\"name\":\"Home\",\"item\":\"https:\\\/\\\/www.amethystmine.fi\\\/fi\\\/\"},{\"@type\":\"ListItem\",\"position\":2,\"name\":\"Tietosuojaseloste\"}]},{\"@type\":\"WebSite\",\"@id\":\"https:\\\/\\\/www.amethystmine.fi\\\/fi\\\/#website\",\"url\":\"https:\\\/\\\/www.amethystmine.fi\\\/fi\\\/\",\"name\":\"Amethystmine.fi\",\"description\":\"Ihan uusi WordPress-sivusto\",\"publisher\":{\"@id\":\"https:\\\/\\\/www.amethystmine.fi\\\/fi\\\/#organization\"},\"potentialAction\":[{\"@type\":\"SearchAction\",\"target\":{\"@type\":\"EntryPoint\",\"urlTemplate\":\"https:\\\/\\\/www.amethystmine.fi\\\/fi\\\/?s={search_term_string}\"},\"query-input\":{\"@type\":\"PropertyValueSpecification\",\"valueRequired\":true,\"valueName\":\"search_term_string\"}}],\"inLanguage\":\"fi\"},{\"@type\":\"Organization\",\"@id\":\"https:\\\/\\\/www.amethystmine.fi\\\/fi\\\/#organization\",\"name\":\"Amethystmine.fi\",\"url\":\"https:\\\/\\\/www.amethystmine.fi\\\/fi\\\/\",\"logo\":{\"@type\":\"ImageObject\",\"inLanguage\":\"fi\",\"@id\":\"https:\\\/\\\/www.amethystmine.fi\\\/fi\\\/#\\\/schema\\\/logo\\\/image\\\/\",\"url\":\"https:\\\/\\\/www.amethystmine.fi\\\/wp-content\\\/uploads\\\/2018\\\/11\\\/logo.png\",\"contentUrl\":\"https:\\\/\\\/www.amethystmine.fi\\\/wp-content\\\/uploads\\\/2018\\\/11\\\/logo.png\",\"width\":186,\"height\":76,\"caption\":\"Amethystmine.fi\"},\"image\":{\"@id\":\"https:\\\/\\\/www.amethystmine.fi\\\/fi\\\/#\\\/schema\\\/logo\\\/image\\\/\"},\"sameAs\":[\"https:\\\/\\\/www.facebook.com\\\/Amethystmine\"]}]}<\/script>\n<!-- \/ Yoast SEO plugin. -->","yoast_head_json":{"title":"Tietosuojaseloste - Amethystmine.fi","robots":{"index":"index","follow":"follow","max-snippet":"max-snippet:-1","max-image-preview":"max-image-preview:large","max-video-preview":"max-video-preview:-1"},"canonical":"https:\/\/www.amethystmine.fi\/fi\/tietosuojaseloste\/","og_locale":"fi_FI","og_type":"article","og_title":"Tietosuojaseloste - Amethystmine.fi","og_description":"Yleist\u00e4 Kaivosyhti\u00f6 Arctic Ametisti Oy on sitoutunut suojaamaan asiakkaidensa yksityisyytt\u00e4 ja tarjoaa mahdollisuuden vaikuttaa asiakkaan omien henkil\u00f6tietojen k\u00e4sittelyyn. T\u00e4ll\u00e4 rekisteriselosteella informoimme asiakkaitamme heid\u00e4n henkil\u00f6tietojensa k\u00e4sittelyst\u00e4. Rekisterinpit\u00e4j\u00e4 ja sen yhteystiedot Kaivosyhti\u00f6 Arctic Ametisti Oy Y-tunnus: 0251440-0 Luostontie 499555 Luosto Rekisterin nimi Kaivosyhti\u00f6 Arctic Ametisti Oy:n verkkokaupan asiakasrekisteri. Rekisterin pit\u00e4misen peruste Henkil\u00f6 tallennetaan rekisteriin, jos h\u00e4n on [&hellip;]","og_url":"https:\/\/www.amethystmine.fi\/fi\/tietosuojaseloste\/","og_site_name":"Amethystmine.fi","article_publisher":"https:\/\/www.facebook.com\/Amethystmine","article_modified_time":"2019-04-16T08:55:13+00:00","og_image":[{"width":1903,"height":489,"url":"https:\/\/www.amethystmine.fi\/wp-content\/uploads\/2018\/11\/Vieraile.jpg","type":"image\/jpeg"}],"twitter_card":"summary_large_image","twitter_misc":{"Arvioitu lukuaika":"4 minuuttia"},"schema":{"@context":"https:\/\/schema.org","@graph":[{"@type":"WebPage","@id":"https:\/\/www.amethystmine.fi\/fi\/tietosuojaseloste\/","url":"https:\/\/www.amethystmine.fi\/fi\/tietosuojaseloste\/","name":"Tietosuojaseloste - Amethystmine.fi","isPartOf":{"@id":"https:\/\/www.amethystmine.fi\/fi\/#website"},"primaryImageOfPage":{"@id":"https:\/\/www.amethystmine.fi\/fi\/tietosuojaseloste\/#primaryimage"},"image":{"@id":"https:\/\/www.amethystmine.fi\/fi\/tietosuojaseloste\/#primaryimage"},"thumbnailUrl":"https:\/\/www.amethystmine.fi\/wp-content\/uploads\/2018\/11\/Vieraile.jpg","datePublished":"2019-04-16T07:05:26+00:00","dateModified":"2019-04-16T08:55:13+00:00","breadcrumb":{"@id":"https:\/\/www.amethystmine.fi\/fi\/tietosuojaseloste\/#breadcrumb"},"inLanguage":"fi","potentialAction":[{"@type":"ReadAction","target":["https:\/\/www.amethystmine.fi\/fi\/tietosuojaseloste\/"]}]},{"@type":"ImageObject","inLanguage":"fi","@id":"https:\/\/www.amethystmine.fi\/fi\/tietosuojaseloste\/#primaryimage","url":"https:\/\/www.amethystmine.fi\/wp-content\/uploads\/2018\/11\/Vieraile.jpg","contentUrl":"https:\/\/www.amethystmine.fi\/wp-content\/uploads\/2018\/11\/Vieraile.jpg","width":1903,"height":489},{"@type":"BreadcrumbList","@id":"https:\/\/www.amethystmine.fi\/fi\/tietosuojaseloste\/#breadcrumb","itemListElement":[{"@type":"ListItem","position":1,"name":"Home","item":"https:\/\/www.amethystmine.fi\/fi\/"},{"@type":"ListItem","position":2,"name":"Tietosuojaseloste"}]},{"@type":"WebSite","@id":"https:\/\/www.amethystmine.fi\/fi\/#website","url":"https:\/\/www.amethystmine.fi\/fi\/","name":"Amethystmine.fi","description":"Ihan uusi WordPress-sivusto","publisher":{"@id":"https:\/\/www.amethystmine.fi\/fi\/#organization"},"potentialAction":[{"@type":"SearchAction","target":{"@type":"EntryPoint","urlTemplate":"https:\/\/www.amethystmine.fi\/fi\/?s={search_term_string}"},"query-input":{"@type":"PropertyValueSpecification","valueRequired":true,"valueName":"search_term_string"}}],"inLanguage":"fi"},{"@type":"Organization","@id":"https:\/\/www.amethystmine.fi\/fi\/#organization","name":"Amethystmine.fi","url":"https:\/\/www.amethystmine.fi\/fi\/","logo":{"@type":"ImageObject","inLanguage":"fi","@id":"https:\/\/www.amethystmine.fi\/fi\/#\/schema\/logo\/image\/","url":"https:\/\/www.amethystmine.fi\/wp-content\/uploads\/2018\/11\/logo.png","contentUrl":"https:\/\/www.amethystmine.fi\/wp-content\/uploads\/2018\/11\/logo.png","width":186,"height":76,"caption":"Amethystmine.fi"},"image":{"@id":"https:\/\/www.amethystmine.fi\/fi\/#\/schema\/logo\/image\/"},"sameAs":["https:\/\/www.facebook.com\/Amethystmine"]}]}},"_links":{"self":[{"href":"https:\/\/www.amethystmine.fi\/fi\/wp-json\/wp\/v2\/pages\/2191","targetHints":{"allow":["GET"]}}],"collection":[{"href":"https:\/\/www.amethystmine.fi\/fi\/wp-json\/wp\/v2\/pages"}],"about":[{"href":"https:\/\/www.amethystmine.fi\/fi\/wp-json\/wp\/v2\/types\/page"}],"author":[{"embeddable":true,"href":"https:\/\/www.amethystmine.fi\/fi\/wp-json\/wp\/v2\/users\/1"}],"replies":[{"embeddable":true,"href":"https:\/\/www.amethystmine.fi\/fi\/wp-json\/wp\/v2\/comments?post=2191"}],"version-history":[{"count":0,"href":"https:\/\/www.amethystmine.fi\/fi\/wp-json\/wp\/v2\/pages\/2191\/revisions"}],"wp:featuredmedia":[{"embeddable":true,"href":"https:\/\/www.amethystmine.fi\/fi\/wp-json\/wp\/v2\/media\/70"}],"wp:attachment":[{"href":"https:\/\/www.amethystmine.fi\/fi\/wp-json\/wp\/v2\/media?parent=2191"}],"curies":[{"name":"wp","href":"https:\/\/api.w.org\/{rel}","templated":true}]}}