{"id":24,"date":"2018-11-21T15:24:38","date_gmt":"2018-11-21T13:24:38","guid":{"rendered":"https:\/\/www.amethystmine.fi\/?page_id=24"},"modified":"2026-02-04T14:07:04","modified_gmt":"2026-02-04T12:07:04","slug":"vieraile","status":"publish","type":"page","link":"https:\/\/www.amethystmine.fi\/fi\/vieraile\/","title":{"rendered":"Vieraile"},"content":{"rendered":"\n<p><strong>Erilainen jalokivikaivos kutsuu vierailijoita ymp\u00e4ri vuoden<\/strong><\/p>\n\n\n\n<p>Lampivaarassa sijaitseva Ametistikaivos on yksi harvoista jalokivikaivoksista maailmassa, jonne vierailijat ovat tervetulleita. Ametisti on syntynyt 2000 miljoonaa vuotta sitten, silloisen suurvuoriston uumenissa. Nyt tunturin laella toimiva kaivoksen toiminta jatkuu viel\u00e4 satoja vuosia, koska ametistia ei kaiveta suurilla koneilla eik\u00e4 kive\u00e4 myyd\u00e4 raaka-aineeksi. &nbsp;T\u00e4m\u00e4 mahdollistaa retket vierailijoille, jotka p\u00e4\u00e4sev\u00e4t itse etsim\u00e4\u00e4n oman ametistin kaivokselta mukaansa.<\/p>\n\n\n\n<p>Kaivosohjelmassa vierailijat kuulevat alueen geologiasta, historiasta, kivien fysiikasta ja kemiasta sek\u00e4 jalokivien ominaisuuksista ja k\u00e4yt\u00f6st\u00e4. Ametistiin liitet\u00e4\u00e4n paljon erilaisia uskomuksia maailman eri kulttuureissa.<\/p>\n\n\n\n<p><strong>Kes\u00e4ll\u00e4 k\u00e4vellen Lampivaaraan <\/strong><br><br>Kes\u00e4ll\u00e4 Lampivaaraan p\u00e4\u00e4see upeita patikointireittej\u00e4 pitkin. K\u00e4velyn lomassa voit ihailla kansallispuiston puustoa, kasvistoa sek\u00e4 el\u00e4imi\u00e4. L\u00e4himm\u00e4t parkkipaikat sijaitsevat Ukkoluostolla ja Rykim\u00e4kerossa. K\u00e4vely Ukko-Luoston parkkipaikalta Lampivaaraan menee rattoisasti p\u00e4hk\u00e4illen vastauksia Tietopolun kysymyksiin, joita l\u00f6ytyy 10 kpl reitin varrelta. Kes\u00e4reitteihin voit tutustua paremmin <a href=\"https:\/\/www.amethystmine.fi\/fi\/vieraile\/kesalla\/\">Vieraile kes\u00e4ll\u00e4 -osiossa.<\/a><\/p>\n\n\n\n<p><strong>Ametistia etsit\u00e4\u00e4n talvisin&nbsp;upeissa tunturimaisemissa<\/strong><\/p>\n\n\n\n<p>Ametistikaivosvierailuun kuuluu talvella kuljetus Ametisti-Pendolinolla (Ukko-Luostolta tai Lampivaaran kahviolta) yl\u00f6s Lampivaaran huipulle. Mik\u00e4li kierroksen aloittaa Luoston keskustasta, kuuluu vierailuun bussikuljetus keskustasta Ukko-Luoston parkkipaikalle, mist\u00e4 hyp\u00e4t\u00e4\u00e4n Ametisti-Pendolinon kyytiin. Tunturin p\u00e4\u00e4lt\u00e4 aukeavat hienot n\u00e4kym\u00e4t Pyh\u00e4-Luoston kansallispuistoon. Ohjelmaan kuuluu mielenkiintoinen ametistin tarina kammissa sek\u00e4 oman ametistin etsint\u00e4 talvikaivuupaikalta. Tutustu tarkemmin talvikierrosten aikatauluihin <a href=\"https:\/\/www.amethystmine.fi\/fi\/vieraile\/talvella\/\">Vieraile talvella -sivulla.<\/a><\/p>\n\n\n\n<p>Ametistikaivos on avokaivanto tunturin p\u00e4\u00e4ll\u00e4. Talvikaivuualueemme on katettu, joka mahdollistaa ametistien etsinn\u00e4n vaikka ulkona tunturin rinteess\u00e4 olisi pari metri\u00e4 lunta. Takaamme jokaiselle oman ametistikiven mukaan! P\u00e4\u00e4symaksuun kuuluu yksi, l\u00f6yt\u00e4j\u00e4n suljettuun nyrkkiin mahtuva kivi. Suurempia ja ylim\u00e4\u00e4r\u00e4isi\u00e4 kivi\u00e4 voi ostaa lis\u00e4hinnasta mukaansa. Vierailun lopuksi ehtii viel\u00e4 piipahtamaan kaivoksen pieness\u00e4 kivipuodissa, jossa myyd\u00e4\u00e4n ametistikivi\u00e4 ja vieh\u00e4tt\u00e4vi\u00e4 Lapissa valmistettuja ametistikoruja. <\/p>\n\n\n\n<p>Tuotteet l\u00f6yd\u00e4t my\u00f6s <a href=\"https:\/\/www.amethystmine.fi\/fi\/ametisti-verkkokauppa\/\">verkkokaupastamme<\/a> ja tietenkin Luoston keskustassa sijaitsevasta<a href=\"https:\/\/www.amethystmine.fi\/fi\/vieraile\/ametistikauppa\/\"> Ametistikaupastamme<\/a>.<\/p>\n\n\n\n<p><\/p>\n\n\n\n<p><\/p>\n\n\n\n<p><\/p>\n","protected":false},"excerpt":{"rendered":"<p>Erilainen jalokivikaivos kutsuu vierailijoita ymp\u00e4ri vuoden Lampivaarassa sijaitseva Ametistikaivos on yksi harvoista jalokivikaivoksista maailmassa, jonne vierailijat ovat tervetulleita. Ametisti on syntynyt 2000 miljoonaa vuotta sitten, silloisen suurvuoriston uumenissa. Nyt tunturin laella toimiva kaivoksen toiminta jatkuu viel\u00e4 satoja vuosia, koska ametistia ei kaiveta suurilla koneilla eik\u00e4 kive\u00e4 myyd\u00e4 raaka-aineeksi. &nbsp;T\u00e4m\u00e4 mahdollistaa retket vierailijoille, jotka p\u00e4\u00e4sev\u00e4t itse [&hellip;]<\/p>\n","protected":false},"author":1,"featured_media":78,"parent":0,"menu_order":0,"comment_status":"closed","ping_status":"closed","template":"","meta":{"_acf_changed":false,"_genesis_hide_title":false,"_genesis_hide_breadcrumbs":false,"_genesis_hide_singular_image":false,"_genesis_hide_footer_widgets":false,"_genesis_custom_body_class":"","_genesis_custom_post_class":"","_genesis_layout":"","footnotes":""},"class_list":{"0":"post-24","1":"page","2":"type-page","3":"status-publish","4":"has-post-thumbnail","6":"entry"},"acf":[],"yoast_head":"<!-- This site is optimized with the Yoast SEO plugin v27.4 - https:\/\/yoast.com\/product\/yoast-seo-wordpress\/ -->\n<title>Vieraile - Amethystmine.fi<\/title>\n<meta name=\"description\" content=\"Ametistikaivos on avoinna ymp\u00e4ri vuoden keskell\u00e4 kaunista Pyh\u00e4-Luoston kansallispuistoa. Opastetuilla kierroksilla tutustut ametistin tarinaan ja kaivat oman onnen ametistin.\" \/>\n<meta name=\"robots\" content=\"index, follow, max-snippet:-1, max-image-preview:large, max-video-preview:-1\" \/>\n<link rel=\"canonical\" href=\"https:\/\/www.amethystmine.fi\/fi\/vieraile\/\" \/>\n<meta property=\"og:locale\" content=\"fi_FI\" \/>\n<meta property=\"og:type\" content=\"article\" \/>\n<meta property=\"og:title\" content=\"Vieraile - Amethystmine.fi\" \/>\n<meta property=\"og:description\" content=\"Ametistikaivos on avoinna ymp\u00e4ri vuoden keskell\u00e4 kaunista Pyh\u00e4-Luoston kansallispuistoa. Opastetuilla kierroksilla tutustut ametistin tarinaan ja kaivat oman onnen ametistin.\" \/>\n<meta property=\"og:url\" content=\"https:\/\/www.amethystmine.fi\/fi\/vieraile\/\" \/>\n<meta property=\"og:site_name\" content=\"Amethystmine.fi\" \/>\n<meta property=\"article:publisher\" content=\"https:\/\/www.facebook.com\/Amethystmine\" \/>\n<meta property=\"article:modified_time\" content=\"2026-02-04T12:07:04+00:00\" \/>\n<meta property=\"og:image\" content=\"https:\/\/www.amethystmine.fi\/wp-content\/uploads\/2018\/11\/kaivoskauppa.jpg\" \/>\n\t<meta property=\"og:image:width\" content=\"1903\" \/>\n\t<meta property=\"og:image:height\" content=\"489\" \/>\n\t<meta property=\"og:image:type\" content=\"image\/jpeg\" \/>\n<meta name=\"twitter:card\" content=\"summary_large_image\" \/>\n<meta name=\"twitter:label1\" content=\"Arvioitu lukuaika\" \/>\n\t<meta name=\"twitter:data1\" content=\"2 minuuttia\" \/>\n<script type=\"application\/ld+json\" class=\"yoast-schema-graph\">{\"@context\":\"https:\\\/\\\/schema.org\",\"@graph\":[{\"@type\":\"WebPage\",\"@id\":\"https:\\\/\\\/www.amethystmine.fi\\\/fi\\\/vieraile\\\/\",\"url\":\"https:\\\/\\\/www.amethystmine.fi\\\/fi\\\/vieraile\\\/\",\"name\":\"Vieraile - Amethystmine.fi\",\"isPartOf\":{\"@id\":\"https:\\\/\\\/www.amethystmine.fi\\\/fi\\\/#website\"},\"primaryImageOfPage\":{\"@id\":\"https:\\\/\\\/www.amethystmine.fi\\\/fi\\\/vieraile\\\/#primaryimage\"},\"image\":{\"@id\":\"https:\\\/\\\/www.amethystmine.fi\\\/fi\\\/vieraile\\\/#primaryimage\"},\"thumbnailUrl\":\"https:\\\/\\\/www.amethystmine.fi\\\/wp-content\\\/uploads\\\/2018\\\/11\\\/kaivoskauppa.jpg\",\"datePublished\":\"2018-11-21T13:24:38+00:00\",\"dateModified\":\"2026-02-04T12:07:04+00:00\",\"description\":\"Ametistikaivos on avoinna ymp\u00e4ri vuoden keskell\u00e4 kaunista Pyh\u00e4-Luoston kansallispuistoa. Opastetuilla kierroksilla tutustut ametistin tarinaan ja kaivat oman onnen ametistin.\",\"breadcrumb\":{\"@id\":\"https:\\\/\\\/www.amethystmine.fi\\\/fi\\\/vieraile\\\/#breadcrumb\"},\"inLanguage\":\"fi\",\"potentialAction\":[{\"@type\":\"ReadAction\",\"target\":[\"https:\\\/\\\/www.amethystmine.fi\\\/fi\\\/vieraile\\\/\"]}]},{\"@type\":\"ImageObject\",\"inLanguage\":\"fi\",\"@id\":\"https:\\\/\\\/www.amethystmine.fi\\\/fi\\\/vieraile\\\/#primaryimage\",\"url\":\"https:\\\/\\\/www.amethystmine.fi\\\/wp-content\\\/uploads\\\/2018\\\/11\\\/kaivoskauppa.jpg\",\"contentUrl\":\"https:\\\/\\\/www.amethystmine.fi\\\/wp-content\\\/uploads\\\/2018\\\/11\\\/kaivoskauppa.jpg\",\"width\":1903,\"height\":489},{\"@type\":\"BreadcrumbList\",\"@id\":\"https:\\\/\\\/www.amethystmine.fi\\\/fi\\\/vieraile\\\/#breadcrumb\",\"itemListElement\":[{\"@type\":\"ListItem\",\"position\":1,\"name\":\"Home\",\"item\":\"https:\\\/\\\/www.amethystmine.fi\\\/fi\\\/\"},{\"@type\":\"ListItem\",\"position\":2,\"name\":\"Vieraile\"}]},{\"@type\":\"WebSite\",\"@id\":\"https:\\\/\\\/www.amethystmine.fi\\\/fi\\\/#website\",\"url\":\"https:\\\/\\\/www.amethystmine.fi\\\/fi\\\/\",\"name\":\"Amethystmine.fi\",\"description\":\"Ihan uusi WordPress-sivusto\",\"publisher\":{\"@id\":\"https:\\\/\\\/www.amethystmine.fi\\\/fi\\\/#organization\"},\"potentialAction\":[{\"@type\":\"SearchAction\",\"target\":{\"@type\":\"EntryPoint\",\"urlTemplate\":\"https:\\\/\\\/www.amethystmine.fi\\\/fi\\\/?s={search_term_string}\"},\"query-input\":{\"@type\":\"PropertyValueSpecification\",\"valueRequired\":true,\"valueName\":\"search_term_string\"}}],\"inLanguage\":\"fi\"},{\"@type\":\"Organization\",\"@id\":\"https:\\\/\\\/www.amethystmine.fi\\\/fi\\\/#organization\",\"name\":\"Amethystmine.fi\",\"url\":\"https:\\\/\\\/www.amethystmine.fi\\\/fi\\\/\",\"logo\":{\"@type\":\"ImageObject\",\"inLanguage\":\"fi\",\"@id\":\"https:\\\/\\\/www.amethystmine.fi\\\/fi\\\/#\\\/schema\\\/logo\\\/image\\\/\",\"url\":\"https:\\\/\\\/www.amethystmine.fi\\\/wp-content\\\/uploads\\\/2018\\\/11\\\/logo.png\",\"contentUrl\":\"https:\\\/\\\/www.amethystmine.fi\\\/wp-content\\\/uploads\\\/2018\\\/11\\\/logo.png\",\"width\":186,\"height\":76,\"caption\":\"Amethystmine.fi\"},\"image\":{\"@id\":\"https:\\\/\\\/www.amethystmine.fi\\\/fi\\\/#\\\/schema\\\/logo\\\/image\\\/\"},\"sameAs\":[\"https:\\\/\\\/www.facebook.com\\\/Amethystmine\"]}]}<\/script>\n<!-- \/ Yoast SEO plugin. -->","yoast_head_json":{"title":"Vieraile - Amethystmine.fi","description":"Ametistikaivos on avoinna ymp\u00e4ri vuoden keskell\u00e4 kaunista Pyh\u00e4-Luoston kansallispuistoa. Opastetuilla kierroksilla tutustut ametistin tarinaan ja kaivat oman onnen ametistin.","robots":{"index":"index","follow":"follow","max-snippet":"max-snippet:-1","max-image-preview":"max-image-preview:large","max-video-preview":"max-video-preview:-1"},"canonical":"https:\/\/www.amethystmine.fi\/fi\/vieraile\/","og_locale":"fi_FI","og_type":"article","og_title":"Vieraile - Amethystmine.fi","og_description":"Ametistikaivos on avoinna ymp\u00e4ri vuoden keskell\u00e4 kaunista Pyh\u00e4-Luoston kansallispuistoa. Opastetuilla kierroksilla tutustut ametistin tarinaan ja kaivat oman onnen ametistin.","og_url":"https:\/\/www.amethystmine.fi\/fi\/vieraile\/","og_site_name":"Amethystmine.fi","article_publisher":"https:\/\/www.facebook.com\/Amethystmine","article_modified_time":"2026-02-04T12:07:04+00:00","og_image":[{"width":1903,"height":489,"url":"https:\/\/www.amethystmine.fi\/wp-content\/uploads\/2018\/11\/kaivoskauppa.jpg","type":"image\/jpeg"}],"twitter_card":"summary_large_image","twitter_misc":{"Arvioitu lukuaika":"2 minuuttia"},"schema":{"@context":"https:\/\/schema.org","@graph":[{"@type":"WebPage","@id":"https:\/\/www.amethystmine.fi\/fi\/vieraile\/","url":"https:\/\/www.amethystmine.fi\/fi\/vieraile\/","name":"Vieraile - Amethystmine.fi","isPartOf":{"@id":"https:\/\/www.amethystmine.fi\/fi\/#website"},"primaryImageOfPage":{"@id":"https:\/\/www.amethystmine.fi\/fi\/vieraile\/#primaryimage"},"image":{"@id":"https:\/\/www.amethystmine.fi\/fi\/vieraile\/#primaryimage"},"thumbnailUrl":"https:\/\/www.amethystmine.fi\/wp-content\/uploads\/2018\/11\/kaivoskauppa.jpg","datePublished":"2018-11-21T13:24:38+00:00","dateModified":"2026-02-04T12:07:04+00:00","description":"Ametistikaivos on avoinna ymp\u00e4ri vuoden keskell\u00e4 kaunista Pyh\u00e4-Luoston kansallispuistoa. Opastetuilla kierroksilla tutustut ametistin tarinaan ja kaivat oman onnen ametistin.","breadcrumb":{"@id":"https:\/\/www.amethystmine.fi\/fi\/vieraile\/#breadcrumb"},"inLanguage":"fi","potentialAction":[{"@type":"ReadAction","target":["https:\/\/www.amethystmine.fi\/fi\/vieraile\/"]}]},{"@type":"ImageObject","inLanguage":"fi","@id":"https:\/\/www.amethystmine.fi\/fi\/vieraile\/#primaryimage","url":"https:\/\/www.amethystmine.fi\/wp-content\/uploads\/2018\/11\/kaivoskauppa.jpg","contentUrl":"https:\/\/www.amethystmine.fi\/wp-content\/uploads\/2018\/11\/kaivoskauppa.jpg","width":1903,"height":489},{"@type":"BreadcrumbList","@id":"https:\/\/www.amethystmine.fi\/fi\/vieraile\/#breadcrumb","itemListElement":[{"@type":"ListItem","position":1,"name":"Home","item":"https:\/\/www.amethystmine.fi\/fi\/"},{"@type":"ListItem","position":2,"name":"Vieraile"}]},{"@type":"WebSite","@id":"https:\/\/www.amethystmine.fi\/fi\/#website","url":"https:\/\/www.amethystmine.fi\/fi\/","name":"Amethystmine.fi","description":"Ihan uusi WordPress-sivusto","publisher":{"@id":"https:\/\/www.amethystmine.fi\/fi\/#organization"},"potentialAction":[{"@type":"SearchAction","target":{"@type":"EntryPoint","urlTemplate":"https:\/\/www.amethystmine.fi\/fi\/?s={search_term_string}"},"query-input":{"@type":"PropertyValueSpecification","valueRequired":true,"valueName":"search_term_string"}}],"inLanguage":"fi"},{"@type":"Organization","@id":"https:\/\/www.amethystmine.fi\/fi\/#organization","name":"Amethystmine.fi","url":"https:\/\/www.amethystmine.fi\/fi\/","logo":{"@type":"ImageObject","inLanguage":"fi","@id":"https:\/\/www.amethystmine.fi\/fi\/#\/schema\/logo\/image\/","url":"https:\/\/www.amethystmine.fi\/wp-content\/uploads\/2018\/11\/logo.png","contentUrl":"https:\/\/www.amethystmine.fi\/wp-content\/uploads\/2018\/11\/logo.png","width":186,"height":76,"caption":"Amethystmine.fi"},"image":{"@id":"https:\/\/www.amethystmine.fi\/fi\/#\/schema\/logo\/image\/"},"sameAs":["https:\/\/www.facebook.com\/Amethystmine"]}]}},"_links":{"self":[{"href":"https:\/\/www.amethystmine.fi\/fi\/wp-json\/wp\/v2\/pages\/24","targetHints":{"allow":["GET"]}}],"collection":[{"href":"https:\/\/www.amethystmine.fi\/fi\/wp-json\/wp\/v2\/pages"}],"about":[{"href":"https:\/\/www.amethystmine.fi\/fi\/wp-json\/wp\/v2\/types\/page"}],"author":[{"embeddable":true,"href":"https:\/\/www.amethystmine.fi\/fi\/wp-json\/wp\/v2\/users\/1"}],"replies":[{"embeddable":true,"href":"https:\/\/www.amethystmine.fi\/fi\/wp-json\/wp\/v2\/comments?post=24"}],"version-history":[{"count":8,"href":"https:\/\/www.amethystmine.fi\/fi\/wp-json\/wp\/v2\/pages\/24\/revisions"}],"predecessor-version":[{"id":8657,"href":"https:\/\/www.amethystmine.fi\/fi\/wp-json\/wp\/v2\/pages\/24\/revisions\/8657"}],"wp:featuredmedia":[{"embeddable":true,"href":"https:\/\/www.amethystmine.fi\/fi\/wp-json\/wp\/v2\/media\/78"}],"wp:attachment":[{"href":"https:\/\/www.amethystmine.fi\/fi\/wp-json\/wp\/v2\/media?parent=24"}],"curies":[{"name":"wp","href":"https:\/\/api.w.org\/{rel}","templated":true}]}}