{"id":26,"date":"2018-11-21T15:24:55","date_gmt":"2018-11-21T13:24:55","guid":{"rendered":"https:\/\/www.amethystmine.fi\/?page_id=26"},"modified":"2026-02-17T12:20:38","modified_gmt":"2026-02-17T10:20:38","slug":"lampivaaran-kahvio","status":"publish","type":"page","link":"https:\/\/www.amethystmine.fi\/fi\/lampivaaran-kahvio\/","title":{"rendered":"Lampivaaran kahvio"},"content":{"rendered":"\n<figure class=\"wp-block-image size-large\"><img loading=\"lazy\" decoding=\"async\" width=\"1024\" height=\"826\" src=\"data:image\/gif;base64,R0lGODlhAQABAAAAACH5BAEKAAEALAAAAAABAAEAAAICTAEAOw==\" alt=\"\" class=\"wp-image-7171 lazyload\" sizes=\"auto, (max-width: 1024px) 100vw, 1024px\" data-src=\"https:\/\/www.amethystmine.fi\/wp-content\/uploads\/2024\/01\/WhatsApp-Image-2024-01-06-at-17.31.16-1024x826.jpeg\" data-srcset=\"https:\/\/www.amethystmine.fi\/wp-content\/uploads\/2024\/01\/WhatsApp-Image-2024-01-06-at-17.31.16-1024x826.jpeg 1024w, https:\/\/www.amethystmine.fi\/wp-content\/uploads\/2024\/01\/WhatsApp-Image-2024-01-06-at-17.31.16-300x242.jpeg 300w, https:\/\/www.amethystmine.fi\/wp-content\/uploads\/2024\/01\/WhatsApp-Image-2024-01-06-at-17.31.16-768x619.jpeg 768w, https:\/\/www.amethystmine.fi\/wp-content\/uploads\/2024\/01\/WhatsApp-Image-2024-01-06-at-17.31.16-1536x1238.jpeg 1536w, https:\/\/www.amethystmine.fi\/wp-content\/uploads\/2024\/01\/WhatsApp-Image-2024-01-06-at-17.31.16-600x484.jpeg 600w, https:\/\/www.amethystmine.fi\/wp-content\/uploads\/2024\/01\/WhatsApp-Image-2024-01-06-at-17.31.16.jpeg 2048w\"><\/figure>\n\n\n<h2>Polut ja ladut tuovat Lampivaaraan \u2013 ymp\u00e4ri vuoden<\/h2>\n<p>Jyhkeist\u00e4 keloista pystytetty kahvio on Luoston alueen ensimm\u00e4isi\u00e4 rakennuksia ja on vuosien varrella tullut monelle vaeltajalle ja hiiht\u00e4j\u00e4lle tutuksi energisoivana taukopaikkana. Se sijaitsee upealla paikalla keskell\u00e4 Pyh\u00e4-Luoston kansallispuistoa, noin viiden kilometrin p\u00e4\u00e4ss\u00e4 Luoston keskustasta.<\/p>\n<p>Kahvion iloinen henkil\u00f6kunta leipoo p\u00e4ivitt\u00e4in ja n\u00e4in ollen kulkijoille munkkien, vastaleivotun pullan ja tuoreen kahvin tuoksu antavat el\u00e4myksi\u00e4 ja tuovat mukavia muistoja mieleen. Lampivaaran kahvio on kuuluisa erityisesti herkullisista munkeistaan. Kansallispuistossa sijaitsevassa kahviossa pyrit\u00e4\u00e4n toimimaan ekologisesti ja noudattamaan matkailun kest\u00e4v\u00e4n kehityksen periaatteita. Pieness\u00e4 kahviossa tehd\u00e4\u00e4n pieni\u00e4 tekoja, joiden kuitenkin uskotaan vaikuttavan ymp\u00e4rist\u00f6\u00e4 s\u00e4\u00e4st\u00e4v\u00e4sti pitk\u00e4n p\u00e4\u00e4lle isommastikin!<\/p>\n<p>Lampivaaran kahvio toimii Ametistikaivoksen info- ja lipunmyyntipisteen\u00e4. Kaivosvierailut alkavat kahviolta aikataulujen mukaisesti.<\/p>\n<p>Lampivaaran kahvio sijaitsee Pyh\u00e4-Luoston kansallispuiston alueella, eik\u00e4 sinne ole mahdollista saapua autolla. L\u00e4himm\u00e4t pys\u00e4k\u00f6intialueet ovat Ukko-Luoston ja Rykim\u00e4keron pys\u00e4k\u00f6intipaikat, joista matkaa kahviolle on noin 2,5 kilometri\u00e4.<\/p>\n<h2>Talvisin hiiht\u00e4en Lampivaaraan<\/h2>\n<p>Lampivaara on erilaisten retkeilyreittien kautta helposti saavutettavissa niin kes\u00e4- kuin talviaikaan esimerkiksi k\u00e4vellen, hiiht\u00e4en, lumikenk\u00e4illein tai py\u00f6r\u00e4illen.<\/p>\n<p>Huoltotiet\u00e4 (Ukkoluoston parkkipaikalta) ei aurata talvisin, joten autokuljetukset eiv\u00e4t ole lumiseen aikaan mahdollisia. K\u00e4velyyn huoltotiet\u00e4 pitkin kannattaa talviolosuhteissa varata enemm\u00e4n aikaa, lumi- ja s\u00e4\u00e4olosuhteet huomioiden. Talvella Ametistikaivokselle p\u00e4\u00e4see kaivoksen omalla lumikulkuneuvolla, Ametistipendolinolla, joka liikenn\u00f6i kaivokselle <a href=\"https:\/\/www.amethystmine.fi\/fi\/vieraile\/talvella\/\">aikataulun mukaisesti<\/a>. Lampivaaran l\u00e4himm\u00e4t parkkipaikat sijaitsevat Ukko-Luostolla ja Rykim\u00e4kerolla.<\/p>\n<h3><strong>Aukioloajat talvella 2025 &#8211; 2026<\/strong><\/h3>\n<p>1.12.2025 &#8211; 19.4.2026 kahvio on avoinna p\u00e4ivitt\u00e4in klo 10:30 &#8211; 15:00.<\/p>\n<p><strong>Talvilomaviikoilla 8 ja 9 (16.2.\u20131.3.2026) olemme avoinna klo 10.30\u201316.00.<\/strong><\/p>\n<p><em>Huomioithan, ett\u00e4 olemme suljettuna jouluaattona 24.12.2025.<\/em><\/p>\n<p>\u00a0<\/p>\n<h2>Kes\u00e4ll\u00e4 vaellat upeissa kansallispuiston maisemissa<\/h2>\n<p>Lampivaaran kahvio on suosittu retkeilij\u00f6iden ja vaeltajien virkistyspaikka Lampivaaran juurella. Ukko \u2013 Luoston pys\u00e4k\u00f6intialueelta matkaa Lampivaaraan tulee noin 2,5 km. K\u00e4velyreitti Luostolta p\u00e4in on helppokulkuinen, mutta nouseva.<\/p>\n<h3>Aukioloajat kes\u00e4ll\u00e4 2026<\/h3>\n<p>1.6. \u2013 14.6. maanantaista lauantaihin klo 10:30-17:00.<\/p>\n<p>15.6.-9.8. p\u00e4ivitt\u00e4in 10:30-17:00.<\/p>\n<p>10.8.-30.9. p\u00e4ivitt\u00e4in 10:30-16:00.<\/p>\n<p>1.-31.10. tiistaista lauantaihin 10:30-15:00.<\/p>\n<p>\u00a0<\/p>\n\n\n<p><\/p>\n","protected":false},"excerpt":{"rendered":"<p>Polut ja ladut tuovat Lampivaaraan \u2013 ymp\u00e4ri vuoden Jyhkeist\u00e4 keloista pystytetty kahvio on Luoston alueen ensimm\u00e4isi\u00e4 rakennuksia ja on vuosien varrella tullut monelle vaeltajalle ja hiiht\u00e4j\u00e4lle tutuksi energisoivana taukopaikkana. Se sijaitsee upealla paikalla keskell\u00e4 Pyh\u00e4-Luoston kansallispuistoa, noin viiden kilometrin p\u00e4\u00e4ss\u00e4 Luoston keskustasta. Kahvion iloinen henkil\u00f6kunta leipoo p\u00e4ivitt\u00e4in ja n\u00e4in ollen kulkijoille munkkien, vastaleivotun pullan ja [&hellip;]<\/p>\n","protected":false},"author":1,"featured_media":7162,"parent":0,"menu_order":0,"comment_status":"closed","ping_status":"closed","template":"","meta":{"_acf_changed":false,"_genesis_hide_title":false,"_genesis_hide_breadcrumbs":false,"_genesis_hide_singular_image":false,"_genesis_hide_footer_widgets":false,"_genesis_custom_body_class":"","_genesis_custom_post_class":"","_genesis_layout":"","footnotes":""},"class_list":{"0":"post-26","1":"page","2":"type-page","3":"status-publish","4":"has-post-thumbnail","6":"entry"},"acf":[],"yoast_head":"<!-- This site is optimized with the Yoast SEO plugin v27.3 - https:\/\/yoast.com\/product\/yoast-seo-wordpress\/ -->\n<title>Lampivaaran kahvio - Amethystmine.fi<\/title>\n<meta name=\"description\" content=\"Lampivaaran kahvio keskell\u00e4 Pyh\u00e4-Luoston kansallispuistoa, jossa paistetaan tuoreet munkit joka p\u00e4iv\u00e4!\" \/>\n<meta name=\"robots\" content=\"index, follow, max-snippet:-1, max-image-preview:large, max-video-preview:-1\" \/>\n<link rel=\"canonical\" href=\"https:\/\/www.amethystmine.fi\/fi\/lampivaaran-kahvio\/\" \/>\n<meta property=\"og:locale\" content=\"fi_FI\" \/>\n<meta property=\"og:type\" content=\"article\" \/>\n<meta property=\"og:title\" content=\"Lampivaaran kahvio - Amethystmine.fi\" \/>\n<meta property=\"og:description\" content=\"Lampivaaran kahvio keskell\u00e4 Pyh\u00e4-Luoston kansallispuistoa, jossa paistetaan tuoreet munkit joka p\u00e4iv\u00e4!\" \/>\n<meta property=\"og:url\" content=\"https:\/\/www.amethystmine.fi\/fi\/lampivaaran-kahvio\/\" \/>\n<meta property=\"og:site_name\" content=\"Amethystmine.fi\" \/>\n<meta property=\"article:publisher\" content=\"https:\/\/www.facebook.com\/Amethystmine\" \/>\n<meta property=\"article:modified_time\" content=\"2026-02-17T10:20:38+00:00\" \/>\n<meta property=\"og:image\" content=\"https:\/\/www.amethystmine.fi\/wp-content\/uploads\/2024\/01\/WhatsApp-Image-2024-01-06-at-17.17.22.jpeg\" \/>\n\t<meta property=\"og:image:width\" content=\"1600\" \/>\n\t<meta property=\"og:image:height\" content=\"535\" \/>\n\t<meta property=\"og:image:type\" content=\"image\/jpeg\" \/>\n<meta name=\"twitter:card\" content=\"summary_large_image\" \/>\n<meta name=\"twitter:label1\" content=\"Arvioitu lukuaika\" \/>\n\t<meta name=\"twitter:data1\" content=\"2 minuuttia\" \/>\n<script type=\"application\/ld+json\" class=\"yoast-schema-graph\">{\"@context\":\"https:\\\/\\\/schema.org\",\"@graph\":[{\"@type\":\"WebPage\",\"@id\":\"https:\\\/\\\/www.amethystmine.fi\\\/fi\\\/lampivaaran-kahvio\\\/\",\"url\":\"https:\\\/\\\/www.amethystmine.fi\\\/fi\\\/lampivaaran-kahvio\\\/\",\"name\":\"Lampivaaran kahvio - Amethystmine.fi\",\"isPartOf\":{\"@id\":\"https:\\\/\\\/www.amethystmine.fi\\\/fi\\\/#website\"},\"primaryImageOfPage\":{\"@id\":\"https:\\\/\\\/www.amethystmine.fi\\\/fi\\\/lampivaaran-kahvio\\\/#primaryimage\"},\"image\":{\"@id\":\"https:\\\/\\\/www.amethystmine.fi\\\/fi\\\/lampivaaran-kahvio\\\/#primaryimage\"},\"thumbnailUrl\":\"https:\\\/\\\/www.amethystmine.fi\\\/wp-content\\\/uploads\\\/2024\\\/01\\\/WhatsApp-Image-2024-01-06-at-17.17.22.jpeg\",\"datePublished\":\"2018-11-21T13:24:55+00:00\",\"dateModified\":\"2026-02-17T10:20:38+00:00\",\"description\":\"Lampivaaran kahvio keskell\u00e4 Pyh\u00e4-Luoston kansallispuistoa, jossa paistetaan tuoreet munkit joka p\u00e4iv\u00e4!\",\"breadcrumb\":{\"@id\":\"https:\\\/\\\/www.amethystmine.fi\\\/fi\\\/lampivaaran-kahvio\\\/#breadcrumb\"},\"inLanguage\":\"fi\",\"potentialAction\":[{\"@type\":\"ReadAction\",\"target\":[\"https:\\\/\\\/www.amethystmine.fi\\\/fi\\\/lampivaaran-kahvio\\\/\"]}]},{\"@type\":\"ImageObject\",\"inLanguage\":\"fi\",\"@id\":\"https:\\\/\\\/www.amethystmine.fi\\\/fi\\\/lampivaaran-kahvio\\\/#primaryimage\",\"url\":\"https:\\\/\\\/www.amethystmine.fi\\\/wp-content\\\/uploads\\\/2024\\\/01\\\/WhatsApp-Image-2024-01-06-at-17.17.22.jpeg\",\"contentUrl\":\"https:\\\/\\\/www.amethystmine.fi\\\/wp-content\\\/uploads\\\/2024\\\/01\\\/WhatsApp-Image-2024-01-06-at-17.17.22.jpeg\",\"width\":1600,\"height\":535,\"caption\":\"cafeoutside\"},{\"@type\":\"BreadcrumbList\",\"@id\":\"https:\\\/\\\/www.amethystmine.fi\\\/fi\\\/lampivaaran-kahvio\\\/#breadcrumb\",\"itemListElement\":[{\"@type\":\"ListItem\",\"position\":1,\"name\":\"Home\",\"item\":\"https:\\\/\\\/www.amethystmine.fi\\\/fi\\\/\"},{\"@type\":\"ListItem\",\"position\":2,\"name\":\"Lampivaaran kahvio\"}]},{\"@type\":\"WebSite\",\"@id\":\"https:\\\/\\\/www.amethystmine.fi\\\/fi\\\/#website\",\"url\":\"https:\\\/\\\/www.amethystmine.fi\\\/fi\\\/\",\"name\":\"Amethystmine.fi\",\"description\":\"Ihan uusi WordPress-sivusto\",\"publisher\":{\"@id\":\"https:\\\/\\\/www.amethystmine.fi\\\/fi\\\/#organization\"},\"potentialAction\":[{\"@type\":\"SearchAction\",\"target\":{\"@type\":\"EntryPoint\",\"urlTemplate\":\"https:\\\/\\\/www.amethystmine.fi\\\/fi\\\/?s={search_term_string}\"},\"query-input\":{\"@type\":\"PropertyValueSpecification\",\"valueRequired\":true,\"valueName\":\"search_term_string\"}}],\"inLanguage\":\"fi\"},{\"@type\":\"Organization\",\"@id\":\"https:\\\/\\\/www.amethystmine.fi\\\/fi\\\/#organization\",\"name\":\"Amethystmine.fi\",\"url\":\"https:\\\/\\\/www.amethystmine.fi\\\/fi\\\/\",\"logo\":{\"@type\":\"ImageObject\",\"inLanguage\":\"fi\",\"@id\":\"https:\\\/\\\/www.amethystmine.fi\\\/fi\\\/#\\\/schema\\\/logo\\\/image\\\/\",\"url\":\"https:\\\/\\\/www.amethystmine.fi\\\/wp-content\\\/uploads\\\/2018\\\/11\\\/logo.png\",\"contentUrl\":\"https:\\\/\\\/www.amethystmine.fi\\\/wp-content\\\/uploads\\\/2018\\\/11\\\/logo.png\",\"width\":186,\"height\":76,\"caption\":\"Amethystmine.fi\"},\"image\":{\"@id\":\"https:\\\/\\\/www.amethystmine.fi\\\/fi\\\/#\\\/schema\\\/logo\\\/image\\\/\"},\"sameAs\":[\"https:\\\/\\\/www.facebook.com\\\/Amethystmine\"]}]}<\/script>\n<!-- \/ Yoast SEO plugin. -->","yoast_head_json":{"title":"Lampivaaran kahvio - Amethystmine.fi","description":"Lampivaaran kahvio keskell\u00e4 Pyh\u00e4-Luoston kansallispuistoa, jossa paistetaan tuoreet munkit joka p\u00e4iv\u00e4!","robots":{"index":"index","follow":"follow","max-snippet":"max-snippet:-1","max-image-preview":"max-image-preview:large","max-video-preview":"max-video-preview:-1"},"canonical":"https:\/\/www.amethystmine.fi\/fi\/lampivaaran-kahvio\/","og_locale":"fi_FI","og_type":"article","og_title":"Lampivaaran kahvio - Amethystmine.fi","og_description":"Lampivaaran kahvio keskell\u00e4 Pyh\u00e4-Luoston kansallispuistoa, jossa paistetaan tuoreet munkit joka p\u00e4iv\u00e4!","og_url":"https:\/\/www.amethystmine.fi\/fi\/lampivaaran-kahvio\/","og_site_name":"Amethystmine.fi","article_publisher":"https:\/\/www.facebook.com\/Amethystmine","article_modified_time":"2026-02-17T10:20:38+00:00","og_image":[{"width":1600,"height":535,"url":"https:\/\/www.amethystmine.fi\/wp-content\/uploads\/2024\/01\/WhatsApp-Image-2024-01-06-at-17.17.22.jpeg","type":"image\/jpeg"}],"twitter_card":"summary_large_image","twitter_misc":{"Arvioitu lukuaika":"2 minuuttia"},"schema":{"@context":"https:\/\/schema.org","@graph":[{"@type":"WebPage","@id":"https:\/\/www.amethystmine.fi\/fi\/lampivaaran-kahvio\/","url":"https:\/\/www.amethystmine.fi\/fi\/lampivaaran-kahvio\/","name":"Lampivaaran kahvio - Amethystmine.fi","isPartOf":{"@id":"https:\/\/www.amethystmine.fi\/fi\/#website"},"primaryImageOfPage":{"@id":"https:\/\/www.amethystmine.fi\/fi\/lampivaaran-kahvio\/#primaryimage"},"image":{"@id":"https:\/\/www.amethystmine.fi\/fi\/lampivaaran-kahvio\/#primaryimage"},"thumbnailUrl":"https:\/\/www.amethystmine.fi\/wp-content\/uploads\/2024\/01\/WhatsApp-Image-2024-01-06-at-17.17.22.jpeg","datePublished":"2018-11-21T13:24:55+00:00","dateModified":"2026-02-17T10:20:38+00:00","description":"Lampivaaran kahvio keskell\u00e4 Pyh\u00e4-Luoston kansallispuistoa, jossa paistetaan tuoreet munkit joka p\u00e4iv\u00e4!","breadcrumb":{"@id":"https:\/\/www.amethystmine.fi\/fi\/lampivaaran-kahvio\/#breadcrumb"},"inLanguage":"fi","potentialAction":[{"@type":"ReadAction","target":["https:\/\/www.amethystmine.fi\/fi\/lampivaaran-kahvio\/"]}]},{"@type":"ImageObject","inLanguage":"fi","@id":"https:\/\/www.amethystmine.fi\/fi\/lampivaaran-kahvio\/#primaryimage","url":"https:\/\/www.amethystmine.fi\/wp-content\/uploads\/2024\/01\/WhatsApp-Image-2024-01-06-at-17.17.22.jpeg","contentUrl":"https:\/\/www.amethystmine.fi\/wp-content\/uploads\/2024\/01\/WhatsApp-Image-2024-01-06-at-17.17.22.jpeg","width":1600,"height":535,"caption":"cafeoutside"},{"@type":"BreadcrumbList","@id":"https:\/\/www.amethystmine.fi\/fi\/lampivaaran-kahvio\/#breadcrumb","itemListElement":[{"@type":"ListItem","position":1,"name":"Home","item":"https:\/\/www.amethystmine.fi\/fi\/"},{"@type":"ListItem","position":2,"name":"Lampivaaran kahvio"}]},{"@type":"WebSite","@id":"https:\/\/www.amethystmine.fi\/fi\/#website","url":"https:\/\/www.amethystmine.fi\/fi\/","name":"Amethystmine.fi","description":"Ihan uusi WordPress-sivusto","publisher":{"@id":"https:\/\/www.amethystmine.fi\/fi\/#organization"},"potentialAction":[{"@type":"SearchAction","target":{"@type":"EntryPoint","urlTemplate":"https:\/\/www.amethystmine.fi\/fi\/?s={search_term_string}"},"query-input":{"@type":"PropertyValueSpecification","valueRequired":true,"valueName":"search_term_string"}}],"inLanguage":"fi"},{"@type":"Organization","@id":"https:\/\/www.amethystmine.fi\/fi\/#organization","name":"Amethystmine.fi","url":"https:\/\/www.amethystmine.fi\/fi\/","logo":{"@type":"ImageObject","inLanguage":"fi","@id":"https:\/\/www.amethystmine.fi\/fi\/#\/schema\/logo\/image\/","url":"https:\/\/www.amethystmine.fi\/wp-content\/uploads\/2018\/11\/logo.png","contentUrl":"https:\/\/www.amethystmine.fi\/wp-content\/uploads\/2018\/11\/logo.png","width":186,"height":76,"caption":"Amethystmine.fi"},"image":{"@id":"https:\/\/www.amethystmine.fi\/fi\/#\/schema\/logo\/image\/"},"sameAs":["https:\/\/www.facebook.com\/Amethystmine"]}]}},"_links":{"self":[{"href":"https:\/\/www.amethystmine.fi\/fi\/wp-json\/wp\/v2\/pages\/26","targetHints":{"allow":["GET"]}}],"collection":[{"href":"https:\/\/www.amethystmine.fi\/fi\/wp-json\/wp\/v2\/pages"}],"about":[{"href":"https:\/\/www.amethystmine.fi\/fi\/wp-json\/wp\/v2\/types\/page"}],"author":[{"embeddable":true,"href":"https:\/\/www.amethystmine.fi\/fi\/wp-json\/wp\/v2\/users\/1"}],"replies":[{"embeddable":true,"href":"https:\/\/www.amethystmine.fi\/fi\/wp-json\/wp\/v2\/comments?post=26"}],"version-history":[{"count":53,"href":"https:\/\/www.amethystmine.fi\/fi\/wp-json\/wp\/v2\/pages\/26\/revisions"}],"predecessor-version":[{"id":8697,"href":"https:\/\/www.amethystmine.fi\/fi\/wp-json\/wp\/v2\/pages\/26\/revisions\/8697"}],"wp:featuredmedia":[{"embeddable":true,"href":"https:\/\/www.amethystmine.fi\/fi\/wp-json\/wp\/v2\/media\/7162"}],"wp:attachment":[{"href":"https:\/\/www.amethystmine.fi\/fi\/wp-json\/wp\/v2\/media?parent=26"}],"curies":[{"name":"wp","href":"https:\/\/api.w.org\/{rel}","templated":true}]}}