{"id":32,"date":"2018-11-21T15:25:29","date_gmt":"2018-11-21T13:25:29","guid":{"rendered":"https:\/\/www.amethystmine.fi\/?page_id=32"},"modified":"2024-09-26T10:33:44","modified_gmt":"2024-09-26T07:33:44","slug":"yhteystiedot","status":"publish","type":"page","link":"https:\/\/www.amethystmine.fi\/fi\/yhteystiedot\/","title":{"rendered":"Yhteystiedot ja asiakaspalaute"},"content":{"rendered":"<h2>OTA YHTEYTT\u00c4!<\/h2>\n<p>Mik\u00e4li haluat lis\u00e4tietoja, autamme mielell\u00e4mme. Otathan yhteytt\u00e4 oheisella lomakkeella tai s\u00e4hk\u00f6postilla:<\/p>\n<p><a href=\"mailto:kaivos@ametistikaivos.fi\">kaivos [at] ametistikaivos.fi<\/a><\/p>\n<p>tai soita meille: Ametistikauppa p. <a href=\"tel:+35816624334\">016 624 334<\/a><\/p>\n<p><strong><em>Psst! Huomasithan meid\u00e4n <a href=\"https:\/\/www.amethystmine.fi\/fi\/vieraile\/usein-kysytyt-kysymykset\/\">UKK &#8211; Usein kysytyt kysymykset<\/a> -osion? Katsothan sielt\u00e4, olisiko mielt\u00e4si askarruttavaan asiaan jo vastaus, kiitos.\u00a0<\/em><\/strong><\/p>\n<h2>Asiakaspalaute<\/h2>\n<p><strong>Vierailitko meill\u00e4? T\u00e4yt\u00e4 <a href=\"https:\/\/forms.gle\/1yShi1tfG3VfvNET6\">asiakaspalautekysely<\/a> ja voita 100\u20ac arvoinen lahjakortti<\/strong><\/p>\n<p>T\u00e4yt\u00e4 kysely ja auta meit\u00e4 kehitt\u00e4m\u00e4\u00e4n palveluitamme! Kaikkien yhteystietojensa j\u00e4tt\u00e4neiden kesken arvotaan kahdesti vuodessa 100\u20ac arvoinen lahjakortti Ametistikaivoksen verkkokauppaan. Kiitos palautteestasi!<\/p>\n<p><strong>Ole mukana kehitt\u00e4m\u00e4ss\u00e4 Pyh\u00e4-Luostoa<\/strong><\/p>\n<p>Auttaisitko meit\u00e4 kehitt\u00e4m\u00e4\u00e4n Pyh\u00e4-Luoston kes\u00e4n ja syksyn palveluita vastaamalla <a href=\"https:\/\/survey.salmiplatform.fi\/pyha-luosto\/2023-2024\">kyselyyn<\/a> ?<\/p>\n<p>Vastaaminen vie vain muutaman minuutin ja kaikki tapahtuu anonyymin\u00e4. Lopussa voit my\u00f6s osallistua majoituslahjakortin arvontaan.<\/p>\n<p>Kiitos, vastauksesi on meille t\u00e4rke\u00e4.<\/p>\n<h4><a href=\"https:\/\/www.amethystmine.fi\/wp-content\/uploads\/2023\/07\/Laskutusosoite-Maventa-Kaivosyhtio-Arctic-Ametisti-Oy.pdf\">Laskutusosoite Kaivosyhti\u00f6 Arctic Ametisti Oy<\/a><\/h4>\n<p><strong>Kaivosyhti\u00f6 Arctic Ametisti Oy<\/strong><br \/>\n<a href=\"tel:0400902677\">0400 902 677<\/a> tai <a href=\"tel:0505629925\">050 562 9925<\/a><\/p>\n\n<div class=\"wpcf7 no-js\" id=\"wpcf7-f1942-o1\" lang=\"fi\" dir=\"ltr\" data-wpcf7-id=\"1942\">\n<div class=\"screen-reader-response\"><p role=\"status\" aria-live=\"polite\" aria-atomic=\"true\"><\/p> <ul><\/ul><\/div>\n<form action=\"\/fi\/wp-json\/wp\/v2\/pages\/32#wpcf7-f1942-o1\" method=\"post\" class=\"wpcf7-form init\" aria-label=\"Yhteydenottolomake\" novalidate=\"novalidate\" data-status=\"init\">\n<fieldset class=\"hidden-fields-container\"><input type=\"hidden\" name=\"_wpcf7\" value=\"1942\" \/><input type=\"hidden\" name=\"_wpcf7_version\" value=\"6.1.5\" \/><input type=\"hidden\" name=\"_wpcf7_locale\" value=\"fi\" \/><input type=\"hidden\" name=\"_wpcf7_unit_tag\" value=\"wpcf7-f1942-o1\" \/><input type=\"hidden\" name=\"_wpcf7_container_post\" value=\"0\" \/><input type=\"hidden\" name=\"_wpcf7_posted_data_hash\" value=\"\" \/><input type=\"hidden\" name=\"_wpcf7_recaptcha_response\" value=\"\" \/>\n<\/fieldset>\n<p><label> Nimi (pakollinen)<br \/>\n<span class=\"wpcf7-form-control-wrap\" data-name=\"your-name\"><input size=\"40\" maxlength=\"400\" class=\"wpcf7-form-control wpcf7-text wpcf7-validates-as-required\" aria-required=\"true\" aria-invalid=\"false\" value=\"\" type=\"text\" name=\"your-name\" \/><\/span> <\/label>\n<\/p>\n<p><label> S\u00e4hk\u00f6posti (pakollinen)<br \/>\n<span class=\"wpcf7-form-control-wrap\" data-name=\"your-email\"><input size=\"40\" maxlength=\"400\" class=\"wpcf7-form-control wpcf7-email wpcf7-validates-as-required wpcf7-text wpcf7-validates-as-email\" aria-required=\"true\" aria-invalid=\"false\" value=\"\" type=\"email\" name=\"your-email\" \/><\/span> <\/label>\n<\/p>\n<p><label> Aihe<br \/>\n<span class=\"wpcf7-form-control-wrap\" data-name=\"your-subject\"><input size=\"40\" maxlength=\"400\" class=\"wpcf7-form-control wpcf7-text\" aria-invalid=\"false\" value=\"\" type=\"text\" name=\"your-subject\" \/><\/span> <\/label>\n<\/p>\n<p><label> Viesti<br \/>\n<span class=\"wpcf7-form-control-wrap\" data-name=\"your-message\"><textarea cols=\"40\" rows=\"10\" maxlength=\"2000\" class=\"wpcf7-form-control wpcf7-textarea\" aria-invalid=\"false\" name=\"your-message\"><\/textarea><\/span> <\/label>\n<\/p>\n<p><label> En ole robotti: <input type=\"hidden\" name=\"_wpcf7_captcha_challenge_captcha-170\" value=\"3819982757\" \/><img loading=\"lazy\" decoding=\"async\" class=\"wpcf7-form-control wpcf7-captchac wpcf7-captcha-captcha-170 lazyload\" width=\"72\" height=\"24\" alt=\"captcha\" src=\"data:image\/gif;base64,R0lGODlhAQABAAAAACH5BAEKAAEALAAAAAABAAEAAAICTAEAOw==\" data-src=\"https:\/\/www.amethystmine.fi\/wp-content\/uploads\/wpcf7_captcha\/3819982757.png\"><br \/>\n<span class=\"wpcf7-form-control-wrap\" data-name=\"captcha-170\"><input size=\"4\" maxlength=\"4\" class=\"wpcf7-form-control wpcf7-captchar\" autocomplete=\"off\" aria-invalid=\"false\" placeholder=\"Sy\u00f6t\u00e4 n\u00e4kem\u00e4si merkit\" value=\"\" type=\"text\" name=\"captcha-170\" \/><\/span><\/label>\n<\/p>\n<p><input class=\"wpcf7-form-control wpcf7-submit has-spinner\" type=\"submit\" value=\"L\u00e4het\u00e4\" \/>\n<\/p><div class=\"wpcf7-response-output\" aria-hidden=\"true\"><\/div>\n<\/form>\n<\/div>\n\n","protected":false},"excerpt":{"rendered":"<p>OTA YHTEYTT\u00c4! Mik\u00e4li haluat lis\u00e4tietoja, autamme mielell\u00e4mme. Otathan yhteytt\u00e4 oheisella lomakkeella tai s\u00e4hk\u00f6postilla: kaivos [at] ametistikaivos.fi tai soita meille: Ametistikauppa p. 016 624 334 Psst! Huomasithan meid\u00e4n UKK &#8211; Usein kysytyt kysymykset -osion? Katsothan sielt\u00e4, olisiko mielt\u00e4si askarruttavaan asiaan jo vastaus, kiitos.\u00a0 Asiakaspalaute Vierailitko meill\u00e4? T\u00e4yt\u00e4 asiakaspalautekysely ja voita 100\u20ac arvoinen lahjakortti T\u00e4yt\u00e4 kysely ja [&hellip;]<\/p>\n","protected":false},"author":1,"featured_media":70,"parent":0,"menu_order":0,"comment_status":"closed","ping_status":"closed","template":"","meta":{"_acf_changed":false,"_genesis_hide_title":false,"_genesis_hide_breadcrumbs":false,"_genesis_hide_singular_image":false,"_genesis_hide_footer_widgets":false,"_genesis_custom_body_class":"","_genesis_custom_post_class":"","_genesis_layout":"","footnotes":""},"class_list":{"0":"post-32","1":"page","2":"type-page","3":"status-publish","4":"has-post-thumbnail","6":"entry"},"acf":[],"yoast_head":"<!-- This site is optimized with the Yoast SEO plugin v27.4 - https:\/\/yoast.com\/product\/yoast-seo-wordpress\/ -->\n<title>Yhteystiedot ja asiakaspalaute - Amethystmine.fi<\/title>\n<meta name=\"description\" content=\"Ota yhteytt\u00e4 joko s\u00e4hk\u00f6postitse kaivos [at] ametistikaivos.fi tai puhelimitse 016 624 334.\" \/>\n<meta name=\"robots\" content=\"index, follow, max-snippet:-1, max-image-preview:large, max-video-preview:-1\" \/>\n<link rel=\"canonical\" href=\"https:\/\/www.amethystmine.fi\/fi\/yhteystiedot\/\" \/>\n<meta property=\"og:locale\" content=\"fi_FI\" \/>\n<meta property=\"og:type\" content=\"article\" \/>\n<meta property=\"og:title\" content=\"Yhteystiedot ja asiakaspalaute - Amethystmine.fi\" \/>\n<meta property=\"og:description\" content=\"Ota yhteytt\u00e4 joko s\u00e4hk\u00f6postitse kaivos [at] ametistikaivos.fi tai puhelimitse 016 624 334.\" \/>\n<meta property=\"og:url\" content=\"https:\/\/www.amethystmine.fi\/fi\/yhteystiedot\/\" \/>\n<meta property=\"og:site_name\" content=\"Amethystmine.fi\" \/>\n<meta property=\"article:publisher\" content=\"https:\/\/www.facebook.com\/Amethystmine\" \/>\n<meta property=\"article:modified_time\" content=\"2024-09-26T07:33:44+00:00\" \/>\n<meta property=\"og:image\" content=\"https:\/\/www.amethystmine.fi\/wp-content\/uploads\/2018\/11\/Vieraile.jpg\" \/>\n\t<meta property=\"og:image:width\" content=\"1903\" \/>\n\t<meta property=\"og:image:height\" content=\"489\" \/>\n\t<meta property=\"og:image:type\" content=\"image\/jpeg\" \/>\n<meta name=\"twitter:card\" content=\"summary_large_image\" \/>\n<meta name=\"twitter:label1\" content=\"Arvioitu lukuaika\" \/>\n\t<meta name=\"twitter:data1\" content=\"1 minuutti\" \/>\n<script type=\"application\/ld+json\" class=\"yoast-schema-graph\">{\"@context\":\"https:\\\/\\\/schema.org\",\"@graph\":[{\"@type\":\"WebPage\",\"@id\":\"https:\\\/\\\/www.amethystmine.fi\\\/fi\\\/yhteystiedot\\\/\",\"url\":\"https:\\\/\\\/www.amethystmine.fi\\\/fi\\\/yhteystiedot\\\/\",\"name\":\"Yhteystiedot ja asiakaspalaute - Amethystmine.fi\",\"isPartOf\":{\"@id\":\"https:\\\/\\\/www.amethystmine.fi\\\/fi\\\/#website\"},\"primaryImageOfPage\":{\"@id\":\"https:\\\/\\\/www.amethystmine.fi\\\/fi\\\/yhteystiedot\\\/#primaryimage\"},\"image\":{\"@id\":\"https:\\\/\\\/www.amethystmine.fi\\\/fi\\\/yhteystiedot\\\/#primaryimage\"},\"thumbnailUrl\":\"https:\\\/\\\/www.amethystmine.fi\\\/wp-content\\\/uploads\\\/2018\\\/11\\\/Vieraile.jpg\",\"datePublished\":\"2018-11-21T13:25:29+00:00\",\"dateModified\":\"2024-09-26T07:33:44+00:00\",\"description\":\"Ota yhteytt\u00e4 joko s\u00e4hk\u00f6postitse kaivos [at] ametistikaivos.fi tai puhelimitse 016 624 334.\",\"breadcrumb\":{\"@id\":\"https:\\\/\\\/www.amethystmine.fi\\\/fi\\\/yhteystiedot\\\/#breadcrumb\"},\"inLanguage\":\"fi\",\"potentialAction\":[{\"@type\":\"ReadAction\",\"target\":[\"https:\\\/\\\/www.amethystmine.fi\\\/fi\\\/yhteystiedot\\\/\"]}]},{\"@type\":\"ImageObject\",\"inLanguage\":\"fi\",\"@id\":\"https:\\\/\\\/www.amethystmine.fi\\\/fi\\\/yhteystiedot\\\/#primaryimage\",\"url\":\"https:\\\/\\\/www.amethystmine.fi\\\/wp-content\\\/uploads\\\/2018\\\/11\\\/Vieraile.jpg\",\"contentUrl\":\"https:\\\/\\\/www.amethystmine.fi\\\/wp-content\\\/uploads\\\/2018\\\/11\\\/Vieraile.jpg\",\"width\":1903,\"height\":489},{\"@type\":\"BreadcrumbList\",\"@id\":\"https:\\\/\\\/www.amethystmine.fi\\\/fi\\\/yhteystiedot\\\/#breadcrumb\",\"itemListElement\":[{\"@type\":\"ListItem\",\"position\":1,\"name\":\"Home\",\"item\":\"https:\\\/\\\/www.amethystmine.fi\\\/fi\\\/\"},{\"@type\":\"ListItem\",\"position\":2,\"name\":\"Yhteystiedot ja asiakaspalaute\"}]},{\"@type\":\"WebSite\",\"@id\":\"https:\\\/\\\/www.amethystmine.fi\\\/fi\\\/#website\",\"url\":\"https:\\\/\\\/www.amethystmine.fi\\\/fi\\\/\",\"name\":\"Amethystmine.fi\",\"description\":\"Ihan uusi WordPress-sivusto\",\"publisher\":{\"@id\":\"https:\\\/\\\/www.amethystmine.fi\\\/fi\\\/#organization\"},\"potentialAction\":[{\"@type\":\"SearchAction\",\"target\":{\"@type\":\"EntryPoint\",\"urlTemplate\":\"https:\\\/\\\/www.amethystmine.fi\\\/fi\\\/?s={search_term_string}\"},\"query-input\":{\"@type\":\"PropertyValueSpecification\",\"valueRequired\":true,\"valueName\":\"search_term_string\"}}],\"inLanguage\":\"fi\"},{\"@type\":\"Organization\",\"@id\":\"https:\\\/\\\/www.amethystmine.fi\\\/fi\\\/#organization\",\"name\":\"Amethystmine.fi\",\"url\":\"https:\\\/\\\/www.amethystmine.fi\\\/fi\\\/\",\"logo\":{\"@type\":\"ImageObject\",\"inLanguage\":\"fi\",\"@id\":\"https:\\\/\\\/www.amethystmine.fi\\\/fi\\\/#\\\/schema\\\/logo\\\/image\\\/\",\"url\":\"https:\\\/\\\/www.amethystmine.fi\\\/wp-content\\\/uploads\\\/2018\\\/11\\\/logo.png\",\"contentUrl\":\"https:\\\/\\\/www.amethystmine.fi\\\/wp-content\\\/uploads\\\/2018\\\/11\\\/logo.png\",\"width\":186,\"height\":76,\"caption\":\"Amethystmine.fi\"},\"image\":{\"@id\":\"https:\\\/\\\/www.amethystmine.fi\\\/fi\\\/#\\\/schema\\\/logo\\\/image\\\/\"},\"sameAs\":[\"https:\\\/\\\/www.facebook.com\\\/Amethystmine\"]}]}<\/script>\n<!-- \/ Yoast SEO plugin. -->","yoast_head_json":{"title":"Yhteystiedot ja asiakaspalaute - Amethystmine.fi","description":"Ota yhteytt\u00e4 joko s\u00e4hk\u00f6postitse kaivos [at] ametistikaivos.fi tai puhelimitse 016 624 334.","robots":{"index":"index","follow":"follow","max-snippet":"max-snippet:-1","max-image-preview":"max-image-preview:large","max-video-preview":"max-video-preview:-1"},"canonical":"https:\/\/www.amethystmine.fi\/fi\/yhteystiedot\/","og_locale":"fi_FI","og_type":"article","og_title":"Yhteystiedot ja asiakaspalaute - Amethystmine.fi","og_description":"Ota yhteytt\u00e4 joko s\u00e4hk\u00f6postitse kaivos [at] ametistikaivos.fi tai puhelimitse 016 624 334.","og_url":"https:\/\/www.amethystmine.fi\/fi\/yhteystiedot\/","og_site_name":"Amethystmine.fi","article_publisher":"https:\/\/www.facebook.com\/Amethystmine","article_modified_time":"2024-09-26T07:33:44+00:00","og_image":[{"width":1903,"height":489,"url":"https:\/\/www.amethystmine.fi\/wp-content\/uploads\/2018\/11\/Vieraile.jpg","type":"image\/jpeg"}],"twitter_card":"summary_large_image","twitter_misc":{"Arvioitu lukuaika":"1 minuutti"},"schema":{"@context":"https:\/\/schema.org","@graph":[{"@type":"WebPage","@id":"https:\/\/www.amethystmine.fi\/fi\/yhteystiedot\/","url":"https:\/\/www.amethystmine.fi\/fi\/yhteystiedot\/","name":"Yhteystiedot ja asiakaspalaute - Amethystmine.fi","isPartOf":{"@id":"https:\/\/www.amethystmine.fi\/fi\/#website"},"primaryImageOfPage":{"@id":"https:\/\/www.amethystmine.fi\/fi\/yhteystiedot\/#primaryimage"},"image":{"@id":"https:\/\/www.amethystmine.fi\/fi\/yhteystiedot\/#primaryimage"},"thumbnailUrl":"https:\/\/www.amethystmine.fi\/wp-content\/uploads\/2018\/11\/Vieraile.jpg","datePublished":"2018-11-21T13:25:29+00:00","dateModified":"2024-09-26T07:33:44+00:00","description":"Ota yhteytt\u00e4 joko s\u00e4hk\u00f6postitse kaivos [at] ametistikaivos.fi tai puhelimitse 016 624 334.","breadcrumb":{"@id":"https:\/\/www.amethystmine.fi\/fi\/yhteystiedot\/#breadcrumb"},"inLanguage":"fi","potentialAction":[{"@type":"ReadAction","target":["https:\/\/www.amethystmine.fi\/fi\/yhteystiedot\/"]}]},{"@type":"ImageObject","inLanguage":"fi","@id":"https:\/\/www.amethystmine.fi\/fi\/yhteystiedot\/#primaryimage","url":"https:\/\/www.amethystmine.fi\/wp-content\/uploads\/2018\/11\/Vieraile.jpg","contentUrl":"https:\/\/www.amethystmine.fi\/wp-content\/uploads\/2018\/11\/Vieraile.jpg","width":1903,"height":489},{"@type":"BreadcrumbList","@id":"https:\/\/www.amethystmine.fi\/fi\/yhteystiedot\/#breadcrumb","itemListElement":[{"@type":"ListItem","position":1,"name":"Home","item":"https:\/\/www.amethystmine.fi\/fi\/"},{"@type":"ListItem","position":2,"name":"Yhteystiedot ja asiakaspalaute"}]},{"@type":"WebSite","@id":"https:\/\/www.amethystmine.fi\/fi\/#website","url":"https:\/\/www.amethystmine.fi\/fi\/","name":"Amethystmine.fi","description":"Ihan uusi WordPress-sivusto","publisher":{"@id":"https:\/\/www.amethystmine.fi\/fi\/#organization"},"potentialAction":[{"@type":"SearchAction","target":{"@type":"EntryPoint","urlTemplate":"https:\/\/www.amethystmine.fi\/fi\/?s={search_term_string}"},"query-input":{"@type":"PropertyValueSpecification","valueRequired":true,"valueName":"search_term_string"}}],"inLanguage":"fi"},{"@type":"Organization","@id":"https:\/\/www.amethystmine.fi\/fi\/#organization","name":"Amethystmine.fi","url":"https:\/\/www.amethystmine.fi\/fi\/","logo":{"@type":"ImageObject","inLanguage":"fi","@id":"https:\/\/www.amethystmine.fi\/fi\/#\/schema\/logo\/image\/","url":"https:\/\/www.amethystmine.fi\/wp-content\/uploads\/2018\/11\/logo.png","contentUrl":"https:\/\/www.amethystmine.fi\/wp-content\/uploads\/2018\/11\/logo.png","width":186,"height":76,"caption":"Amethystmine.fi"},"image":{"@id":"https:\/\/www.amethystmine.fi\/fi\/#\/schema\/logo\/image\/"},"sameAs":["https:\/\/www.facebook.com\/Amethystmine"]}]}},"_links":{"self":[{"href":"https:\/\/www.amethystmine.fi\/fi\/wp-json\/wp\/v2\/pages\/32","targetHints":{"allow":["GET"]}}],"collection":[{"href":"https:\/\/www.amethystmine.fi\/fi\/wp-json\/wp\/v2\/pages"}],"about":[{"href":"https:\/\/www.amethystmine.fi\/fi\/wp-json\/wp\/v2\/types\/page"}],"author":[{"embeddable":true,"href":"https:\/\/www.amethystmine.fi\/fi\/wp-json\/wp\/v2\/users\/1"}],"replies":[{"embeddable":true,"href":"https:\/\/www.amethystmine.fi\/fi\/wp-json\/wp\/v2\/comments?post=32"}],"version-history":[{"count":11,"href":"https:\/\/www.amethystmine.fi\/fi\/wp-json\/wp\/v2\/pages\/32\/revisions"}],"predecessor-version":[{"id":7680,"href":"https:\/\/www.amethystmine.fi\/fi\/wp-json\/wp\/v2\/pages\/32\/revisions\/7680"}],"wp:featuredmedia":[{"embeddable":true,"href":"https:\/\/www.amethystmine.fi\/fi\/wp-json\/wp\/v2\/media\/70"}],"wp:attachment":[{"href":"https:\/\/www.amethystmine.fi\/fi\/wp-json\/wp\/v2\/media?parent=32"}],"curies":[{"name":"wp","href":"https:\/\/api.w.org\/{rel}","templated":true}]}}