{"id":66,"date":"2018-11-22T14:17:43","date_gmt":"2018-11-22T12:17:43","guid":{"rendered":"https:\/\/www.amethystmine.fi\/?page_id=66"},"modified":"2026-02-04T13:04:54","modified_gmt":"2026-02-04T11:04:54","slug":"kesalla","status":"publish","type":"page","link":"https:\/\/www.amethystmine.fi\/fi\/vieraile\/kesalla\/","title":{"rendered":"Kes\u00e4ll\u00e4"},"content":{"rendered":"<h2>AMETISTIKAIVOSVIERAILUT KES\u00c4LL\u00c4<\/h2>\n<p><img loading=\"lazy\" decoding=\"async\" class=\"wp-image-7430 size-medium alignright lazyload\" src=\"data:image\/gif;base64,R0lGODlhAQABAAAAACH5BAEKAAEALAAAAAABAAEAAAICTAEAOw==\" alt=\"\" width=\"300\" height=\"200\" sizes=\"auto, (max-width: 300px) 100vw, 300px\" data-src=\"https:\/\/www.amethystmine.fi\/wp-content\/uploads\/2024\/04\/VisitPyhaLuosto_Amethystmine5-300x200.jpg\" data-srcset=\"https:\/\/www.amethystmine.fi\/wp-content\/uploads\/2024\/04\/VisitPyhaLuosto_Amethystmine5-300x200.jpg 300w, https:\/\/www.amethystmine.fi\/wp-content\/uploads\/2024\/04\/VisitPyhaLuosto_Amethystmine5-1024x683.jpg 1024w, https:\/\/www.amethystmine.fi\/wp-content\/uploads\/2024\/04\/VisitPyhaLuosto_Amethystmine5-768x512.jpg 768w, https:\/\/www.amethystmine.fi\/wp-content\/uploads\/2024\/04\/VisitPyhaLuosto_Amethystmine5-1536x1024.jpg 1536w, https:\/\/www.amethystmine.fi\/wp-content\/uploads\/2024\/04\/VisitPyhaLuosto_Amethystmine5-2048x1365.jpg 2048w, https:\/\/www.amethystmine.fi\/wp-content\/uploads\/2024\/04\/VisitPyhaLuosto_Amethystmine5-600x400.jpg 600w\"><\/p>\n<p>L\u00e4hin P-alue Ukko-Luoston parkkialue.<br \/>Lampivaarantie 3, 99555 Luosto<br \/>ja seuraa kyltityst\u00e4.<\/p>\n<p><strong>P-alueelta k\u00e4vely\u00e4 2,5 km Lampivaaran kahviolle.<\/strong> Pyyd\u00e4mme liikuntarajoitteisia huomioimaan, ett\u00e4 kaivosalueella kulku ei ole esteet\u00f6nt\u00e4.<\/p>\n<p>Ametistikaivos on avoinna kes\u00e4ll\u00e4 2026:<\/p>\n<ul>\n<li><span style=\"color: initial;\">1.- 14.6. maanantaista lauantaihin klo 11:00-17:00.<\/span><\/li>\n<li><span style=\"color: initial;\">15.6. &#8211; 9.8. p\u00e4ivitt\u00e4in 11:00-17:00<\/span><\/li>\n<li><span style=\"color: initial;\">10.8.-30.9. p\u00e4ivitt\u00e4in 11:00-16:00<\/span><\/li>\n<li><span style=\"color: initial;\">1.-31.10. tiistaista lauantaihin 11:00-15:00.\u00a0<\/span><\/li>\n<\/ul>\n<p>Opastetuilla kaivoskierroksilla p\u00e4\u00e4see kuulemaan Lampivaaran geologiasta ja historiasta sek\u00e4 ametistin muodostumisesta ja uskomuksista jotka liittyv\u00e4t t\u00e4h\u00e4n violettiin jalokiveen.\u00a0 Kierroksiin kuuluu my\u00f6s oman ametistin kaivaminen kaivuualueelta sek\u00e4 vierailu pieness\u00e4 kivipuodissa, josta voi ostaa ametisteja raakakiven\u00e4 sek\u00e4 hiottuna ja kauniita ametistikoruja. Opastettu kaivoskierros kest\u00e4\u00e4 noin tunnin verran.<\/p>\n<h2>Liput<\/h2>\n<p>Kaivosvierailut alkavat kahviolta tasatunnein ja niille lunastetaan p\u00e4\u00e4syliput kahvilasta ennen vierailua. Lippuja ei tarvitse varata etuk\u00e4teen.<\/p>\n<p><strong>Kes\u00e4 2026<\/strong><\/p>\n<p>Aikuinen 27 \u20ac<br \/>Lapsi (3-15 v.) 13 \u20ac<\/p>\n<p>Perhelippu (2 aikuista + 2 lasta) 67 \u20ac<\/p>\n<p>Kahden maksavan aikuisen kanssa joka toinen lapsi alle 15 v. p\u00e4\u00e4see veloituksetta.<\/p>\n<p><img loading=\"lazy\" decoding=\"async\" class=\"aligncenter wp-image-7432 size-full lazyload\" src=\"data:image\/gif;base64,R0lGODlhAQABAAAAACH5BAEKAAEALAAAAAABAAEAAAICTAEAOw==\" alt=\"\" width=\"2560\" height=\"1707\" sizes=\"auto, (max-width: 2560px) 100vw, 2560px\" data-src=\"https:\/\/www.amethystmine.fi\/wp-content\/uploads\/2024\/04\/VisitPyhaLuosto_Amethystmine6-scaled.jpg\" data-srcset=\"https:\/\/www.amethystmine.fi\/wp-content\/uploads\/2024\/04\/VisitPyhaLuosto_Amethystmine6-scaled.jpg 2560w, https:\/\/www.amethystmine.fi\/wp-content\/uploads\/2024\/04\/VisitPyhaLuosto_Amethystmine6-300x200.jpg 300w, https:\/\/www.amethystmine.fi\/wp-content\/uploads\/2024\/04\/VisitPyhaLuosto_Amethystmine6-1024x683.jpg 1024w, https:\/\/www.amethystmine.fi\/wp-content\/uploads\/2024\/04\/VisitPyhaLuosto_Amethystmine6-768x512.jpg 768w, https:\/\/www.amethystmine.fi\/wp-content\/uploads\/2024\/04\/VisitPyhaLuosto_Amethystmine6-1536x1024.jpg 1536w, https:\/\/www.amethystmine.fi\/wp-content\/uploads\/2024\/04\/VisitPyhaLuosto_Amethystmine6-2048x1365.jpg 2048w, https:\/\/www.amethystmine.fi\/wp-content\/uploads\/2024\/04\/VisitPyhaLuosto_Amethystmine6-600x400.jpg 600w\"><\/p>\n<h2>Ryhm\u00e4t<\/h2>\n<p>Ryhm\u00e4t voivat ottaa yhteytt\u00e4 joko s\u00e4hk\u00f6postitse kaivos@ametistikaivos.fi tai soittamalla myynnin numeroihin 0400 902 677 ja 050 562 9925.<\/p>\n<h2>Reitit Lampivaaraan<\/h2>\n<p>Sulan maan aikana touko \u2013 lokakuussa Ametistikaivokselle vaelletaan kaunista vaelluspolkua pitkin Pyh\u00e4-Luoston kansallispuiston maisemissa. Lyhyin reitti l\u00e4htee <strong>Ukko-Luoston pys\u00e4k\u00f6intialueelta<\/strong>, josta k\u00e4velymatkaa tulee n. 2,5 km. Reitti kulkee latupohjaa pitkin, joten se on helppokulkuinen, joskin nouseva. Matkaan kannattaa varata aikaa n. 45 minuuttia, jolloin ehtii nauttia raikkasta ulkoilmasta ja puhtaasta luonnosta. Reitill\u00e4 on Lampivaaran tietopolun kysymyksi\u00e4, joita pohtimalla perheen pienimpienkin matka taittuu mukavasti. Toinen vaihtoehto on l\u00e4hte\u00e4 matkaan <strong>Rykim\u00e4keron parkkipaikalta<\/strong>, noin 5 km Luoston keskustasta Pyh\u00e4n suuntaan, josta alkaa noin 3 km pituinen k\u00e4velyreitti kohti Lampivaaraa. Huomioithan, ett\u00e4 reitill\u00e4 on pitkospuita.\u00a0<\/p>\n<p><img loading=\"lazy\" decoding=\"async\" class=\"aligncenter wp-image-3921 size-full lazyload\" src=\"data:image\/gif;base64,R0lGODlhAQABAAAAACH5BAEKAAEALAAAAAABAAEAAAICTAEAOw==\" alt=\"\" width=\"1467\" height=\"581\" sizes=\"auto, (max-width: 1467px) 100vw, 1467px\" data-src=\"https:\/\/www.amethystmine.fi\/wp-content\/uploads\/2020\/06\/6S5A9631-2.jpg\" data-srcset=\"https:\/\/www.amethystmine.fi\/wp-content\/uploads\/2020\/06\/6S5A9631-2.jpg 1467w, https:\/\/www.amethystmine.fi\/wp-content\/uploads\/2020\/06\/6S5A9631-2-300x119.jpg 300w, https:\/\/www.amethystmine.fi\/wp-content\/uploads\/2020\/06\/6S5A9631-2-1024x406.jpg 1024w, https:\/\/www.amethystmine.fi\/wp-content\/uploads\/2020\/06\/6S5A9631-2-768x304.jpg 768w, https:\/\/www.amethystmine.fi\/wp-content\/uploads\/2020\/06\/6S5A9631-2-600x238.jpg 600w\"><\/p>\n<p>Ametistikaivos sijaitsee tunturin p\u00e4\u00e4ll\u00e4, Lampivaaran huipulla n. 400 metri\u00e4 merenpinnan yl\u00e4puolella. Sielt\u00e4 avautuvat maisemat ovat upeat kaikkina vuodenaikoina. Kaivokselle noustaan kahviolta noin 150 porrasta yl\u00f6s Lampivaaran huipulle ja kaivosalueelle laskeudutaan noin 63 porrasta, joten kaivosalue ei valitettavasti ole esteet\u00f6n.<\/p>\n<h2>Koirat<\/h2>\n<p>Koirat ovat tervetulleita mukaan kaivoskierroksille, kunhan ne pidet\u00e4\u00e4n kytkettyin\u00e4 koko ajan.\u00a0<\/p>\n<h2>Kuljetus<\/h2>\n<p>Ametistikaivos sijaitsee keskell\u00e4 Pyh\u00e4-Luoston kansallispuistoa ja kansallispuistossa yksityisautoilu ei ole sallittua. Tilausbussit ja paikalliset taksit voivat ajaa Ukko-Luostolta tulevaa huoltotiet\u00e4 pitkin. Traficomin my\u00f6nt\u00e4m\u00e4 liikkumisesteisen pys\u00e4k\u00f6intitunnus (Inva-kortti) oikeuttaa kortin haltijan joko ajamaan itse tai saapumaan autolla avustajansa kanssa <em>(vain yksi hl\u00f6)<\/em> huoltotiet\u00e4 pitkin suoraan Lampivaaran kahvilalle. Auton voi j\u00e4tt\u00e4\u00e4 henkil\u00f6kunnan parkkipaikalle.\u00a0<\/p>\n<p><img loading=\"lazy\" decoding=\"async\" class=\"alignnone  wp-image-3981\" src=\"https:\/\/www.amethystmine.fi\/wp-content\/uploads\/2020\/06\/imageshow-262x300.jpg\" alt=\"\" width=\"358\" height=\"409\" srcset=\"https:\/\/www.amethystmine.fi\/wp-content\/uploads\/2020\/06\/imageshow-262x300.jpg 262w, https:\/\/www.amethystmine.fi\/wp-content\/uploads\/2020\/06\/imageshow-895x1024.jpg 895w, https:\/\/www.amethystmine.fi\/wp-content\/uploads\/2020\/06\/imageshow-768x879.jpg 768w, https:\/\/www.amethystmine.fi\/wp-content\/uploads\/2020\/06\/imageshow-600x687.jpg 600w, https:\/\/www.amethystmine.fi\/wp-content\/uploads\/2020\/06\/imageshow.jpg 1302w\" sizes=\"auto, (max-width: 358px) 100vw, 358px\" \/><\/p>\n\n\n<p><\/p>\n","protected":false},"excerpt":{"rendered":"<p>AMETISTIKAIVOSVIERAILUT KES\u00c4LL\u00c4 L\u00e4hin P-alue Ukko-Luoston parkkialue.Lampivaarantie 3, 99555 Luostoja seuraa kyltityst\u00e4. P-alueelta k\u00e4vely\u00e4 2,5 km Lampivaaran kahviolle. Pyyd\u00e4mme liikuntarajoitteisia huomioimaan, ett\u00e4 kaivosalueella kulku ei ole esteet\u00f6nt\u00e4. Ametistikaivos on avoinna kes\u00e4ll\u00e4 2026: 1.- 14.6. maanantaista lauantaihin klo 11:00-17:00. 15.6. &#8211; 9.8. p\u00e4ivitt\u00e4in 11:00-17:00 10.8.-30.9. p\u00e4ivitt\u00e4in 11:00-16:00 1.-31.10. tiistaista lauantaihin 11:00-15:00.\u00a0 Opastetuilla kaivoskierroksilla p\u00e4\u00e4see kuulemaan Lampivaaran geologiasta [&hellip;]<\/p>\n","protected":false},"author":1,"featured_media":781,"parent":24,"menu_order":0,"comment_status":"closed","ping_status":"closed","template":"","meta":{"_acf_changed":false,"_genesis_hide_title":false,"_genesis_hide_breadcrumbs":false,"_genesis_hide_singular_image":false,"_genesis_hide_footer_widgets":false,"_genesis_custom_body_class":"","_genesis_custom_post_class":"","_genesis_layout":"","footnotes":""},"class_list":{"0":"post-66","1":"page","2":"type-page","3":"status-publish","4":"has-post-thumbnail","6":"entry"},"acf":[],"yoast_head":"<!-- This site is optimized with the Yoast SEO plugin v27.4 - https:\/\/yoast.com\/product\/yoast-seo-wordpress\/ -->\n<title>Kes\u00e4ll\u00e4 - Amethystmine.fi<\/title>\n<meta name=\"description\" content=\"Kes\u00e4kaudella Ametistikaivokselle p\u00e4\u00e4see opastetuille kierroksille p\u00e4ivitt\u00e4in. Kierrokset l\u00e4htev\u00e4t tasatunnein Lampivaaran kahviolta.\" \/>\n<meta name=\"robots\" content=\"index, follow, max-snippet:-1, max-image-preview:large, max-video-preview:-1\" \/>\n<link rel=\"canonical\" href=\"https:\/\/www.amethystmine.fi\/fi\/vieraile\/kesalla\/\" \/>\n<meta property=\"og:locale\" content=\"fi_FI\" \/>\n<meta property=\"og:type\" content=\"article\" \/>\n<meta property=\"og:title\" content=\"Kes\u00e4ll\u00e4 - Amethystmine.fi\" \/>\n<meta property=\"og:description\" content=\"Kes\u00e4kaudella Ametistikaivokselle p\u00e4\u00e4see opastetuille kierroksille p\u00e4ivitt\u00e4in. Kierrokset l\u00e4htev\u00e4t tasatunnein Lampivaaran kahviolta.\" \/>\n<meta property=\"og:url\" content=\"https:\/\/www.amethystmine.fi\/fi\/vieraile\/kesalla\/\" \/>\n<meta property=\"og:site_name\" content=\"Amethystmine.fi\" \/>\n<meta property=\"article:publisher\" content=\"https:\/\/www.facebook.com\/Amethystmine\" \/>\n<meta property=\"article:modified_time\" content=\"2026-02-04T11:04:54+00:00\" \/>\n<meta property=\"og:image\" content=\"https:\/\/www.amethystmine.fi\/wp-content\/uploads\/2019\/02\/IMG-20190115-WA0009.jpg\" \/>\n\t<meta property=\"og:image:width\" content=\"1600\" \/>\n\t<meta property=\"og:image:height\" content=\"1200\" \/>\n\t<meta property=\"og:image:type\" content=\"image\/jpeg\" \/>\n<meta name=\"twitter:card\" content=\"summary_large_image\" \/>\n<meta name=\"twitter:label1\" content=\"Arvioitu lukuaika\" \/>\n\t<meta name=\"twitter:data1\" content=\"3 minuuttia\" \/>\n<script type=\"application\/ld+json\" class=\"yoast-schema-graph\">{\"@context\":\"https:\\\/\\\/schema.org\",\"@graph\":[{\"@type\":\"WebPage\",\"@id\":\"https:\\\/\\\/www.amethystmine.fi\\\/fi\\\/vieraile\\\/kesalla\\\/\",\"url\":\"https:\\\/\\\/www.amethystmine.fi\\\/fi\\\/vieraile\\\/kesalla\\\/\",\"name\":\"Kes\u00e4ll\u00e4 - Amethystmine.fi\",\"isPartOf\":{\"@id\":\"https:\\\/\\\/www.amethystmine.fi\\\/fi\\\/#website\"},\"primaryImageOfPage\":{\"@id\":\"https:\\\/\\\/www.amethystmine.fi\\\/fi\\\/vieraile\\\/kesalla\\\/#primaryimage\"},\"image\":{\"@id\":\"https:\\\/\\\/www.amethystmine.fi\\\/fi\\\/vieraile\\\/kesalla\\\/#primaryimage\"},\"thumbnailUrl\":\"https:\\\/\\\/www.amethystmine.fi\\\/wp-content\\\/uploads\\\/2019\\\/02\\\/IMG-20190115-WA0009.jpg\",\"datePublished\":\"2018-11-22T12:17:43+00:00\",\"dateModified\":\"2026-02-04T11:04:54+00:00\",\"description\":\"Kes\u00e4kaudella Ametistikaivokselle p\u00e4\u00e4see opastetuille kierroksille p\u00e4ivitt\u00e4in. Kierrokset l\u00e4htev\u00e4t tasatunnein Lampivaaran kahviolta.\",\"breadcrumb\":{\"@id\":\"https:\\\/\\\/www.amethystmine.fi\\\/fi\\\/vieraile\\\/kesalla\\\/#breadcrumb\"},\"inLanguage\":\"fi\",\"potentialAction\":[{\"@type\":\"ReadAction\",\"target\":[\"https:\\\/\\\/www.amethystmine.fi\\\/fi\\\/vieraile\\\/kesalla\\\/\"]}]},{\"@type\":\"ImageObject\",\"inLanguage\":\"fi\",\"@id\":\"https:\\\/\\\/www.amethystmine.fi\\\/fi\\\/vieraile\\\/kesalla\\\/#primaryimage\",\"url\":\"https:\\\/\\\/www.amethystmine.fi\\\/wp-content\\\/uploads\\\/2019\\\/02\\\/IMG-20190115-WA0009.jpg\",\"contentUrl\":\"https:\\\/\\\/www.amethystmine.fi\\\/wp-content\\\/uploads\\\/2019\\\/02\\\/IMG-20190115-WA0009.jpg\",\"width\":1600,\"height\":1200},{\"@type\":\"BreadcrumbList\",\"@id\":\"https:\\\/\\\/www.amethystmine.fi\\\/fi\\\/vieraile\\\/kesalla\\\/#breadcrumb\",\"itemListElement\":[{\"@type\":\"ListItem\",\"position\":1,\"name\":\"Home\",\"item\":\"https:\\\/\\\/www.amethystmine.fi\\\/fi\\\/\"},{\"@type\":\"ListItem\",\"position\":2,\"name\":\"Vieraile\",\"item\":\"https:\\\/\\\/www.amethystmine.fi\\\/fi\\\/vieraile\\\/\"},{\"@type\":\"ListItem\",\"position\":3,\"name\":\"Kes\u00e4ll\u00e4\"}]},{\"@type\":\"WebSite\",\"@id\":\"https:\\\/\\\/www.amethystmine.fi\\\/fi\\\/#website\",\"url\":\"https:\\\/\\\/www.amethystmine.fi\\\/fi\\\/\",\"name\":\"Amethystmine.fi\",\"description\":\"Ihan uusi WordPress-sivusto\",\"publisher\":{\"@id\":\"https:\\\/\\\/www.amethystmine.fi\\\/fi\\\/#organization\"},\"potentialAction\":[{\"@type\":\"SearchAction\",\"target\":{\"@type\":\"EntryPoint\",\"urlTemplate\":\"https:\\\/\\\/www.amethystmine.fi\\\/fi\\\/?s={search_term_string}\"},\"query-input\":{\"@type\":\"PropertyValueSpecification\",\"valueRequired\":true,\"valueName\":\"search_term_string\"}}],\"inLanguage\":\"fi\"},{\"@type\":\"Organization\",\"@id\":\"https:\\\/\\\/www.amethystmine.fi\\\/fi\\\/#organization\",\"name\":\"Amethystmine.fi\",\"url\":\"https:\\\/\\\/www.amethystmine.fi\\\/fi\\\/\",\"logo\":{\"@type\":\"ImageObject\",\"inLanguage\":\"fi\",\"@id\":\"https:\\\/\\\/www.amethystmine.fi\\\/fi\\\/#\\\/schema\\\/logo\\\/image\\\/\",\"url\":\"https:\\\/\\\/www.amethystmine.fi\\\/wp-content\\\/uploads\\\/2018\\\/11\\\/logo.png\",\"contentUrl\":\"https:\\\/\\\/www.amethystmine.fi\\\/wp-content\\\/uploads\\\/2018\\\/11\\\/logo.png\",\"width\":186,\"height\":76,\"caption\":\"Amethystmine.fi\"},\"image\":{\"@id\":\"https:\\\/\\\/www.amethystmine.fi\\\/fi\\\/#\\\/schema\\\/logo\\\/image\\\/\"},\"sameAs\":[\"https:\\\/\\\/www.facebook.com\\\/Amethystmine\"]}]}<\/script>\n<!-- \/ Yoast SEO plugin. -->","yoast_head_json":{"title":"Kes\u00e4ll\u00e4 - Amethystmine.fi","description":"Kes\u00e4kaudella Ametistikaivokselle p\u00e4\u00e4see opastetuille kierroksille p\u00e4ivitt\u00e4in. Kierrokset l\u00e4htev\u00e4t tasatunnein Lampivaaran kahviolta.","robots":{"index":"index","follow":"follow","max-snippet":"max-snippet:-1","max-image-preview":"max-image-preview:large","max-video-preview":"max-video-preview:-1"},"canonical":"https:\/\/www.amethystmine.fi\/fi\/vieraile\/kesalla\/","og_locale":"fi_FI","og_type":"article","og_title":"Kes\u00e4ll\u00e4 - Amethystmine.fi","og_description":"Kes\u00e4kaudella Ametistikaivokselle p\u00e4\u00e4see opastetuille kierroksille p\u00e4ivitt\u00e4in. Kierrokset l\u00e4htev\u00e4t tasatunnein Lampivaaran kahviolta.","og_url":"https:\/\/www.amethystmine.fi\/fi\/vieraile\/kesalla\/","og_site_name":"Amethystmine.fi","article_publisher":"https:\/\/www.facebook.com\/Amethystmine","article_modified_time":"2026-02-04T11:04:54+00:00","og_image":[{"width":1600,"height":1200,"url":"https:\/\/www.amethystmine.fi\/wp-content\/uploads\/2019\/02\/IMG-20190115-WA0009.jpg","type":"image\/jpeg"}],"twitter_card":"summary_large_image","twitter_misc":{"Arvioitu lukuaika":"3 minuuttia"},"schema":{"@context":"https:\/\/schema.org","@graph":[{"@type":"WebPage","@id":"https:\/\/www.amethystmine.fi\/fi\/vieraile\/kesalla\/","url":"https:\/\/www.amethystmine.fi\/fi\/vieraile\/kesalla\/","name":"Kes\u00e4ll\u00e4 - Amethystmine.fi","isPartOf":{"@id":"https:\/\/www.amethystmine.fi\/fi\/#website"},"primaryImageOfPage":{"@id":"https:\/\/www.amethystmine.fi\/fi\/vieraile\/kesalla\/#primaryimage"},"image":{"@id":"https:\/\/www.amethystmine.fi\/fi\/vieraile\/kesalla\/#primaryimage"},"thumbnailUrl":"https:\/\/www.amethystmine.fi\/wp-content\/uploads\/2019\/02\/IMG-20190115-WA0009.jpg","datePublished":"2018-11-22T12:17:43+00:00","dateModified":"2026-02-04T11:04:54+00:00","description":"Kes\u00e4kaudella Ametistikaivokselle p\u00e4\u00e4see opastetuille kierroksille p\u00e4ivitt\u00e4in. Kierrokset l\u00e4htev\u00e4t tasatunnein Lampivaaran kahviolta.","breadcrumb":{"@id":"https:\/\/www.amethystmine.fi\/fi\/vieraile\/kesalla\/#breadcrumb"},"inLanguage":"fi","potentialAction":[{"@type":"ReadAction","target":["https:\/\/www.amethystmine.fi\/fi\/vieraile\/kesalla\/"]}]},{"@type":"ImageObject","inLanguage":"fi","@id":"https:\/\/www.amethystmine.fi\/fi\/vieraile\/kesalla\/#primaryimage","url":"https:\/\/www.amethystmine.fi\/wp-content\/uploads\/2019\/02\/IMG-20190115-WA0009.jpg","contentUrl":"https:\/\/www.amethystmine.fi\/wp-content\/uploads\/2019\/02\/IMG-20190115-WA0009.jpg","width":1600,"height":1200},{"@type":"BreadcrumbList","@id":"https:\/\/www.amethystmine.fi\/fi\/vieraile\/kesalla\/#breadcrumb","itemListElement":[{"@type":"ListItem","position":1,"name":"Home","item":"https:\/\/www.amethystmine.fi\/fi\/"},{"@type":"ListItem","position":2,"name":"Vieraile","item":"https:\/\/www.amethystmine.fi\/fi\/vieraile\/"},{"@type":"ListItem","position":3,"name":"Kes\u00e4ll\u00e4"}]},{"@type":"WebSite","@id":"https:\/\/www.amethystmine.fi\/fi\/#website","url":"https:\/\/www.amethystmine.fi\/fi\/","name":"Amethystmine.fi","description":"Ihan uusi WordPress-sivusto","publisher":{"@id":"https:\/\/www.amethystmine.fi\/fi\/#organization"},"potentialAction":[{"@type":"SearchAction","target":{"@type":"EntryPoint","urlTemplate":"https:\/\/www.amethystmine.fi\/fi\/?s={search_term_string}"},"query-input":{"@type":"PropertyValueSpecification","valueRequired":true,"valueName":"search_term_string"}}],"inLanguage":"fi"},{"@type":"Organization","@id":"https:\/\/www.amethystmine.fi\/fi\/#organization","name":"Amethystmine.fi","url":"https:\/\/www.amethystmine.fi\/fi\/","logo":{"@type":"ImageObject","inLanguage":"fi","@id":"https:\/\/www.amethystmine.fi\/fi\/#\/schema\/logo\/image\/","url":"https:\/\/www.amethystmine.fi\/wp-content\/uploads\/2018\/11\/logo.png","contentUrl":"https:\/\/www.amethystmine.fi\/wp-content\/uploads\/2018\/11\/logo.png","width":186,"height":76,"caption":"Amethystmine.fi"},"image":{"@id":"https:\/\/www.amethystmine.fi\/fi\/#\/schema\/logo\/image\/"},"sameAs":["https:\/\/www.facebook.com\/Amethystmine"]}]}},"_links":{"self":[{"href":"https:\/\/www.amethystmine.fi\/fi\/wp-json\/wp\/v2\/pages\/66","targetHints":{"allow":["GET"]}}],"collection":[{"href":"https:\/\/www.amethystmine.fi\/fi\/wp-json\/wp\/v2\/pages"}],"about":[{"href":"https:\/\/www.amethystmine.fi\/fi\/wp-json\/wp\/v2\/types\/page"}],"author":[{"embeddable":true,"href":"https:\/\/www.amethystmine.fi\/fi\/wp-json\/wp\/v2\/users\/1"}],"replies":[{"embeddable":true,"href":"https:\/\/www.amethystmine.fi\/fi\/wp-json\/wp\/v2\/comments?post=66"}],"version-history":[{"count":33,"href":"https:\/\/www.amethystmine.fi\/fi\/wp-json\/wp\/v2\/pages\/66\/revisions"}],"predecessor-version":[{"id":8646,"href":"https:\/\/www.amethystmine.fi\/fi\/wp-json\/wp\/v2\/pages\/66\/revisions\/8646"}],"up":[{"embeddable":true,"href":"https:\/\/www.amethystmine.fi\/fi\/wp-json\/wp\/v2\/pages\/24"}],"wp:featuredmedia":[{"embeddable":true,"href":"https:\/\/www.amethystmine.fi\/fi\/wp-json\/wp\/v2\/media\/781"}],"wp:attachment":[{"href":"https:\/\/www.amethystmine.fi\/fi\/wp-json\/wp\/v2\/media?parent=66"}],"curies":[{"name":"wp","href":"https:\/\/api.w.org\/{rel}","templated":true}]}}