{"id":7000,"date":"2023-11-17T14:25:54","date_gmt":"2023-11-17T12:25:54","guid":{"rendered":"https:\/\/www.amethystmine.fi\/?page_id=7000"},"modified":"2024-11-26T13:20:48","modified_gmt":"2024-11-26T11:20:48","slug":"usein-kysytyt-kysymykset","status":"publish","type":"page","link":"https:\/\/www.amethystmine.fi\/fi\/vieraile\/usein-kysytyt-kysymykset\/","title":{"rendered":"Usein kysytyt kysymykset"},"content":{"rendered":"\n<figure class=\"wp-block-image size-large\"><img loading=\"lazy\" decoding=\"async\" width=\"1024\" height=\"683\" src=\"data:image\/gif;base64,R0lGODlhAQABAAAAACH5BAEKAAEALAAAAAABAAEAAAICTAEAOw==\" alt=\"\" class=\"wp-image-7428 lazyload\" sizes=\"auto, (max-width: 1024px) 100vw, 1024px\" data-src=\"https:\/\/www.amethystmine.fi\/wp-content\/uploads\/2024\/04\/VisitPyhaLuosto_Amethystmine4-1024x683.jpg\" data-srcset=\"https:\/\/www.amethystmine.fi\/wp-content\/uploads\/2024\/04\/VisitPyhaLuosto_Amethystmine4-1024x683.jpg 1024w, https:\/\/www.amethystmine.fi\/wp-content\/uploads\/2024\/04\/VisitPyhaLuosto_Amethystmine4-300x200.jpg 300w, https:\/\/www.amethystmine.fi\/wp-content\/uploads\/2024\/04\/VisitPyhaLuosto_Amethystmine4-768x512.jpg 768w, https:\/\/www.amethystmine.fi\/wp-content\/uploads\/2024\/04\/VisitPyhaLuosto_Amethystmine4-1536x1024.jpg 1536w, https:\/\/www.amethystmine.fi\/wp-content\/uploads\/2024\/04\/VisitPyhaLuosto_Amethystmine4-2048x1365.jpg 2048w, https:\/\/www.amethystmine.fi\/wp-content\/uploads\/2024\/04\/VisitPyhaLuosto_Amethystmine4-600x400.jpg 600w\"><\/figure>\n\n\n\n<p><\/p>\n\n\n\n<p><strong>Sijainti: <\/strong><\/p>\n\n\n\n<ol class=\"wp-block-list\">\n<li>Mist\u00e4 meid\u00e4t l\u00f6yt\u00e4\u00e4 ja kuinka meille p\u00e4\u00e4see?<\/li>\n<\/ol>\n\n\n\n<ul class=\"wp-block-list\">\n<li><em>Ametistikauppa: Luostontie 4, 99555 Luosto. Luoston keskustassa, Luoston Syd\u00e4n -liikekeskuksessa vastap\u00e4\u00e4t\u00e4 Lapland Hotel Luostotunturia.&nbsp;&nbsp;<\/em><\/li>\n\n\n\n<li><em>Ukko-Luoston parkkipaikka: Ukkoluostontie, 99555 Luosto. Noin 2,5 km Luoston keskustasta. &nbsp;Google Maps: &#8221;Ametistikaivos \/ Arctic Ametisti Oy&#8221;.<\/em><\/li>\n\n\n\n<li><em>Lampivaaran kahvio: Lampivaarantie, ei numeroa. Sijainti Pyh\u00e4-Luoston kansallispuiston keskell\u00e4 noin 5 km Luoston keskustasta ja 2,5 km Ukko-Luoston parkkipaikalta. <\/em><\/li>\n\n\n\n<li><em>Lampivaaran Ametistikaivos: Kaivos sijaitsee Lampivaaran kahvion pihapiirin v\u00e4litt\u00f6m\u00e4ss\u00e4 l\u00e4heisyydess\u00e4. Kaivoskierrosten l\u00e4ht\u00f6paikka on Lampivaaran kahvio. Google Maps: &#8221;Lampivaaran Ametistikaivos&#8221;<\/em>.<\/li>\n<\/ul>\n\n\n\n<p>2. Voinko ajaa autolla Lampivaaran kahviolle \/ Ametistikaivokselle?<\/p>\n\n\n\n<p><em>Ametistikaivos sijaitsee keskell\u00e4 Pyh\u00e4-Luoston kansallispuistoa ja kansallispuistossa yksityisautoilu ei ole sallittua. Kes\u00e4aikaan tilausbussit ja taksit voivat ajaa Ukko-Luostolta tulevaa huoltotiet\u00e4 pitkin. Talvisin huoltotiet\u00e4 ei aurata, joten l\u00e4himm\u00e4t parkkipaikat ovat Rykim\u00e4kero ja Ukko-Luosto.<\/em><\/p>\n\n\n\n<p>3. Minulla on invakortti \u2013 saanko ajaa kes\u00e4aikaan Lampivaaran kahviolle?<\/p>\n\n\n\n<p><em>Traficomin my\u00f6nt\u00e4m\u00e4 liikkumisesteisen pys\u00e4k\u00f6intitunnus (Inva-kortti) oikeuttaa kortin haltijan joko ajamaan itse tai saapumaan autolla avustajansa kanssa (vain yksi hl\u00f6) huoltotiet\u00e4 pitkin suoraan Lampivaaran kahviolle. Huom! Talvisin autolla saapuminen ei ole mahdollista.<\/em><\/p>\n\n\n\n<p><strong>Kaivosvierailut:<\/strong><\/p>\n\n\n\n<p>4. Saako kaivokselle tulla omatoimisesti vierailemaan ilman opasta?<\/p>\n\n\n\n<p><em>Kaivosvierailut ovat aina opastettuja eik\u00e4 kaivosalueella liikkuminen yksin ole sallittua.<\/em><\/p>\n\n\n\n<p>5.  Ovatko koirat tervetulleita kaivokselle?<\/p>\n\n\n\n<p><em>Koirat ovat tervetulleita mukaan kaivoskierroksille, kunhan ne pidet\u00e4\u00e4n kytkettyin\u00e4 koko ajan.<\/em><\/p>\n\n\n\n<p>6. Kuinka kauan kierros kest\u00e4\u00e4 ja mit\u00e4 se sis\u00e4lt\u00e4\u00e4?<\/p>\n\n\n\n<p><em>Opastettu kaivoskierros kest\u00e4\u00e4 noin tunnin. <em>Kierrokseen kuuluu oppaan kertoma ametistitarina ja oman onnenametistin kaivaminen kaivuualueelta. <\/em>Talviaikaan arvioitu kesto kuljetusten kanssa: 11.10. l\u00e4ht\u00f6 Luostolta \u2013 noin kolme tuntia &amp; 11.30 ja 14.30 l\u00e4hd\u00f6t Ukko-Luostolta \u2013 noin kaksi tuntia.<\/em><\/p>\n\n\n\n<p>7. Mill\u00e4 kielell\u00e4 kaivosvierailut opastetaan? Saanko k\u00e4\u00e4nt\u00e4\u00e4 esityksen aikana muille kielille?<\/p>\n\n\n\n<p><em>TALVI: Vakiol\u00e4hd\u00f6ill\u00e4 opastus aamup\u00e4iv\u00e4ll\u00e4 englanniksi ja iltap\u00e4iv\u00e4ll\u00e4 sek\u00e4 suomeksi ett\u00e4 englanniksi.<\/em><\/p>\n\n\n\n<p><em>17.2.2025 alkaen molemmat vakiol\u00e4hd\u00f6t sek\u00e4 suomeksi ett\u00e4 englanniksi.<\/em><\/p>\n\n\n\n<p><em>KES\u00c4: Tasatunneittain alkavien kierrosten opastus on aina suomeksi ja englanniksi.<\/em><\/p>\n\n\n\n<p><em>Esityksen aikana k\u00e4\u00e4nt\u00e4minen muille kielille ei ole sallittua, joten teeth\u00e4n t\u00e4m\u00e4n oppaan esityksen j\u00e4lkeen.<\/em><\/p>\n\n\n\n<p>8. Onko kaivos maan alla? Millainen l\u00e4mp\u00f6tila siell\u00e4 on? <\/p>\n\n\n\n<p><em>Kaivoksemme ei ole maan alla, vaan kyseess\u00e4 on avokaivos Lampivaaran pinnalla. Talvikaivuualue on katettu eli suojassa lumelta ja tuiskulta, mutta l\u00e4mp\u00f6tila on muutoin samoissa lukemissa kuin ulkosalla. Etenkin talvisin l\u00e4mmin vaatetus on tarpeen. Kes\u00e4isin kaivuu tapahtuu taivasalla, joten kelinmukainen pukeutuminen on suotavaa toki silloinkin. <\/em><\/p>\n\n\n\n<p>9. Voiko kaivoskierroksen aikana ottaa valokuvia ja videoita? &nbsp;<\/p>\n\n\n\n<p><em>Valokuvia voi ottaa vapaasti. Oppaan pit\u00e4m\u00e4\u00e4 infoesityst\u00e4 ei saa videokuvata \/ nauhoittaa, mutta muutoin videokuvaus on sallittu.<\/em><\/p>\n\n\n\n<p>10. Saanko pit\u00e4\u00e4 kaikki kivet, jotka l\u00f6yd\u00e4n?<\/p>\n\n\n\n<p><em>P\u00e4\u00e4sylipun hintaan kuuluu yksi, omaan suljettuun nyrkkiin mahtuva kivi.<\/em><\/p>\n\n\n\n<p>11. Voinko ostaa ylim\u00e4\u00e4r\u00e4isi\u00e4 l\u00f6yt\u00e4mi\u00e4ni kivi\u00e4? Mit\u00e4 ne maksavat?<\/p>\n\n\n\n<p><em>Oppaat hinnoittelevat kivet paikan p\u00e4\u00e4ll\u00e4. Hinta riippuu painon ja laadun lis\u00e4ksi siit\u00e4, mik\u00e4 kvartsilaji on kyseess\u00e4. Ametistin lis\u00e4ksi kaivokselta voi l\u00f6yt\u00e4\u00e4 vuorikidett\u00e4, lumikvartsia, savukvartsia ja Pyh\u00e4-Luoston alueen harvinaisuutta, kolmiv\u00e4rist\u00e4 shamaanikive\u00e4.<\/em><\/p>\n\n\n\n<p>12. Mit\u00e4 j\u00e4tetyille kiville tapahtuu?<\/p>\n\n\n\n<p><em>Oppaamme k\u00e4yv\u00e4t kivet l\u00e4pi ja tarkistavat, voimmeko hy\u00f6dynt\u00e4\u00e4 niit\u00e4 korutuotannossa. Mik\u00e4li ne eiv\u00e4t sovellu koruk\u00e4ytt\u00f6\u00f6n, hiotaan ne rummussa tai myyd\u00e4\u00e4n raakapaloina. Kaikki kivet k\u00e4ytet\u00e4\u00e4n kuitenkin hy\u00f6dyksi eik\u00e4 niit\u00e4 heitet\u00e4 takaisin kaivuualueelle.<\/em><\/p>\n\n\n\n<p>13. Minulla on kaivosyhti\u00f6n osake. Millaisia etuja saan itselleni ja yst\u00e4villeni?<\/p>\n\n\n\n<p><em>Yhti\u00f6kokous p\u00e4\u00e4tt\u00e4\u00e4 osakaseduista, joita ovat mm. maksuton osallistuminen opastettuun kaivosohjelmaan kaivoksen aukioloaikana ja 50 %:n alennus kahden mukana olevan vieraan kaivoslipuista. Kaivososakkaat saavat my\u00f6s alennusta yhti\u00f6n omista koru- ja kivituotteista Ametistikaupassa ja kaivoksen kivipuodissa.<\/em><\/p>\n\n\n\n<p><strong>Kaivos:<\/strong><\/p>\n\n\n\n<p>14. Kuka toiminnasta vastaa Ametistikaivoksella? Onko kyseess\u00e4 valtion omistama kaivos?<\/p>\n\n\n\n<p><em>Ei ole. Ametistikaivoksen omistaa Kaivosyhti\u00f6 Arctic Ametisti Oy.<\/em><\/p>\n\n\n\n<p>15. Miten sijainti Pyh\u00e4-Luoston kansallispuiston keskell\u00e4 vaikuttaa kaivoksen toimintaan?<\/p>\n\n\n\n<p><em>Kaivospiirimme on upean Pyh\u00e4-Luoston kansallispuiston ymp\u00e4r\u00f6im\u00e4, mutta itse k<\/em><em>aivospiiri apualueineen on rajattu suojelualueen ulkopuolelle. Kunnioitus herkk\u00e4\u00e4 ymp\u00e4rist\u00f6\u00e4mme kohtaan on yhti\u00f6lle t\u00e4rke\u00e4 arvo ja siit\u00e4 syyst\u00e4 emme kaiva teollisesti tai myy raaka-ainetta eteenp\u00e4in, vaikka t\u00e4h\u00e4n olisi mahdollisuus. &nbsp;<\/em><\/p>\n\n\n\n<p>16. Onko totta, ett\u00e4 vierailijat kaivavat kaikki kivet kaivosyhti\u00f6lle, joista jalostetaan kaikki kaivosyhti\u00f6ll\u00e4 myynniss\u00e4 olevat kivet ja muut tuotteet?<\/p>\n\n\n\n<p><em>Touko-lokakuun aikana kaivosyhti\u00f6n oppaat vastaavat kivien kaivamisesta opastusten ohella. Tavoitteena on saada sulanmaan aikana kaivettua tarpeeksi kivi\u00e4 talven varalle, min. 300 kg.<\/em><\/p>\n\n\n\n<p>17. Onko Ametistikaivoksella verkkokauppaa?<\/p>\n\n\n\n<p><em>Jo vain, verkkokaupastamme voit ostaa taatusti paikalliset ametistituotteet koruista hiottuihin kiviin sek\u00e4 raakakiviin.<\/em><\/p>\n\n\n\n<p><strong>Kahvio:<\/strong><\/p>\n\n\n\n<p>18. Onko kahviolla mahdollisuus ladata e-fatbikea?<\/p>\n\n\n\n<p><em>S\u00e4hk\u00f6py\u00f6r\u00e4n voi ladata kahviolla (2 \u20ac\/lataus).<\/em><\/p>\n\n\n\n<p>19. Mit\u00e4 tuotteita kahviolla on myynniss\u00e4 ja onko erikoisruokavaliot huomioitu?<\/p>\n\n\n\n<p><em>Kahvion menua ei ole saatavilla s\u00e4hk\u00f6isesti ja valikoima voi vaihdella. Kahvin, teen ja muiden virkist\u00e4vien juomien lis\u00e4ksi valikoimaan kuuluu mm. paikan p\u00e4\u00e4ll\u00e4 paistettavat munkit, pullat ja erilaiset piirakat.<\/em><\/p>\n\n\n\n<p><em>Kaikki tuotteet ovat laktoosittomia. Vegaanisia tuotteita ovat munkit sek\u00e4 voileiv\u00e4t j\u00e4tt\u00e4m\u00e4ll\u00e4 el\u00e4inper\u00e4iset t\u00e4ytteet pois. Vitriinituotteet on valmistettu gluteenittomista raaka-aineista, mutta k\u00e4sitelty samoissa tiloissa gluteenia sis\u00e4lt\u00e4vien tuotteiden kanssa.<\/em><\/p>\n\n\n\n<p>20. Saanko sy\u00f6d\u00e4 omia ev\u00e4it\u00e4 kahviolla?<\/p>\n\n\n\n<p><em>Kahvion tiloissa ei voi nauttia omia ev\u00e4it\u00e4. <\/em><\/p>\n\n\n\n<p>21. Saako kahviolle tulla koiran kanssa?<\/p>\n\n\n\n<p><em>Koirat ovat tervetulleita kahviolle, kunhan ne ovat kytkettyin\u00e4 koko ajan ja k\u00e4ytt\u00e4ytyv\u00e4t n\u00e4tisti muita vierailijoita ja toisia koiria kohtaan.<\/em><\/p>\n\n\n\n<hr class=\"wp-block-separator has-alpha-channel-opacity\"\/>\n\n\n\n<p><a id=\"_msocom_1\"><\/a><\/p>\n","protected":false},"excerpt":{"rendered":"<p>Sijainti: 2. Voinko ajaa autolla Lampivaaran kahviolle \/ Ametistikaivokselle? Ametistikaivos sijaitsee keskell\u00e4 Pyh\u00e4-Luoston kansallispuistoa ja kansallispuistossa yksityisautoilu ei ole sallittua. Kes\u00e4aikaan tilausbussit ja taksit voivat ajaa Ukko-Luostolta tulevaa huoltotiet\u00e4 pitkin. Talvisin huoltotiet\u00e4 ei aurata, joten l\u00e4himm\u00e4t parkkipaikat ovat Rykim\u00e4kero ja Ukko-Luosto. 3. Minulla on invakortti \u2013 saanko ajaa kes\u00e4aikaan Lampivaaran kahviolle? Traficomin my\u00f6nt\u00e4m\u00e4 liikkumisesteisen pys\u00e4k\u00f6intitunnus [&hellip;]<\/p>\n","protected":false},"author":12,"featured_media":0,"parent":24,"menu_order":1,"comment_status":"closed","ping_status":"closed","template":"","meta":{"_acf_changed":false,"_genesis_hide_title":false,"_genesis_hide_breadcrumbs":false,"_genesis_hide_singular_image":false,"_genesis_hide_footer_widgets":false,"_genesis_custom_body_class":"","_genesis_custom_post_class":"","_genesis_layout":"","footnotes":""},"class_list":{"0":"post-7000","1":"page","2":"type-page","3":"status-publish","5":"entry"},"acf":[],"yoast_head":"<!-- This site is optimized with the Yoast SEO plugin v27.4 - https:\/\/yoast.com\/product\/yoast-seo-wordpress\/ -->\n<title>Usein kysytyt kysymykset - Amethystmine.fi<\/title>\n<meta name=\"robots\" content=\"index, follow, max-snippet:-1, max-image-preview:large, max-video-preview:-1\" \/>\n<link rel=\"canonical\" href=\"https:\/\/www.amethystmine.fi\/fi\/vieraile\/usein-kysytyt-kysymykset\/\" \/>\n<meta property=\"og:locale\" content=\"fi_FI\" \/>\n<meta property=\"og:type\" content=\"article\" \/>\n<meta property=\"og:title\" content=\"Usein kysytyt kysymykset - Amethystmine.fi\" \/>\n<meta property=\"og:description\" content=\"Sijainti: 2. Voinko ajaa autolla Lampivaaran kahviolle \/ Ametistikaivokselle? Ametistikaivos sijaitsee keskell\u00e4 Pyh\u00e4-Luoston kansallispuistoa ja kansallispuistossa yksityisautoilu ei ole sallittua. Kes\u00e4aikaan tilausbussit ja taksit voivat ajaa Ukko-Luostolta tulevaa huoltotiet\u00e4 pitkin. Talvisin huoltotiet\u00e4 ei aurata, joten l\u00e4himm\u00e4t parkkipaikat ovat Rykim\u00e4kero ja Ukko-Luosto. 3. Minulla on invakortti \u2013 saanko ajaa kes\u00e4aikaan Lampivaaran kahviolle? Traficomin my\u00f6nt\u00e4m\u00e4 liikkumisesteisen pys\u00e4k\u00f6intitunnus [&hellip;]\" \/>\n<meta property=\"og:url\" content=\"https:\/\/www.amethystmine.fi\/fi\/vieraile\/usein-kysytyt-kysymykset\/\" \/>\n<meta property=\"og:site_name\" content=\"Amethystmine.fi\" \/>\n<meta property=\"article:publisher\" content=\"https:\/\/www.facebook.com\/Amethystmine\" \/>\n<meta property=\"article:modified_time\" content=\"2024-11-26T11:20:48+00:00\" \/>\n<meta property=\"og:image\" content=\"https:\/\/www.amethystmine.fi\/wp-content\/uploads\/2024\/04\/VisitPyhaLuosto_Amethystmine4-1024x683.jpg\" \/>\n<meta name=\"twitter:card\" content=\"summary_large_image\" \/>\n<meta name=\"twitter:label1\" content=\"Arvioitu lukuaika\" \/>\n\t<meta name=\"twitter:data1\" content=\"4 minuuttia\" \/>\n<script type=\"application\/ld+json\" class=\"yoast-schema-graph\">{\"@context\":\"https:\\\/\\\/schema.org\",\"@graph\":[{\"@type\":\"WebPage\",\"@id\":\"https:\\\/\\\/www.amethystmine.fi\\\/fi\\\/vieraile\\\/usein-kysytyt-kysymykset\\\/\",\"url\":\"https:\\\/\\\/www.amethystmine.fi\\\/fi\\\/vieraile\\\/usein-kysytyt-kysymykset\\\/\",\"name\":\"Usein kysytyt kysymykset - Amethystmine.fi\",\"isPartOf\":{\"@id\":\"https:\\\/\\\/www.amethystmine.fi\\\/fi\\\/#website\"},\"primaryImageOfPage\":{\"@id\":\"https:\\\/\\\/www.amethystmine.fi\\\/fi\\\/vieraile\\\/usein-kysytyt-kysymykset\\\/#primaryimage\"},\"image\":{\"@id\":\"https:\\\/\\\/www.amethystmine.fi\\\/fi\\\/vieraile\\\/usein-kysytyt-kysymykset\\\/#primaryimage\"},\"thumbnailUrl\":\"https:\\\/\\\/www.amethystmine.fi\\\/wp-content\\\/uploads\\\/2024\\\/04\\\/VisitPyhaLuosto_Amethystmine4-1024x683.jpg\",\"datePublished\":\"2023-11-17T12:25:54+00:00\",\"dateModified\":\"2024-11-26T11:20:48+00:00\",\"breadcrumb\":{\"@id\":\"https:\\\/\\\/www.amethystmine.fi\\\/fi\\\/vieraile\\\/usein-kysytyt-kysymykset\\\/#breadcrumb\"},\"inLanguage\":\"fi\",\"potentialAction\":[{\"@type\":\"ReadAction\",\"target\":[\"https:\\\/\\\/www.amethystmine.fi\\\/fi\\\/vieraile\\\/usein-kysytyt-kysymykset\\\/\"]}]},{\"@type\":\"ImageObject\",\"inLanguage\":\"fi\",\"@id\":\"https:\\\/\\\/www.amethystmine.fi\\\/fi\\\/vieraile\\\/usein-kysytyt-kysymykset\\\/#primaryimage\",\"url\":\"https:\\\/\\\/www.amethystmine.fi\\\/wp-content\\\/uploads\\\/2024\\\/04\\\/VisitPyhaLuosto_Amethystmine4-1024x683.jpg\",\"contentUrl\":\"https:\\\/\\\/www.amethystmine.fi\\\/wp-content\\\/uploads\\\/2024\\\/04\\\/VisitPyhaLuosto_Amethystmine4-1024x683.jpg\"},{\"@type\":\"BreadcrumbList\",\"@id\":\"https:\\\/\\\/www.amethystmine.fi\\\/fi\\\/vieraile\\\/usein-kysytyt-kysymykset\\\/#breadcrumb\",\"itemListElement\":[{\"@type\":\"ListItem\",\"position\":1,\"name\":\"Home\",\"item\":\"https:\\\/\\\/www.amethystmine.fi\\\/fi\\\/\"},{\"@type\":\"ListItem\",\"position\":2,\"name\":\"Vieraile\",\"item\":\"https:\\\/\\\/www.amethystmine.fi\\\/fi\\\/vieraile\\\/\"},{\"@type\":\"ListItem\",\"position\":3,\"name\":\"Usein kysytyt kysymykset\"}]},{\"@type\":\"WebSite\",\"@id\":\"https:\\\/\\\/www.amethystmine.fi\\\/fi\\\/#website\",\"url\":\"https:\\\/\\\/www.amethystmine.fi\\\/fi\\\/\",\"name\":\"Amethystmine.fi\",\"description\":\"Ihan uusi WordPress-sivusto\",\"publisher\":{\"@id\":\"https:\\\/\\\/www.amethystmine.fi\\\/fi\\\/#organization\"},\"potentialAction\":[{\"@type\":\"SearchAction\",\"target\":{\"@type\":\"EntryPoint\",\"urlTemplate\":\"https:\\\/\\\/www.amethystmine.fi\\\/fi\\\/?s={search_term_string}\"},\"query-input\":{\"@type\":\"PropertyValueSpecification\",\"valueRequired\":true,\"valueName\":\"search_term_string\"}}],\"inLanguage\":\"fi\"},{\"@type\":\"Organization\",\"@id\":\"https:\\\/\\\/www.amethystmine.fi\\\/fi\\\/#organization\",\"name\":\"Amethystmine.fi\",\"url\":\"https:\\\/\\\/www.amethystmine.fi\\\/fi\\\/\",\"logo\":{\"@type\":\"ImageObject\",\"inLanguage\":\"fi\",\"@id\":\"https:\\\/\\\/www.amethystmine.fi\\\/fi\\\/#\\\/schema\\\/logo\\\/image\\\/\",\"url\":\"https:\\\/\\\/www.amethystmine.fi\\\/wp-content\\\/uploads\\\/2018\\\/11\\\/logo.png\",\"contentUrl\":\"https:\\\/\\\/www.amethystmine.fi\\\/wp-content\\\/uploads\\\/2018\\\/11\\\/logo.png\",\"width\":186,\"height\":76,\"caption\":\"Amethystmine.fi\"},\"image\":{\"@id\":\"https:\\\/\\\/www.amethystmine.fi\\\/fi\\\/#\\\/schema\\\/logo\\\/image\\\/\"},\"sameAs\":[\"https:\\\/\\\/www.facebook.com\\\/Amethystmine\"]}]}<\/script>\n<!-- \/ Yoast SEO plugin. -->","yoast_head_json":{"title":"Usein kysytyt kysymykset - Amethystmine.fi","robots":{"index":"index","follow":"follow","max-snippet":"max-snippet:-1","max-image-preview":"max-image-preview:large","max-video-preview":"max-video-preview:-1"},"canonical":"https:\/\/www.amethystmine.fi\/fi\/vieraile\/usein-kysytyt-kysymykset\/","og_locale":"fi_FI","og_type":"article","og_title":"Usein kysytyt kysymykset - Amethystmine.fi","og_description":"Sijainti: 2. Voinko ajaa autolla Lampivaaran kahviolle \/ Ametistikaivokselle? Ametistikaivos sijaitsee keskell\u00e4 Pyh\u00e4-Luoston kansallispuistoa ja kansallispuistossa yksityisautoilu ei ole sallittua. Kes\u00e4aikaan tilausbussit ja taksit voivat ajaa Ukko-Luostolta tulevaa huoltotiet\u00e4 pitkin. Talvisin huoltotiet\u00e4 ei aurata, joten l\u00e4himm\u00e4t parkkipaikat ovat Rykim\u00e4kero ja Ukko-Luosto. 3. Minulla on invakortti \u2013 saanko ajaa kes\u00e4aikaan Lampivaaran kahviolle? Traficomin my\u00f6nt\u00e4m\u00e4 liikkumisesteisen pys\u00e4k\u00f6intitunnus [&hellip;]","og_url":"https:\/\/www.amethystmine.fi\/fi\/vieraile\/usein-kysytyt-kysymykset\/","og_site_name":"Amethystmine.fi","article_publisher":"https:\/\/www.facebook.com\/Amethystmine","article_modified_time":"2024-11-26T11:20:48+00:00","og_image":[{"url":"https:\/\/www.amethystmine.fi\/wp-content\/uploads\/2024\/04\/VisitPyhaLuosto_Amethystmine4-1024x683.jpg","type":"","width":"","height":""}],"twitter_card":"summary_large_image","twitter_misc":{"Arvioitu lukuaika":"4 minuuttia"},"schema":{"@context":"https:\/\/schema.org","@graph":[{"@type":"WebPage","@id":"https:\/\/www.amethystmine.fi\/fi\/vieraile\/usein-kysytyt-kysymykset\/","url":"https:\/\/www.amethystmine.fi\/fi\/vieraile\/usein-kysytyt-kysymykset\/","name":"Usein kysytyt kysymykset - Amethystmine.fi","isPartOf":{"@id":"https:\/\/www.amethystmine.fi\/fi\/#website"},"primaryImageOfPage":{"@id":"https:\/\/www.amethystmine.fi\/fi\/vieraile\/usein-kysytyt-kysymykset\/#primaryimage"},"image":{"@id":"https:\/\/www.amethystmine.fi\/fi\/vieraile\/usein-kysytyt-kysymykset\/#primaryimage"},"thumbnailUrl":"https:\/\/www.amethystmine.fi\/wp-content\/uploads\/2024\/04\/VisitPyhaLuosto_Amethystmine4-1024x683.jpg","datePublished":"2023-11-17T12:25:54+00:00","dateModified":"2024-11-26T11:20:48+00:00","breadcrumb":{"@id":"https:\/\/www.amethystmine.fi\/fi\/vieraile\/usein-kysytyt-kysymykset\/#breadcrumb"},"inLanguage":"fi","potentialAction":[{"@type":"ReadAction","target":["https:\/\/www.amethystmine.fi\/fi\/vieraile\/usein-kysytyt-kysymykset\/"]}]},{"@type":"ImageObject","inLanguage":"fi","@id":"https:\/\/www.amethystmine.fi\/fi\/vieraile\/usein-kysytyt-kysymykset\/#primaryimage","url":"https:\/\/www.amethystmine.fi\/wp-content\/uploads\/2024\/04\/VisitPyhaLuosto_Amethystmine4-1024x683.jpg","contentUrl":"https:\/\/www.amethystmine.fi\/wp-content\/uploads\/2024\/04\/VisitPyhaLuosto_Amethystmine4-1024x683.jpg"},{"@type":"BreadcrumbList","@id":"https:\/\/www.amethystmine.fi\/fi\/vieraile\/usein-kysytyt-kysymykset\/#breadcrumb","itemListElement":[{"@type":"ListItem","position":1,"name":"Home","item":"https:\/\/www.amethystmine.fi\/fi\/"},{"@type":"ListItem","position":2,"name":"Vieraile","item":"https:\/\/www.amethystmine.fi\/fi\/vieraile\/"},{"@type":"ListItem","position":3,"name":"Usein kysytyt kysymykset"}]},{"@type":"WebSite","@id":"https:\/\/www.amethystmine.fi\/fi\/#website","url":"https:\/\/www.amethystmine.fi\/fi\/","name":"Amethystmine.fi","description":"Ihan uusi WordPress-sivusto","publisher":{"@id":"https:\/\/www.amethystmine.fi\/fi\/#organization"},"potentialAction":[{"@type":"SearchAction","target":{"@type":"EntryPoint","urlTemplate":"https:\/\/www.amethystmine.fi\/fi\/?s={search_term_string}"},"query-input":{"@type":"PropertyValueSpecification","valueRequired":true,"valueName":"search_term_string"}}],"inLanguage":"fi"},{"@type":"Organization","@id":"https:\/\/www.amethystmine.fi\/fi\/#organization","name":"Amethystmine.fi","url":"https:\/\/www.amethystmine.fi\/fi\/","logo":{"@type":"ImageObject","inLanguage":"fi","@id":"https:\/\/www.amethystmine.fi\/fi\/#\/schema\/logo\/image\/","url":"https:\/\/www.amethystmine.fi\/wp-content\/uploads\/2018\/11\/logo.png","contentUrl":"https:\/\/www.amethystmine.fi\/wp-content\/uploads\/2018\/11\/logo.png","width":186,"height":76,"caption":"Amethystmine.fi"},"image":{"@id":"https:\/\/www.amethystmine.fi\/fi\/#\/schema\/logo\/image\/"},"sameAs":["https:\/\/www.facebook.com\/Amethystmine"]}]}},"_links":{"self":[{"href":"https:\/\/www.amethystmine.fi\/fi\/wp-json\/wp\/v2\/pages\/7000","targetHints":{"allow":["GET"]}}],"collection":[{"href":"https:\/\/www.amethystmine.fi\/fi\/wp-json\/wp\/v2\/pages"}],"about":[{"href":"https:\/\/www.amethystmine.fi\/fi\/wp-json\/wp\/v2\/types\/page"}],"author":[{"embeddable":true,"href":"https:\/\/www.amethystmine.fi\/fi\/wp-json\/wp\/v2\/users\/12"}],"replies":[{"embeddable":true,"href":"https:\/\/www.amethystmine.fi\/fi\/wp-json\/wp\/v2\/comments?post=7000"}],"version-history":[{"count":13,"href":"https:\/\/www.amethystmine.fi\/fi\/wp-json\/wp\/v2\/pages\/7000\/revisions"}],"predecessor-version":[{"id":7832,"href":"https:\/\/www.amethystmine.fi\/fi\/wp-json\/wp\/v2\/pages\/7000\/revisions\/7832"}],"up":[{"embeddable":true,"href":"https:\/\/www.amethystmine.fi\/fi\/wp-json\/wp\/v2\/pages\/24"}],"wp:attachment":[{"href":"https:\/\/www.amethystmine.fi\/fi\/wp-json\/wp\/v2\/media?parent=7000"}],"curies":[{"name":"wp","href":"https:\/\/api.w.org\/{rel}","templated":true}]}}