{"id":754,"date":"2019-02-14T14:54:17","date_gmt":"2019-02-14T12:54:17","guid":{"rendered":"https:\/\/www.amethystmine.fi\/?page_id=754"},"modified":"2024-01-06T18:06:11","modified_gmt":"2024-01-06T16:06:11","slug":"yhtio","status":"publish","type":"page","link":"https:\/\/www.amethystmine.fi\/fi\/yhtio\/","title":{"rendered":"Yhti\u00f6"},"content":{"rendered":"\n<p>Kaivosyhti\u00f6 Arctic Ametisti Oy on yksityinen osakeyhti\u00f6. Yhti\u00f6ll\u00e4 on Lampivaaran kaivospiiri, joka sis\u00e4lt\u00e4\u00e4 Euroopan rikkaimman tunnetun ametistiesiintym\u00e4n. Toimipisteit\u00e4 ovat tunturin p\u00e4\u00e4ll\u00e4 sijaitseva Ametistikaivos, tunturin juurella sijaitseva Lampivaaran kahvio ja Luoston keskustassa sijaitseva Ametistikauppa. <\/p>\n\n\n\n<p>Yritys on perustettu vuonna 1993 hy\u00f6dynt\u00e4m\u00e4\u00e4n Lampivaaran ametistiesiintym\u00e4\u00e4.&nbsp; Yhti\u00f6lle laadittiin vuonna 1995 liiketoimintasuunnitelma, jonka pohjalta yhti\u00f6 edelleenkin toimii.&nbsp;&nbsp; Liikeideansa mukaisesti Kaivosyhti\u00f6 tarjoaa ametistiin ja kaivokseen liittyvi\u00e4 el\u00e4myksi\u00e4 kotimaisille ja kansainv\u00e4lisille matkailijoille.&nbsp; Tavoitteena on tuottaa asiakkaille kaikilla aistikanavilla koettavaa mielihyv\u00e4\u00e4.<\/p>\n\n\n\n<p>Liiketoimintasuunnitelmassa\nkaivosyhti\u00f6n arvoiksi m\u00e4\u00e4riteltiin luonnon kunnioitus, ihmisen kunnioitus ja\naitous. Edelleenkin n\u00e4m\u00e4 ovat yhti\u00f6n perusarvoja. Vuonna 2005\nstrategiap\u00e4ivityksen yhteydess\u00e4 arvoihin liitettiin kest\u00e4v\u00e4n matkailun\nperiaatteen noudattaminen, aitojen el\u00e4mysten tuottaminen ja toiminnan\nammattimainen laatu.<\/p>\n","protected":false},"excerpt":{"rendered":"<p>Kaivosyhti\u00f6 Arctic Ametisti Oy on yksityinen osakeyhti\u00f6. Yhti\u00f6ll\u00e4 on Lampivaaran kaivospiiri, joka sis\u00e4lt\u00e4\u00e4 Euroopan rikkaimman tunnetun ametistiesiintym\u00e4n. Toimipisteit\u00e4 ovat tunturin p\u00e4\u00e4ll\u00e4 sijaitseva Ametistikaivos, tunturin juurella sijaitseva Lampivaaran kahvio ja Luoston keskustassa sijaitseva Ametistikauppa. Yritys on perustettu vuonna 1993 hy\u00f6dynt\u00e4m\u00e4\u00e4n Lampivaaran ametistiesiintym\u00e4\u00e4.&nbsp; Yhti\u00f6lle laadittiin vuonna 1995 liiketoimintasuunnitelma, jonka pohjalta yhti\u00f6 edelleenkin toimii.&nbsp;&nbsp; Liikeideansa mukaisesti Kaivosyhti\u00f6 tarjoaa [&hellip;]<\/p>\n","protected":false},"author":14,"featured_media":18,"parent":0,"menu_order":0,"comment_status":"closed","ping_status":"closed","template":"","meta":{"_acf_changed":false,"_genesis_hide_title":false,"_genesis_hide_breadcrumbs":false,"_genesis_hide_singular_image":false,"_genesis_hide_footer_widgets":false,"_genesis_custom_body_class":"","_genesis_custom_post_class":"","_genesis_layout":"","footnotes":""},"class_list":{"0":"post-754","1":"page","2":"type-page","3":"status-publish","4":"has-post-thumbnail","6":"entry"},"acf":[],"yoast_head":"<!-- This site is optimized with the Yoast SEO plugin v27.4 - https:\/\/yoast.com\/product\/yoast-seo-wordpress\/ -->\n<title>Yhti\u00f6 - Amethystmine.fi<\/title>\n<meta name=\"description\" content=\"Kaivosyhti\u00f6 Arctic Ametisti Oy on yksityinen osakeyhti\u00f6. Yhti\u00f6ll\u00e4 on Lampivaaran kaivospiiri, joka sis\u00e4lt\u00e4\u00e4 Euroopan rikkaimman tunnetun ametistiesiintym\u00e4n.\" \/>\n<meta name=\"robots\" content=\"index, follow, max-snippet:-1, max-image-preview:large, max-video-preview:-1\" \/>\n<link rel=\"canonical\" href=\"https:\/\/www.amethystmine.fi\/fi\/yhtio\/\" \/>\n<meta property=\"og:locale\" content=\"fi_FI\" \/>\n<meta property=\"og:type\" content=\"article\" \/>\n<meta property=\"og:title\" content=\"Yhti\u00f6 - Amethystmine.fi\" \/>\n<meta property=\"og:description\" content=\"Kaivosyhti\u00f6 Arctic Ametisti Oy on yksityinen osakeyhti\u00f6. Yhti\u00f6ll\u00e4 on Lampivaaran kaivospiiri, joka sis\u00e4lt\u00e4\u00e4 Euroopan rikkaimman tunnetun ametistiesiintym\u00e4n.\" \/>\n<meta property=\"og:url\" content=\"https:\/\/www.amethystmine.fi\/fi\/yhtio\/\" \/>\n<meta property=\"og:site_name\" content=\"Amethystmine.fi\" \/>\n<meta property=\"article:publisher\" content=\"https:\/\/www.facebook.com\/Amethystmine\" \/>\n<meta property=\"article:modified_time\" content=\"2024-01-06T16:06:11+00:00\" \/>\n<meta property=\"og:image\" content=\"https:\/\/www.amethystmine.fi\/wp-content\/uploads\/2018\/11\/logo.png\" \/>\n\t<meta property=\"og:image:width\" content=\"186\" \/>\n\t<meta property=\"og:image:height\" content=\"76\" \/>\n\t<meta property=\"og:image:type\" content=\"image\/png\" \/>\n<meta name=\"twitter:card\" content=\"summary_large_image\" \/>\n<meta name=\"twitter:label1\" content=\"Arvioitu lukuaika\" \/>\n\t<meta name=\"twitter:data1\" content=\"1 minuutti\" \/>\n<script type=\"application\/ld+json\" class=\"yoast-schema-graph\">{\"@context\":\"https:\\\/\\\/schema.org\",\"@graph\":[{\"@type\":\"WebPage\",\"@id\":\"https:\\\/\\\/www.amethystmine.fi\\\/fi\\\/yhtio\\\/\",\"url\":\"https:\\\/\\\/www.amethystmine.fi\\\/fi\\\/yhtio\\\/\",\"name\":\"Yhti\u00f6 - Amethystmine.fi\",\"isPartOf\":{\"@id\":\"https:\\\/\\\/www.amethystmine.fi\\\/fi\\\/#website\"},\"primaryImageOfPage\":{\"@id\":\"https:\\\/\\\/www.amethystmine.fi\\\/fi\\\/yhtio\\\/#primaryimage\"},\"image\":{\"@id\":\"https:\\\/\\\/www.amethystmine.fi\\\/fi\\\/yhtio\\\/#primaryimage\"},\"thumbnailUrl\":\"https:\\\/\\\/www.amethystmine.fi\\\/wp-content\\\/uploads\\\/2018\\\/11\\\/logo.png\",\"datePublished\":\"2019-02-14T12:54:17+00:00\",\"dateModified\":\"2024-01-06T16:06:11+00:00\",\"description\":\"Kaivosyhti\u00f6 Arctic Ametisti Oy on yksityinen osakeyhti\u00f6. Yhti\u00f6ll\u00e4 on Lampivaaran kaivospiiri, joka sis\u00e4lt\u00e4\u00e4 Euroopan rikkaimman tunnetun ametistiesiintym\u00e4n.\",\"breadcrumb\":{\"@id\":\"https:\\\/\\\/www.amethystmine.fi\\\/fi\\\/yhtio\\\/#breadcrumb\"},\"inLanguage\":\"fi\",\"potentialAction\":[{\"@type\":\"ReadAction\",\"target\":[\"https:\\\/\\\/www.amethystmine.fi\\\/fi\\\/yhtio\\\/\"]}]},{\"@type\":\"ImageObject\",\"inLanguage\":\"fi\",\"@id\":\"https:\\\/\\\/www.amethystmine.fi\\\/fi\\\/yhtio\\\/#primaryimage\",\"url\":\"https:\\\/\\\/www.amethystmine.fi\\\/wp-content\\\/uploads\\\/2018\\\/11\\\/logo.png\",\"contentUrl\":\"https:\\\/\\\/www.amethystmine.fi\\\/wp-content\\\/uploads\\\/2018\\\/11\\\/logo.png\",\"width\":186,\"height\":76},{\"@type\":\"BreadcrumbList\",\"@id\":\"https:\\\/\\\/www.amethystmine.fi\\\/fi\\\/yhtio\\\/#breadcrumb\",\"itemListElement\":[{\"@type\":\"ListItem\",\"position\":1,\"name\":\"Home\",\"item\":\"https:\\\/\\\/www.amethystmine.fi\\\/fi\\\/\"},{\"@type\":\"ListItem\",\"position\":2,\"name\":\"Yhti\u00f6\"}]},{\"@type\":\"WebSite\",\"@id\":\"https:\\\/\\\/www.amethystmine.fi\\\/fi\\\/#website\",\"url\":\"https:\\\/\\\/www.amethystmine.fi\\\/fi\\\/\",\"name\":\"Amethystmine.fi\",\"description\":\"Ihan uusi WordPress-sivusto\",\"publisher\":{\"@id\":\"https:\\\/\\\/www.amethystmine.fi\\\/fi\\\/#organization\"},\"potentialAction\":[{\"@type\":\"SearchAction\",\"target\":{\"@type\":\"EntryPoint\",\"urlTemplate\":\"https:\\\/\\\/www.amethystmine.fi\\\/fi\\\/?s={search_term_string}\"},\"query-input\":{\"@type\":\"PropertyValueSpecification\",\"valueRequired\":true,\"valueName\":\"search_term_string\"}}],\"inLanguage\":\"fi\"},{\"@type\":\"Organization\",\"@id\":\"https:\\\/\\\/www.amethystmine.fi\\\/fi\\\/#organization\",\"name\":\"Amethystmine.fi\",\"url\":\"https:\\\/\\\/www.amethystmine.fi\\\/fi\\\/\",\"logo\":{\"@type\":\"ImageObject\",\"inLanguage\":\"fi\",\"@id\":\"https:\\\/\\\/www.amethystmine.fi\\\/fi\\\/#\\\/schema\\\/logo\\\/image\\\/\",\"url\":\"https:\\\/\\\/www.amethystmine.fi\\\/wp-content\\\/uploads\\\/2018\\\/11\\\/logo.png\",\"contentUrl\":\"https:\\\/\\\/www.amethystmine.fi\\\/wp-content\\\/uploads\\\/2018\\\/11\\\/logo.png\",\"width\":186,\"height\":76,\"caption\":\"Amethystmine.fi\"},\"image\":{\"@id\":\"https:\\\/\\\/www.amethystmine.fi\\\/fi\\\/#\\\/schema\\\/logo\\\/image\\\/\"},\"sameAs\":[\"https:\\\/\\\/www.facebook.com\\\/Amethystmine\"]}]}<\/script>\n<!-- \/ Yoast SEO plugin. -->","yoast_head_json":{"title":"Yhti\u00f6 - Amethystmine.fi","description":"Kaivosyhti\u00f6 Arctic Ametisti Oy on yksityinen osakeyhti\u00f6. Yhti\u00f6ll\u00e4 on Lampivaaran kaivospiiri, joka sis\u00e4lt\u00e4\u00e4 Euroopan rikkaimman tunnetun ametistiesiintym\u00e4n.","robots":{"index":"index","follow":"follow","max-snippet":"max-snippet:-1","max-image-preview":"max-image-preview:large","max-video-preview":"max-video-preview:-1"},"canonical":"https:\/\/www.amethystmine.fi\/fi\/yhtio\/","og_locale":"fi_FI","og_type":"article","og_title":"Yhti\u00f6 - Amethystmine.fi","og_description":"Kaivosyhti\u00f6 Arctic Ametisti Oy on yksityinen osakeyhti\u00f6. Yhti\u00f6ll\u00e4 on Lampivaaran kaivospiiri, joka sis\u00e4lt\u00e4\u00e4 Euroopan rikkaimman tunnetun ametistiesiintym\u00e4n.","og_url":"https:\/\/www.amethystmine.fi\/fi\/yhtio\/","og_site_name":"Amethystmine.fi","article_publisher":"https:\/\/www.facebook.com\/Amethystmine","article_modified_time":"2024-01-06T16:06:11+00:00","og_image":[{"width":186,"height":76,"url":"https:\/\/www.amethystmine.fi\/wp-content\/uploads\/2018\/11\/logo.png","type":"image\/png"}],"twitter_card":"summary_large_image","twitter_misc":{"Arvioitu lukuaika":"1 minuutti"},"schema":{"@context":"https:\/\/schema.org","@graph":[{"@type":"WebPage","@id":"https:\/\/www.amethystmine.fi\/fi\/yhtio\/","url":"https:\/\/www.amethystmine.fi\/fi\/yhtio\/","name":"Yhti\u00f6 - Amethystmine.fi","isPartOf":{"@id":"https:\/\/www.amethystmine.fi\/fi\/#website"},"primaryImageOfPage":{"@id":"https:\/\/www.amethystmine.fi\/fi\/yhtio\/#primaryimage"},"image":{"@id":"https:\/\/www.amethystmine.fi\/fi\/yhtio\/#primaryimage"},"thumbnailUrl":"https:\/\/www.amethystmine.fi\/wp-content\/uploads\/2018\/11\/logo.png","datePublished":"2019-02-14T12:54:17+00:00","dateModified":"2024-01-06T16:06:11+00:00","description":"Kaivosyhti\u00f6 Arctic Ametisti Oy on yksityinen osakeyhti\u00f6. Yhti\u00f6ll\u00e4 on Lampivaaran kaivospiiri, joka sis\u00e4lt\u00e4\u00e4 Euroopan rikkaimman tunnetun ametistiesiintym\u00e4n.","breadcrumb":{"@id":"https:\/\/www.amethystmine.fi\/fi\/yhtio\/#breadcrumb"},"inLanguage":"fi","potentialAction":[{"@type":"ReadAction","target":["https:\/\/www.amethystmine.fi\/fi\/yhtio\/"]}]},{"@type":"ImageObject","inLanguage":"fi","@id":"https:\/\/www.amethystmine.fi\/fi\/yhtio\/#primaryimage","url":"https:\/\/www.amethystmine.fi\/wp-content\/uploads\/2018\/11\/logo.png","contentUrl":"https:\/\/www.amethystmine.fi\/wp-content\/uploads\/2018\/11\/logo.png","width":186,"height":76},{"@type":"BreadcrumbList","@id":"https:\/\/www.amethystmine.fi\/fi\/yhtio\/#breadcrumb","itemListElement":[{"@type":"ListItem","position":1,"name":"Home","item":"https:\/\/www.amethystmine.fi\/fi\/"},{"@type":"ListItem","position":2,"name":"Yhti\u00f6"}]},{"@type":"WebSite","@id":"https:\/\/www.amethystmine.fi\/fi\/#website","url":"https:\/\/www.amethystmine.fi\/fi\/","name":"Amethystmine.fi","description":"Ihan uusi WordPress-sivusto","publisher":{"@id":"https:\/\/www.amethystmine.fi\/fi\/#organization"},"potentialAction":[{"@type":"SearchAction","target":{"@type":"EntryPoint","urlTemplate":"https:\/\/www.amethystmine.fi\/fi\/?s={search_term_string}"},"query-input":{"@type":"PropertyValueSpecification","valueRequired":true,"valueName":"search_term_string"}}],"inLanguage":"fi"},{"@type":"Organization","@id":"https:\/\/www.amethystmine.fi\/fi\/#organization","name":"Amethystmine.fi","url":"https:\/\/www.amethystmine.fi\/fi\/","logo":{"@type":"ImageObject","inLanguage":"fi","@id":"https:\/\/www.amethystmine.fi\/fi\/#\/schema\/logo\/image\/","url":"https:\/\/www.amethystmine.fi\/wp-content\/uploads\/2018\/11\/logo.png","contentUrl":"https:\/\/www.amethystmine.fi\/wp-content\/uploads\/2018\/11\/logo.png","width":186,"height":76,"caption":"Amethystmine.fi"},"image":{"@id":"https:\/\/www.amethystmine.fi\/fi\/#\/schema\/logo\/image\/"},"sameAs":["https:\/\/www.facebook.com\/Amethystmine"]}]}},"_links":{"self":[{"href":"https:\/\/www.amethystmine.fi\/fi\/wp-json\/wp\/v2\/pages\/754","targetHints":{"allow":["GET"]}}],"collection":[{"href":"https:\/\/www.amethystmine.fi\/fi\/wp-json\/wp\/v2\/pages"}],"about":[{"href":"https:\/\/www.amethystmine.fi\/fi\/wp-json\/wp\/v2\/types\/page"}],"author":[{"embeddable":true,"href":"https:\/\/www.amethystmine.fi\/fi\/wp-json\/wp\/v2\/users\/14"}],"replies":[{"embeddable":true,"href":"https:\/\/www.amethystmine.fi\/fi\/wp-json\/wp\/v2\/comments?post=754"}],"version-history":[{"count":2,"href":"https:\/\/www.amethystmine.fi\/fi\/wp-json\/wp\/v2\/pages\/754\/revisions"}],"predecessor-version":[{"id":7182,"href":"https:\/\/www.amethystmine.fi\/fi\/wp-json\/wp\/v2\/pages\/754\/revisions\/7182"}],"wp:featuredmedia":[{"embeddable":true,"href":"https:\/\/www.amethystmine.fi\/fi\/wp-json\/wp\/v2\/media\/18"}],"wp:attachment":[{"href":"https:\/\/www.amethystmine.fi\/fi\/wp-json\/wp\/v2\/media?parent=754"}],"curies":[{"name":"wp","href":"https:\/\/api.w.org\/{rel}","templated":true}]}}