{"id":91,"date":"2018-11-22T15:36:05","date_gmt":"2018-11-22T13:36:05","guid":{"rendered":"https:\/\/www.amethystmine.fi\/?page_id=91"},"modified":"2025-02-25T13:46:57","modified_gmt":"2025-02-25T11:46:57","slug":"sijainti","status":"publish","type":"page","link":"https:\/\/www.amethystmine.fi\/fi\/vieraile\/sijainti\/","title":{"rendered":"Sijainti"},"content":{"rendered":"\n<p><strong>Lampivaaran Ametistikaivos \u2013 keskell\u00e4 Suomen Lappia ja Pyh\u00e4-Luoston kansallispuistoa! <\/strong><\/p>\n\n\n\n<p>Ametistikaivos sijaitsee aivan Sodankyl\u00e4n ja Pelkosenniemen kunnan rajamailla, kahden matkailukeskuksen,&nbsp;<a href=\"http:\/\/www.luosto.fi\/\" target=\"_blank\" rel=\"noreferrer noopener\">Luoston<\/a>&nbsp;ja&nbsp;<a href=\"http:\/\/www.pyha.fi\/\" target=\"_blank\" rel=\"noreferrer noopener\">Pyh\u00e4n<\/a>&nbsp;v\u00e4liss\u00e4. Erikoiseksi sijainnin tekee my\u00f6s sijoittuminen keskelle Pyh\u00e4 \u2013 Luoston kansallispuistoa, joten upeita maisemia saa ihastella l\u00e4pi eri vuodenaikojen. <\/p>\n\n\n\n<figure class=\"wp-block-image size-full\"><img loading=\"lazy\" decoding=\"async\" width=\"471\" height=\"858\" src=\"data:image\/gif;base64,R0lGODlhAQABAAAAACH5BAEKAAEALAAAAAABAAEAAAICTAEAOw==\" alt=\"\" class=\"wp-image-6992 lazyload\" sizes=\"auto, (max-width: 471px) 100vw, 471px\" data-src=\"https:\/\/www.amethystmine.fi\/wp-content\/uploads\/2023\/11\/image-2.png\" data-srcset=\"https:\/\/www.amethystmine.fi\/wp-content\/uploads\/2023\/11\/image-2.png 471w, https:\/\/www.amethystmine.fi\/wp-content\/uploads\/2023\/11\/image-2-165x300.png 165w\"><\/figure>\n\n\n\n<p><\/p>\n\n\n\n<p>Herk\u00e4n ymp\u00e4rist\u00f6n vuoksi yksityisautoilu ei ole sallittua. Luoston keskustasta matkaa kaivokselle on noin 5 kilometri\u00e4.  L\u00e4himm\u00e4t parkkipaikat sijaitsevat Ukko-Luostolla (2,5 km) ja Rykim\u00e4kerolla (2,2 km). Taksit ja tilausajot voivat ajaa kes\u00e4aikaan huoltotiet\u00e4 pitkin perille Lampivaaran kahvilalle, josta kaivosvierailut alkavat. Tarkistathan lis\u00e4tiedot kaivosvierailusta ja reittikuvaukset <a href=\"https:\/\/www.amethystmine.fi\/fi\/vieraile\/talvella\/\">talvi<\/a>&#8211; &amp; <a href=\"https:\/\/www.amethystmine.fi\/fi\/vieraile\/kesalla\/\">kes\u00e4aikaan<\/a>.  <\/p>\n\n\n\n<p><strong>Vuokraa auto Europcarilta ja saavu helposti kaivokselle!<\/strong><\/p>\n\n\n\n<p> <a href=\"https:\/\/www.europcar.fi\/fi-fi\/p\/amethystmine\">Tutustu vuokra-autoihin t\u00e4st\u00e4.<\/a><\/p>\n\n\n\n<p><strong>Rovaniemelt\u00e4 Luostolle Skibussilla<\/strong><\/p>\n\n\n\n<p>Rovaniemelt\u00e4 p\u00e4\u00e4see helposti Luostolle Skibussilla ymp\u00e4ri vuoden. Aikataulut voi tarkistaa t\u00e4\u00e4lt\u00e4: <a href=\"https:\/\/www.luosto.fi\/sites\/luosto\/files\/inline-files\/Pyha_Luosto_skibus_talvi_0.pdf\">talviaikataulu<\/a>. <strong> <\/strong><\/p>\n\n\n\n<p><strong>Yhteystiedot Skibus: <\/strong><\/p>\n\n\n\n<p>Kutilan Liikenne Oy<br>Puhelin: +358 16 364 300 (kuljettajien puhelinnumerot aikataulussa)<br>Email: info@kutilan.fi <\/p>\n\n\n\n<p><a href=\"https:\/\/luosto.fi\/luosto\/luosto\/matkusta-luostolle\">Tutustu my\u00f6s muihin vaihtoehtoihin miten saapua Luostolle<\/a><\/p>\n\n\n\n<p><strong>Ametistikauppa <\/strong><\/p>\n\n\n\n<p>Ametistikauppa sijaitsee aivan Luoston keskustassa. L\u00e4hin bussipys\u00e4kki on Lapland Hotels Luostotunturi, joka sijaitsee vastap\u00e4\u00e4t\u00e4 kauppaa.  Ametistikaupasta voit ostaa liput Luoston keskustasta ja Ukko-Luoston parkkipaikalta l\u00e4hteviin kaivosvierailuihin. Lampivaaran kahvion l\u00e4ht\u00f6ihin liput myyd\u00e4\u00e4n kahviolta ennen l\u00e4ht\u00f6\u00e4 kaivokselle.&nbsp;<\/p>\n\n\n\n<p><strong>Kaipaatko lis\u00e4tietoja? Autamme mielell\u00e4mme: <br><\/strong>Ametistikauppa<br>Osoite: Luostontie 4, 99555 Luosto<br>Email: kaivos@ametistikaivos.fi<br>Puh. 016 624 334<\/p>\n\n\n\n<p><strong>Eri toimipisteiden tarkemmat sijainnit: <\/strong><\/p>\n\n\n\n<ul class=\"wp-block-list\">\n<li>Ametistikauppa: Luostontie 4, 99555 Luosto. Luoston keskustassa, Luoston Syd\u00e4n -liikekeskuksessa vastap\u00e4\u00e4t\u00e4 Lapland Hotel Luostotunturia.&nbsp;<em>&nbsp;<\/em><\/li>\n\n\n\n<li>Ukko-Luoston parkkipaikka: Ukkoluostontie, 99555 Luosto. Noin 2,5 km Luoston keskustasta. &nbsp;Google Maps: &#8221;Ametistikaivos \/ Arctic Ametisti Oy&#8221;.<\/li>\n\n\n\n<li>Lampivaaran kahvio: Lampivaarantie, ei numeroa. Sijainti Pyh\u00e4-Luoston kansallispuiston keskell\u00e4 noin 5 km Luoston keskustasta ja 2,5 km Ukko-Luoston parkkipaikalta. <\/li>\n\n\n\n<li>Lampivaaran Ametistikaivos: Kaivos sijaitsee Lampivaaran kahvion pihapiirin v\u00e4litt\u00f6m\u00e4ss\u00e4 l\u00e4heisyydess\u00e4. Kaivoskierrosten l\u00e4ht\u00f6paikka on Lampivaaran kahvio. Google Maps: &#8221;Lampivaaran Ametistikaivos&#8221;.<\/li>\n<\/ul>\n\n\n\n<figure class=\"wp-block-image\"><img loading=\"lazy\" decoding=\"async\" width=\"1024\" height=\"745\" src=\"data:image\/gif;base64,R0lGODlhAQABAAAAACH5BAEKAAEALAAAAAABAAEAAAICTAEAOw==\" alt=\"\" class=\"wp-image-2520 lazyload\" data-src=\"https:\/\/www.amethystmine.fi\/wp-content\/uploads\/2019\/06\/kartta_piirretty-1024x745.jpg\"><\/figure>\n","protected":false},"excerpt":{"rendered":"<p>Lampivaaran Ametistikaivos \u2013 keskell\u00e4 Suomen Lappia ja Pyh\u00e4-Luoston kansallispuistoa! Ametistikaivos sijaitsee aivan Sodankyl\u00e4n ja Pelkosenniemen kunnan rajamailla, kahden matkailukeskuksen,&nbsp;Luoston&nbsp;ja&nbsp;Pyh\u00e4n&nbsp;v\u00e4liss\u00e4. Erikoiseksi sijainnin tekee my\u00f6s sijoittuminen keskelle Pyh\u00e4 \u2013 Luoston kansallispuistoa, joten upeita maisemia saa ihastella l\u00e4pi eri vuodenaikojen. Herk\u00e4n ymp\u00e4rist\u00f6n vuoksi yksityisautoilu ei ole sallittua. Luoston keskustasta matkaa kaivokselle on noin 5 kilometri\u00e4. L\u00e4himm\u00e4t parkkipaikat sijaitsevat [&hellip;]<\/p>\n","protected":false},"author":1,"featured_media":103,"parent":24,"menu_order":0,"comment_status":"closed","ping_status":"closed","template":"","meta":{"_acf_changed":false,"_genesis_hide_title":false,"_genesis_hide_breadcrumbs":false,"_genesis_hide_singular_image":false,"_genesis_hide_footer_widgets":false,"_genesis_custom_body_class":"","_genesis_custom_post_class":"","_genesis_layout":"","footnotes":""},"class_list":{"0":"post-91","1":"page","2":"type-page","3":"status-publish","4":"has-post-thumbnail","6":"entry"},"acf":[],"yoast_head":"<!-- This site is optimized with the Yoast SEO plugin v27.4 - https:\/\/yoast.com\/product\/yoast-seo-wordpress\/ -->\n<title>Sijainti - Amethystmine.fi<\/title>\n<meta name=\"description\" content=\"Ametistikaivos sijaitsee keskell\u00e4 kaunista Pyh\u00e4-Luoston kansallispuistoa ja on avoinna ymp\u00e4ri vuoden.\" \/>\n<meta name=\"robots\" content=\"index, follow, max-snippet:-1, max-image-preview:large, max-video-preview:-1\" \/>\n<link rel=\"canonical\" href=\"https:\/\/www.amethystmine.fi\/fi\/vieraile\/sijainti\/\" \/>\n<meta property=\"og:locale\" content=\"fi_FI\" \/>\n<meta property=\"og:type\" content=\"article\" \/>\n<meta property=\"og:title\" content=\"Sijainti - Amethystmine.fi\" \/>\n<meta property=\"og:description\" content=\"Ametistikaivos sijaitsee keskell\u00e4 kaunista Pyh\u00e4-Luoston kansallispuistoa ja on avoinna ymp\u00e4ri vuoden.\" \/>\n<meta property=\"og:url\" content=\"https:\/\/www.amethystmine.fi\/fi\/vieraile\/sijainti\/\" \/>\n<meta property=\"og:site_name\" content=\"Amethystmine.fi\" \/>\n<meta property=\"article:publisher\" content=\"https:\/\/www.facebook.com\/Amethystmine\" \/>\n<meta property=\"article:modified_time\" content=\"2025-02-25T11:46:57+00:00\" \/>\n<meta property=\"og:image\" content=\"https:\/\/www.amethystmine.fi\/wp-content\/uploads\/2018\/11\/YHTI\u00d6.jpg\" \/>\n\t<meta property=\"og:image:width\" content=\"1903\" \/>\n\t<meta property=\"og:image:height\" content=\"489\" \/>\n\t<meta property=\"og:image:type\" content=\"image\/jpeg\" \/>\n<meta name=\"twitter:card\" content=\"summary_large_image\" \/>\n<meta name=\"twitter:label1\" content=\"Arvioitu lukuaika\" \/>\n\t<meta name=\"twitter:data1\" content=\"2 minuuttia\" \/>\n<script type=\"application\/ld+json\" class=\"yoast-schema-graph\">{\"@context\":\"https:\\\/\\\/schema.org\",\"@graph\":[{\"@type\":\"WebPage\",\"@id\":\"https:\\\/\\\/www.amethystmine.fi\\\/fi\\\/vieraile\\\/sijainti\\\/\",\"url\":\"https:\\\/\\\/www.amethystmine.fi\\\/fi\\\/vieraile\\\/sijainti\\\/\",\"name\":\"Sijainti - Amethystmine.fi\",\"isPartOf\":{\"@id\":\"https:\\\/\\\/www.amethystmine.fi\\\/fi\\\/#website\"},\"primaryImageOfPage\":{\"@id\":\"https:\\\/\\\/www.amethystmine.fi\\\/fi\\\/vieraile\\\/sijainti\\\/#primaryimage\"},\"image\":{\"@id\":\"https:\\\/\\\/www.amethystmine.fi\\\/fi\\\/vieraile\\\/sijainti\\\/#primaryimage\"},\"thumbnailUrl\":\"https:\\\/\\\/www.amethystmine.fi\\\/wp-content\\\/uploads\\\/2018\\\/11\\\/YHTI\u00d6.jpg\",\"datePublished\":\"2018-11-22T13:36:05+00:00\",\"dateModified\":\"2025-02-25T11:46:57+00:00\",\"description\":\"Ametistikaivos sijaitsee keskell\u00e4 kaunista Pyh\u00e4-Luoston kansallispuistoa ja on avoinna ymp\u00e4ri vuoden.\",\"breadcrumb\":{\"@id\":\"https:\\\/\\\/www.amethystmine.fi\\\/fi\\\/vieraile\\\/sijainti\\\/#breadcrumb\"},\"inLanguage\":\"fi\",\"potentialAction\":[{\"@type\":\"ReadAction\",\"target\":[\"https:\\\/\\\/www.amethystmine.fi\\\/fi\\\/vieraile\\\/sijainti\\\/\"]}]},{\"@type\":\"ImageObject\",\"inLanguage\":\"fi\",\"@id\":\"https:\\\/\\\/www.amethystmine.fi\\\/fi\\\/vieraile\\\/sijainti\\\/#primaryimage\",\"url\":\"https:\\\/\\\/www.amethystmine.fi\\\/wp-content\\\/uploads\\\/2018\\\/11\\\/YHTI\u00d6.jpg\",\"contentUrl\":\"https:\\\/\\\/www.amethystmine.fi\\\/wp-content\\\/uploads\\\/2018\\\/11\\\/YHTI\u00d6.jpg\",\"width\":1903,\"height\":489},{\"@type\":\"BreadcrumbList\",\"@id\":\"https:\\\/\\\/www.amethystmine.fi\\\/fi\\\/vieraile\\\/sijainti\\\/#breadcrumb\",\"itemListElement\":[{\"@type\":\"ListItem\",\"position\":1,\"name\":\"Home\",\"item\":\"https:\\\/\\\/www.amethystmine.fi\\\/fi\\\/\"},{\"@type\":\"ListItem\",\"position\":2,\"name\":\"Vieraile\",\"item\":\"https:\\\/\\\/www.amethystmine.fi\\\/fi\\\/vieraile\\\/\"},{\"@type\":\"ListItem\",\"position\":3,\"name\":\"Sijainti\"}]},{\"@type\":\"WebSite\",\"@id\":\"https:\\\/\\\/www.amethystmine.fi\\\/fi\\\/#website\",\"url\":\"https:\\\/\\\/www.amethystmine.fi\\\/fi\\\/\",\"name\":\"Amethystmine.fi\",\"description\":\"Ihan uusi WordPress-sivusto\",\"publisher\":{\"@id\":\"https:\\\/\\\/www.amethystmine.fi\\\/fi\\\/#organization\"},\"potentialAction\":[{\"@type\":\"SearchAction\",\"target\":{\"@type\":\"EntryPoint\",\"urlTemplate\":\"https:\\\/\\\/www.amethystmine.fi\\\/fi\\\/?s={search_term_string}\"},\"query-input\":{\"@type\":\"PropertyValueSpecification\",\"valueRequired\":true,\"valueName\":\"search_term_string\"}}],\"inLanguage\":\"fi\"},{\"@type\":\"Organization\",\"@id\":\"https:\\\/\\\/www.amethystmine.fi\\\/fi\\\/#organization\",\"name\":\"Amethystmine.fi\",\"url\":\"https:\\\/\\\/www.amethystmine.fi\\\/fi\\\/\",\"logo\":{\"@type\":\"ImageObject\",\"inLanguage\":\"fi\",\"@id\":\"https:\\\/\\\/www.amethystmine.fi\\\/fi\\\/#\\\/schema\\\/logo\\\/image\\\/\",\"url\":\"https:\\\/\\\/www.amethystmine.fi\\\/wp-content\\\/uploads\\\/2018\\\/11\\\/logo.png\",\"contentUrl\":\"https:\\\/\\\/www.amethystmine.fi\\\/wp-content\\\/uploads\\\/2018\\\/11\\\/logo.png\",\"width\":186,\"height\":76,\"caption\":\"Amethystmine.fi\"},\"image\":{\"@id\":\"https:\\\/\\\/www.amethystmine.fi\\\/fi\\\/#\\\/schema\\\/logo\\\/image\\\/\"},\"sameAs\":[\"https:\\\/\\\/www.facebook.com\\\/Amethystmine\"]}]}<\/script>\n<!-- \/ Yoast SEO plugin. -->","yoast_head_json":{"title":"Sijainti - Amethystmine.fi","description":"Ametistikaivos sijaitsee keskell\u00e4 kaunista Pyh\u00e4-Luoston kansallispuistoa ja on avoinna ymp\u00e4ri vuoden.","robots":{"index":"index","follow":"follow","max-snippet":"max-snippet:-1","max-image-preview":"max-image-preview:large","max-video-preview":"max-video-preview:-1"},"canonical":"https:\/\/www.amethystmine.fi\/fi\/vieraile\/sijainti\/","og_locale":"fi_FI","og_type":"article","og_title":"Sijainti - Amethystmine.fi","og_description":"Ametistikaivos sijaitsee keskell\u00e4 kaunista Pyh\u00e4-Luoston kansallispuistoa ja on avoinna ymp\u00e4ri vuoden.","og_url":"https:\/\/www.amethystmine.fi\/fi\/vieraile\/sijainti\/","og_site_name":"Amethystmine.fi","article_publisher":"https:\/\/www.facebook.com\/Amethystmine","article_modified_time":"2025-02-25T11:46:57+00:00","og_image":[{"width":1903,"height":489,"url":"https:\/\/www.amethystmine.fi\/wp-content\/uploads\/2018\/11\/YHTI\u00d6.jpg","type":"image\/jpeg"}],"twitter_card":"summary_large_image","twitter_misc":{"Arvioitu lukuaika":"2 minuuttia"},"schema":{"@context":"https:\/\/schema.org","@graph":[{"@type":"WebPage","@id":"https:\/\/www.amethystmine.fi\/fi\/vieraile\/sijainti\/","url":"https:\/\/www.amethystmine.fi\/fi\/vieraile\/sijainti\/","name":"Sijainti - Amethystmine.fi","isPartOf":{"@id":"https:\/\/www.amethystmine.fi\/fi\/#website"},"primaryImageOfPage":{"@id":"https:\/\/www.amethystmine.fi\/fi\/vieraile\/sijainti\/#primaryimage"},"image":{"@id":"https:\/\/www.amethystmine.fi\/fi\/vieraile\/sijainti\/#primaryimage"},"thumbnailUrl":"https:\/\/www.amethystmine.fi\/wp-content\/uploads\/2018\/11\/YHTI\u00d6.jpg","datePublished":"2018-11-22T13:36:05+00:00","dateModified":"2025-02-25T11:46:57+00:00","description":"Ametistikaivos sijaitsee keskell\u00e4 kaunista Pyh\u00e4-Luoston kansallispuistoa ja on avoinna ymp\u00e4ri vuoden.","breadcrumb":{"@id":"https:\/\/www.amethystmine.fi\/fi\/vieraile\/sijainti\/#breadcrumb"},"inLanguage":"fi","potentialAction":[{"@type":"ReadAction","target":["https:\/\/www.amethystmine.fi\/fi\/vieraile\/sijainti\/"]}]},{"@type":"ImageObject","inLanguage":"fi","@id":"https:\/\/www.amethystmine.fi\/fi\/vieraile\/sijainti\/#primaryimage","url":"https:\/\/www.amethystmine.fi\/wp-content\/uploads\/2018\/11\/YHTI\u00d6.jpg","contentUrl":"https:\/\/www.amethystmine.fi\/wp-content\/uploads\/2018\/11\/YHTI\u00d6.jpg","width":1903,"height":489},{"@type":"BreadcrumbList","@id":"https:\/\/www.amethystmine.fi\/fi\/vieraile\/sijainti\/#breadcrumb","itemListElement":[{"@type":"ListItem","position":1,"name":"Home","item":"https:\/\/www.amethystmine.fi\/fi\/"},{"@type":"ListItem","position":2,"name":"Vieraile","item":"https:\/\/www.amethystmine.fi\/fi\/vieraile\/"},{"@type":"ListItem","position":3,"name":"Sijainti"}]},{"@type":"WebSite","@id":"https:\/\/www.amethystmine.fi\/fi\/#website","url":"https:\/\/www.amethystmine.fi\/fi\/","name":"Amethystmine.fi","description":"Ihan uusi WordPress-sivusto","publisher":{"@id":"https:\/\/www.amethystmine.fi\/fi\/#organization"},"potentialAction":[{"@type":"SearchAction","target":{"@type":"EntryPoint","urlTemplate":"https:\/\/www.amethystmine.fi\/fi\/?s={search_term_string}"},"query-input":{"@type":"PropertyValueSpecification","valueRequired":true,"valueName":"search_term_string"}}],"inLanguage":"fi"},{"@type":"Organization","@id":"https:\/\/www.amethystmine.fi\/fi\/#organization","name":"Amethystmine.fi","url":"https:\/\/www.amethystmine.fi\/fi\/","logo":{"@type":"ImageObject","inLanguage":"fi","@id":"https:\/\/www.amethystmine.fi\/fi\/#\/schema\/logo\/image\/","url":"https:\/\/www.amethystmine.fi\/wp-content\/uploads\/2018\/11\/logo.png","contentUrl":"https:\/\/www.amethystmine.fi\/wp-content\/uploads\/2018\/11\/logo.png","width":186,"height":76,"caption":"Amethystmine.fi"},"image":{"@id":"https:\/\/www.amethystmine.fi\/fi\/#\/schema\/logo\/image\/"},"sameAs":["https:\/\/www.facebook.com\/Amethystmine"]}]}},"_links":{"self":[{"href":"https:\/\/www.amethystmine.fi\/fi\/wp-json\/wp\/v2\/pages\/91","targetHints":{"allow":["GET"]}}],"collection":[{"href":"https:\/\/www.amethystmine.fi\/fi\/wp-json\/wp\/v2\/pages"}],"about":[{"href":"https:\/\/www.amethystmine.fi\/fi\/wp-json\/wp\/v2\/types\/page"}],"author":[{"embeddable":true,"href":"https:\/\/www.amethystmine.fi\/fi\/wp-json\/wp\/v2\/users\/1"}],"replies":[{"embeddable":true,"href":"https:\/\/www.amethystmine.fi\/fi\/wp-json\/wp\/v2\/comments?post=91"}],"version-history":[{"count":24,"href":"https:\/\/www.amethystmine.fi\/fi\/wp-json\/wp\/v2\/pages\/91\/revisions"}],"predecessor-version":[{"id":8041,"href":"https:\/\/www.amethystmine.fi\/fi\/wp-json\/wp\/v2\/pages\/91\/revisions\/8041"}],"up":[{"embeddable":true,"href":"https:\/\/www.amethystmine.fi\/fi\/wp-json\/wp\/v2\/pages\/24"}],"wp:featuredmedia":[{"embeddable":true,"href":"https:\/\/www.amethystmine.fi\/fi\/wp-json\/wp\/v2\/media\/103"}],"wp:attachment":[{"href":"https:\/\/www.amethystmine.fi\/fi\/wp-json\/wp\/v2\/media?parent=91"}],"curies":[{"name":"wp","href":"https:\/\/api.w.org\/{rel}","templated":true}]}}