{"id":1152,"date":"2024-09-07T16:40:57","date_gmt":"2024-09-07T13:40:57","guid":{"rendered":"https:\/\/www.amethystmine.fi\/?post_type=product&#038;p=1152"},"modified":"2024-09-07T16:40:58","modified_gmt":"2024-09-07T13:40:58","slug":"paavali-ametistiriipus","status":"publish","type":"product","link":"https:\/\/www.amethystmine.fi\/fi\/tuote\/paavali-ametistiriipus\/","title":{"rendered":"Paavali ametistiriipus"},"content":{"rendered":"<p><span style=\"margin: 0px; color: #2b2a28; font-family: 'Segoe UI',sans-serif; font-size: 13.5pt;\">Paavali-koru on saanut nimens\u00e4 Pelkosenniemen ensimm\u00e4isen asukkaan Paavali Pelkosen mukaan. Koru on valmistettu <\/span><span style=\"margin: 0px; color: #2b2a28; font-family: 'Segoe UI',sans-serif; font-size: 13.5pt;\">vuonna 2016 Pelkosenniemen kunnan satavuotisp\u00e4iv\u00e4n kunniaksi ja korun kuvio my\u00f6t\u00e4ilee Pelkosenniemen kunnan rajoja.<\/span><\/p>\n<p><span style=\"margin: 0px; color: #2b2a28; font-family: 'Segoe UI',sans-serif; font-size: 13.5pt;\">Korun halkaisija on non 23 mm ja korun syd\u00e4men\u00e4 on aito Lapin ametisti. My\u00f6s\u00a0<\/span><span style=\"margin: 0px; color: #2b2a28; font-family: 'Segoe UI',sans-serif; font-size: 13.5pt;\">Lampivaaran ametistikaivos sijaitsee Pelkosenniemen kunnan puolella, vaikka yleisesti puhutaan Luoston Lampivaarasta.<\/span><\/p>\n<p style=\"outline-color: transparent; outline-style: none; outline-width: 0px; -webkit-text-stroke-width: 0px; cursor: text; word-spacing: 0px;\"><span style=\"margin: 0px; color: black; font-family: 'Segoe UI',sans-serif; font-size: 13.5pt;\">Hopeaketju sis\u00e4ltyy hintaan, valitse haluamasi ketjun pituus valikosta. Paavali-koru sopii sek\u00e4 miehille ett\u00e4 naisille.<\/span><\/p>\n<p style=\"outline-color: transparent; outline-style: none; outline-width: 0px; -webkit-text-stroke-width: 0px; cursor: text; word-spacing: 0px;\"><span style=\"margin: 0px; color: black; font-family: 'Segoe UI',sans-serif; font-size: 13.5pt;\">Huomaathan, ett\u00e4 ametistien s\u00e4vy vaihtelee vaalean lilasta tummaan violettiin, eik\u00e4 korun kivi ole v\u00e4ltt\u00e4m\u00e4tt\u00e4\u00a0ole samanlainen kuin kuvan korussa.<\/span><\/p>\n","protected":false},"excerpt":{"rendered":"<p>Pelkosenniemen kunnan satavuotisp\u00e4iv\u00e4n kunniaksi valmistettu koru aidolla Lapin ametistilla.<\/p>\n","protected":false},"featured_media":2044,"template":"","meta":{"_acf_changed":false,"_genesis_hide_title":false,"_genesis_hide_breadcrumbs":false,"_genesis_hide_singular_image":false,"_genesis_hide_footer_widgets":false,"_genesis_custom_body_class":"","_genesis_custom_post_class":"","_genesis_layout":""},"product_brand":[],"product_cat":[23,27],"product_tag":[57,56,134,73],"class_list":{"0":"post-1152","1":"product","2":"type-product","3":"status-publish","4":"has-post-thumbnail","6":"product_cat-kaulakorut","7":"product_cat-miesten-korut","8":"product_tag-ametistikoru","9":"product_tag-kaulakoru","10":"product_tag-paavali","11":"product_tag-riipus","12":"product_shipping_class-kivet-ja-korut","13":"entry","15":"first","16":"instock","17":"taxable","18":"shipping-taxable","19":"purchasable","20":"product-type-variable"},"acf":[],"yoast_head":"<!-- This site is optimized with the Yoast SEO plugin v27.4 - https:\/\/yoast.com\/product\/yoast-seo-wordpress\/ -->\n<title>Paavali ametistiriipus - Amethystmine.fi<\/title>\n<meta name=\"description\" content=\"Paavali-koru on valmistettu Pelkosenniemen kunnan satavuotisp\u00e4iv\u00e4n kunniaksi ja nimetty sen ensimm\u00e4isen asukkaan Paavali Pelkosen mukaan.\" \/>\n<meta name=\"robots\" content=\"index, follow, max-snippet:-1, max-image-preview:large, max-video-preview:-1\" \/>\n<link rel=\"canonical\" href=\"https:\/\/www.amethystmine.fi\/fi\/tuote\/paavali-ametistiriipus\/\" \/>\n<meta property=\"og:locale\" content=\"fi_FI\" \/>\n<meta property=\"og:type\" content=\"article\" \/>\n<meta property=\"og:title\" content=\"Paavali ametistiriipus - Amethystmine.fi\" \/>\n<meta property=\"og:description\" content=\"Paavali-koru on valmistettu Pelkosenniemen kunnan satavuotisp\u00e4iv\u00e4n kunniaksi ja nimetty sen ensimm\u00e4isen asukkaan Paavali Pelkosen mukaan.\" \/>\n<meta property=\"og:url\" content=\"https:\/\/www.amethystmine.fi\/fi\/tuote\/paavali-ametistiriipus\/\" \/>\n<meta property=\"og:site_name\" content=\"Amethystmine.fi\" \/>\n<meta property=\"article:publisher\" content=\"https:\/\/www.facebook.com\/Amethystmine\" \/>\n<meta property=\"article:modified_time\" content=\"2024-09-07T13:40:58+00:00\" \/>\n<meta property=\"og:image\" content=\"https:\/\/www.amethystmine.fi\/wp-content\/uploads\/2019\/03\/Paavali4.jpg\" \/>\n\t<meta property=\"og:image:width\" content=\"1000\" \/>\n\t<meta property=\"og:image:height\" content=\"1000\" \/>\n\t<meta property=\"og:image:type\" content=\"image\/jpeg\" \/>\n<meta name=\"twitter:card\" content=\"summary_large_image\" \/>\n<meta name=\"twitter:label1\" content=\"Arvioitu lukuaika\" \/>\n\t<meta name=\"twitter:data1\" content=\"1 minuutti\" \/>\n<script type=\"application\/ld+json\" class=\"yoast-schema-graph\">{\"@context\":\"https:\\\/\\\/schema.org\",\"@graph\":[{\"@type\":\"WebPage\",\"@id\":\"https:\\\/\\\/www.amethystmine.fi\\\/fi\\\/tuote\\\/paavali-ametistiriipus\\\/\",\"url\":\"https:\\\/\\\/www.amethystmine.fi\\\/fi\\\/tuote\\\/paavali-ametistiriipus\\\/\",\"name\":\"Paavali ametistiriipus - Amethystmine.fi\",\"isPartOf\":{\"@id\":\"https:\\\/\\\/www.amethystmine.fi\\\/fi\\\/#website\"},\"primaryImageOfPage\":{\"@id\":\"https:\\\/\\\/www.amethystmine.fi\\\/fi\\\/tuote\\\/paavali-ametistiriipus\\\/#primaryimage\"},\"image\":{\"@id\":\"https:\\\/\\\/www.amethystmine.fi\\\/fi\\\/tuote\\\/paavali-ametistiriipus\\\/#primaryimage\"},\"thumbnailUrl\":\"https:\\\/\\\/www.amethystmine.fi\\\/wp-content\\\/uploads\\\/2019\\\/03\\\/Paavali4.jpg\",\"datePublished\":\"2024-09-07T13:40:57+00:00\",\"dateModified\":\"2024-09-07T13:40:58+00:00\",\"description\":\"Paavali-koru on valmistettu Pelkosenniemen kunnan satavuotisp\u00e4iv\u00e4n kunniaksi ja nimetty sen ensimm\u00e4isen asukkaan Paavali Pelkosen mukaan.\",\"breadcrumb\":{\"@id\":\"https:\\\/\\\/www.amethystmine.fi\\\/fi\\\/tuote\\\/paavali-ametistiriipus\\\/#breadcrumb\"},\"inLanguage\":\"fi\",\"potentialAction\":[{\"@type\":\"ReadAction\",\"target\":[\"https:\\\/\\\/www.amethystmine.fi\\\/fi\\\/tuote\\\/paavali-ametistiriipus\\\/\"]}]},{\"@type\":\"ImageObject\",\"inLanguage\":\"fi\",\"@id\":\"https:\\\/\\\/www.amethystmine.fi\\\/fi\\\/tuote\\\/paavali-ametistiriipus\\\/#primaryimage\",\"url\":\"https:\\\/\\\/www.amethystmine.fi\\\/wp-content\\\/uploads\\\/2019\\\/03\\\/Paavali4.jpg\",\"contentUrl\":\"https:\\\/\\\/www.amethystmine.fi\\\/wp-content\\\/uploads\\\/2019\\\/03\\\/Paavali4.jpg\",\"width\":1000,\"height\":1000,\"caption\":\"Paavali ametistiriipus\"},{\"@type\":\"BreadcrumbList\",\"@id\":\"https:\\\/\\\/www.amethystmine.fi\\\/fi\\\/tuote\\\/paavali-ametistiriipus\\\/#breadcrumb\",\"itemListElement\":[{\"@type\":\"ListItem\",\"position\":1,\"name\":\"Home\",\"item\":\"https:\\\/\\\/www.amethystmine.fi\\\/fi\\\/\"},{\"@type\":\"ListItem\",\"position\":2,\"name\":\"Ametisti verkkokauppa\",\"item\":\"https:\\\/\\\/www.amethystmine.fi\\\/fi\\\/ametisti-verkkokauppa\\\/\"},{\"@type\":\"ListItem\",\"position\":3,\"name\":\"Paavali ametistiriipus\"}]},{\"@type\":\"WebSite\",\"@id\":\"https:\\\/\\\/www.amethystmine.fi\\\/fi\\\/#website\",\"url\":\"https:\\\/\\\/www.amethystmine.fi\\\/fi\\\/\",\"name\":\"Amethystmine.fi\",\"description\":\"Ihan uusi WordPress-sivusto\",\"publisher\":{\"@id\":\"https:\\\/\\\/www.amethystmine.fi\\\/fi\\\/#organization\"},\"potentialAction\":[{\"@type\":\"SearchAction\",\"target\":{\"@type\":\"EntryPoint\",\"urlTemplate\":\"https:\\\/\\\/www.amethystmine.fi\\\/fi\\\/?s={search_term_string}\"},\"query-input\":{\"@type\":\"PropertyValueSpecification\",\"valueRequired\":true,\"valueName\":\"search_term_string\"}}],\"inLanguage\":\"fi\"},{\"@type\":\"Organization\",\"@id\":\"https:\\\/\\\/www.amethystmine.fi\\\/fi\\\/#organization\",\"name\":\"Amethystmine.fi\",\"url\":\"https:\\\/\\\/www.amethystmine.fi\\\/fi\\\/\",\"logo\":{\"@type\":\"ImageObject\",\"inLanguage\":\"fi\",\"@id\":\"https:\\\/\\\/www.amethystmine.fi\\\/fi\\\/#\\\/schema\\\/logo\\\/image\\\/\",\"url\":\"https:\\\/\\\/www.amethystmine.fi\\\/wp-content\\\/uploads\\\/2018\\\/11\\\/logo.png\",\"contentUrl\":\"https:\\\/\\\/www.amethystmine.fi\\\/wp-content\\\/uploads\\\/2018\\\/11\\\/logo.png\",\"width\":186,\"height\":76,\"caption\":\"Amethystmine.fi\"},\"image\":{\"@id\":\"https:\\\/\\\/www.amethystmine.fi\\\/fi\\\/#\\\/schema\\\/logo\\\/image\\\/\"},\"sameAs\":[\"https:\\\/\\\/www.facebook.com\\\/Amethystmine\"]}]}<\/script>\n<!-- \/ Yoast SEO plugin. -->","yoast_head_json":{"title":"Paavali ametistiriipus - Amethystmine.fi","description":"Paavali-koru on valmistettu Pelkosenniemen kunnan satavuotisp\u00e4iv\u00e4n kunniaksi ja nimetty sen ensimm\u00e4isen asukkaan Paavali Pelkosen mukaan.","robots":{"index":"index","follow":"follow","max-snippet":"max-snippet:-1","max-image-preview":"max-image-preview:large","max-video-preview":"max-video-preview:-1"},"canonical":"https:\/\/www.amethystmine.fi\/fi\/tuote\/paavali-ametistiriipus\/","og_locale":"fi_FI","og_type":"article","og_title":"Paavali ametistiriipus - Amethystmine.fi","og_description":"Paavali-koru on valmistettu Pelkosenniemen kunnan satavuotisp\u00e4iv\u00e4n kunniaksi ja nimetty sen ensimm\u00e4isen asukkaan Paavali Pelkosen mukaan.","og_url":"https:\/\/www.amethystmine.fi\/fi\/tuote\/paavali-ametistiriipus\/","og_site_name":"Amethystmine.fi","article_publisher":"https:\/\/www.facebook.com\/Amethystmine","article_modified_time":"2024-09-07T13:40:58+00:00","og_image":[{"width":1000,"height":1000,"url":"https:\/\/www.amethystmine.fi\/wp-content\/uploads\/2019\/03\/Paavali4.jpg","type":"image\/jpeg"}],"twitter_card":"summary_large_image","twitter_misc":{"Arvioitu lukuaika":"1 minuutti"},"schema":{"@context":"https:\/\/schema.org","@graph":[{"@type":"WebPage","@id":"https:\/\/www.amethystmine.fi\/fi\/tuote\/paavali-ametistiriipus\/","url":"https:\/\/www.amethystmine.fi\/fi\/tuote\/paavali-ametistiriipus\/","name":"Paavali ametistiriipus - Amethystmine.fi","isPartOf":{"@id":"https:\/\/www.amethystmine.fi\/fi\/#website"},"primaryImageOfPage":{"@id":"https:\/\/www.amethystmine.fi\/fi\/tuote\/paavali-ametistiriipus\/#primaryimage"},"image":{"@id":"https:\/\/www.amethystmine.fi\/fi\/tuote\/paavali-ametistiriipus\/#primaryimage"},"thumbnailUrl":"https:\/\/www.amethystmine.fi\/wp-content\/uploads\/2019\/03\/Paavali4.jpg","datePublished":"2024-09-07T13:40:57+00:00","dateModified":"2024-09-07T13:40:58+00:00","description":"Paavali-koru on valmistettu Pelkosenniemen kunnan satavuotisp\u00e4iv\u00e4n kunniaksi ja nimetty sen ensimm\u00e4isen asukkaan Paavali Pelkosen mukaan.","breadcrumb":{"@id":"https:\/\/www.amethystmine.fi\/fi\/tuote\/paavali-ametistiriipus\/#breadcrumb"},"inLanguage":"fi","potentialAction":[{"@type":"ReadAction","target":["https:\/\/www.amethystmine.fi\/fi\/tuote\/paavali-ametistiriipus\/"]}]},{"@type":"ImageObject","inLanguage":"fi","@id":"https:\/\/www.amethystmine.fi\/fi\/tuote\/paavali-ametistiriipus\/#primaryimage","url":"https:\/\/www.amethystmine.fi\/wp-content\/uploads\/2019\/03\/Paavali4.jpg","contentUrl":"https:\/\/www.amethystmine.fi\/wp-content\/uploads\/2019\/03\/Paavali4.jpg","width":1000,"height":1000,"caption":"Paavali ametistiriipus"},{"@type":"BreadcrumbList","@id":"https:\/\/www.amethystmine.fi\/fi\/tuote\/paavali-ametistiriipus\/#breadcrumb","itemListElement":[{"@type":"ListItem","position":1,"name":"Home","item":"https:\/\/www.amethystmine.fi\/fi\/"},{"@type":"ListItem","position":2,"name":"Ametisti verkkokauppa","item":"https:\/\/www.amethystmine.fi\/fi\/ametisti-verkkokauppa\/"},{"@type":"ListItem","position":3,"name":"Paavali ametistiriipus"}]},{"@type":"WebSite","@id":"https:\/\/www.amethystmine.fi\/fi\/#website","url":"https:\/\/www.amethystmine.fi\/fi\/","name":"Amethystmine.fi","description":"Ihan uusi WordPress-sivusto","publisher":{"@id":"https:\/\/www.amethystmine.fi\/fi\/#organization"},"potentialAction":[{"@type":"SearchAction","target":{"@type":"EntryPoint","urlTemplate":"https:\/\/www.amethystmine.fi\/fi\/?s={search_term_string}"},"query-input":{"@type":"PropertyValueSpecification","valueRequired":true,"valueName":"search_term_string"}}],"inLanguage":"fi"},{"@type":"Organization","@id":"https:\/\/www.amethystmine.fi\/fi\/#organization","name":"Amethystmine.fi","url":"https:\/\/www.amethystmine.fi\/fi\/","logo":{"@type":"ImageObject","inLanguage":"fi","@id":"https:\/\/www.amethystmine.fi\/fi\/#\/schema\/logo\/image\/","url":"https:\/\/www.amethystmine.fi\/wp-content\/uploads\/2018\/11\/logo.png","contentUrl":"https:\/\/www.amethystmine.fi\/wp-content\/uploads\/2018\/11\/logo.png","width":186,"height":76,"caption":"Amethystmine.fi"},"image":{"@id":"https:\/\/www.amethystmine.fi\/fi\/#\/schema\/logo\/image\/"},"sameAs":["https:\/\/www.facebook.com\/Amethystmine"]}]}},"_links":{"self":[{"href":"https:\/\/www.amethystmine.fi\/fi\/wp-json\/wp\/v2\/product\/1152","targetHints":{"allow":["GET"]}}],"collection":[{"href":"https:\/\/www.amethystmine.fi\/fi\/wp-json\/wp\/v2\/product"}],"about":[{"href":"https:\/\/www.amethystmine.fi\/fi\/wp-json\/wp\/v2\/types\/product"}],"wp:featuredmedia":[{"embeddable":true,"href":"https:\/\/www.amethystmine.fi\/fi\/wp-json\/wp\/v2\/media\/2044"}],"wp:attachment":[{"href":"https:\/\/www.amethystmine.fi\/fi\/wp-json\/wp\/v2\/media?parent=1152"}],"wp:term":[{"taxonomy":"product_brand","embeddable":true,"href":"https:\/\/www.amethystmine.fi\/fi\/wp-json\/wp\/v2\/product_brand?post=1152"},{"taxonomy":"product_cat","embeddable":true,"href":"https:\/\/www.amethystmine.fi\/fi\/wp-json\/wp\/v2\/product_cat?post=1152"},{"taxonomy":"product_tag","embeddable":true,"href":"https:\/\/www.amethystmine.fi\/fi\/wp-json\/wp\/v2\/product_tag?post=1152"}],"curies":[{"name":"wp","href":"https:\/\/api.w.org\/{rel}","templated":true}]}}