{"id":1209,"date":"2024-09-07T16:35:16","date_gmt":"2024-09-07T13:35:16","guid":{"rendered":"https:\/\/www.amethystmine.fi\/?post_type=product&#038;p=1209"},"modified":"2026-03-11T10:48:03","modified_gmt":"2026-03-11T08:48:03","slug":"saalis-ametistikoru-nahkanauhassa","status":"publish","type":"product","link":"https:\/\/www.amethystmine.fi\/fi\/tuote\/saalis-ametistikoru-nahkanauhassa\/","title":{"rendered":"Saalis ametistikoru nahkanauhassa"},"content":{"rendered":"<p><span style=\"margin: 0px; color: #2b2a28; font-family: 'Segoe UI',sans-serif; font-size: 13.5pt;\">Er\u00e4maan uumenissa, aarre tuhansien vuosien takaa. Upota kyntesi ja vie se kotiin.\u00a0Ametistiriipus Saalis sopii niin miehen kuin naisenkin kaulaan. Hopeiset kynnet kannattelevat Lapin omaa jalokive\u00e4. Design Sami Viitasaari<\/span><\/p>\n<p><span style=\"margin: 0px; color: black; font-family: 'Segoe UI',sans-serif; font-size: 13.5pt;\">Nahkanauha sis\u00e4ltyy tuotteen hintaan. Saalis-korun voit valita joko violetilla ametistilla tai l\u00e4hes mustalla savukvartsilla. Valitse haluamasi kivi valikosta.<\/span><\/p>\n<p><span style=\"margin: 0px; color: black; font-family: 'Segoe UI',sans-serif; font-size: 13.5pt;\">Huomaathan, ett\u00e4 korun\u00a0ametistit ja savukvartsit ovat luonnonkivi\u00e4 ja jokaisen v\u00e4ris\u00e4vy on erilainen. Korun kivi ei v\u00e4ltt\u00e4m\u00e4tt\u00e4\u00a0ole samanlainen kuin kuvan korussa!<\/span><\/p>\n","protected":false},"excerpt":{"rendered":"<p><span style=\"margin: 0px; color: #2b2a28; font-family: 'Segoe UI',sans-serif; font-size: 13.5pt;\">Er\u00e4maan uumenissa, aarre tuhansien vuosien takaa. Saalis-riipus sopii niin miehen kuin naisenkin kaulaan.\u00a0<\/span><\/p>\n","protected":false},"featured_media":2038,"template":"","meta":{"_acf_changed":false,"_genesis_hide_title":false,"_genesis_hide_breadcrumbs":false,"_genesis_hide_singular_image":false,"_genesis_hide_footer_widgets":false,"_genesis_custom_body_class":"","_genesis_custom_post_class":"","_genesis_layout":""},"product_brand":[],"product_cat":[23,27],"product_tag":[57,61,56,91,92],"class_list":{"0":"post-1209","1":"product","2":"type-product","3":"status-publish","4":"has-post-thumbnail","6":"product_cat-kaulakorut","7":"product_cat-miesten-korut","8":"product_tag-ametistikoru","9":"product_tag-ametistiriipus","10":"product_tag-kaulakoru","11":"product_tag-saalis","12":"product_tag-savukvartsi","13":"product_shipping_class-kivet-ja-korut","14":"entry","16":"first","17":"instock","18":"taxable","19":"shipping-taxable","20":"purchasable","21":"product-type-variable"},"acf":[],"yoast_head":"<!-- This site is optimized with the Yoast SEO plugin v27.3 - https:\/\/yoast.com\/product\/yoast-seo-wordpress\/ -->\n<title>Saalis ametistikoru nahkanauhassa - Amethystmine.fi<\/title>\n<meta name=\"description\" content=\"Er\u00e4maan uumenissa, aarre tuhansien vuosien takaa. Upota kyntesi ja vie se kotiin. Ametistiriipus Saalis sopii niin miehen kuin naisenkin kaulaan. Hopeiset kynnet kannattelevat Lapin omaa jalokive\u00e4.\" \/>\n<meta name=\"robots\" content=\"index, follow, max-snippet:-1, max-image-preview:large, max-video-preview:-1\" \/>\n<link rel=\"canonical\" href=\"https:\/\/www.amethystmine.fi\/fi\/tuote\/saalis-ametistikoru-nahkanauhassa\/\" \/>\n<meta property=\"og:locale\" content=\"fi_FI\" \/>\n<meta property=\"og:type\" content=\"article\" \/>\n<meta property=\"og:title\" content=\"Saalis ametistikoru nahkanauhassa - Amethystmine.fi\" \/>\n<meta property=\"og:description\" content=\"Er\u00e4maan uumenissa, aarre tuhansien vuosien takaa. Upota kyntesi ja vie se kotiin. Ametistiriipus Saalis sopii niin miehen kuin naisenkin kaulaan. Hopeiset kynnet kannattelevat Lapin omaa jalokive\u00e4.\" \/>\n<meta property=\"og:url\" content=\"https:\/\/www.amethystmine.fi\/fi\/tuote\/saalis-ametistikoru-nahkanauhassa\/\" \/>\n<meta property=\"og:site_name\" content=\"Amethystmine.fi\" \/>\n<meta property=\"article:publisher\" content=\"https:\/\/www.facebook.com\/Amethystmine\" \/>\n<meta property=\"article:modified_time\" content=\"2026-03-11T08:48:03+00:00\" \/>\n<meta property=\"og:image\" content=\"https:\/\/www.amethystmine.fi\/wp-content\/uploads\/2019\/03\/Saalis-savu1.jpg\" \/>\n\t<meta property=\"og:image:width\" content=\"1000\" \/>\n\t<meta property=\"og:image:height\" content=\"1000\" \/>\n\t<meta property=\"og:image:type\" content=\"image\/jpeg\" \/>\n<meta name=\"twitter:card\" content=\"summary_large_image\" \/>\n<meta name=\"twitter:label1\" content=\"Arvioitu lukuaika\" \/>\n\t<meta name=\"twitter:data1\" content=\"1 minuutti\" \/>\n<script type=\"application\/ld+json\" class=\"yoast-schema-graph\">{\"@context\":\"https:\\\/\\\/schema.org\",\"@graph\":[{\"@type\":\"WebPage\",\"@id\":\"https:\\\/\\\/www.amethystmine.fi\\\/fi\\\/tuote\\\/saalis-ametistikoru-nahkanauhassa\\\/\",\"url\":\"https:\\\/\\\/www.amethystmine.fi\\\/fi\\\/tuote\\\/saalis-ametistikoru-nahkanauhassa\\\/\",\"name\":\"Saalis ametistikoru nahkanauhassa - Amethystmine.fi\",\"isPartOf\":{\"@id\":\"https:\\\/\\\/www.amethystmine.fi\\\/fi\\\/#website\"},\"primaryImageOfPage\":{\"@id\":\"https:\\\/\\\/www.amethystmine.fi\\\/fi\\\/tuote\\\/saalis-ametistikoru-nahkanauhassa\\\/#primaryimage\"},\"image\":{\"@id\":\"https:\\\/\\\/www.amethystmine.fi\\\/fi\\\/tuote\\\/saalis-ametistikoru-nahkanauhassa\\\/#primaryimage\"},\"thumbnailUrl\":\"https:\\\/\\\/www.amethystmine.fi\\\/wp-content\\\/uploads\\\/2019\\\/03\\\/Saalis-savu1.jpg\",\"datePublished\":\"2024-09-07T13:35:16+00:00\",\"dateModified\":\"2026-03-11T08:48:03+00:00\",\"description\":\"Er\u00e4maan uumenissa, aarre tuhansien vuosien takaa. Upota kyntesi ja vie se kotiin. Ametistiriipus Saalis sopii niin miehen kuin naisenkin kaulaan. Hopeiset kynnet kannattelevat Lapin omaa jalokive\u00e4.\",\"breadcrumb\":{\"@id\":\"https:\\\/\\\/www.amethystmine.fi\\\/fi\\\/tuote\\\/saalis-ametistikoru-nahkanauhassa\\\/#breadcrumb\"},\"inLanguage\":\"fi\",\"potentialAction\":[{\"@type\":\"ReadAction\",\"target\":[\"https:\\\/\\\/www.amethystmine.fi\\\/fi\\\/tuote\\\/saalis-ametistikoru-nahkanauhassa\\\/\"]}]},{\"@type\":\"ImageObject\",\"inLanguage\":\"fi\",\"@id\":\"https:\\\/\\\/www.amethystmine.fi\\\/fi\\\/tuote\\\/saalis-ametistikoru-nahkanauhassa\\\/#primaryimage\",\"url\":\"https:\\\/\\\/www.amethystmine.fi\\\/wp-content\\\/uploads\\\/2019\\\/03\\\/Saalis-savu1.jpg\",\"contentUrl\":\"https:\\\/\\\/www.amethystmine.fi\\\/wp-content\\\/uploads\\\/2019\\\/03\\\/Saalis-savu1.jpg\",\"width\":1000,\"height\":1000,\"caption\":\"Saalis savukvartsikoru\"},{\"@type\":\"BreadcrumbList\",\"@id\":\"https:\\\/\\\/www.amethystmine.fi\\\/fi\\\/tuote\\\/saalis-ametistikoru-nahkanauhassa\\\/#breadcrumb\",\"itemListElement\":[{\"@type\":\"ListItem\",\"position\":1,\"name\":\"Home\",\"item\":\"https:\\\/\\\/www.amethystmine.fi\\\/fi\\\/\"},{\"@type\":\"ListItem\",\"position\":2,\"name\":\"Ametisti verkkokauppa\",\"item\":\"https:\\\/\\\/www.amethystmine.fi\\\/fi\\\/ametisti-verkkokauppa\\\/\"},{\"@type\":\"ListItem\",\"position\":3,\"name\":\"Saalis ametistikoru nahkanauhassa\"}]},{\"@type\":\"WebSite\",\"@id\":\"https:\\\/\\\/www.amethystmine.fi\\\/fi\\\/#website\",\"url\":\"https:\\\/\\\/www.amethystmine.fi\\\/fi\\\/\",\"name\":\"Amethystmine.fi\",\"description\":\"Ihan uusi WordPress-sivusto\",\"publisher\":{\"@id\":\"https:\\\/\\\/www.amethystmine.fi\\\/fi\\\/#organization\"},\"potentialAction\":[{\"@type\":\"SearchAction\",\"target\":{\"@type\":\"EntryPoint\",\"urlTemplate\":\"https:\\\/\\\/www.amethystmine.fi\\\/fi\\\/?s={search_term_string}\"},\"query-input\":{\"@type\":\"PropertyValueSpecification\",\"valueRequired\":true,\"valueName\":\"search_term_string\"}}],\"inLanguage\":\"fi\"},{\"@type\":\"Organization\",\"@id\":\"https:\\\/\\\/www.amethystmine.fi\\\/fi\\\/#organization\",\"name\":\"Amethystmine.fi\",\"url\":\"https:\\\/\\\/www.amethystmine.fi\\\/fi\\\/\",\"logo\":{\"@type\":\"ImageObject\",\"inLanguage\":\"fi\",\"@id\":\"https:\\\/\\\/www.amethystmine.fi\\\/fi\\\/#\\\/schema\\\/logo\\\/image\\\/\",\"url\":\"https:\\\/\\\/www.amethystmine.fi\\\/wp-content\\\/uploads\\\/2018\\\/11\\\/logo.png\",\"contentUrl\":\"https:\\\/\\\/www.amethystmine.fi\\\/wp-content\\\/uploads\\\/2018\\\/11\\\/logo.png\",\"width\":186,\"height\":76,\"caption\":\"Amethystmine.fi\"},\"image\":{\"@id\":\"https:\\\/\\\/www.amethystmine.fi\\\/fi\\\/#\\\/schema\\\/logo\\\/image\\\/\"},\"sameAs\":[\"https:\\\/\\\/www.facebook.com\\\/Amethystmine\"]}]}<\/script>\n<!-- \/ Yoast SEO plugin. -->","yoast_head_json":{"title":"Saalis ametistikoru nahkanauhassa - Amethystmine.fi","description":"Er\u00e4maan uumenissa, aarre tuhansien vuosien takaa. Upota kyntesi ja vie se kotiin. Ametistiriipus Saalis sopii niin miehen kuin naisenkin kaulaan. Hopeiset kynnet kannattelevat Lapin omaa jalokive\u00e4.","robots":{"index":"index","follow":"follow","max-snippet":"max-snippet:-1","max-image-preview":"max-image-preview:large","max-video-preview":"max-video-preview:-1"},"canonical":"https:\/\/www.amethystmine.fi\/fi\/tuote\/saalis-ametistikoru-nahkanauhassa\/","og_locale":"fi_FI","og_type":"article","og_title":"Saalis ametistikoru nahkanauhassa - Amethystmine.fi","og_description":"Er\u00e4maan uumenissa, aarre tuhansien vuosien takaa. Upota kyntesi ja vie se kotiin. Ametistiriipus Saalis sopii niin miehen kuin naisenkin kaulaan. Hopeiset kynnet kannattelevat Lapin omaa jalokive\u00e4.","og_url":"https:\/\/www.amethystmine.fi\/fi\/tuote\/saalis-ametistikoru-nahkanauhassa\/","og_site_name":"Amethystmine.fi","article_publisher":"https:\/\/www.facebook.com\/Amethystmine","article_modified_time":"2026-03-11T08:48:03+00:00","og_image":[{"width":1000,"height":1000,"url":"https:\/\/www.amethystmine.fi\/wp-content\/uploads\/2019\/03\/Saalis-savu1.jpg","type":"image\/jpeg"}],"twitter_card":"summary_large_image","twitter_misc":{"Arvioitu lukuaika":"1 minuutti"},"schema":{"@context":"https:\/\/schema.org","@graph":[{"@type":"WebPage","@id":"https:\/\/www.amethystmine.fi\/fi\/tuote\/saalis-ametistikoru-nahkanauhassa\/","url":"https:\/\/www.amethystmine.fi\/fi\/tuote\/saalis-ametistikoru-nahkanauhassa\/","name":"Saalis ametistikoru nahkanauhassa - Amethystmine.fi","isPartOf":{"@id":"https:\/\/www.amethystmine.fi\/fi\/#website"},"primaryImageOfPage":{"@id":"https:\/\/www.amethystmine.fi\/fi\/tuote\/saalis-ametistikoru-nahkanauhassa\/#primaryimage"},"image":{"@id":"https:\/\/www.amethystmine.fi\/fi\/tuote\/saalis-ametistikoru-nahkanauhassa\/#primaryimage"},"thumbnailUrl":"https:\/\/www.amethystmine.fi\/wp-content\/uploads\/2019\/03\/Saalis-savu1.jpg","datePublished":"2024-09-07T13:35:16+00:00","dateModified":"2026-03-11T08:48:03+00:00","description":"Er\u00e4maan uumenissa, aarre tuhansien vuosien takaa. Upota kyntesi ja vie se kotiin. Ametistiriipus Saalis sopii niin miehen kuin naisenkin kaulaan. Hopeiset kynnet kannattelevat Lapin omaa jalokive\u00e4.","breadcrumb":{"@id":"https:\/\/www.amethystmine.fi\/fi\/tuote\/saalis-ametistikoru-nahkanauhassa\/#breadcrumb"},"inLanguage":"fi","potentialAction":[{"@type":"ReadAction","target":["https:\/\/www.amethystmine.fi\/fi\/tuote\/saalis-ametistikoru-nahkanauhassa\/"]}]},{"@type":"ImageObject","inLanguage":"fi","@id":"https:\/\/www.amethystmine.fi\/fi\/tuote\/saalis-ametistikoru-nahkanauhassa\/#primaryimage","url":"https:\/\/www.amethystmine.fi\/wp-content\/uploads\/2019\/03\/Saalis-savu1.jpg","contentUrl":"https:\/\/www.amethystmine.fi\/wp-content\/uploads\/2019\/03\/Saalis-savu1.jpg","width":1000,"height":1000,"caption":"Saalis savukvartsikoru"},{"@type":"BreadcrumbList","@id":"https:\/\/www.amethystmine.fi\/fi\/tuote\/saalis-ametistikoru-nahkanauhassa\/#breadcrumb","itemListElement":[{"@type":"ListItem","position":1,"name":"Home","item":"https:\/\/www.amethystmine.fi\/fi\/"},{"@type":"ListItem","position":2,"name":"Ametisti verkkokauppa","item":"https:\/\/www.amethystmine.fi\/fi\/ametisti-verkkokauppa\/"},{"@type":"ListItem","position":3,"name":"Saalis ametistikoru nahkanauhassa"}]},{"@type":"WebSite","@id":"https:\/\/www.amethystmine.fi\/fi\/#website","url":"https:\/\/www.amethystmine.fi\/fi\/","name":"Amethystmine.fi","description":"Ihan uusi WordPress-sivusto","publisher":{"@id":"https:\/\/www.amethystmine.fi\/fi\/#organization"},"potentialAction":[{"@type":"SearchAction","target":{"@type":"EntryPoint","urlTemplate":"https:\/\/www.amethystmine.fi\/fi\/?s={search_term_string}"},"query-input":{"@type":"PropertyValueSpecification","valueRequired":true,"valueName":"search_term_string"}}],"inLanguage":"fi"},{"@type":"Organization","@id":"https:\/\/www.amethystmine.fi\/fi\/#organization","name":"Amethystmine.fi","url":"https:\/\/www.amethystmine.fi\/fi\/","logo":{"@type":"ImageObject","inLanguage":"fi","@id":"https:\/\/www.amethystmine.fi\/fi\/#\/schema\/logo\/image\/","url":"https:\/\/www.amethystmine.fi\/wp-content\/uploads\/2018\/11\/logo.png","contentUrl":"https:\/\/www.amethystmine.fi\/wp-content\/uploads\/2018\/11\/logo.png","width":186,"height":76,"caption":"Amethystmine.fi"},"image":{"@id":"https:\/\/www.amethystmine.fi\/fi\/#\/schema\/logo\/image\/"},"sameAs":["https:\/\/www.facebook.com\/Amethystmine"]}]}},"_links":{"self":[{"href":"https:\/\/www.amethystmine.fi\/fi\/wp-json\/wp\/v2\/product\/1209","targetHints":{"allow":["GET"]}}],"collection":[{"href":"https:\/\/www.amethystmine.fi\/fi\/wp-json\/wp\/v2\/product"}],"about":[{"href":"https:\/\/www.amethystmine.fi\/fi\/wp-json\/wp\/v2\/types\/product"}],"wp:featuredmedia":[{"embeddable":true,"href":"https:\/\/www.amethystmine.fi\/fi\/wp-json\/wp\/v2\/media\/2038"}],"wp:attachment":[{"href":"https:\/\/www.amethystmine.fi\/fi\/wp-json\/wp\/v2\/media?parent=1209"}],"wp:term":[{"taxonomy":"product_brand","embeddable":true,"href":"https:\/\/www.amethystmine.fi\/fi\/wp-json\/wp\/v2\/product_brand?post=1209"},{"taxonomy":"product_cat","embeddable":true,"href":"https:\/\/www.amethystmine.fi\/fi\/wp-json\/wp\/v2\/product_cat?post=1209"},{"taxonomy":"product_tag","embeddable":true,"href":"https:\/\/www.amethystmine.fi\/fi\/wp-json\/wp\/v2\/product_tag?post=1209"}],"curies":[{"name":"wp","href":"https:\/\/api.w.org\/{rel}","templated":true}]}}