{"id":1295,"date":"2024-09-07T16:35:14","date_gmt":"2024-09-07T13:35:14","guid":{"rendered":"https:\/\/www.amethystmine.fi\/?post_type=product&#038;p=1295"},"modified":"2026-02-13T15:11:51","modified_gmt":"2026-02-13T13:11:51","slug":"vaeltaja-ametistiriipus-nahkanauhassa","status":"publish","type":"product","link":"https:\/\/www.amethystmine.fi\/fi\/tuote\/vaeltaja-ametistiriipus-nahkanauhassa\/","title":{"rendered":"Vaeltaja ametistiriipus nahkanauhassa"},"content":{"rendered":"<p><span style=\"margin: 0px; color: #2b2a28; font-family: 'Segoe UI',sans-serif; font-size: 13.5pt;\">Vaeltajariipus nahkanauhassa on jokaisen vaeltajan oma onnea tuova amuletti. Ametistin on uskottu koirankarvanuoraan pujotettuna suojelevan k\u00e4\u00e4rmeen puremalta. T\u00e4m\u00e4 riipus on pujotettu poronnahkanauhaan.<\/span><\/p>\n<p><span style=\"margin: 0px; color: #2b2a28; font-family: 'Segoe UI',sans-serif; font-size: 13.5pt;\">Hopeisessa riipuksessa on rumpuhiottu aito Lapin ametisti\u00a0Lampivaaran ametistikaivokselta. Kivi j\u00e4ljittelee pisaran muotoa ja sen pituus on alle 20 mm. <\/span><span style=\"margin: 0px; color: #2b2a28; font-family: 'Segoe UI',sans-serif; font-size: 13.5pt;\">Huomaathan, ett\u00e4 rumpuhiotun kiven v\u00e4ri, muoto ja koko ovat yksil\u00f6llisi\u00e4 eik\u00e4 v\u00e4ltt\u00e4m\u00e4tt\u00e4 ole samanlainen kuin kuvan korujen kivet!<\/span><\/p>\n<p><span style=\"margin: 0px; color: #2b2a28; font-family: 'Segoe UI',sans-serif; font-size: 13.5pt;\">Solmittava nahkanauha sis\u00e4ltyy tuotteen hintaan. Nauhan pituus on noin 90 cm ja sen pituutta voi s\u00e4\u00e4t\u00e4\u00e4.<\/span><\/p>\n","protected":false},"excerpt":{"rendered":"<p><span style=\"margin: 0px; color: #2b2a28; font-family: 'Segoe UI',sans-serif; font-size: 13.5pt;\">Vaeltajariipus nahkanauhassa on jokaisen vaeltajan oma onnea tuova amuletti. Hopeisessa riipuksessa on rumpuhiottu aito Lapin ametisti\u00a0Lampivaaran ametistikaivokselta.\u00a0<\/span><\/p>\n","protected":false},"featured_media":1301,"template":"","meta":{"_acf_changed":false,"_genesis_hide_title":false,"_genesis_hide_breadcrumbs":false,"_genesis_hide_singular_image":false,"_genesis_hide_footer_widgets":false,"_genesis_custom_body_class":"","_genesis_custom_post_class":"","_genesis_layout":""},"product_brand":[],"product_cat":[23],"product_tag":[57,61,56,125,126],"class_list":{"0":"post-1295","1":"product","2":"type-product","3":"status-publish","4":"has-post-thumbnail","6":"product_cat-kaulakorut","7":"product_tag-ametistikoru","8":"product_tag-ametistiriipus","9":"product_tag-kaulakoru","10":"product_tag-rumpuriipus","11":"product_tag-vaeltaja","12":"product_shipping_class-kivet-ja-korut","13":"entry","15":"first","16":"instock","17":"taxable","18":"shipping-taxable","19":"purchasable","20":"product-type-simple"},"acf":[],"yoast_head":"<!-- This site is optimized with the Yoast SEO plugin v27.2 - https:\/\/yoast.com\/product\/yoast-seo-wordpress\/ -->\n<title>Vaeltaja ametistiriipus nahkanauhassa - Amethystmine.fi<\/title>\n<meta name=\"description\" content=\"Vaeltajariipus on jokaisen vaeltajan oma onnea tuova amuletti. Hopeisessa riipuksessa on aito ametisti nahkanauhassa Lampivaaran ametistikaivokselta\" \/>\n<meta name=\"robots\" content=\"index, follow, max-snippet:-1, max-image-preview:large, max-video-preview:-1\" \/>\n<link rel=\"canonical\" href=\"https:\/\/www.amethystmine.fi\/fi\/tuote\/vaeltaja-ametistiriipus-nahkanauhassa\/\" \/>\n<meta property=\"og:locale\" content=\"fi_FI\" \/>\n<meta property=\"og:type\" content=\"article\" \/>\n<meta property=\"og:title\" content=\"Vaeltaja ametistiriipus nahkanauhassa - Amethystmine.fi\" \/>\n<meta property=\"og:description\" content=\"Vaeltajariipus on jokaisen vaeltajan oma onnea tuova amuletti. Hopeisessa riipuksessa on aito ametisti nahkanauhassa Lampivaaran ametistikaivokselta\" \/>\n<meta property=\"og:url\" content=\"https:\/\/www.amethystmine.fi\/fi\/tuote\/vaeltaja-ametistiriipus-nahkanauhassa\/\" \/>\n<meta property=\"og:site_name\" content=\"Amethystmine.fi\" \/>\n<meta property=\"article:publisher\" content=\"https:\/\/www.facebook.com\/Amethystmine\" \/>\n<meta property=\"article:modified_time\" content=\"2026-02-13T13:11:51+00:00\" \/>\n<meta property=\"og:image\" content=\"https:\/\/www.amethystmine.fi\/wp-content\/uploads\/2019\/03\/vaeltaja1.jpg\" \/>\n\t<meta property=\"og:image:width\" content=\"1000\" \/>\n\t<meta property=\"og:image:height\" content=\"999\" \/>\n\t<meta property=\"og:image:type\" content=\"image\/jpeg\" \/>\n<meta name=\"twitter:card\" content=\"summary_large_image\" \/>\n<meta name=\"twitter:label1\" content=\"Arvioitu lukuaika\" \/>\n\t<meta name=\"twitter:data1\" content=\"1 minuutti\" \/>\n<script type=\"application\/ld+json\" class=\"yoast-schema-graph\">{\"@context\":\"https:\/\/schema.org\",\"@graph\":[{\"@type\":\"WebPage\",\"@id\":\"https:\/\/www.amethystmine.fi\/fi\/tuote\/vaeltaja-ametistiriipus-nahkanauhassa\/\",\"url\":\"https:\/\/www.amethystmine.fi\/fi\/tuote\/vaeltaja-ametistiriipus-nahkanauhassa\/\",\"name\":\"Vaeltaja ametistiriipus nahkanauhassa - Amethystmine.fi\",\"isPartOf\":{\"@id\":\"https:\/\/www.amethystmine.fi\/fi\/#website\"},\"primaryImageOfPage\":{\"@id\":\"https:\/\/www.amethystmine.fi\/fi\/tuote\/vaeltaja-ametistiriipus-nahkanauhassa\/#primaryimage\"},\"image\":{\"@id\":\"https:\/\/www.amethystmine.fi\/fi\/tuote\/vaeltaja-ametistiriipus-nahkanauhassa\/#primaryimage\"},\"thumbnailUrl\":\"https:\/\/www.amethystmine.fi\/wp-content\/uploads\/2019\/03\/vaeltaja1.jpg\",\"datePublished\":\"2024-09-07T13:35:14+00:00\",\"dateModified\":\"2026-02-13T13:11:51+00:00\",\"description\":\"Vaeltajariipus on jokaisen vaeltajan oma onnea tuova amuletti. Hopeisessa riipuksessa on aito ametisti nahkanauhassa Lampivaaran ametistikaivokselta\",\"breadcrumb\":{\"@id\":\"https:\/\/www.amethystmine.fi\/fi\/tuote\/vaeltaja-ametistiriipus-nahkanauhassa\/#breadcrumb\"},\"inLanguage\":\"fi\",\"potentialAction\":[{\"@type\":\"ReadAction\",\"target\":[\"https:\/\/www.amethystmine.fi\/fi\/tuote\/vaeltaja-ametistiriipus-nahkanauhassa\/\"]}]},{\"@type\":\"ImageObject\",\"inLanguage\":\"fi\",\"@id\":\"https:\/\/www.amethystmine.fi\/fi\/tuote\/vaeltaja-ametistiriipus-nahkanauhassa\/#primaryimage\",\"url\":\"https:\/\/www.amethystmine.fi\/wp-content\/uploads\/2019\/03\/vaeltaja1.jpg\",\"contentUrl\":\"https:\/\/www.amethystmine.fi\/wp-content\/uploads\/2019\/03\/vaeltaja1.jpg\",\"width\":1000,\"height\":999},{\"@type\":\"BreadcrumbList\",\"@id\":\"https:\/\/www.amethystmine.fi\/fi\/tuote\/vaeltaja-ametistiriipus-nahkanauhassa\/#breadcrumb\",\"itemListElement\":[{\"@type\":\"ListItem\",\"position\":1,\"name\":\"Home\",\"item\":\"https:\/\/www.amethystmine.fi\/fi\/\"},{\"@type\":\"ListItem\",\"position\":2,\"name\":\"Ametisti verkkokauppa\",\"item\":\"https:\/\/www.amethystmine.fi\/fi\/ametisti-verkkokauppa\/\"},{\"@type\":\"ListItem\",\"position\":3,\"name\":\"Vaeltaja ametistiriipus nahkanauhassa\"}]},{\"@type\":\"WebSite\",\"@id\":\"https:\/\/www.amethystmine.fi\/fi\/#website\",\"url\":\"https:\/\/www.amethystmine.fi\/fi\/\",\"name\":\"Amethystmine.fi\",\"description\":\"Ihan uusi WordPress-sivusto\",\"publisher\":{\"@id\":\"https:\/\/www.amethystmine.fi\/fi\/#organization\"},\"potentialAction\":[{\"@type\":\"SearchAction\",\"target\":{\"@type\":\"EntryPoint\",\"urlTemplate\":\"https:\/\/www.amethystmine.fi\/fi\/?s={search_term_string}\"},\"query-input\":{\"@type\":\"PropertyValueSpecification\",\"valueRequired\":true,\"valueName\":\"search_term_string\"}}],\"inLanguage\":\"fi\"},{\"@type\":\"Organization\",\"@id\":\"https:\/\/www.amethystmine.fi\/fi\/#organization\",\"name\":\"Amethystmine.fi\",\"url\":\"https:\/\/www.amethystmine.fi\/fi\/\",\"logo\":{\"@type\":\"ImageObject\",\"inLanguage\":\"fi\",\"@id\":\"https:\/\/www.amethystmine.fi\/fi\/#\/schema\/logo\/image\/\",\"url\":\"https:\/\/www.amethystmine.fi\/wp-content\/uploads\/2018\/11\/logo.png\",\"contentUrl\":\"https:\/\/www.amethystmine.fi\/wp-content\/uploads\/2018\/11\/logo.png\",\"width\":186,\"height\":76,\"caption\":\"Amethystmine.fi\"},\"image\":{\"@id\":\"https:\/\/www.amethystmine.fi\/fi\/#\/schema\/logo\/image\/\"},\"sameAs\":[\"https:\/\/www.facebook.com\/Amethystmine\"]}]}<\/script>\n<!-- \/ Yoast SEO plugin. -->","yoast_head_json":{"title":"Vaeltaja ametistiriipus nahkanauhassa - Amethystmine.fi","description":"Vaeltajariipus on jokaisen vaeltajan oma onnea tuova amuletti. Hopeisessa riipuksessa on aito ametisti nahkanauhassa Lampivaaran ametistikaivokselta","robots":{"index":"index","follow":"follow","max-snippet":"max-snippet:-1","max-image-preview":"max-image-preview:large","max-video-preview":"max-video-preview:-1"},"canonical":"https:\/\/www.amethystmine.fi\/fi\/tuote\/vaeltaja-ametistiriipus-nahkanauhassa\/","og_locale":"fi_FI","og_type":"article","og_title":"Vaeltaja ametistiriipus nahkanauhassa - Amethystmine.fi","og_description":"Vaeltajariipus on jokaisen vaeltajan oma onnea tuova amuletti. Hopeisessa riipuksessa on aito ametisti nahkanauhassa Lampivaaran ametistikaivokselta","og_url":"https:\/\/www.amethystmine.fi\/fi\/tuote\/vaeltaja-ametistiriipus-nahkanauhassa\/","og_site_name":"Amethystmine.fi","article_publisher":"https:\/\/www.facebook.com\/Amethystmine","article_modified_time":"2026-02-13T13:11:51+00:00","og_image":[{"width":1000,"height":999,"url":"https:\/\/www.amethystmine.fi\/wp-content\/uploads\/2019\/03\/vaeltaja1.jpg","type":"image\/jpeg"}],"twitter_card":"summary_large_image","twitter_misc":{"Arvioitu lukuaika":"1 minuutti"},"schema":{"@context":"https:\/\/schema.org","@graph":[{"@type":"WebPage","@id":"https:\/\/www.amethystmine.fi\/fi\/tuote\/vaeltaja-ametistiriipus-nahkanauhassa\/","url":"https:\/\/www.amethystmine.fi\/fi\/tuote\/vaeltaja-ametistiriipus-nahkanauhassa\/","name":"Vaeltaja ametistiriipus nahkanauhassa - Amethystmine.fi","isPartOf":{"@id":"https:\/\/www.amethystmine.fi\/fi\/#website"},"primaryImageOfPage":{"@id":"https:\/\/www.amethystmine.fi\/fi\/tuote\/vaeltaja-ametistiriipus-nahkanauhassa\/#primaryimage"},"image":{"@id":"https:\/\/www.amethystmine.fi\/fi\/tuote\/vaeltaja-ametistiriipus-nahkanauhassa\/#primaryimage"},"thumbnailUrl":"https:\/\/www.amethystmine.fi\/wp-content\/uploads\/2019\/03\/vaeltaja1.jpg","datePublished":"2024-09-07T13:35:14+00:00","dateModified":"2026-02-13T13:11:51+00:00","description":"Vaeltajariipus on jokaisen vaeltajan oma onnea tuova amuletti. Hopeisessa riipuksessa on aito ametisti nahkanauhassa Lampivaaran ametistikaivokselta","breadcrumb":{"@id":"https:\/\/www.amethystmine.fi\/fi\/tuote\/vaeltaja-ametistiriipus-nahkanauhassa\/#breadcrumb"},"inLanguage":"fi","potentialAction":[{"@type":"ReadAction","target":["https:\/\/www.amethystmine.fi\/fi\/tuote\/vaeltaja-ametistiriipus-nahkanauhassa\/"]}]},{"@type":"ImageObject","inLanguage":"fi","@id":"https:\/\/www.amethystmine.fi\/fi\/tuote\/vaeltaja-ametistiriipus-nahkanauhassa\/#primaryimage","url":"https:\/\/www.amethystmine.fi\/wp-content\/uploads\/2019\/03\/vaeltaja1.jpg","contentUrl":"https:\/\/www.amethystmine.fi\/wp-content\/uploads\/2019\/03\/vaeltaja1.jpg","width":1000,"height":999},{"@type":"BreadcrumbList","@id":"https:\/\/www.amethystmine.fi\/fi\/tuote\/vaeltaja-ametistiriipus-nahkanauhassa\/#breadcrumb","itemListElement":[{"@type":"ListItem","position":1,"name":"Home","item":"https:\/\/www.amethystmine.fi\/fi\/"},{"@type":"ListItem","position":2,"name":"Ametisti verkkokauppa","item":"https:\/\/www.amethystmine.fi\/fi\/ametisti-verkkokauppa\/"},{"@type":"ListItem","position":3,"name":"Vaeltaja ametistiriipus nahkanauhassa"}]},{"@type":"WebSite","@id":"https:\/\/www.amethystmine.fi\/fi\/#website","url":"https:\/\/www.amethystmine.fi\/fi\/","name":"Amethystmine.fi","description":"Ihan uusi WordPress-sivusto","publisher":{"@id":"https:\/\/www.amethystmine.fi\/fi\/#organization"},"potentialAction":[{"@type":"SearchAction","target":{"@type":"EntryPoint","urlTemplate":"https:\/\/www.amethystmine.fi\/fi\/?s={search_term_string}"},"query-input":{"@type":"PropertyValueSpecification","valueRequired":true,"valueName":"search_term_string"}}],"inLanguage":"fi"},{"@type":"Organization","@id":"https:\/\/www.amethystmine.fi\/fi\/#organization","name":"Amethystmine.fi","url":"https:\/\/www.amethystmine.fi\/fi\/","logo":{"@type":"ImageObject","inLanguage":"fi","@id":"https:\/\/www.amethystmine.fi\/fi\/#\/schema\/logo\/image\/","url":"https:\/\/www.amethystmine.fi\/wp-content\/uploads\/2018\/11\/logo.png","contentUrl":"https:\/\/www.amethystmine.fi\/wp-content\/uploads\/2018\/11\/logo.png","width":186,"height":76,"caption":"Amethystmine.fi"},"image":{"@id":"https:\/\/www.amethystmine.fi\/fi\/#\/schema\/logo\/image\/"},"sameAs":["https:\/\/www.facebook.com\/Amethystmine"]}]}},"_links":{"self":[{"href":"https:\/\/www.amethystmine.fi\/fi\/wp-json\/wp\/v2\/product\/1295","targetHints":{"allow":["GET"]}}],"collection":[{"href":"https:\/\/www.amethystmine.fi\/fi\/wp-json\/wp\/v2\/product"}],"about":[{"href":"https:\/\/www.amethystmine.fi\/fi\/wp-json\/wp\/v2\/types\/product"}],"wp:featuredmedia":[{"embeddable":true,"href":"https:\/\/www.amethystmine.fi\/fi\/wp-json\/wp\/v2\/media\/1301"}],"wp:attachment":[{"href":"https:\/\/www.amethystmine.fi\/fi\/wp-json\/wp\/v2\/media?parent=1295"}],"wp:term":[{"taxonomy":"product_brand","embeddable":true,"href":"https:\/\/www.amethystmine.fi\/fi\/wp-json\/wp\/v2\/product_brand?post=1295"},{"taxonomy":"product_cat","embeddable":true,"href":"https:\/\/www.amethystmine.fi\/fi\/wp-json\/wp\/v2\/product_cat?post=1295"},{"taxonomy":"product_tag","embeddable":true,"href":"https:\/\/www.amethystmine.fi\/fi\/wp-json\/wp\/v2\/product_tag?post=1295"}],"curies":[{"name":"wp","href":"https:\/\/api.w.org\/{rel}","templated":true}]}}