{"id":1316,"date":"2024-09-07T16:35:13","date_gmt":"2024-09-07T13:35:13","guid":{"rendered":"https:\/\/www.amethystmine.fi\/?post_type=product&#038;p=1316"},"modified":"2026-02-13T15:09:18","modified_gmt":"2026-02-13T13:09:18","slug":"pisara-ametistikorvakorut","status":"publish","type":"product","link":"https:\/\/www.amethystmine.fi\/fi\/tuote\/pisara-ametistikorvakorut\/","title":{"rendered":"Pisara ametistikorvakorut"},"content":{"rendered":"<p><span style=\"margin: 0px; color: #2b2a28; font-family: 'Segoe UI',sans-serif; font-size: 13.5pt;\">Hopeisissa korvakoruissa on aito Lapin ametisti\u00a0Lampivaaran ametistikaivokselta.\u00a0<\/span><span style=\"margin: 0px; color: #2b2a28; font-family: 'Segoe UI',sans-serif; font-size: 13.5pt;\">Kivi j\u00e4ljittelee pisaran muotoa ja sen pituus on alle 20 mm. <span style=\"float: none; background-color: transparent; color: #2b2a28; font-family: 'Segoe UI',sans-serif; font-size: 18px; font-style: normal; font-variant: normal; font-weight: 400; letter-spacing: normal; text-align: left; text-decoration: none; text-indent: 0px; text-transform: none;\">Ametistin on uskottu suojelevan kantajaansa ilkeilt\u00e4 katseilta ja vastustajilta. Sotilaat ovat pit\u00e4neet ametistia amulettinaan suojaamaan taisteluissa.<\/span><\/span><\/p>\n<p><span style=\"margin: 0px; color: black; font-family: 'Segoe UI',sans-serif; font-size: 13.5pt;\">Huomaathan, ett\u00e4 ametistit ovat yksil\u00f6it\u00e4 ja niiden koko, muoto ja v\u00e4ri vaihtelee vaalean lilasta tummaan violettiin. Korun kivi ei v\u00e4ltt\u00e4m\u00e4tt\u00e4 ole samanlainen kuin kuvan korussa!<\/span><\/p>\n","protected":false},"excerpt":{"rendered":"<p>Hopeisissa korvakoruissa on aidot ametistit Lampivaaran ametistikaivokselta.\u00a0Kivi j\u00e4ljittelee pisaran muotoa ja sen pituus on alle 20 mm.<\/p>\n","protected":false},"featured_media":1593,"template":"","meta":{"_acf_changed":false,"_genesis_hide_title":false,"_genesis_hide_breadcrumbs":false,"_genesis_hide_singular_image":false,"_genesis_hide_footer_widgets":false,"_genesis_custom_body_class":"","_genesis_custom_post_class":"","_genesis_layout":""},"product_brand":[],"product_cat":[24],"product_tag":[57,55,133,73],"class_list":{"0":"post-1316","1":"product","2":"type-product","3":"status-publish","4":"has-post-thumbnail","6":"product_cat-korvakorut","7":"product_tag-ametistikoru","8":"product_tag-korvakorut","9":"product_tag-pisara","10":"product_tag-riipus","11":"product_shipping_class-kivet-ja-korut","12":"entry","14":"first","15":"instock","16":"taxable","17":"shipping-taxable","18":"purchasable","19":"product-type-simple"},"acf":[],"yoast_head":"<!-- This site is optimized with the Yoast SEO plugin v27.3 - https:\/\/yoast.com\/product\/yoast-seo-wordpress\/ -->\n<title>Pisara ametistikorvakorut - Amethystmine.fi<\/title>\n<meta name=\"description\" content=\"Hopeisissa korvakoruissa on aidot Lapin ametistit Lampivaaran ametistikaivokselta. Kivi j\u00e4ljittelee pisaran muotoa ja sen pituus on alle 20 mm.\" \/>\n<meta name=\"robots\" content=\"index, follow, max-snippet:-1, max-image-preview:large, max-video-preview:-1\" \/>\n<link rel=\"canonical\" href=\"https:\/\/www.amethystmine.fi\/fi\/tuote\/pisara-ametistikorvakorut\/\" \/>\n<meta property=\"og:locale\" content=\"fi_FI\" \/>\n<meta property=\"og:type\" content=\"article\" \/>\n<meta property=\"og:title\" content=\"Pisara ametistikorvakorut - Amethystmine.fi\" \/>\n<meta property=\"og:description\" content=\"Hopeisissa korvakoruissa on aidot Lapin ametistit Lampivaaran ametistikaivokselta. Kivi j\u00e4ljittelee pisaran muotoa ja sen pituus on alle 20 mm.\" \/>\n<meta property=\"og:url\" content=\"https:\/\/www.amethystmine.fi\/fi\/tuote\/pisara-ametistikorvakorut\/\" \/>\n<meta property=\"og:site_name\" content=\"Amethystmine.fi\" \/>\n<meta property=\"article:publisher\" content=\"https:\/\/www.facebook.com\/Amethystmine\" \/>\n<meta property=\"article:modified_time\" content=\"2026-02-13T13:09:18+00:00\" \/>\n<meta property=\"og:image\" content=\"https:\/\/www.amethystmine.fi\/wp-content\/uploads\/2019\/03\/Pisara-korvis1.jpg\" \/>\n\t<meta property=\"og:image:width\" content=\"1000\" \/>\n\t<meta property=\"og:image:height\" content=\"1000\" \/>\n\t<meta property=\"og:image:type\" content=\"image\/jpeg\" \/>\n<meta name=\"twitter:card\" content=\"summary_large_image\" \/>\n<meta name=\"twitter:label1\" content=\"Arvioitu lukuaika\" \/>\n\t<meta name=\"twitter:data1\" content=\"1 minuutti\" \/>\n<script type=\"application\/ld+json\" class=\"yoast-schema-graph\">{\"@context\":\"https:\\\/\\\/schema.org\",\"@graph\":[{\"@type\":\"WebPage\",\"@id\":\"https:\\\/\\\/www.amethystmine.fi\\\/fi\\\/tuote\\\/pisara-ametistikorvakorut\\\/\",\"url\":\"https:\\\/\\\/www.amethystmine.fi\\\/fi\\\/tuote\\\/pisara-ametistikorvakorut\\\/\",\"name\":\"Pisara ametistikorvakorut - Amethystmine.fi\",\"isPartOf\":{\"@id\":\"https:\\\/\\\/www.amethystmine.fi\\\/fi\\\/#website\"},\"primaryImageOfPage\":{\"@id\":\"https:\\\/\\\/www.amethystmine.fi\\\/fi\\\/tuote\\\/pisara-ametistikorvakorut\\\/#primaryimage\"},\"image\":{\"@id\":\"https:\\\/\\\/www.amethystmine.fi\\\/fi\\\/tuote\\\/pisara-ametistikorvakorut\\\/#primaryimage\"},\"thumbnailUrl\":\"https:\\\/\\\/www.amethystmine.fi\\\/wp-content\\\/uploads\\\/2019\\\/03\\\/Pisara-korvis1.jpg\",\"datePublished\":\"2024-09-07T13:35:13+00:00\",\"dateModified\":\"2026-02-13T13:09:18+00:00\",\"description\":\"Hopeisissa korvakoruissa on aidot Lapin ametistit Lampivaaran ametistikaivokselta. Kivi j\u00e4ljittelee pisaran muotoa ja sen pituus on alle 20 mm.\",\"breadcrumb\":{\"@id\":\"https:\\\/\\\/www.amethystmine.fi\\\/fi\\\/tuote\\\/pisara-ametistikorvakorut\\\/#breadcrumb\"},\"inLanguage\":\"fi\",\"potentialAction\":[{\"@type\":\"ReadAction\",\"target\":[\"https:\\\/\\\/www.amethystmine.fi\\\/fi\\\/tuote\\\/pisara-ametistikorvakorut\\\/\"]}]},{\"@type\":\"ImageObject\",\"inLanguage\":\"fi\",\"@id\":\"https:\\\/\\\/www.amethystmine.fi\\\/fi\\\/tuote\\\/pisara-ametistikorvakorut\\\/#primaryimage\",\"url\":\"https:\\\/\\\/www.amethystmine.fi\\\/wp-content\\\/uploads\\\/2019\\\/03\\\/Pisara-korvis1.jpg\",\"contentUrl\":\"https:\\\/\\\/www.amethystmine.fi\\\/wp-content\\\/uploads\\\/2019\\\/03\\\/Pisara-korvis1.jpg\",\"width\":1000,\"height\":1000,\"caption\":\"Pisara ametistikorvakoru\"},{\"@type\":\"BreadcrumbList\",\"@id\":\"https:\\\/\\\/www.amethystmine.fi\\\/fi\\\/tuote\\\/pisara-ametistikorvakorut\\\/#breadcrumb\",\"itemListElement\":[{\"@type\":\"ListItem\",\"position\":1,\"name\":\"Home\",\"item\":\"https:\\\/\\\/www.amethystmine.fi\\\/fi\\\/\"},{\"@type\":\"ListItem\",\"position\":2,\"name\":\"Ametisti verkkokauppa\",\"item\":\"https:\\\/\\\/www.amethystmine.fi\\\/fi\\\/ametisti-verkkokauppa\\\/\"},{\"@type\":\"ListItem\",\"position\":3,\"name\":\"Pisara ametistikorvakorut\"}]},{\"@type\":\"WebSite\",\"@id\":\"https:\\\/\\\/www.amethystmine.fi\\\/fi\\\/#website\",\"url\":\"https:\\\/\\\/www.amethystmine.fi\\\/fi\\\/\",\"name\":\"Amethystmine.fi\",\"description\":\"Ihan uusi WordPress-sivusto\",\"publisher\":{\"@id\":\"https:\\\/\\\/www.amethystmine.fi\\\/fi\\\/#organization\"},\"potentialAction\":[{\"@type\":\"SearchAction\",\"target\":{\"@type\":\"EntryPoint\",\"urlTemplate\":\"https:\\\/\\\/www.amethystmine.fi\\\/fi\\\/?s={search_term_string}\"},\"query-input\":{\"@type\":\"PropertyValueSpecification\",\"valueRequired\":true,\"valueName\":\"search_term_string\"}}],\"inLanguage\":\"fi\"},{\"@type\":\"Organization\",\"@id\":\"https:\\\/\\\/www.amethystmine.fi\\\/fi\\\/#organization\",\"name\":\"Amethystmine.fi\",\"url\":\"https:\\\/\\\/www.amethystmine.fi\\\/fi\\\/\",\"logo\":{\"@type\":\"ImageObject\",\"inLanguage\":\"fi\",\"@id\":\"https:\\\/\\\/www.amethystmine.fi\\\/fi\\\/#\\\/schema\\\/logo\\\/image\\\/\",\"url\":\"https:\\\/\\\/www.amethystmine.fi\\\/wp-content\\\/uploads\\\/2018\\\/11\\\/logo.png\",\"contentUrl\":\"https:\\\/\\\/www.amethystmine.fi\\\/wp-content\\\/uploads\\\/2018\\\/11\\\/logo.png\",\"width\":186,\"height\":76,\"caption\":\"Amethystmine.fi\"},\"image\":{\"@id\":\"https:\\\/\\\/www.amethystmine.fi\\\/fi\\\/#\\\/schema\\\/logo\\\/image\\\/\"},\"sameAs\":[\"https:\\\/\\\/www.facebook.com\\\/Amethystmine\"]}]}<\/script>\n<!-- \/ Yoast SEO plugin. -->","yoast_head_json":{"title":"Pisara ametistikorvakorut - Amethystmine.fi","description":"Hopeisissa korvakoruissa on aidot Lapin ametistit Lampivaaran ametistikaivokselta. Kivi j\u00e4ljittelee pisaran muotoa ja sen pituus on alle 20 mm.","robots":{"index":"index","follow":"follow","max-snippet":"max-snippet:-1","max-image-preview":"max-image-preview:large","max-video-preview":"max-video-preview:-1"},"canonical":"https:\/\/www.amethystmine.fi\/fi\/tuote\/pisara-ametistikorvakorut\/","og_locale":"fi_FI","og_type":"article","og_title":"Pisara ametistikorvakorut - Amethystmine.fi","og_description":"Hopeisissa korvakoruissa on aidot Lapin ametistit Lampivaaran ametistikaivokselta. Kivi j\u00e4ljittelee pisaran muotoa ja sen pituus on alle 20 mm.","og_url":"https:\/\/www.amethystmine.fi\/fi\/tuote\/pisara-ametistikorvakorut\/","og_site_name":"Amethystmine.fi","article_publisher":"https:\/\/www.facebook.com\/Amethystmine","article_modified_time":"2026-02-13T13:09:18+00:00","og_image":[{"width":1000,"height":1000,"url":"https:\/\/www.amethystmine.fi\/wp-content\/uploads\/2019\/03\/Pisara-korvis1.jpg","type":"image\/jpeg"}],"twitter_card":"summary_large_image","twitter_misc":{"Arvioitu lukuaika":"1 minuutti"},"schema":{"@context":"https:\/\/schema.org","@graph":[{"@type":"WebPage","@id":"https:\/\/www.amethystmine.fi\/fi\/tuote\/pisara-ametistikorvakorut\/","url":"https:\/\/www.amethystmine.fi\/fi\/tuote\/pisara-ametistikorvakorut\/","name":"Pisara ametistikorvakorut - Amethystmine.fi","isPartOf":{"@id":"https:\/\/www.amethystmine.fi\/fi\/#website"},"primaryImageOfPage":{"@id":"https:\/\/www.amethystmine.fi\/fi\/tuote\/pisara-ametistikorvakorut\/#primaryimage"},"image":{"@id":"https:\/\/www.amethystmine.fi\/fi\/tuote\/pisara-ametistikorvakorut\/#primaryimage"},"thumbnailUrl":"https:\/\/www.amethystmine.fi\/wp-content\/uploads\/2019\/03\/Pisara-korvis1.jpg","datePublished":"2024-09-07T13:35:13+00:00","dateModified":"2026-02-13T13:09:18+00:00","description":"Hopeisissa korvakoruissa on aidot Lapin ametistit Lampivaaran ametistikaivokselta. Kivi j\u00e4ljittelee pisaran muotoa ja sen pituus on alle 20 mm.","breadcrumb":{"@id":"https:\/\/www.amethystmine.fi\/fi\/tuote\/pisara-ametistikorvakorut\/#breadcrumb"},"inLanguage":"fi","potentialAction":[{"@type":"ReadAction","target":["https:\/\/www.amethystmine.fi\/fi\/tuote\/pisara-ametistikorvakorut\/"]}]},{"@type":"ImageObject","inLanguage":"fi","@id":"https:\/\/www.amethystmine.fi\/fi\/tuote\/pisara-ametistikorvakorut\/#primaryimage","url":"https:\/\/www.amethystmine.fi\/wp-content\/uploads\/2019\/03\/Pisara-korvis1.jpg","contentUrl":"https:\/\/www.amethystmine.fi\/wp-content\/uploads\/2019\/03\/Pisara-korvis1.jpg","width":1000,"height":1000,"caption":"Pisara ametistikorvakoru"},{"@type":"BreadcrumbList","@id":"https:\/\/www.amethystmine.fi\/fi\/tuote\/pisara-ametistikorvakorut\/#breadcrumb","itemListElement":[{"@type":"ListItem","position":1,"name":"Home","item":"https:\/\/www.amethystmine.fi\/fi\/"},{"@type":"ListItem","position":2,"name":"Ametisti verkkokauppa","item":"https:\/\/www.amethystmine.fi\/fi\/ametisti-verkkokauppa\/"},{"@type":"ListItem","position":3,"name":"Pisara ametistikorvakorut"}]},{"@type":"WebSite","@id":"https:\/\/www.amethystmine.fi\/fi\/#website","url":"https:\/\/www.amethystmine.fi\/fi\/","name":"Amethystmine.fi","description":"Ihan uusi WordPress-sivusto","publisher":{"@id":"https:\/\/www.amethystmine.fi\/fi\/#organization"},"potentialAction":[{"@type":"SearchAction","target":{"@type":"EntryPoint","urlTemplate":"https:\/\/www.amethystmine.fi\/fi\/?s={search_term_string}"},"query-input":{"@type":"PropertyValueSpecification","valueRequired":true,"valueName":"search_term_string"}}],"inLanguage":"fi"},{"@type":"Organization","@id":"https:\/\/www.amethystmine.fi\/fi\/#organization","name":"Amethystmine.fi","url":"https:\/\/www.amethystmine.fi\/fi\/","logo":{"@type":"ImageObject","inLanguage":"fi","@id":"https:\/\/www.amethystmine.fi\/fi\/#\/schema\/logo\/image\/","url":"https:\/\/www.amethystmine.fi\/wp-content\/uploads\/2018\/11\/logo.png","contentUrl":"https:\/\/www.amethystmine.fi\/wp-content\/uploads\/2018\/11\/logo.png","width":186,"height":76,"caption":"Amethystmine.fi"},"image":{"@id":"https:\/\/www.amethystmine.fi\/fi\/#\/schema\/logo\/image\/"},"sameAs":["https:\/\/www.facebook.com\/Amethystmine"]}]}},"_links":{"self":[{"href":"https:\/\/www.amethystmine.fi\/fi\/wp-json\/wp\/v2\/product\/1316","targetHints":{"allow":["GET"]}}],"collection":[{"href":"https:\/\/www.amethystmine.fi\/fi\/wp-json\/wp\/v2\/product"}],"about":[{"href":"https:\/\/www.amethystmine.fi\/fi\/wp-json\/wp\/v2\/types\/product"}],"wp:featuredmedia":[{"embeddable":true,"href":"https:\/\/www.amethystmine.fi\/fi\/wp-json\/wp\/v2\/media\/1593"}],"wp:attachment":[{"href":"https:\/\/www.amethystmine.fi\/fi\/wp-json\/wp\/v2\/media?parent=1316"}],"wp:term":[{"taxonomy":"product_brand","embeddable":true,"href":"https:\/\/www.amethystmine.fi\/fi\/wp-json\/wp\/v2\/product_brand?post=1316"},{"taxonomy":"product_cat","embeddable":true,"href":"https:\/\/www.amethystmine.fi\/fi\/wp-json\/wp\/v2\/product_cat?post=1316"},{"taxonomy":"product_tag","embeddable":true,"href":"https:\/\/www.amethystmine.fi\/fi\/wp-json\/wp\/v2\/product_tag?post=1316"}],"curies":[{"name":"wp","href":"https:\/\/api.w.org\/{rel}","templated":true}]}}