{"id":1335,"date":"2024-09-07T16:35:12","date_gmt":"2024-09-07T13:35:12","guid":{"rendered":"https:\/\/www.amethystmine.fi\/?post_type=product&#038;p=1335"},"modified":"2026-02-13T15:12:04","modified_gmt":"2026-02-13T13:12:04","slug":"pisara-ametistikorusetti","status":"publish","type":"product","link":"https:\/\/www.amethystmine.fi\/fi\/tuote\/pisara-ametistikorusetti\/","title":{"rendered":"Pisara ametistikorusetti"},"content":{"rendered":"<p><span style=\"margin: 0px; color: #2b2a28; font-family: 'Segoe UI',sans-serif; font-size: 13.5pt;\">Hopeisissa koruissa on rumpuhiotut aidot Lapin ametistit Lampivaaran ametistikaivokselta. Pisaran muotoisten kivien pituus on max. 20 mm.<\/span><span style=\"margin: 0px; color: #2b2a28; font-family: 'Segoe UI',sans-serif; font-size: 13.5pt;\"> <span style=\"float: none; background-color: transparent; color: #2b2a28; font-family: 'Segoe UI',sans-serif; font-size: 18px; font-style: normal; font-variant: normal; font-weight: 400; letter-spacing: normal; text-align: left; text-decoration: none; text-indent: 0px; text-transform: none;\">Ametistin on uskottu suojelevan kantajaansa ilkeilt\u00e4 katseilta ja vastustajilta. Sotilaat ovat pit\u00e4neet ametistia amulettinaan suojaamaan taisteluissa.<\/span><\/span><\/p>\n<p><span style=\"margin: 0px; color: #2b2a28; font-family: 'Segoe UI',sans-serif; font-size: 13.5pt;\">Settiin kuuluu korvakorut, riipus ja hopeaketju. Valitse sopiva ketjun pituus valikosta.<\/span><\/p>\n<p><span style=\"margin: 0px; color: black; font-family: 'Segoe UI',sans-serif; font-size: 13.5pt;\">Huomaathan, ett\u00e4 rumpuhiotut ametistit ovat yksil\u00f6it\u00e4 ja niiden koko, muoto ja v\u00e4ri vaihtelee vaalean lilasta tummaan violettiin. Korun kivet eiv\u00e4t v\u00e4ltt\u00e4m\u00e4tt\u00e4 ole samanlaiset kuin kuvan koruissa!<\/span><\/p>\n","protected":false},"excerpt":{"rendered":"<p>Hopeisissa koruissa on rumpuhiotut aidot Lapin ametistit Lampivaaran ametistikaivokselta.\u00a0Kivet j\u00e4ljittelev\u00e4t pisaran muotoa ja niiden pituus on alle 20 mm.<\/p>\n","protected":false},"featured_media":1351,"template":"","meta":{"_acf_changed":false,"_genesis_hide_title":false,"_genesis_hide_breadcrumbs":false,"_genesis_hide_singular_image":false,"_genesis_hide_footer_widgets":false,"_genesis_custom_body_class":"","_genesis_custom_post_class":"","_genesis_layout":""},"product_brand":[],"product_cat":[135],"product_tag":[57,56,137,55,133,73],"class_list":{"0":"post-1335","1":"product","2":"type-product","3":"status-publish","4":"has-post-thumbnail","6":"product_cat-korusetit","7":"product_tag-ametistikoru","8":"product_tag-kaulakoru","9":"product_tag-korusetti","10":"product_tag-korvakorut","11":"product_tag-pisara","12":"product_tag-riipus","13":"product_shipping_class-kivet-ja-korut","14":"entry","16":"first","17":"instock","18":"taxable","19":"shipping-taxable","20":"purchasable","21":"product-type-variable"},"acf":[],"yoast_head":"<!-- This site is optimized with the Yoast SEO plugin v27.4 - https:\/\/yoast.com\/product\/yoast-seo-wordpress\/ -->\n<title>Pisara ametistikorusetti - Amethystmine.fi<\/title>\n<meta name=\"description\" content=\"Hopeisissa koruissa on rumpuhiotut aidot Lapin ametistit Lampivaaran ametistikaivokselta. Pisaran muotoisten kivien pituus on max. 20 mm.\" \/>\n<meta name=\"robots\" content=\"index, follow, max-snippet:-1, max-image-preview:large, max-video-preview:-1\" \/>\n<link rel=\"canonical\" href=\"https:\/\/www.amethystmine.fi\/fi\/tuote\/pisara-ametistikorusetti\/\" \/>\n<meta property=\"og:locale\" content=\"fi_FI\" \/>\n<meta property=\"og:type\" content=\"article\" \/>\n<meta property=\"og:title\" content=\"Pisara ametistikorusetti - Amethystmine.fi\" \/>\n<meta property=\"og:description\" content=\"Hopeisissa koruissa on rumpuhiotut aidot Lapin ametistit Lampivaaran ametistikaivokselta. Pisaran muotoisten kivien pituus on max. 20 mm.\" \/>\n<meta property=\"og:url\" content=\"https:\/\/www.amethystmine.fi\/fi\/tuote\/pisara-ametistikorusetti\/\" \/>\n<meta property=\"og:site_name\" content=\"Amethystmine.fi\" \/>\n<meta property=\"article:publisher\" content=\"https:\/\/www.facebook.com\/Amethystmine\" \/>\n<meta property=\"article:modified_time\" content=\"2026-02-13T13:12:04+00:00\" \/>\n<meta property=\"og:image\" content=\"https:\/\/www.amethystmine.fi\/wp-content\/uploads\/2019\/03\/Pisara-setti1-e1553510803333.jpg\" \/>\n\t<meta property=\"og:image:width\" content=\"1001\" \/>\n\t<meta property=\"og:image:height\" content=\"1000\" \/>\n\t<meta property=\"og:image:type\" content=\"image\/jpeg\" \/>\n<meta name=\"twitter:card\" content=\"summary_large_image\" \/>\n<meta name=\"twitter:label1\" content=\"Arvioitu lukuaika\" \/>\n\t<meta name=\"twitter:data1\" content=\"1 minuutti\" \/>\n<script type=\"application\/ld+json\" class=\"yoast-schema-graph\">{\"@context\":\"https:\\\/\\\/schema.org\",\"@graph\":[{\"@type\":\"WebPage\",\"@id\":\"https:\\\/\\\/www.amethystmine.fi\\\/fi\\\/tuote\\\/pisara-ametistikorusetti\\\/\",\"url\":\"https:\\\/\\\/www.amethystmine.fi\\\/fi\\\/tuote\\\/pisara-ametistikorusetti\\\/\",\"name\":\"Pisara ametistikorusetti - Amethystmine.fi\",\"isPartOf\":{\"@id\":\"https:\\\/\\\/www.amethystmine.fi\\\/fi\\\/#website\"},\"primaryImageOfPage\":{\"@id\":\"https:\\\/\\\/www.amethystmine.fi\\\/fi\\\/tuote\\\/pisara-ametistikorusetti\\\/#primaryimage\"},\"image\":{\"@id\":\"https:\\\/\\\/www.amethystmine.fi\\\/fi\\\/tuote\\\/pisara-ametistikorusetti\\\/#primaryimage\"},\"thumbnailUrl\":\"https:\\\/\\\/www.amethystmine.fi\\\/wp-content\\\/uploads\\\/2019\\\/03\\\/Pisara-setti1-e1553510803333.jpg\",\"datePublished\":\"2024-09-07T13:35:12+00:00\",\"dateModified\":\"2026-02-13T13:12:04+00:00\",\"description\":\"Hopeisissa koruissa on rumpuhiotut aidot Lapin ametistit Lampivaaran ametistikaivokselta. Pisaran muotoisten kivien pituus on max. 20 mm.\",\"breadcrumb\":{\"@id\":\"https:\\\/\\\/www.amethystmine.fi\\\/fi\\\/tuote\\\/pisara-ametistikorusetti\\\/#breadcrumb\"},\"inLanguage\":\"fi\",\"potentialAction\":[{\"@type\":\"ReadAction\",\"target\":[\"https:\\\/\\\/www.amethystmine.fi\\\/fi\\\/tuote\\\/pisara-ametistikorusetti\\\/\"]}]},{\"@type\":\"ImageObject\",\"inLanguage\":\"fi\",\"@id\":\"https:\\\/\\\/www.amethystmine.fi\\\/fi\\\/tuote\\\/pisara-ametistikorusetti\\\/#primaryimage\",\"url\":\"https:\\\/\\\/www.amethystmine.fi\\\/wp-content\\\/uploads\\\/2019\\\/03\\\/Pisara-setti1-e1553510803333.jpg\",\"contentUrl\":\"https:\\\/\\\/www.amethystmine.fi\\\/wp-content\\\/uploads\\\/2019\\\/03\\\/Pisara-setti1-e1553510803333.jpg\",\"width\":1001,\"height\":1000},{\"@type\":\"BreadcrumbList\",\"@id\":\"https:\\\/\\\/www.amethystmine.fi\\\/fi\\\/tuote\\\/pisara-ametistikorusetti\\\/#breadcrumb\",\"itemListElement\":[{\"@type\":\"ListItem\",\"position\":1,\"name\":\"Home\",\"item\":\"https:\\\/\\\/www.amethystmine.fi\\\/fi\\\/\"},{\"@type\":\"ListItem\",\"position\":2,\"name\":\"Ametisti verkkokauppa\",\"item\":\"https:\\\/\\\/www.amethystmine.fi\\\/fi\\\/ametisti-verkkokauppa\\\/\"},{\"@type\":\"ListItem\",\"position\":3,\"name\":\"Pisara ametistikorusetti\"}]},{\"@type\":\"WebSite\",\"@id\":\"https:\\\/\\\/www.amethystmine.fi\\\/fi\\\/#website\",\"url\":\"https:\\\/\\\/www.amethystmine.fi\\\/fi\\\/\",\"name\":\"Amethystmine.fi\",\"description\":\"Ihan uusi WordPress-sivusto\",\"publisher\":{\"@id\":\"https:\\\/\\\/www.amethystmine.fi\\\/fi\\\/#organization\"},\"potentialAction\":[{\"@type\":\"SearchAction\",\"target\":{\"@type\":\"EntryPoint\",\"urlTemplate\":\"https:\\\/\\\/www.amethystmine.fi\\\/fi\\\/?s={search_term_string}\"},\"query-input\":{\"@type\":\"PropertyValueSpecification\",\"valueRequired\":true,\"valueName\":\"search_term_string\"}}],\"inLanguage\":\"fi\"},{\"@type\":\"Organization\",\"@id\":\"https:\\\/\\\/www.amethystmine.fi\\\/fi\\\/#organization\",\"name\":\"Amethystmine.fi\",\"url\":\"https:\\\/\\\/www.amethystmine.fi\\\/fi\\\/\",\"logo\":{\"@type\":\"ImageObject\",\"inLanguage\":\"fi\",\"@id\":\"https:\\\/\\\/www.amethystmine.fi\\\/fi\\\/#\\\/schema\\\/logo\\\/image\\\/\",\"url\":\"https:\\\/\\\/www.amethystmine.fi\\\/wp-content\\\/uploads\\\/2018\\\/11\\\/logo.png\",\"contentUrl\":\"https:\\\/\\\/www.amethystmine.fi\\\/wp-content\\\/uploads\\\/2018\\\/11\\\/logo.png\",\"width\":186,\"height\":76,\"caption\":\"Amethystmine.fi\"},\"image\":{\"@id\":\"https:\\\/\\\/www.amethystmine.fi\\\/fi\\\/#\\\/schema\\\/logo\\\/image\\\/\"},\"sameAs\":[\"https:\\\/\\\/www.facebook.com\\\/Amethystmine\"]}]}<\/script>\n<!-- \/ Yoast SEO plugin. -->","yoast_head_json":{"title":"Pisara ametistikorusetti - Amethystmine.fi","description":"Hopeisissa koruissa on rumpuhiotut aidot Lapin ametistit Lampivaaran ametistikaivokselta. Pisaran muotoisten kivien pituus on max. 20 mm.","robots":{"index":"index","follow":"follow","max-snippet":"max-snippet:-1","max-image-preview":"max-image-preview:large","max-video-preview":"max-video-preview:-1"},"canonical":"https:\/\/www.amethystmine.fi\/fi\/tuote\/pisara-ametistikorusetti\/","og_locale":"fi_FI","og_type":"article","og_title":"Pisara ametistikorusetti - Amethystmine.fi","og_description":"Hopeisissa koruissa on rumpuhiotut aidot Lapin ametistit Lampivaaran ametistikaivokselta. Pisaran muotoisten kivien pituus on max. 20 mm.","og_url":"https:\/\/www.amethystmine.fi\/fi\/tuote\/pisara-ametistikorusetti\/","og_site_name":"Amethystmine.fi","article_publisher":"https:\/\/www.facebook.com\/Amethystmine","article_modified_time":"2026-02-13T13:12:04+00:00","og_image":[{"width":1001,"height":1000,"url":"https:\/\/www.amethystmine.fi\/wp-content\/uploads\/2019\/03\/Pisara-setti1-e1553510803333.jpg","type":"image\/jpeg"}],"twitter_card":"summary_large_image","twitter_misc":{"Arvioitu lukuaika":"1 minuutti"},"schema":{"@context":"https:\/\/schema.org","@graph":[{"@type":"WebPage","@id":"https:\/\/www.amethystmine.fi\/fi\/tuote\/pisara-ametistikorusetti\/","url":"https:\/\/www.amethystmine.fi\/fi\/tuote\/pisara-ametistikorusetti\/","name":"Pisara ametistikorusetti - Amethystmine.fi","isPartOf":{"@id":"https:\/\/www.amethystmine.fi\/fi\/#website"},"primaryImageOfPage":{"@id":"https:\/\/www.amethystmine.fi\/fi\/tuote\/pisara-ametistikorusetti\/#primaryimage"},"image":{"@id":"https:\/\/www.amethystmine.fi\/fi\/tuote\/pisara-ametistikorusetti\/#primaryimage"},"thumbnailUrl":"https:\/\/www.amethystmine.fi\/wp-content\/uploads\/2019\/03\/Pisara-setti1-e1553510803333.jpg","datePublished":"2024-09-07T13:35:12+00:00","dateModified":"2026-02-13T13:12:04+00:00","description":"Hopeisissa koruissa on rumpuhiotut aidot Lapin ametistit Lampivaaran ametistikaivokselta. Pisaran muotoisten kivien pituus on max. 20 mm.","breadcrumb":{"@id":"https:\/\/www.amethystmine.fi\/fi\/tuote\/pisara-ametistikorusetti\/#breadcrumb"},"inLanguage":"fi","potentialAction":[{"@type":"ReadAction","target":["https:\/\/www.amethystmine.fi\/fi\/tuote\/pisara-ametistikorusetti\/"]}]},{"@type":"ImageObject","inLanguage":"fi","@id":"https:\/\/www.amethystmine.fi\/fi\/tuote\/pisara-ametistikorusetti\/#primaryimage","url":"https:\/\/www.amethystmine.fi\/wp-content\/uploads\/2019\/03\/Pisara-setti1-e1553510803333.jpg","contentUrl":"https:\/\/www.amethystmine.fi\/wp-content\/uploads\/2019\/03\/Pisara-setti1-e1553510803333.jpg","width":1001,"height":1000},{"@type":"BreadcrumbList","@id":"https:\/\/www.amethystmine.fi\/fi\/tuote\/pisara-ametistikorusetti\/#breadcrumb","itemListElement":[{"@type":"ListItem","position":1,"name":"Home","item":"https:\/\/www.amethystmine.fi\/fi\/"},{"@type":"ListItem","position":2,"name":"Ametisti verkkokauppa","item":"https:\/\/www.amethystmine.fi\/fi\/ametisti-verkkokauppa\/"},{"@type":"ListItem","position":3,"name":"Pisara ametistikorusetti"}]},{"@type":"WebSite","@id":"https:\/\/www.amethystmine.fi\/fi\/#website","url":"https:\/\/www.amethystmine.fi\/fi\/","name":"Amethystmine.fi","description":"Ihan uusi WordPress-sivusto","publisher":{"@id":"https:\/\/www.amethystmine.fi\/fi\/#organization"},"potentialAction":[{"@type":"SearchAction","target":{"@type":"EntryPoint","urlTemplate":"https:\/\/www.amethystmine.fi\/fi\/?s={search_term_string}"},"query-input":{"@type":"PropertyValueSpecification","valueRequired":true,"valueName":"search_term_string"}}],"inLanguage":"fi"},{"@type":"Organization","@id":"https:\/\/www.amethystmine.fi\/fi\/#organization","name":"Amethystmine.fi","url":"https:\/\/www.amethystmine.fi\/fi\/","logo":{"@type":"ImageObject","inLanguage":"fi","@id":"https:\/\/www.amethystmine.fi\/fi\/#\/schema\/logo\/image\/","url":"https:\/\/www.amethystmine.fi\/wp-content\/uploads\/2018\/11\/logo.png","contentUrl":"https:\/\/www.amethystmine.fi\/wp-content\/uploads\/2018\/11\/logo.png","width":186,"height":76,"caption":"Amethystmine.fi"},"image":{"@id":"https:\/\/www.amethystmine.fi\/fi\/#\/schema\/logo\/image\/"},"sameAs":["https:\/\/www.facebook.com\/Amethystmine"]}]}},"_links":{"self":[{"href":"https:\/\/www.amethystmine.fi\/fi\/wp-json\/wp\/v2\/product\/1335","targetHints":{"allow":["GET"]}}],"collection":[{"href":"https:\/\/www.amethystmine.fi\/fi\/wp-json\/wp\/v2\/product"}],"about":[{"href":"https:\/\/www.amethystmine.fi\/fi\/wp-json\/wp\/v2\/types\/product"}],"wp:featuredmedia":[{"embeddable":true,"href":"https:\/\/www.amethystmine.fi\/fi\/wp-json\/wp\/v2\/media\/1351"}],"wp:attachment":[{"href":"https:\/\/www.amethystmine.fi\/fi\/wp-json\/wp\/v2\/media?parent=1335"}],"wp:term":[{"taxonomy":"product_brand","embeddable":true,"href":"https:\/\/www.amethystmine.fi\/fi\/wp-json\/wp\/v2\/product_brand?post=1335"},{"taxonomy":"product_cat","embeddable":true,"href":"https:\/\/www.amethystmine.fi\/fi\/wp-json\/wp\/v2\/product_cat?post=1335"},{"taxonomy":"product_tag","embeddable":true,"href":"https:\/\/www.amethystmine.fi\/fi\/wp-json\/wp\/v2\/product_tag?post=1335"}],"curies":[{"name":"wp","href":"https:\/\/api.w.org\/{rel}","templated":true}]}}