{"id":1462,"date":"2024-09-07T16:40:55","date_gmt":"2024-09-07T13:40:55","guid":{"rendered":"https:\/\/www.amethystmine.fi\/?post_type=product&#038;p=1462"},"modified":"2024-09-07T16:40:55","modified_gmt":"2024-09-07T13:40:55","slug":"shamaanikivilajitelma-rumpuhiottu-3-kpl","status":"publish","type":"product","link":"https:\/\/www.amethystmine.fi\/fi\/tuote\/shamaanikivilajitelma-rumpuhiottu-3-kpl\/","title":{"rendered":"Shamaanikivilajitelma rumpuhiottu 3 kpl"},"content":{"rendered":"<p><span style=\"margin: 0px; color: #2b2a28; font-family: 'Segoe UI',sans-serif; font-size: 13.5pt;\">Luoston Lampivaaran ametistikaivokselta l\u00f6ydettyj\u00e4 shamaanikivi\u00e4, jotka on viimeistelty rumpuhiomalla. Shamaanikivess\u00e4 on tummaa savukvartsia, valkoista lumikvartsia ja violettia ametistia. Hidas kasvuvauhti ja olosuhteiden muutokset kiteytymisprosessin aikana ovat mahdollistaneet t\u00e4m\u00e4n harvinaisen kolmiv\u00e4risen kiven synnyn.<\/span><\/p>\n<p><span style=\"margin: 0px; color: #2b2a28; font-family: 'Segoe UI',sans-serif; font-size: 13.5pt;\">Ametisti saa voimansa ylh\u00e4\u00e4lt\u00e4, savukvartsi maasta ja lumikvartsi on tasapainottava ja puhdistava kivi. Lampivaara on ollut muinaisten saamelaisten pyh\u00e4 paikka ja t\u00e4m\u00e4 kolmiv\u00e4rinen kivi onkin nimetty shamaanien mukaan, joiden kerrotaan saaneen voimansa n\u00e4ist\u00e4 kivist\u00e4.<\/span><\/p>\n<p><span style=\"margin: 0px; color: #2b2a28; font-family: 'Segoe UI',sans-serif; font-size: 13.5pt;\">Yhden kiven paino on keskim\u00e4\u00e4rin 1-5 g ja lajitelmaan kuuluu kolme kive\u00e4.<\/span><\/p>\n<p><span style=\"color: #003000; font-family: 'Segoe UI',sans-serif; font-size: large;\"><span style=\"display: inline !important; float: none; background-color: transparent; color: #000000; font-family: 'Segoe UI',sans-serif; font-size: 18px; font-style: normal; font-variant: normal; font-weight: 400; letter-spacing: normal; orphans: 2; text-align: left; text-decoration: none; text-indent: 0px; text-transform: none; -webkit-text-stroke-width: 0px; white-space: normal; word-spacing: 0px;\">Huomaathan, ett\u00e4 rumpuhiottujen kivien koko, muoto ja v\u00e4ri vaihtelevat. Kivet saattavat poiketa kuvan kivien muodoista ja v\u00e4ris\u00e4vyist\u00e4!<\/span><\/span><\/p>\n<p><span style=\"color: #003000; font-family: 'Segoe UI',sans-serif; font-size: large;\"><span style=\"display: inline !important; float: none; background-color: transparent; color: #000000; font-family: 'Segoe UI',sans-serif; font-size: 18px; font-style: normal; font-variant: normal; font-weight: 400; letter-spacing: normal; orphans: 2; text-align: left; text-decoration: none; text-indent: 0px; text-transform: none; -webkit-text-stroke-width: 0px; white-space: normal; word-spacing: 0px;\">Kivet on hiottu Luoston Ametistikaupan kivipajassa. Kivien hionnassa on useita eri vaiheita ja koko prosessi kest\u00e4\u00e4 noin kolme viikkoa.<\/span><\/span><\/p>\n<p>&nbsp;<\/p>\n","protected":false},"excerpt":{"rendered":"<p><span style=\"margin: 0px; color: #2b2a28; font-family: 'Segoe UI',sans-serif; font-size: 13.5pt;\">Luoston Lampivaaran ametistikaivokselta l\u00f6ydettyj\u00e4 ainutlaatuisia kolmiv\u00e4risi\u00e4 shamaanikivi\u00e4, jotka on viimeistelty rumpuhiomalla.<\/span><\/p>\n","protected":false},"featured_media":1465,"template":"","meta":{"_acf_changed":false,"_genesis_hide_title":false,"_genesis_hide_breadcrumbs":false,"_genesis_hide_singular_image":false,"_genesis_hide_footer_widgets":false,"_genesis_custom_body_class":"","_genesis_custom_post_class":"","_genesis_layout":""},"product_brand":[],"product_cat":[21],"product_tag":[145,144,146,147],"class_list":{"0":"post-1462","1":"product","2":"type-product","3":"status-publish","4":"has-post-thumbnail","6":"product_cat-rumpuhiotut-kivet","7":"product_tag-ametisti","8":"product_tag-hiottu-kivi","9":"product_tag-kerailykivi","10":"product_tag-rumpuhiottu","11":"product_shipping_class-kivet-ja-korut","12":"entry","14":"first","15":"instock","16":"taxable","17":"shipping-taxable","18":"purchasable","19":"product-type-simple"},"acf":[],"yoast_head":"<!-- This site is optimized with the Yoast SEO plugin v27.3 - https:\/\/yoast.com\/product\/yoast-seo-wordpress\/ -->\n<title>Shamaanikivilajitelma rumpuhiottu 3 kpl - Amethystmine.fi<\/title>\n<meta name=\"description\" content=\"Luoston Lampivaaran ametistikaivokselta l\u00f6ydettyj\u00e4 ainutlaatuisia kolmiv\u00e4risi\u00e4 shamaanikivi\u00e4, jotka on viimeistelty rumpuhiomalla.\" \/>\n<meta name=\"robots\" content=\"index, follow, max-snippet:-1, max-image-preview:large, max-video-preview:-1\" \/>\n<link rel=\"canonical\" href=\"https:\/\/www.amethystmine.fi\/fi\/tuote\/shamaanikivilajitelma-rumpuhiottu-3-kpl\/\" \/>\n<meta property=\"og:locale\" content=\"fi_FI\" \/>\n<meta property=\"og:type\" content=\"article\" \/>\n<meta property=\"og:title\" content=\"Shamaanikivilajitelma rumpuhiottu 3 kpl - Amethystmine.fi\" \/>\n<meta property=\"og:description\" content=\"Luoston Lampivaaran ametistikaivokselta l\u00f6ydettyj\u00e4 ainutlaatuisia kolmiv\u00e4risi\u00e4 shamaanikivi\u00e4, jotka on viimeistelty rumpuhiomalla.\" \/>\n<meta property=\"og:url\" content=\"https:\/\/www.amethystmine.fi\/fi\/tuote\/shamaanikivilajitelma-rumpuhiottu-3-kpl\/\" \/>\n<meta property=\"og:site_name\" content=\"Amethystmine.fi\" \/>\n<meta property=\"article:publisher\" content=\"https:\/\/www.facebook.com\/Amethystmine\" \/>\n<meta property=\"og:image\" content=\"https:\/\/www.amethystmine.fi\/wp-content\/uploads\/2019\/03\/shamaanikivet-pieni.jpg\" \/>\n\t<meta property=\"og:image:width\" content=\"1000\" \/>\n\t<meta property=\"og:image:height\" content=\"750\" \/>\n\t<meta property=\"og:image:type\" content=\"image\/jpeg\" \/>\n<meta name=\"twitter:card\" content=\"summary_large_image\" \/>\n<meta name=\"twitter:label1\" content=\"Arvioitu lukuaika\" \/>\n\t<meta name=\"twitter:data1\" content=\"1 minuutti\" \/>\n<script type=\"application\/ld+json\" class=\"yoast-schema-graph\">{\"@context\":\"https:\\\/\\\/schema.org\",\"@graph\":[{\"@type\":\"WebPage\",\"@id\":\"https:\\\/\\\/www.amethystmine.fi\\\/fi\\\/tuote\\\/shamaanikivilajitelma-rumpuhiottu-3-kpl\\\/\",\"url\":\"https:\\\/\\\/www.amethystmine.fi\\\/fi\\\/tuote\\\/shamaanikivilajitelma-rumpuhiottu-3-kpl\\\/\",\"name\":\"Shamaanikivilajitelma rumpuhiottu 3 kpl - Amethystmine.fi\",\"isPartOf\":{\"@id\":\"https:\\\/\\\/www.amethystmine.fi\\\/fi\\\/#website\"},\"primaryImageOfPage\":{\"@id\":\"https:\\\/\\\/www.amethystmine.fi\\\/fi\\\/tuote\\\/shamaanikivilajitelma-rumpuhiottu-3-kpl\\\/#primaryimage\"},\"image\":{\"@id\":\"https:\\\/\\\/www.amethystmine.fi\\\/fi\\\/tuote\\\/shamaanikivilajitelma-rumpuhiottu-3-kpl\\\/#primaryimage\"},\"thumbnailUrl\":\"https:\\\/\\\/www.amethystmine.fi\\\/wp-content\\\/uploads\\\/2019\\\/03\\\/shamaanikivet-pieni.jpg\",\"datePublished\":\"2024-09-07T13:40:55+00:00\",\"description\":\"Luoston Lampivaaran ametistikaivokselta l\u00f6ydettyj\u00e4 ainutlaatuisia kolmiv\u00e4risi\u00e4 shamaanikivi\u00e4, jotka on viimeistelty rumpuhiomalla.\",\"breadcrumb\":{\"@id\":\"https:\\\/\\\/www.amethystmine.fi\\\/fi\\\/tuote\\\/shamaanikivilajitelma-rumpuhiottu-3-kpl\\\/#breadcrumb\"},\"inLanguage\":\"fi\",\"potentialAction\":[{\"@type\":\"ReadAction\",\"target\":[\"https:\\\/\\\/www.amethystmine.fi\\\/fi\\\/tuote\\\/shamaanikivilajitelma-rumpuhiottu-3-kpl\\\/\"]}]},{\"@type\":\"ImageObject\",\"inLanguage\":\"fi\",\"@id\":\"https:\\\/\\\/www.amethystmine.fi\\\/fi\\\/tuote\\\/shamaanikivilajitelma-rumpuhiottu-3-kpl\\\/#primaryimage\",\"url\":\"https:\\\/\\\/www.amethystmine.fi\\\/wp-content\\\/uploads\\\/2019\\\/03\\\/shamaanikivet-pieni.jpg\",\"contentUrl\":\"https:\\\/\\\/www.amethystmine.fi\\\/wp-content\\\/uploads\\\/2019\\\/03\\\/shamaanikivet-pieni.jpg\",\"width\":1000,\"height\":750,\"caption\":\"Shamaanikivilajitelma\"},{\"@type\":\"BreadcrumbList\",\"@id\":\"https:\\\/\\\/www.amethystmine.fi\\\/fi\\\/tuote\\\/shamaanikivilajitelma-rumpuhiottu-3-kpl\\\/#breadcrumb\",\"itemListElement\":[{\"@type\":\"ListItem\",\"position\":1,\"name\":\"Home\",\"item\":\"https:\\\/\\\/www.amethystmine.fi\\\/fi\\\/\"},{\"@type\":\"ListItem\",\"position\":2,\"name\":\"Ametisti verkkokauppa\",\"item\":\"https:\\\/\\\/www.amethystmine.fi\\\/fi\\\/ametisti-verkkokauppa\\\/\"},{\"@type\":\"ListItem\",\"position\":3,\"name\":\"Shamaanikivilajitelma rumpuhiottu 3 kpl\"}]},{\"@type\":\"WebSite\",\"@id\":\"https:\\\/\\\/www.amethystmine.fi\\\/fi\\\/#website\",\"url\":\"https:\\\/\\\/www.amethystmine.fi\\\/fi\\\/\",\"name\":\"Amethystmine.fi\",\"description\":\"Ihan uusi WordPress-sivusto\",\"publisher\":{\"@id\":\"https:\\\/\\\/www.amethystmine.fi\\\/fi\\\/#organization\"},\"potentialAction\":[{\"@type\":\"SearchAction\",\"target\":{\"@type\":\"EntryPoint\",\"urlTemplate\":\"https:\\\/\\\/www.amethystmine.fi\\\/fi\\\/?s={search_term_string}\"},\"query-input\":{\"@type\":\"PropertyValueSpecification\",\"valueRequired\":true,\"valueName\":\"search_term_string\"}}],\"inLanguage\":\"fi\"},{\"@type\":\"Organization\",\"@id\":\"https:\\\/\\\/www.amethystmine.fi\\\/fi\\\/#organization\",\"name\":\"Amethystmine.fi\",\"url\":\"https:\\\/\\\/www.amethystmine.fi\\\/fi\\\/\",\"logo\":{\"@type\":\"ImageObject\",\"inLanguage\":\"fi\",\"@id\":\"https:\\\/\\\/www.amethystmine.fi\\\/fi\\\/#\\\/schema\\\/logo\\\/image\\\/\",\"url\":\"https:\\\/\\\/www.amethystmine.fi\\\/wp-content\\\/uploads\\\/2018\\\/11\\\/logo.png\",\"contentUrl\":\"https:\\\/\\\/www.amethystmine.fi\\\/wp-content\\\/uploads\\\/2018\\\/11\\\/logo.png\",\"width\":186,\"height\":76,\"caption\":\"Amethystmine.fi\"},\"image\":{\"@id\":\"https:\\\/\\\/www.amethystmine.fi\\\/fi\\\/#\\\/schema\\\/logo\\\/image\\\/\"},\"sameAs\":[\"https:\\\/\\\/www.facebook.com\\\/Amethystmine\"]}]}<\/script>\n<!-- \/ Yoast SEO plugin. -->","yoast_head_json":{"title":"Shamaanikivilajitelma rumpuhiottu 3 kpl - Amethystmine.fi","description":"Luoston Lampivaaran ametistikaivokselta l\u00f6ydettyj\u00e4 ainutlaatuisia kolmiv\u00e4risi\u00e4 shamaanikivi\u00e4, jotka on viimeistelty rumpuhiomalla.","robots":{"index":"index","follow":"follow","max-snippet":"max-snippet:-1","max-image-preview":"max-image-preview:large","max-video-preview":"max-video-preview:-1"},"canonical":"https:\/\/www.amethystmine.fi\/fi\/tuote\/shamaanikivilajitelma-rumpuhiottu-3-kpl\/","og_locale":"fi_FI","og_type":"article","og_title":"Shamaanikivilajitelma rumpuhiottu 3 kpl - Amethystmine.fi","og_description":"Luoston Lampivaaran ametistikaivokselta l\u00f6ydettyj\u00e4 ainutlaatuisia kolmiv\u00e4risi\u00e4 shamaanikivi\u00e4, jotka on viimeistelty rumpuhiomalla.","og_url":"https:\/\/www.amethystmine.fi\/fi\/tuote\/shamaanikivilajitelma-rumpuhiottu-3-kpl\/","og_site_name":"Amethystmine.fi","article_publisher":"https:\/\/www.facebook.com\/Amethystmine","og_image":[{"width":1000,"height":750,"url":"https:\/\/www.amethystmine.fi\/wp-content\/uploads\/2019\/03\/shamaanikivet-pieni.jpg","type":"image\/jpeg"}],"twitter_card":"summary_large_image","twitter_misc":{"Arvioitu lukuaika":"1 minuutti"},"schema":{"@context":"https:\/\/schema.org","@graph":[{"@type":"WebPage","@id":"https:\/\/www.amethystmine.fi\/fi\/tuote\/shamaanikivilajitelma-rumpuhiottu-3-kpl\/","url":"https:\/\/www.amethystmine.fi\/fi\/tuote\/shamaanikivilajitelma-rumpuhiottu-3-kpl\/","name":"Shamaanikivilajitelma rumpuhiottu 3 kpl - Amethystmine.fi","isPartOf":{"@id":"https:\/\/www.amethystmine.fi\/fi\/#website"},"primaryImageOfPage":{"@id":"https:\/\/www.amethystmine.fi\/fi\/tuote\/shamaanikivilajitelma-rumpuhiottu-3-kpl\/#primaryimage"},"image":{"@id":"https:\/\/www.amethystmine.fi\/fi\/tuote\/shamaanikivilajitelma-rumpuhiottu-3-kpl\/#primaryimage"},"thumbnailUrl":"https:\/\/www.amethystmine.fi\/wp-content\/uploads\/2019\/03\/shamaanikivet-pieni.jpg","datePublished":"2024-09-07T13:40:55+00:00","description":"Luoston Lampivaaran ametistikaivokselta l\u00f6ydettyj\u00e4 ainutlaatuisia kolmiv\u00e4risi\u00e4 shamaanikivi\u00e4, jotka on viimeistelty rumpuhiomalla.","breadcrumb":{"@id":"https:\/\/www.amethystmine.fi\/fi\/tuote\/shamaanikivilajitelma-rumpuhiottu-3-kpl\/#breadcrumb"},"inLanguage":"fi","potentialAction":[{"@type":"ReadAction","target":["https:\/\/www.amethystmine.fi\/fi\/tuote\/shamaanikivilajitelma-rumpuhiottu-3-kpl\/"]}]},{"@type":"ImageObject","inLanguage":"fi","@id":"https:\/\/www.amethystmine.fi\/fi\/tuote\/shamaanikivilajitelma-rumpuhiottu-3-kpl\/#primaryimage","url":"https:\/\/www.amethystmine.fi\/wp-content\/uploads\/2019\/03\/shamaanikivet-pieni.jpg","contentUrl":"https:\/\/www.amethystmine.fi\/wp-content\/uploads\/2019\/03\/shamaanikivet-pieni.jpg","width":1000,"height":750,"caption":"Shamaanikivilajitelma"},{"@type":"BreadcrumbList","@id":"https:\/\/www.amethystmine.fi\/fi\/tuote\/shamaanikivilajitelma-rumpuhiottu-3-kpl\/#breadcrumb","itemListElement":[{"@type":"ListItem","position":1,"name":"Home","item":"https:\/\/www.amethystmine.fi\/fi\/"},{"@type":"ListItem","position":2,"name":"Ametisti verkkokauppa","item":"https:\/\/www.amethystmine.fi\/fi\/ametisti-verkkokauppa\/"},{"@type":"ListItem","position":3,"name":"Shamaanikivilajitelma rumpuhiottu 3 kpl"}]},{"@type":"WebSite","@id":"https:\/\/www.amethystmine.fi\/fi\/#website","url":"https:\/\/www.amethystmine.fi\/fi\/","name":"Amethystmine.fi","description":"Ihan uusi WordPress-sivusto","publisher":{"@id":"https:\/\/www.amethystmine.fi\/fi\/#organization"},"potentialAction":[{"@type":"SearchAction","target":{"@type":"EntryPoint","urlTemplate":"https:\/\/www.amethystmine.fi\/fi\/?s={search_term_string}"},"query-input":{"@type":"PropertyValueSpecification","valueRequired":true,"valueName":"search_term_string"}}],"inLanguage":"fi"},{"@type":"Organization","@id":"https:\/\/www.amethystmine.fi\/fi\/#organization","name":"Amethystmine.fi","url":"https:\/\/www.amethystmine.fi\/fi\/","logo":{"@type":"ImageObject","inLanguage":"fi","@id":"https:\/\/www.amethystmine.fi\/fi\/#\/schema\/logo\/image\/","url":"https:\/\/www.amethystmine.fi\/wp-content\/uploads\/2018\/11\/logo.png","contentUrl":"https:\/\/www.amethystmine.fi\/wp-content\/uploads\/2018\/11\/logo.png","width":186,"height":76,"caption":"Amethystmine.fi"},"image":{"@id":"https:\/\/www.amethystmine.fi\/fi\/#\/schema\/logo\/image\/"},"sameAs":["https:\/\/www.facebook.com\/Amethystmine"]}]}},"_links":{"self":[{"href":"https:\/\/www.amethystmine.fi\/fi\/wp-json\/wp\/v2\/product\/1462","targetHints":{"allow":["GET"]}}],"collection":[{"href":"https:\/\/www.amethystmine.fi\/fi\/wp-json\/wp\/v2\/product"}],"about":[{"href":"https:\/\/www.amethystmine.fi\/fi\/wp-json\/wp\/v2\/types\/product"}],"wp:featuredmedia":[{"embeddable":true,"href":"https:\/\/www.amethystmine.fi\/fi\/wp-json\/wp\/v2\/media\/1465"}],"wp:attachment":[{"href":"https:\/\/www.amethystmine.fi\/fi\/wp-json\/wp\/v2\/media?parent=1462"}],"wp:term":[{"taxonomy":"product_brand","embeddable":true,"href":"https:\/\/www.amethystmine.fi\/fi\/wp-json\/wp\/v2\/product_brand?post=1462"},{"taxonomy":"product_cat","embeddable":true,"href":"https:\/\/www.amethystmine.fi\/fi\/wp-json\/wp\/v2\/product_cat?post=1462"},{"taxonomy":"product_tag","embeddable":true,"href":"https:\/\/www.amethystmine.fi\/fi\/wp-json\/wp\/v2\/product_tag?post=1462"}],"curies":[{"name":"wp","href":"https:\/\/api.w.org\/{rel}","templated":true}]}}