{"id":160,"date":"2024-09-07T16:43:18","date_gmt":"2024-09-07T13:43:18","guid":{"rendered":"https:\/\/www.amethystmine.fi\/?post_type=product&#038;p=160"},"modified":"2024-09-07T16:43:18","modified_gmt":"2024-09-07T13:43:18","slug":"kaivososake-ruskaretki","status":"publish","type":"product","link":"https:\/\/www.amethystmine.fi\/fi\/tuote\/kaivososake-ruskaretki\/","title":{"rendered":"Kaivososake &#8221;Ruskaretki&#8221;"},"content":{"rendered":"<p>Luoston ametistikaivoksen A-osake.<br \/>\n<strong>Ruskaretki<\/strong>, V\u00e4in\u00f6 Rouvinen<\/p>\n<p>T\u00e4ss\u00e4 ty\u00f6ss\u00e4 V\u00e4in\u00f6 Rouvinen on poikkeuksellisesti k\u00e4ytt\u00e4nyt kahden laatan tekniikkaa. Kuvassa villi ja vapaa susilauma vaeltelee ruskan keskell\u00e4 haistelemassa kuulaan syksyn raikkaita tuoksuja. Horisontissa kohoavat Mairivaaran tunturihuiput.<\/p>\n<p><strong>V\u00e4in\u00f6 Rouvinen<\/strong>\u00a0(s. 1932) on tunnettu taidegraafikko, monipuolinen suomalaisen luonnon tulkki. H\u00e4nen teoksiaan on kotimaan kokoelmien lis\u00e4ksi ainakin 17 eri maassa ymp\u00e4ri maailmaa. V\u00e4in\u00f6 Rouvinen on saanut lukuisia palkintoja ja h\u00e4nen t\u00f6it\u00e4\u00e4n on ollut julkisesti esill\u00e4 jo vuodesta 1955 alkaen. H\u00e4n on my\u00f6s Pro Finlandia- kunniamerkill\u00e4 palkittu taidegraafikko.<\/p>\n<p>Voit tilata osakekirjan valmiiksi kehystettyn\u00e4 tai kehyst\u00e4m\u00e4tt\u00f6m\u00e4n\u00e4. Kehys tilataan erikseen ja voit valita kehyksen <a href=\"https:\/\/www.amethystmine.fi\/fi\/tuote\/kehys-osakekirjalle-1-aukkoinen\/\">1-aukkoisena<\/a> tai <a href=\"https:\/\/www.amethystmine.fi\/fi\/tuote\/kehys-osakekirjalle-2-aukkoinen\/\">2-aukkoisena<\/a>.<\/p>\n<p>Kehyst\u00e4m\u00e4tt\u00f6m\u00e4n osakekirjan hintaa lis\u00e4t\u00e4\u00e4n k\u00e4sittely- ja toimituskuluja 25 euroa ja kehystetyn 35 euroa. Voit my\u00f6s noutaa osakekirjan Luoston Ametistikaupalta, jolloin maksat vain k\u00e4sittelykulut 15 euroa.<\/p>\n<p><strong>Osakastiedot ja merkint\u00e4listan t\u00e4ytt\u00e4minen<\/strong><\/p>\n<p>Alla olevaan lomakkeeseen t\u00e4ytet\u00e4\u00e4n osakkaan tiedot. T\u00e4yt\u00e4 lomake ja tallenna (tulosta PDF-tiedostona) se omalle koneellesi. Sivun alareunassa on linkki, josta voit l\u00e4hett\u00e4\u00e4 t\u00e4ytetyn merkint\u00e4listan. Huomaathan, ett\u00e4 merkint\u00e4listan tulee olla t\u00e4ytettyn\u00e4 ja l\u00e4hetettyn\u00e4 ennen tilauksen l\u00e4hett\u00e4mist\u00e4!<\/p>\n<p><a href=\"\/wp-content\/uploads\/2019\/07\/merkint\u00e4lista_suomi-osakkeet.pdf\" target=\"blank\" rel=\"noopener noreferrer\">Lataa t\u00e4st\u00e4 t\u00e4ytett\u00e4v\u00e4 PDF-lomake &gt;&gt;<\/a><\/p>\n\n<div class=\"wpcf7 no-js\" id=\"wpcf7-f162-o1\" lang=\"fi\" dir=\"ltr\" data-wpcf7-id=\"162\">\n<div class=\"screen-reader-response\"><p role=\"status\" aria-live=\"polite\" aria-atomic=\"true\"><\/p> <ul><\/ul><\/div>\n<form action=\"\/fi\/wp-json\/wp\/v2\/product\/160#wpcf7-f162-o1\" method=\"post\" class=\"wpcf7-form init\" aria-label=\"Yhteydenottolomake\" enctype=\"multipart\/form-data\" novalidate=\"novalidate\" data-status=\"init\">\n<fieldset class=\"hidden-fields-container\"><input type=\"hidden\" name=\"_wpcf7\" value=\"162\" \/><input type=\"hidden\" name=\"_wpcf7_version\" value=\"6.1.5\" \/><input type=\"hidden\" name=\"_wpcf7_locale\" value=\"fi\" \/><input type=\"hidden\" name=\"_wpcf7_unit_tag\" value=\"wpcf7-f162-o1\" \/><input type=\"hidden\" name=\"_wpcf7_container_post\" value=\"0\" \/><input type=\"hidden\" name=\"_wpcf7_posted_data_hash\" value=\"\" \/><input type=\"hidden\" name=\"_wpcf7_recaptcha_response\" value=\"\" \/>\n<\/fieldset>\n<p>L\u00e4het\u00e4 lomake t\u00e4st\u00e4:\n<\/p>\n<p><label> Nimi (pakollinen)<br \/>\n<span class=\"wpcf7-form-control-wrap\" data-name=\"your-name\"><input size=\"40\" maxlength=\"400\" class=\"wpcf7-form-control wpcf7-text wpcf7-validates-as-required\" aria-required=\"true\" aria-invalid=\"false\" value=\"\" type=\"text\" name=\"your-name\" \/><\/span> <\/label>\n<\/p>\n<p><label> S\u00e4hk\u00f6posti (pakollinen)<br \/>\n<span class=\"wpcf7-form-control-wrap\" data-name=\"your-email\"><input size=\"40\" maxlength=\"400\" class=\"wpcf7-form-control wpcf7-email wpcf7-validates-as-required wpcf7-text wpcf7-validates-as-email\" aria-required=\"true\" aria-invalid=\"false\" value=\"\" type=\"email\" name=\"your-email\" \/><\/span> <\/label>\n<\/p>\n<p><label> Puhelinnumero (pakollinen toimitusta varten)<br \/>\n<span class=\"wpcf7-form-control-wrap\" data-name=\"tel-928\"><input size=\"40\" maxlength=\"400\" class=\"wpcf7-form-control wpcf7-tel wpcf7-validates-as-required wpcf7-text wpcf7-validates-as-tel\" aria-required=\"true\" aria-invalid=\"false\" value=\"\" type=\"tel\" name=\"tel-928\" \/><\/span> <\/label>\n<\/p>\n<p><span class=\"wpcf7-form-control-wrap\" data-name=\"merkinta-lomake\"><input size=\"40\" class=\"wpcf7-form-control wpcf7-file wpcf7-validates-as-required\" accept=\".pdf\" aria-required=\"true\" aria-invalid=\"false\" type=\"file\" name=\"merkinta-lomake\" \/><\/span>\n<\/p>\n<p><input class=\"wpcf7-form-control wpcf7-submit has-spinner\" type=\"submit\" value=\"L\u00e4het\u00e4\" \/>\n<\/p><div class=\"wpcf7-response-output\" aria-hidden=\"true\"><\/div>\n<\/form>\n<\/div>\n\n","protected":false},"excerpt":{"rendered":"<p>Luoston ametistikaivoksen A-osake.<br \/>\n<strong>Ruskaretki<\/strong>, V\u00e4in\u00f6 Rouvinen<\/p>\n<p>Muistathan t\u00e4ytt\u00e4\u00e4 ja l\u00e4hett\u00e4\u00e4 osakkeen <a href=\"http:\/\/amethystmine.iwn.co\/wp-content\/uploads\/2019\/02\/merkint%C3%A4lista_suomi.pdf\">merkint\u00e4listan<\/a>! Ohjeet merkint\u00e4listan t\u00e4ytt\u00e4miseen sivun alareunassa.<\/p>\n","protected":false},"featured_media":161,"template":"","meta":{"_acf_changed":false,"_genesis_hide_title":false,"_genesis_hide_breadcrumbs":false,"_genesis_hide_singular_image":false,"_genesis_hide_footer_widgets":false,"_genesis_custom_body_class":"","_genesis_custom_post_class":"","_genesis_layout":""},"product_brand":[],"product_cat":[28],"product_tag":[],"class_list":{"0":"post-160","1":"product","2":"type-product","3":"status-publish","4":"has-post-thumbnail","6":"product_cat-osakekirjat","7":"product_shipping_class-osakekirjat","8":"entry","10":"first","11":"outofstock","12":"shipping-taxable","13":"purchasable","14":"product-type-simple"},"acf":[],"yoast_head":"<!-- This site is optimized with the Yoast SEO plugin v27.2 - https:\/\/yoast.com\/product\/yoast-seo-wordpress\/ -->\n<title>Kaivososake &quot;Ruskaretki&quot; - Amethystmine.fi<\/title>\n<meta name=\"description\" content=\"Kaivosyhti\u00f6n osake itsellesi tai tavallisuudesta poikkeavaksi lahjaksi. Osake tuo saajalle aidon osakkuuden kaivosyhti\u00f6ss\u00e4. A-osakkeeseen kuuluu aina grafiikan vedoksella varustettu osakekirja.\" \/>\n<meta name=\"robots\" content=\"index, follow, max-snippet:-1, max-image-preview:large, max-video-preview:-1\" \/>\n<link rel=\"canonical\" href=\"https:\/\/www.amethystmine.fi\/fi\/tuote\/kaivososake-ruskaretki\/\" \/>\n<meta property=\"og:locale\" content=\"fi_FI\" \/>\n<meta property=\"og:type\" content=\"article\" \/>\n<meta property=\"og:title\" content=\"Kaivososake &quot;Ruskaretki&quot; - Amethystmine.fi\" \/>\n<meta property=\"og:description\" content=\"Kaivosyhti\u00f6n osake itsellesi tai tavallisuudesta poikkeavaksi lahjaksi. Osake tuo saajalle aidon osakkuuden kaivosyhti\u00f6ss\u00e4. A-osakkeeseen kuuluu aina grafiikan vedoksella varustettu osakekirja.\" \/>\n<meta property=\"og:url\" content=\"https:\/\/www.amethystmine.fi\/fi\/tuote\/kaivososake-ruskaretki\/\" \/>\n<meta property=\"og:site_name\" content=\"Amethystmine.fi\" \/>\n<meta property=\"article:publisher\" content=\"https:\/\/www.facebook.com\/Amethystmine\" \/>\n<meta property=\"og:image\" content=\"https:\/\/www.amethystmine.fi\/wp-content\/uploads\/2018\/12\/Ruskaretki.jpeg.jpg\" \/>\n\t<meta property=\"og:image:width\" content=\"1000\" \/>\n\t<meta property=\"og:image:height\" content=\"1000\" \/>\n\t<meta property=\"og:image:type\" content=\"image\/jpeg\" \/>\n<meta name=\"twitter:card\" content=\"summary_large_image\" \/>\n<meta name=\"twitter:label1\" content=\"Arvioitu lukuaika\" \/>\n\t<meta name=\"twitter:data1\" content=\"1 minuutti\" \/>\n<script type=\"application\/ld+json\" class=\"yoast-schema-graph\">{\"@context\":\"https:\/\/schema.org\",\"@graph\":[{\"@type\":\"WebPage\",\"@id\":\"https:\/\/www.amethystmine.fi\/fi\/tuote\/kaivososake-ruskaretki\/\",\"url\":\"https:\/\/www.amethystmine.fi\/fi\/tuote\/kaivososake-ruskaretki\/\",\"name\":\"Kaivososake \\\"Ruskaretki\\\" - Amethystmine.fi\",\"isPartOf\":{\"@id\":\"https:\/\/www.amethystmine.fi\/fi\/#website\"},\"primaryImageOfPage\":{\"@id\":\"https:\/\/www.amethystmine.fi\/fi\/tuote\/kaivososake-ruskaretki\/#primaryimage\"},\"image\":{\"@id\":\"https:\/\/www.amethystmine.fi\/fi\/tuote\/kaivososake-ruskaretki\/#primaryimage\"},\"thumbnailUrl\":\"https:\/\/www.amethystmine.fi\/wp-content\/uploads\/2018\/12\/Ruskaretki.jpeg.jpg\",\"datePublished\":\"2024-09-07T13:43:18+00:00\",\"description\":\"Kaivosyhti\u00f6n osake itsellesi tai tavallisuudesta poikkeavaksi lahjaksi. Osake tuo saajalle aidon osakkuuden kaivosyhti\u00f6ss\u00e4. A-osakkeeseen kuuluu aina grafiikan vedoksella varustettu osakekirja.\",\"breadcrumb\":{\"@id\":\"https:\/\/www.amethystmine.fi\/fi\/tuote\/kaivososake-ruskaretki\/#breadcrumb\"},\"inLanguage\":\"fi\",\"potentialAction\":[{\"@type\":\"ReadAction\",\"target\":[\"https:\/\/www.amethystmine.fi\/fi\/tuote\/kaivososake-ruskaretki\/\"]}]},{\"@type\":\"ImageObject\",\"inLanguage\":\"fi\",\"@id\":\"https:\/\/www.amethystmine.fi\/fi\/tuote\/kaivososake-ruskaretki\/#primaryimage\",\"url\":\"https:\/\/www.amethystmine.fi\/wp-content\/uploads\/2018\/12\/Ruskaretki.jpeg.jpg\",\"contentUrl\":\"https:\/\/www.amethystmine.fi\/wp-content\/uploads\/2018\/12\/Ruskaretki.jpeg.jpg\",\"width\":1000,\"height\":1000,\"caption\":\"Osakekirja Ruskaretki\"},{\"@type\":\"BreadcrumbList\",\"@id\":\"https:\/\/www.amethystmine.fi\/fi\/tuote\/kaivososake-ruskaretki\/#breadcrumb\",\"itemListElement\":[{\"@type\":\"ListItem\",\"position\":1,\"name\":\"Home\",\"item\":\"https:\/\/www.amethystmine.fi\/fi\/\"},{\"@type\":\"ListItem\",\"position\":2,\"name\":\"Ametisti verkkokauppa\",\"item\":\"https:\/\/www.amethystmine.fi\/fi\/ametisti-verkkokauppa\/\"},{\"@type\":\"ListItem\",\"position\":3,\"name\":\"Kaivososake &#8220;Ruskaretki&#8221;\"}]},{\"@type\":\"WebSite\",\"@id\":\"https:\/\/www.amethystmine.fi\/fi\/#website\",\"url\":\"https:\/\/www.amethystmine.fi\/fi\/\",\"name\":\"Amethystmine.fi\",\"description\":\"Ihan uusi WordPress-sivusto\",\"publisher\":{\"@id\":\"https:\/\/www.amethystmine.fi\/fi\/#organization\"},\"potentialAction\":[{\"@type\":\"SearchAction\",\"target\":{\"@type\":\"EntryPoint\",\"urlTemplate\":\"https:\/\/www.amethystmine.fi\/fi\/?s={search_term_string}\"},\"query-input\":{\"@type\":\"PropertyValueSpecification\",\"valueRequired\":true,\"valueName\":\"search_term_string\"}}],\"inLanguage\":\"fi\"},{\"@type\":\"Organization\",\"@id\":\"https:\/\/www.amethystmine.fi\/fi\/#organization\",\"name\":\"Amethystmine.fi\",\"url\":\"https:\/\/www.amethystmine.fi\/fi\/\",\"logo\":{\"@type\":\"ImageObject\",\"inLanguage\":\"fi\",\"@id\":\"https:\/\/www.amethystmine.fi\/fi\/#\/schema\/logo\/image\/\",\"url\":\"https:\/\/www.amethystmine.fi\/wp-content\/uploads\/2018\/11\/logo.png\",\"contentUrl\":\"https:\/\/www.amethystmine.fi\/wp-content\/uploads\/2018\/11\/logo.png\",\"width\":186,\"height\":76,\"caption\":\"Amethystmine.fi\"},\"image\":{\"@id\":\"https:\/\/www.amethystmine.fi\/fi\/#\/schema\/logo\/image\/\"},\"sameAs\":[\"https:\/\/www.facebook.com\/Amethystmine\"]}]}<\/script>\n<!-- \/ Yoast SEO plugin. -->","yoast_head_json":{"title":"Kaivososake \"Ruskaretki\" - Amethystmine.fi","description":"Kaivosyhti\u00f6n osake itsellesi tai tavallisuudesta poikkeavaksi lahjaksi. Osake tuo saajalle aidon osakkuuden kaivosyhti\u00f6ss\u00e4. A-osakkeeseen kuuluu aina grafiikan vedoksella varustettu osakekirja.","robots":{"index":"index","follow":"follow","max-snippet":"max-snippet:-1","max-image-preview":"max-image-preview:large","max-video-preview":"max-video-preview:-1"},"canonical":"https:\/\/www.amethystmine.fi\/fi\/tuote\/kaivososake-ruskaretki\/","og_locale":"fi_FI","og_type":"article","og_title":"Kaivososake \"Ruskaretki\" - Amethystmine.fi","og_description":"Kaivosyhti\u00f6n osake itsellesi tai tavallisuudesta poikkeavaksi lahjaksi. Osake tuo saajalle aidon osakkuuden kaivosyhti\u00f6ss\u00e4. A-osakkeeseen kuuluu aina grafiikan vedoksella varustettu osakekirja.","og_url":"https:\/\/www.amethystmine.fi\/fi\/tuote\/kaivososake-ruskaretki\/","og_site_name":"Amethystmine.fi","article_publisher":"https:\/\/www.facebook.com\/Amethystmine","og_image":[{"width":1000,"height":1000,"url":"https:\/\/www.amethystmine.fi\/wp-content\/uploads\/2018\/12\/Ruskaretki.jpeg.jpg","type":"image\/jpeg"}],"twitter_card":"summary_large_image","twitter_misc":{"Arvioitu lukuaika":"1 minuutti"},"schema":{"@context":"https:\/\/schema.org","@graph":[{"@type":"WebPage","@id":"https:\/\/www.amethystmine.fi\/fi\/tuote\/kaivososake-ruskaretki\/","url":"https:\/\/www.amethystmine.fi\/fi\/tuote\/kaivososake-ruskaretki\/","name":"Kaivososake \"Ruskaretki\" - Amethystmine.fi","isPartOf":{"@id":"https:\/\/www.amethystmine.fi\/fi\/#website"},"primaryImageOfPage":{"@id":"https:\/\/www.amethystmine.fi\/fi\/tuote\/kaivososake-ruskaretki\/#primaryimage"},"image":{"@id":"https:\/\/www.amethystmine.fi\/fi\/tuote\/kaivososake-ruskaretki\/#primaryimage"},"thumbnailUrl":"https:\/\/www.amethystmine.fi\/wp-content\/uploads\/2018\/12\/Ruskaretki.jpeg.jpg","datePublished":"2024-09-07T13:43:18+00:00","description":"Kaivosyhti\u00f6n osake itsellesi tai tavallisuudesta poikkeavaksi lahjaksi. Osake tuo saajalle aidon osakkuuden kaivosyhti\u00f6ss\u00e4. A-osakkeeseen kuuluu aina grafiikan vedoksella varustettu osakekirja.","breadcrumb":{"@id":"https:\/\/www.amethystmine.fi\/fi\/tuote\/kaivososake-ruskaretki\/#breadcrumb"},"inLanguage":"fi","potentialAction":[{"@type":"ReadAction","target":["https:\/\/www.amethystmine.fi\/fi\/tuote\/kaivososake-ruskaretki\/"]}]},{"@type":"ImageObject","inLanguage":"fi","@id":"https:\/\/www.amethystmine.fi\/fi\/tuote\/kaivososake-ruskaretki\/#primaryimage","url":"https:\/\/www.amethystmine.fi\/wp-content\/uploads\/2018\/12\/Ruskaretki.jpeg.jpg","contentUrl":"https:\/\/www.amethystmine.fi\/wp-content\/uploads\/2018\/12\/Ruskaretki.jpeg.jpg","width":1000,"height":1000,"caption":"Osakekirja Ruskaretki"},{"@type":"BreadcrumbList","@id":"https:\/\/www.amethystmine.fi\/fi\/tuote\/kaivososake-ruskaretki\/#breadcrumb","itemListElement":[{"@type":"ListItem","position":1,"name":"Home","item":"https:\/\/www.amethystmine.fi\/fi\/"},{"@type":"ListItem","position":2,"name":"Ametisti verkkokauppa","item":"https:\/\/www.amethystmine.fi\/fi\/ametisti-verkkokauppa\/"},{"@type":"ListItem","position":3,"name":"Kaivososake &#8220;Ruskaretki&#8221;"}]},{"@type":"WebSite","@id":"https:\/\/www.amethystmine.fi\/fi\/#website","url":"https:\/\/www.amethystmine.fi\/fi\/","name":"Amethystmine.fi","description":"Ihan uusi WordPress-sivusto","publisher":{"@id":"https:\/\/www.amethystmine.fi\/fi\/#organization"},"potentialAction":[{"@type":"SearchAction","target":{"@type":"EntryPoint","urlTemplate":"https:\/\/www.amethystmine.fi\/fi\/?s={search_term_string}"},"query-input":{"@type":"PropertyValueSpecification","valueRequired":true,"valueName":"search_term_string"}}],"inLanguage":"fi"},{"@type":"Organization","@id":"https:\/\/www.amethystmine.fi\/fi\/#organization","name":"Amethystmine.fi","url":"https:\/\/www.amethystmine.fi\/fi\/","logo":{"@type":"ImageObject","inLanguage":"fi","@id":"https:\/\/www.amethystmine.fi\/fi\/#\/schema\/logo\/image\/","url":"https:\/\/www.amethystmine.fi\/wp-content\/uploads\/2018\/11\/logo.png","contentUrl":"https:\/\/www.amethystmine.fi\/wp-content\/uploads\/2018\/11\/logo.png","width":186,"height":76,"caption":"Amethystmine.fi"},"image":{"@id":"https:\/\/www.amethystmine.fi\/fi\/#\/schema\/logo\/image\/"},"sameAs":["https:\/\/www.facebook.com\/Amethystmine"]}]}},"_links":{"self":[{"href":"https:\/\/www.amethystmine.fi\/fi\/wp-json\/wp\/v2\/product\/160","targetHints":{"allow":["GET"]}}],"collection":[{"href":"https:\/\/www.amethystmine.fi\/fi\/wp-json\/wp\/v2\/product"}],"about":[{"href":"https:\/\/www.amethystmine.fi\/fi\/wp-json\/wp\/v2\/types\/product"}],"wp:featuredmedia":[{"embeddable":true,"href":"https:\/\/www.amethystmine.fi\/fi\/wp-json\/wp\/v2\/media\/161"}],"wp:attachment":[{"href":"https:\/\/www.amethystmine.fi\/fi\/wp-json\/wp\/v2\/media?parent=160"}],"wp:term":[{"taxonomy":"product_brand","embeddable":true,"href":"https:\/\/www.amethystmine.fi\/fi\/wp-json\/wp\/v2\/product_brand?post=160"},{"taxonomy":"product_cat","embeddable":true,"href":"https:\/\/www.amethystmine.fi\/fi\/wp-json\/wp\/v2\/product_cat?post=160"},{"taxonomy":"product_tag","embeddable":true,"href":"https:\/\/www.amethystmine.fi\/fi\/wp-json\/wp\/v2\/product_tag?post=160"}],"curies":[{"name":"wp","href":"https:\/\/api.w.org\/{rel}","templated":true}]}}