{"id":2986,"date":"2024-09-07T16:40:53","date_gmt":"2024-09-07T13:40:53","guid":{"rendered":"https:\/\/www.amethystmine.fi\/?post_type=product&#038;p=2986"},"modified":"2024-09-07T16:40:53","modified_gmt":"2024-09-07T13:40:53","slug":"hildegardin-ametistivesi","status":"publish","type":"product","link":"https:\/\/www.amethystmine.fi\/fi\/tuote\/hildegardin-ametistivesi\/","title":{"rendered":"Hildegardin Ametistivesi"},"content":{"rendered":"<p>Hildegard Bingenil\u00e4inen oli 1100 luvulla Saksassa el\u00e4nyt katolinen nunna. Aikalaistensa joukossa h\u00e4n oli hyvin erikoinen henkil\u00f6, joka el\u00e4m\u00e4nty\u00f6n\u00e4\u00e4n kirjoitti yli 2000 ohjetta erilaisten tautien ja vaivojen hoitoon.<\/p>\n<p>H\u00e4n esimerkiksi kertoi miten tehd\u00e4\u00e4n Ametistivett\u00e4 ja ett\u00e4 Ametistivesi on erinomaista ihonhoitoon. Yksi tippa kasvojenpesuvedess\u00e4 saa kasvojen ihon kirkkaaksi, sile\u00e4ksi ja pehme\u00e4ksi ja jatkuva k\u00e4ytt\u00f6 pit\u00e4\u00e4 ihon nuorena. Hildegardin mukaan Ametistivesi poistaa my\u00f6s hy\u00f6nteisten pistojen aiheuttaman kutinan.<\/p>\n<p>T\u00e4m\u00e4 Ametistivesi on tehty tunturipuron l\u00e4hteen vedest\u00e4 ja Lampivaaran ametistista. Pullossa on 20 ml Ametistivett\u00e4.<\/p>\n<p>Vain ulkoiseen k\u00e4ytt\u00f6\u00f6n!<\/p>\n","protected":false},"excerpt":{"rendered":"<p>Ametistivesi tunturipuron l\u00e4hdevedest\u00e4 ja Lampivaaran ametistista.<\/p>\n","protected":false},"featured_media":2987,"template":"","meta":{"_acf_changed":false,"_genesis_hide_title":false,"_genesis_hide_breadcrumbs":false,"_genesis_hide_singular_image":false,"_genesis_hide_footer_widgets":false,"_genesis_custom_body_class":"","_genesis_custom_post_class":"","_genesis_layout":""},"product_brand":[],"product_cat":[176,168],"product_tag":[],"class_list":{"0":"post-2986","1":"product","2":"type-product","3":"status-publish","4":"has-post-thumbnail","6":"product_cat-ametistivesi","7":"product_cat-muut-tuotteet","8":"product_shipping_class-kivet-ja-korut","9":"entry","11":"first","12":"instock","13":"featured","14":"taxable","15":"shipping-taxable","16":"purchasable","17":"product-type-simple"},"acf":[],"yoast_head":"<!-- This site is optimized with the Yoast SEO plugin v27.4 - https:\/\/yoast.com\/product\/yoast-seo-wordpress\/ -->\n<title>Hildegardin Ametistivesi - Amethystmine.fi<\/title>\n<meta name=\"description\" content=\"Ametistivesi tunturipuron l\u00e4hdevedest\u00e4 ja Lampivaaran ametistista. Valmistettu Hildegard Bingenil\u00e4isen 1100-luvulta per\u00e4isin olevan ohjeen mukaan.\" \/>\n<meta name=\"robots\" content=\"index, follow, max-snippet:-1, max-image-preview:large, max-video-preview:-1\" \/>\n<link rel=\"canonical\" href=\"https:\/\/www.amethystmine.fi\/fi\/tuote\/hildegardin-ametistivesi\/\" \/>\n<meta property=\"og:locale\" content=\"fi_FI\" \/>\n<meta property=\"og:type\" content=\"article\" \/>\n<meta property=\"og:title\" content=\"Hildegardin Ametistivesi - Amethystmine.fi\" \/>\n<meta property=\"og:description\" content=\"Ametistivesi tunturipuron l\u00e4hdevedest\u00e4 ja Lampivaaran ametistista. Valmistettu Hildegard Bingenil\u00e4isen 1100-luvulta per\u00e4isin olevan ohjeen mukaan.\" \/>\n<meta property=\"og:url\" content=\"https:\/\/www.amethystmine.fi\/fi\/tuote\/hildegardin-ametistivesi\/\" \/>\n<meta property=\"og:site_name\" content=\"Amethystmine.fi\" \/>\n<meta property=\"article:publisher\" content=\"https:\/\/www.facebook.com\/Amethystmine\" \/>\n<meta property=\"og:image\" content=\"https:\/\/www.amethystmine.fi\/wp-content\/uploads\/2019\/08\/Hildegardin-ametistivesi.jpg\" \/>\n\t<meta property=\"og:image:width\" content=\"1000\" \/>\n\t<meta property=\"og:image:height\" content=\"1000\" \/>\n\t<meta property=\"og:image:type\" content=\"image\/jpeg\" \/>\n<meta name=\"twitter:card\" content=\"summary_large_image\" \/>\n<script type=\"application\/ld+json\" class=\"yoast-schema-graph\">{\"@context\":\"https:\\\/\\\/schema.org\",\"@graph\":[{\"@type\":\"WebPage\",\"@id\":\"https:\\\/\\\/www.amethystmine.fi\\\/fi\\\/tuote\\\/hildegardin-ametistivesi\\\/\",\"url\":\"https:\\\/\\\/www.amethystmine.fi\\\/fi\\\/tuote\\\/hildegardin-ametistivesi\\\/\",\"name\":\"Hildegardin Ametistivesi - Amethystmine.fi\",\"isPartOf\":{\"@id\":\"https:\\\/\\\/www.amethystmine.fi\\\/fi\\\/#website\"},\"primaryImageOfPage\":{\"@id\":\"https:\\\/\\\/www.amethystmine.fi\\\/fi\\\/tuote\\\/hildegardin-ametistivesi\\\/#primaryimage\"},\"image\":{\"@id\":\"https:\\\/\\\/www.amethystmine.fi\\\/fi\\\/tuote\\\/hildegardin-ametistivesi\\\/#primaryimage\"},\"thumbnailUrl\":\"https:\\\/\\\/www.amethystmine.fi\\\/wp-content\\\/uploads\\\/2019\\\/08\\\/Hildegardin-ametistivesi.jpg\",\"datePublished\":\"2024-09-07T13:40:53+00:00\",\"description\":\"Ametistivesi tunturipuron l\u00e4hdevedest\u00e4 ja Lampivaaran ametistista. Valmistettu Hildegard Bingenil\u00e4isen 1100-luvulta per\u00e4isin olevan ohjeen mukaan.\",\"breadcrumb\":{\"@id\":\"https:\\\/\\\/www.amethystmine.fi\\\/fi\\\/tuote\\\/hildegardin-ametistivesi\\\/#breadcrumb\"},\"inLanguage\":\"fi\",\"potentialAction\":[{\"@type\":\"ReadAction\",\"target\":[\"https:\\\/\\\/www.amethystmine.fi\\\/fi\\\/tuote\\\/hildegardin-ametistivesi\\\/\"]}]},{\"@type\":\"ImageObject\",\"inLanguage\":\"fi\",\"@id\":\"https:\\\/\\\/www.amethystmine.fi\\\/fi\\\/tuote\\\/hildegardin-ametistivesi\\\/#primaryimage\",\"url\":\"https:\\\/\\\/www.amethystmine.fi\\\/wp-content\\\/uploads\\\/2019\\\/08\\\/Hildegardin-ametistivesi.jpg\",\"contentUrl\":\"https:\\\/\\\/www.amethystmine.fi\\\/wp-content\\\/uploads\\\/2019\\\/08\\\/Hildegardin-ametistivesi.jpg\",\"width\":1000,\"height\":1000},{\"@type\":\"BreadcrumbList\",\"@id\":\"https:\\\/\\\/www.amethystmine.fi\\\/fi\\\/tuote\\\/hildegardin-ametistivesi\\\/#breadcrumb\",\"itemListElement\":[{\"@type\":\"ListItem\",\"position\":1,\"name\":\"Home\",\"item\":\"https:\\\/\\\/www.amethystmine.fi\\\/fi\\\/\"},{\"@type\":\"ListItem\",\"position\":2,\"name\":\"Ametisti verkkokauppa\",\"item\":\"https:\\\/\\\/www.amethystmine.fi\\\/fi\\\/ametisti-verkkokauppa\\\/\"},{\"@type\":\"ListItem\",\"position\":3,\"name\":\"Hildegardin Ametistivesi\"}]},{\"@type\":\"WebSite\",\"@id\":\"https:\\\/\\\/www.amethystmine.fi\\\/fi\\\/#website\",\"url\":\"https:\\\/\\\/www.amethystmine.fi\\\/fi\\\/\",\"name\":\"Amethystmine.fi\",\"description\":\"Ihan uusi WordPress-sivusto\",\"publisher\":{\"@id\":\"https:\\\/\\\/www.amethystmine.fi\\\/fi\\\/#organization\"},\"potentialAction\":[{\"@type\":\"SearchAction\",\"target\":{\"@type\":\"EntryPoint\",\"urlTemplate\":\"https:\\\/\\\/www.amethystmine.fi\\\/fi\\\/?s={search_term_string}\"},\"query-input\":{\"@type\":\"PropertyValueSpecification\",\"valueRequired\":true,\"valueName\":\"search_term_string\"}}],\"inLanguage\":\"fi\"},{\"@type\":\"Organization\",\"@id\":\"https:\\\/\\\/www.amethystmine.fi\\\/fi\\\/#organization\",\"name\":\"Amethystmine.fi\",\"url\":\"https:\\\/\\\/www.amethystmine.fi\\\/fi\\\/\",\"logo\":{\"@type\":\"ImageObject\",\"inLanguage\":\"fi\",\"@id\":\"https:\\\/\\\/www.amethystmine.fi\\\/fi\\\/#\\\/schema\\\/logo\\\/image\\\/\",\"url\":\"https:\\\/\\\/www.amethystmine.fi\\\/wp-content\\\/uploads\\\/2018\\\/11\\\/logo.png\",\"contentUrl\":\"https:\\\/\\\/www.amethystmine.fi\\\/wp-content\\\/uploads\\\/2018\\\/11\\\/logo.png\",\"width\":186,\"height\":76,\"caption\":\"Amethystmine.fi\"},\"image\":{\"@id\":\"https:\\\/\\\/www.amethystmine.fi\\\/fi\\\/#\\\/schema\\\/logo\\\/image\\\/\"},\"sameAs\":[\"https:\\\/\\\/www.facebook.com\\\/Amethystmine\"]}]}<\/script>\n<!-- \/ Yoast SEO plugin. -->","yoast_head_json":{"title":"Hildegardin Ametistivesi - Amethystmine.fi","description":"Ametistivesi tunturipuron l\u00e4hdevedest\u00e4 ja Lampivaaran ametistista. Valmistettu Hildegard Bingenil\u00e4isen 1100-luvulta per\u00e4isin olevan ohjeen mukaan.","robots":{"index":"index","follow":"follow","max-snippet":"max-snippet:-1","max-image-preview":"max-image-preview:large","max-video-preview":"max-video-preview:-1"},"canonical":"https:\/\/www.amethystmine.fi\/fi\/tuote\/hildegardin-ametistivesi\/","og_locale":"fi_FI","og_type":"article","og_title":"Hildegardin Ametistivesi - Amethystmine.fi","og_description":"Ametistivesi tunturipuron l\u00e4hdevedest\u00e4 ja Lampivaaran ametistista. Valmistettu Hildegard Bingenil\u00e4isen 1100-luvulta per\u00e4isin olevan ohjeen mukaan.","og_url":"https:\/\/www.amethystmine.fi\/fi\/tuote\/hildegardin-ametistivesi\/","og_site_name":"Amethystmine.fi","article_publisher":"https:\/\/www.facebook.com\/Amethystmine","og_image":[{"width":1000,"height":1000,"url":"https:\/\/www.amethystmine.fi\/wp-content\/uploads\/2019\/08\/Hildegardin-ametistivesi.jpg","type":"image\/jpeg"}],"twitter_card":"summary_large_image","schema":{"@context":"https:\/\/schema.org","@graph":[{"@type":"WebPage","@id":"https:\/\/www.amethystmine.fi\/fi\/tuote\/hildegardin-ametistivesi\/","url":"https:\/\/www.amethystmine.fi\/fi\/tuote\/hildegardin-ametistivesi\/","name":"Hildegardin Ametistivesi - Amethystmine.fi","isPartOf":{"@id":"https:\/\/www.amethystmine.fi\/fi\/#website"},"primaryImageOfPage":{"@id":"https:\/\/www.amethystmine.fi\/fi\/tuote\/hildegardin-ametistivesi\/#primaryimage"},"image":{"@id":"https:\/\/www.amethystmine.fi\/fi\/tuote\/hildegardin-ametistivesi\/#primaryimage"},"thumbnailUrl":"https:\/\/www.amethystmine.fi\/wp-content\/uploads\/2019\/08\/Hildegardin-ametistivesi.jpg","datePublished":"2024-09-07T13:40:53+00:00","description":"Ametistivesi tunturipuron l\u00e4hdevedest\u00e4 ja Lampivaaran ametistista. Valmistettu Hildegard Bingenil\u00e4isen 1100-luvulta per\u00e4isin olevan ohjeen mukaan.","breadcrumb":{"@id":"https:\/\/www.amethystmine.fi\/fi\/tuote\/hildegardin-ametistivesi\/#breadcrumb"},"inLanguage":"fi","potentialAction":[{"@type":"ReadAction","target":["https:\/\/www.amethystmine.fi\/fi\/tuote\/hildegardin-ametistivesi\/"]}]},{"@type":"ImageObject","inLanguage":"fi","@id":"https:\/\/www.amethystmine.fi\/fi\/tuote\/hildegardin-ametistivesi\/#primaryimage","url":"https:\/\/www.amethystmine.fi\/wp-content\/uploads\/2019\/08\/Hildegardin-ametistivesi.jpg","contentUrl":"https:\/\/www.amethystmine.fi\/wp-content\/uploads\/2019\/08\/Hildegardin-ametistivesi.jpg","width":1000,"height":1000},{"@type":"BreadcrumbList","@id":"https:\/\/www.amethystmine.fi\/fi\/tuote\/hildegardin-ametistivesi\/#breadcrumb","itemListElement":[{"@type":"ListItem","position":1,"name":"Home","item":"https:\/\/www.amethystmine.fi\/fi\/"},{"@type":"ListItem","position":2,"name":"Ametisti verkkokauppa","item":"https:\/\/www.amethystmine.fi\/fi\/ametisti-verkkokauppa\/"},{"@type":"ListItem","position":3,"name":"Hildegardin Ametistivesi"}]},{"@type":"WebSite","@id":"https:\/\/www.amethystmine.fi\/fi\/#website","url":"https:\/\/www.amethystmine.fi\/fi\/","name":"Amethystmine.fi","description":"Ihan uusi WordPress-sivusto","publisher":{"@id":"https:\/\/www.amethystmine.fi\/fi\/#organization"},"potentialAction":[{"@type":"SearchAction","target":{"@type":"EntryPoint","urlTemplate":"https:\/\/www.amethystmine.fi\/fi\/?s={search_term_string}"},"query-input":{"@type":"PropertyValueSpecification","valueRequired":true,"valueName":"search_term_string"}}],"inLanguage":"fi"},{"@type":"Organization","@id":"https:\/\/www.amethystmine.fi\/fi\/#organization","name":"Amethystmine.fi","url":"https:\/\/www.amethystmine.fi\/fi\/","logo":{"@type":"ImageObject","inLanguage":"fi","@id":"https:\/\/www.amethystmine.fi\/fi\/#\/schema\/logo\/image\/","url":"https:\/\/www.amethystmine.fi\/wp-content\/uploads\/2018\/11\/logo.png","contentUrl":"https:\/\/www.amethystmine.fi\/wp-content\/uploads\/2018\/11\/logo.png","width":186,"height":76,"caption":"Amethystmine.fi"},"image":{"@id":"https:\/\/www.amethystmine.fi\/fi\/#\/schema\/logo\/image\/"},"sameAs":["https:\/\/www.facebook.com\/Amethystmine"]}]}},"_links":{"self":[{"href":"https:\/\/www.amethystmine.fi\/fi\/wp-json\/wp\/v2\/product\/2986","targetHints":{"allow":["GET"]}}],"collection":[{"href":"https:\/\/www.amethystmine.fi\/fi\/wp-json\/wp\/v2\/product"}],"about":[{"href":"https:\/\/www.amethystmine.fi\/fi\/wp-json\/wp\/v2\/types\/product"}],"wp:featuredmedia":[{"embeddable":true,"href":"https:\/\/www.amethystmine.fi\/fi\/wp-json\/wp\/v2\/media\/2987"}],"wp:attachment":[{"href":"https:\/\/www.amethystmine.fi\/fi\/wp-json\/wp\/v2\/media?parent=2986"}],"wp:term":[{"taxonomy":"product_brand","embeddable":true,"href":"https:\/\/www.amethystmine.fi\/fi\/wp-json\/wp\/v2\/product_brand?post=2986"},{"taxonomy":"product_cat","embeddable":true,"href":"https:\/\/www.amethystmine.fi\/fi\/wp-json\/wp\/v2\/product_cat?post=2986"},{"taxonomy":"product_tag","embeddable":true,"href":"https:\/\/www.amethystmine.fi\/fi\/wp-json\/wp\/v2\/product_tag?post=2986"}],"curies":[{"name":"wp","href":"https:\/\/api.w.org\/{rel}","templated":true}]}}