{"id":5906,"date":"2022-10-07T11:31:14","date_gmt":"2022-10-07T08:31:14","guid":{"rendered":"https:\/\/www.amethystmine.fi\/?post_type=product&#038;p=5906"},"modified":"2025-09-27T22:46:48","modified_gmt":"2025-09-27T19:46:48","slug":"ametistisaippua","status":"publish","type":"product","link":"https:\/\/www.amethystmine.fi\/fi\/tuote\/ametistisaippua\/","title":{"rendered":"Ametistisaippua"},"content":{"rendered":"<p><em>Aito ametistikivi, rauhoittava laventelin tuoksu sek\u00e4 kanervan kukat tasapainottaa mielen ja kehon.<\/em><\/p>\n<p>Saippuat valmistetaan perinteisell\u00e4 menetelm\u00e4ll\u00e4 luonnon raaka-aineista. My\u00f6s ametistit kaivetaan perinteisesti k\u00e4sin Lampivaaran rinteilt\u00e4, jossa ne syntyiv\u00e4t jo 2000 miljoonaa vuotta sitten. Ota pieni jalokivi talteen ennen saippuan k\u00e4ytt\u00f6\u00e4.<\/p>\n<p>Ainesosat: oliivi\u00f6ljy, vesi, kookos\u00f6ljy, sheavoi, risiini\u00f6ljy, laventelin eteerinen \u00f6ljy, kanervankukka, auringonkukka\u00f6ljy, luonnollinen e-vitamiini, mineraaliv\u00e4ri<\/p>\n<p>INCI:\u00a0Sodium Olivate, Aqua, Sodium Cocoate, Sodium Butyrospermum Parkii Butterate, Sodium Castorate, Lavandula Angustifolia Oil, Calluna Vulgaris, Helianthus annuus Seed Oil,\u00a0Tocopherol, CI77007, geraniol*, limonene*, linalool*<br \/>\n* eteerisen \u00f6ljyn luonnollinen osa<\/p>\n<p>Saippua ei sis\u00e4ll\u00e4 synteettisi\u00e4 hajusteita, s\u00e4il\u00f6nt\u00e4aineita, petrokemiallisia aineita tai el\u00e4inrasvoja.<\/p>\n<p>Saippua s\u00e4ilyy pidemp\u00e4\u00e4n, kun s\u00e4ilyt\u00e4t sen alustalla, josta vesi p\u00e4\u00e4see pois.<\/p>\n","protected":false},"excerpt":{"rendered":"<p>Aito ametistikivi, rauhoittava laventelin tuoksu sek\u00e4 kanervan kukat tasapainottaa mielen ja kehon. Saippuat valmistetaan perinteisell\u00e4 menetelm\u00e4ll\u00e4 luonnon raaka-aineista. My\u00f6s ametistit kaivetaan perinteisesti k\u00e4sin Lampivaaran rinteilt\u00e4, jossa ne syntyiv\u00e4t jo 2000 miljoonaa vuotta sitten. Ota pieni jalokivi talteen ennen saippuan k\u00e4ytt\u00f6\u00e4. Ainesosat: oliivi\u00f6ljy, vesi, kookos\u00f6ljy, sheavoi, risiini\u00f6ljy, laventelin eteerinen \u00f6ljy, kanervankukka, auringonkukka\u00f6ljy, luonnollinen e-vitamiini, mineraaliv\u00e4ri INCI:\u00a0Sodium [&hellip;]<\/p>\n","protected":false},"featured_media":5908,"template":"","meta":{"_acf_changed":false,"_genesis_hide_title":false,"_genesis_hide_breadcrumbs":false,"_genesis_hide_singular_image":false,"_genesis_hide_footer_widgets":false,"_genesis_custom_body_class":"","_genesis_custom_post_class":"","_genesis_layout":""},"product_brand":[],"product_cat":[211,168],"product_tag":[],"class_list":{"0":"post-5906","1":"product","2":"type-product","3":"status-publish","4":"has-post-thumbnail","6":"product_cat-ametistisaippua","7":"product_cat-muut-tuotteet","8":"entry","10":"first","11":"instock","12":"featured","13":"taxable","14":"shipping-taxable","15":"purchasable","16":"product-type-simple"},"acf":[],"yoast_head":"<!-- This site is optimized with the Yoast SEO plugin v27.4 - https:\/\/yoast.com\/product\/yoast-seo-wordpress\/ -->\n<title>Ametistisaippua - Amethystmine.fi<\/title>\n<meta name=\"description\" content=\"Aito ametistikivi, rauhoittava laventelin tuoksu sek\u00e4 kanervan kukat tasapainottaa mielen ja kehon.\" \/>\n<meta name=\"robots\" content=\"index, follow, max-snippet:-1, max-image-preview:large, max-video-preview:-1\" \/>\n<link rel=\"canonical\" href=\"https:\/\/www.amethystmine.fi\/fi\/tuote\/ametistisaippua\/\" \/>\n<meta property=\"og:locale\" content=\"fi_FI\" \/>\n<meta property=\"og:type\" content=\"article\" \/>\n<meta property=\"og:title\" content=\"Ametistisaippua - Amethystmine.fi\" \/>\n<meta property=\"og:description\" content=\"Aito ametistikivi, rauhoittava laventelin tuoksu sek\u00e4 kanervan kukat tasapainottaa mielen ja kehon.\" \/>\n<meta property=\"og:url\" content=\"https:\/\/www.amethystmine.fi\/fi\/tuote\/ametistisaippua\/\" \/>\n<meta property=\"og:site_name\" content=\"Amethystmine.fi\" \/>\n<meta property=\"article:publisher\" content=\"https:\/\/www.facebook.com\/Amethystmine\" \/>\n<meta property=\"article:modified_time\" content=\"2025-09-27T19:46:48+00:00\" \/>\n<meta property=\"og:image\" content=\"https:\/\/www.amethystmine.fi\/wp-content\/uploads\/2022\/10\/saippua-scaled.jpg\" \/>\n\t<meta property=\"og:image:width\" content=\"2560\" \/>\n\t<meta property=\"og:image:height\" content=\"2560\" \/>\n\t<meta property=\"og:image:type\" content=\"image\/jpeg\" \/>\n<meta name=\"twitter:card\" content=\"summary_large_image\" \/>\n<meta name=\"twitter:label1\" content=\"Arvioitu lukuaika\" \/>\n\t<meta name=\"twitter:data1\" content=\"1 minuutti\" \/>\n<script type=\"application\/ld+json\" class=\"yoast-schema-graph\">{\"@context\":\"https:\\\/\\\/schema.org\",\"@graph\":[{\"@type\":\"WebPage\",\"@id\":\"https:\\\/\\\/www.amethystmine.fi\\\/fi\\\/tuote\\\/ametistisaippua\\\/\",\"url\":\"https:\\\/\\\/www.amethystmine.fi\\\/fi\\\/tuote\\\/ametistisaippua\\\/\",\"name\":\"Ametistisaippua - Amethystmine.fi\",\"isPartOf\":{\"@id\":\"https:\\\/\\\/www.amethystmine.fi\\\/fi\\\/#website\"},\"primaryImageOfPage\":{\"@id\":\"https:\\\/\\\/www.amethystmine.fi\\\/fi\\\/tuote\\\/ametistisaippua\\\/#primaryimage\"},\"image\":{\"@id\":\"https:\\\/\\\/www.amethystmine.fi\\\/fi\\\/tuote\\\/ametistisaippua\\\/#primaryimage\"},\"thumbnailUrl\":\"https:\\\/\\\/www.amethystmine.fi\\\/wp-content\\\/uploads\\\/2022\\\/10\\\/saippua-scaled.jpg\",\"datePublished\":\"2022-10-07T08:31:14+00:00\",\"dateModified\":\"2025-09-27T19:46:48+00:00\",\"description\":\"Aito ametistikivi, rauhoittava laventelin tuoksu sek\u00e4 kanervan kukat tasapainottaa mielen ja kehon.\",\"breadcrumb\":{\"@id\":\"https:\\\/\\\/www.amethystmine.fi\\\/fi\\\/tuote\\\/ametistisaippua\\\/#breadcrumb\"},\"inLanguage\":\"fi\",\"potentialAction\":[{\"@type\":\"ReadAction\",\"target\":[\"https:\\\/\\\/www.amethystmine.fi\\\/fi\\\/tuote\\\/ametistisaippua\\\/\"]}]},{\"@type\":\"ImageObject\",\"inLanguage\":\"fi\",\"@id\":\"https:\\\/\\\/www.amethystmine.fi\\\/fi\\\/tuote\\\/ametistisaippua\\\/#primaryimage\",\"url\":\"https:\\\/\\\/www.amethystmine.fi\\\/wp-content\\\/uploads\\\/2022\\\/10\\\/saippua-scaled.jpg\",\"contentUrl\":\"https:\\\/\\\/www.amethystmine.fi\\\/wp-content\\\/uploads\\\/2022\\\/10\\\/saippua-scaled.jpg\",\"width\":2560,\"height\":2560},{\"@type\":\"BreadcrumbList\",\"@id\":\"https:\\\/\\\/www.amethystmine.fi\\\/fi\\\/tuote\\\/ametistisaippua\\\/#breadcrumb\",\"itemListElement\":[{\"@type\":\"ListItem\",\"position\":1,\"name\":\"Home\",\"item\":\"https:\\\/\\\/www.amethystmine.fi\\\/fi\\\/\"},{\"@type\":\"ListItem\",\"position\":2,\"name\":\"Ametisti verkkokauppa\",\"item\":\"https:\\\/\\\/www.amethystmine.fi\\\/fi\\\/ametisti-verkkokauppa\\\/\"},{\"@type\":\"ListItem\",\"position\":3,\"name\":\"Ametistisaippua\"}]},{\"@type\":\"WebSite\",\"@id\":\"https:\\\/\\\/www.amethystmine.fi\\\/fi\\\/#website\",\"url\":\"https:\\\/\\\/www.amethystmine.fi\\\/fi\\\/\",\"name\":\"Amethystmine.fi\",\"description\":\"Ihan uusi WordPress-sivusto\",\"publisher\":{\"@id\":\"https:\\\/\\\/www.amethystmine.fi\\\/fi\\\/#organization\"},\"potentialAction\":[{\"@type\":\"SearchAction\",\"target\":{\"@type\":\"EntryPoint\",\"urlTemplate\":\"https:\\\/\\\/www.amethystmine.fi\\\/fi\\\/?s={search_term_string}\"},\"query-input\":{\"@type\":\"PropertyValueSpecification\",\"valueRequired\":true,\"valueName\":\"search_term_string\"}}],\"inLanguage\":\"fi\"},{\"@type\":\"Organization\",\"@id\":\"https:\\\/\\\/www.amethystmine.fi\\\/fi\\\/#organization\",\"name\":\"Amethystmine.fi\",\"url\":\"https:\\\/\\\/www.amethystmine.fi\\\/fi\\\/\",\"logo\":{\"@type\":\"ImageObject\",\"inLanguage\":\"fi\",\"@id\":\"https:\\\/\\\/www.amethystmine.fi\\\/fi\\\/#\\\/schema\\\/logo\\\/image\\\/\",\"url\":\"https:\\\/\\\/www.amethystmine.fi\\\/wp-content\\\/uploads\\\/2018\\\/11\\\/logo.png\",\"contentUrl\":\"https:\\\/\\\/www.amethystmine.fi\\\/wp-content\\\/uploads\\\/2018\\\/11\\\/logo.png\",\"width\":186,\"height\":76,\"caption\":\"Amethystmine.fi\"},\"image\":{\"@id\":\"https:\\\/\\\/www.amethystmine.fi\\\/fi\\\/#\\\/schema\\\/logo\\\/image\\\/\"},\"sameAs\":[\"https:\\\/\\\/www.facebook.com\\\/Amethystmine\"]}]}<\/script>\n<!-- \/ Yoast SEO plugin. -->","yoast_head_json":{"title":"Ametistisaippua - Amethystmine.fi","description":"Aito ametistikivi, rauhoittava laventelin tuoksu sek\u00e4 kanervan kukat tasapainottaa mielen ja kehon.","robots":{"index":"index","follow":"follow","max-snippet":"max-snippet:-1","max-image-preview":"max-image-preview:large","max-video-preview":"max-video-preview:-1"},"canonical":"https:\/\/www.amethystmine.fi\/fi\/tuote\/ametistisaippua\/","og_locale":"fi_FI","og_type":"article","og_title":"Ametistisaippua - Amethystmine.fi","og_description":"Aito ametistikivi, rauhoittava laventelin tuoksu sek\u00e4 kanervan kukat tasapainottaa mielen ja kehon.","og_url":"https:\/\/www.amethystmine.fi\/fi\/tuote\/ametistisaippua\/","og_site_name":"Amethystmine.fi","article_publisher":"https:\/\/www.facebook.com\/Amethystmine","article_modified_time":"2025-09-27T19:46:48+00:00","og_image":[{"width":2560,"height":2560,"url":"https:\/\/www.amethystmine.fi\/wp-content\/uploads\/2022\/10\/saippua-scaled.jpg","type":"image\/jpeg"}],"twitter_card":"summary_large_image","twitter_misc":{"Arvioitu lukuaika":"1 minuutti"},"schema":{"@context":"https:\/\/schema.org","@graph":[{"@type":"WebPage","@id":"https:\/\/www.amethystmine.fi\/fi\/tuote\/ametistisaippua\/","url":"https:\/\/www.amethystmine.fi\/fi\/tuote\/ametistisaippua\/","name":"Ametistisaippua - Amethystmine.fi","isPartOf":{"@id":"https:\/\/www.amethystmine.fi\/fi\/#website"},"primaryImageOfPage":{"@id":"https:\/\/www.amethystmine.fi\/fi\/tuote\/ametistisaippua\/#primaryimage"},"image":{"@id":"https:\/\/www.amethystmine.fi\/fi\/tuote\/ametistisaippua\/#primaryimage"},"thumbnailUrl":"https:\/\/www.amethystmine.fi\/wp-content\/uploads\/2022\/10\/saippua-scaled.jpg","datePublished":"2022-10-07T08:31:14+00:00","dateModified":"2025-09-27T19:46:48+00:00","description":"Aito ametistikivi, rauhoittava laventelin tuoksu sek\u00e4 kanervan kukat tasapainottaa mielen ja kehon.","breadcrumb":{"@id":"https:\/\/www.amethystmine.fi\/fi\/tuote\/ametistisaippua\/#breadcrumb"},"inLanguage":"fi","potentialAction":[{"@type":"ReadAction","target":["https:\/\/www.amethystmine.fi\/fi\/tuote\/ametistisaippua\/"]}]},{"@type":"ImageObject","inLanguage":"fi","@id":"https:\/\/www.amethystmine.fi\/fi\/tuote\/ametistisaippua\/#primaryimage","url":"https:\/\/www.amethystmine.fi\/wp-content\/uploads\/2022\/10\/saippua-scaled.jpg","contentUrl":"https:\/\/www.amethystmine.fi\/wp-content\/uploads\/2022\/10\/saippua-scaled.jpg","width":2560,"height":2560},{"@type":"BreadcrumbList","@id":"https:\/\/www.amethystmine.fi\/fi\/tuote\/ametistisaippua\/#breadcrumb","itemListElement":[{"@type":"ListItem","position":1,"name":"Home","item":"https:\/\/www.amethystmine.fi\/fi\/"},{"@type":"ListItem","position":2,"name":"Ametisti verkkokauppa","item":"https:\/\/www.amethystmine.fi\/fi\/ametisti-verkkokauppa\/"},{"@type":"ListItem","position":3,"name":"Ametistisaippua"}]},{"@type":"WebSite","@id":"https:\/\/www.amethystmine.fi\/fi\/#website","url":"https:\/\/www.amethystmine.fi\/fi\/","name":"Amethystmine.fi","description":"Ihan uusi WordPress-sivusto","publisher":{"@id":"https:\/\/www.amethystmine.fi\/fi\/#organization"},"potentialAction":[{"@type":"SearchAction","target":{"@type":"EntryPoint","urlTemplate":"https:\/\/www.amethystmine.fi\/fi\/?s={search_term_string}"},"query-input":{"@type":"PropertyValueSpecification","valueRequired":true,"valueName":"search_term_string"}}],"inLanguage":"fi"},{"@type":"Organization","@id":"https:\/\/www.amethystmine.fi\/fi\/#organization","name":"Amethystmine.fi","url":"https:\/\/www.amethystmine.fi\/fi\/","logo":{"@type":"ImageObject","inLanguage":"fi","@id":"https:\/\/www.amethystmine.fi\/fi\/#\/schema\/logo\/image\/","url":"https:\/\/www.amethystmine.fi\/wp-content\/uploads\/2018\/11\/logo.png","contentUrl":"https:\/\/www.amethystmine.fi\/wp-content\/uploads\/2018\/11\/logo.png","width":186,"height":76,"caption":"Amethystmine.fi"},"image":{"@id":"https:\/\/www.amethystmine.fi\/fi\/#\/schema\/logo\/image\/"},"sameAs":["https:\/\/www.facebook.com\/Amethystmine"]}]}},"_links":{"self":[{"href":"https:\/\/www.amethystmine.fi\/fi\/wp-json\/wp\/v2\/product\/5906","targetHints":{"allow":["GET"]}}],"collection":[{"href":"https:\/\/www.amethystmine.fi\/fi\/wp-json\/wp\/v2\/product"}],"about":[{"href":"https:\/\/www.amethystmine.fi\/fi\/wp-json\/wp\/v2\/types\/product"}],"wp:featuredmedia":[{"embeddable":true,"href":"https:\/\/www.amethystmine.fi\/fi\/wp-json\/wp\/v2\/media\/5908"}],"wp:attachment":[{"href":"https:\/\/www.amethystmine.fi\/fi\/wp-json\/wp\/v2\/media?parent=5906"}],"wp:term":[{"taxonomy":"product_brand","embeddable":true,"href":"https:\/\/www.amethystmine.fi\/fi\/wp-json\/wp\/v2\/product_brand?post=5906"},{"taxonomy":"product_cat","embeddable":true,"href":"https:\/\/www.amethystmine.fi\/fi\/wp-json\/wp\/v2\/product_cat?post=5906"},{"taxonomy":"product_tag","embeddable":true,"href":"https:\/\/www.amethystmine.fi\/fi\/wp-json\/wp\/v2\/product_tag?post=5906"}],"curies":[{"name":"wp","href":"https:\/\/api.w.org\/{rel}","templated":true}]}}