{"id":932,"date":"2024-09-07T16:43:10","date_gmt":"2024-09-07T13:43:10","guid":{"rendered":"https:\/\/www.amethystmine.fi\/?post_type=product&#038;p=932"},"modified":"2025-06-20T00:59:12","modified_gmt":"2025-06-19T21:59:12","slug":"aarre-ametistikoru-nahkanauhassa-pieni","status":"publish","type":"product","link":"https:\/\/www.amethystmine.fi\/fi\/tuote\/aarre-ametistikoru-nahkanauhassa-pieni\/","title":{"rendered":"Aarre ametistikoru nahkanauhassa, pieni"},"content":{"rendered":"<p><span style=\"margin: 0px; color: black; font-family: 'Segoe UI',sans-serif; font-size: 13.5pt;\">Aarre, ametistiriipus. K\u00e4tke syd\u00e4meesi ikioma aarteesi, sinun onnen ametistisi. Hopeinen kaulakoru, jonka sis\u00e4lle voit s\u00e4il\u00f6\u00e4 oman onnenkivesi. Kaksiosainen koru pysyy yhdess\u00e4 kaulanauhan avulla ja on helposti avattavissa sis\u00e4ll\u00e4 olevan onnenkiven vaihtoa varten. Korun halkaisija noin 1,6 cm. Kaulanauhan pituus noin 90 cm. Design Sami Viitasaari<\/span><\/p>\n<p><span style=\"margin: 0px; color: black; font-family: 'Segoe UI',sans-serif; font-size: 13.5pt;\">Nahkanauha sis\u00e4ltyy tuotteen hintaan. Huomaathan, ett\u00e4 korun\u00a0ametistit ovat rumpuhiottuja\u00a0luonnonkivi\u00e4 ja jokaisen\u00a0koko, muoto ja v\u00e4ri on erilainen. Korun kivi ei v\u00e4ltt\u00e4m\u00e4tt\u00e4\u00a0ole samanlainen kuin kuvan korussa!<\/span><\/p>\n","protected":false},"excerpt":{"rendered":"<p><span style=\"margin: 0px; color: black; font-family: 'Segoe UI',sans-serif; font-size: 13.5pt;\">Aarre, ametistiriipus. K\u00e4tke syd\u00e4meesi ikioma aarteesi, sinun onnen ametistisi.\u00a0<\/span><\/p>\n<p>&nbsp;<\/p>\n","protected":false},"featured_media":1963,"template":"","meta":{"_acf_changed":false,"_genesis_hide_title":false,"_genesis_hide_breadcrumbs":false,"_genesis_hide_singular_image":false,"_genesis_hide_footer_widgets":false,"_genesis_custom_body_class":"","_genesis_custom_post_class":"","_genesis_layout":""},"product_brand":[],"product_cat":[23],"product_tag":[66,57,61,56],"class_list":{"0":"post-932","1":"product","2":"type-product","3":"status-publish","4":"has-post-thumbnail","6":"product_cat-kaulakorut","7":"product_tag-aarre","8":"product_tag-ametistikoru","9":"product_tag-ametistiriipus","10":"product_tag-kaulakoru","11":"product_shipping_class-kivet-ja-korut","12":"entry","14":"first","15":"instock","16":"taxable","17":"shipping-taxable","18":"purchasable","19":"product-type-simple"},"acf":[],"yoast_head":"<!-- This site is optimized with the Yoast SEO plugin v27.4 - https:\/\/yoast.com\/product\/yoast-seo-wordpress\/ -->\n<title>Aarre ametistikoru nahkanauhassa, pieni - Amethystmine.fi<\/title>\n<meta name=\"description\" content=\"Aarre, ametistiriipus. K\u00e4tke syd\u00e4meesi ikioma aarteesi, sinun onnen ametistisi. Hopeinen kaulakoru, jonka sis\u00e4lle voit s\u00e4il\u00f6\u00e4 oman onnenkivesi. Kaksiosainen koru pysyy yhdess\u00e4 kaulanauhan avulla ja on helposti avattavissa sis\u00e4ll\u00e4 olevan onnenkiven vaihtoa varten.\" \/>\n<meta name=\"robots\" content=\"index, follow, max-snippet:-1, max-image-preview:large, max-video-preview:-1\" \/>\n<link rel=\"canonical\" href=\"https:\/\/www.amethystmine.fi\/fi\/tuote\/aarre-ametistikoru-nahkanauhassa-pieni\/\" \/>\n<meta property=\"og:locale\" content=\"fi_FI\" \/>\n<meta property=\"og:type\" content=\"article\" \/>\n<meta property=\"og:title\" content=\"Aarre ametistikoru nahkanauhassa, pieni - Amethystmine.fi\" \/>\n<meta property=\"og:description\" content=\"Aarre, ametistiriipus. K\u00e4tke syd\u00e4meesi ikioma aarteesi, sinun onnen ametistisi. Hopeinen kaulakoru, jonka sis\u00e4lle voit s\u00e4il\u00f6\u00e4 oman onnenkivesi. Kaksiosainen koru pysyy yhdess\u00e4 kaulanauhan avulla ja on helposti avattavissa sis\u00e4ll\u00e4 olevan onnenkiven vaihtoa varten.\" \/>\n<meta property=\"og:url\" content=\"https:\/\/www.amethystmine.fi\/fi\/tuote\/aarre-ametistikoru-nahkanauhassa-pieni\/\" \/>\n<meta property=\"og:site_name\" content=\"Amethystmine.fi\" \/>\n<meta property=\"article:publisher\" content=\"https:\/\/www.facebook.com\/Amethystmine\" \/>\n<meta property=\"article:modified_time\" content=\"2025-06-19T21:59:12+00:00\" \/>\n<meta property=\"og:image\" content=\"https:\/\/www.amethystmine.fi\/wp-content\/uploads\/2019\/03\/Aarre-pieni-2.jpg\" \/>\n\t<meta property=\"og:image:width\" content=\"1000\" \/>\n\t<meta property=\"og:image:height\" content=\"1000\" \/>\n\t<meta property=\"og:image:type\" content=\"image\/jpeg\" \/>\n<meta name=\"twitter:card\" content=\"summary_large_image\" \/>\n<meta name=\"twitter:label1\" content=\"Arvioitu lukuaika\" \/>\n\t<meta name=\"twitter:data1\" content=\"1 minuutti\" \/>\n<script type=\"application\/ld+json\" class=\"yoast-schema-graph\">{\"@context\":\"https:\\\/\\\/schema.org\",\"@graph\":[{\"@type\":\"WebPage\",\"@id\":\"https:\\\/\\\/www.amethystmine.fi\\\/fi\\\/tuote\\\/aarre-ametistikoru-nahkanauhassa-pieni\\\/\",\"url\":\"https:\\\/\\\/www.amethystmine.fi\\\/fi\\\/tuote\\\/aarre-ametistikoru-nahkanauhassa-pieni\\\/\",\"name\":\"Aarre ametistikoru nahkanauhassa, pieni - Amethystmine.fi\",\"isPartOf\":{\"@id\":\"https:\\\/\\\/www.amethystmine.fi\\\/fi\\\/#website\"},\"primaryImageOfPage\":{\"@id\":\"https:\\\/\\\/www.amethystmine.fi\\\/fi\\\/tuote\\\/aarre-ametistikoru-nahkanauhassa-pieni\\\/#primaryimage\"},\"image\":{\"@id\":\"https:\\\/\\\/www.amethystmine.fi\\\/fi\\\/tuote\\\/aarre-ametistikoru-nahkanauhassa-pieni\\\/#primaryimage\"},\"thumbnailUrl\":\"https:\\\/\\\/www.amethystmine.fi\\\/wp-content\\\/uploads\\\/2019\\\/03\\\/Aarre-pieni-2.jpg\",\"datePublished\":\"2024-09-07T13:43:10+00:00\",\"dateModified\":\"2025-06-19T21:59:12+00:00\",\"description\":\"Aarre, ametistiriipus. K\u00e4tke syd\u00e4meesi ikioma aarteesi, sinun onnen ametistisi. Hopeinen kaulakoru, jonka sis\u00e4lle voit s\u00e4il\u00f6\u00e4 oman onnenkivesi. Kaksiosainen koru pysyy yhdess\u00e4 kaulanauhan avulla ja on helposti avattavissa sis\u00e4ll\u00e4 olevan onnenkiven vaihtoa varten.\",\"breadcrumb\":{\"@id\":\"https:\\\/\\\/www.amethystmine.fi\\\/fi\\\/tuote\\\/aarre-ametistikoru-nahkanauhassa-pieni\\\/#breadcrumb\"},\"inLanguage\":\"fi\",\"potentialAction\":[{\"@type\":\"ReadAction\",\"target\":[\"https:\\\/\\\/www.amethystmine.fi\\\/fi\\\/tuote\\\/aarre-ametistikoru-nahkanauhassa-pieni\\\/\"]}]},{\"@type\":\"ImageObject\",\"inLanguage\":\"fi\",\"@id\":\"https:\\\/\\\/www.amethystmine.fi\\\/fi\\\/tuote\\\/aarre-ametistikoru-nahkanauhassa-pieni\\\/#primaryimage\",\"url\":\"https:\\\/\\\/www.amethystmine.fi\\\/wp-content\\\/uploads\\\/2019\\\/03\\\/Aarre-pieni-2.jpg\",\"contentUrl\":\"https:\\\/\\\/www.amethystmine.fi\\\/wp-content\\\/uploads\\\/2019\\\/03\\\/Aarre-pieni-2.jpg\",\"width\":1000,\"height\":1000,\"caption\":\"Aarre ametistikoru, pieni\"},{\"@type\":\"BreadcrumbList\",\"@id\":\"https:\\\/\\\/www.amethystmine.fi\\\/fi\\\/tuote\\\/aarre-ametistikoru-nahkanauhassa-pieni\\\/#breadcrumb\",\"itemListElement\":[{\"@type\":\"ListItem\",\"position\":1,\"name\":\"Home\",\"item\":\"https:\\\/\\\/www.amethystmine.fi\\\/fi\\\/\"},{\"@type\":\"ListItem\",\"position\":2,\"name\":\"Ametisti verkkokauppa\",\"item\":\"https:\\\/\\\/www.amethystmine.fi\\\/fi\\\/ametisti-verkkokauppa\\\/\"},{\"@type\":\"ListItem\",\"position\":3,\"name\":\"Aarre ametistikoru nahkanauhassa, pieni\"}]},{\"@type\":\"WebSite\",\"@id\":\"https:\\\/\\\/www.amethystmine.fi\\\/fi\\\/#website\",\"url\":\"https:\\\/\\\/www.amethystmine.fi\\\/fi\\\/\",\"name\":\"Amethystmine.fi\",\"description\":\"Ihan uusi WordPress-sivusto\",\"publisher\":{\"@id\":\"https:\\\/\\\/www.amethystmine.fi\\\/fi\\\/#organization\"},\"potentialAction\":[{\"@type\":\"SearchAction\",\"target\":{\"@type\":\"EntryPoint\",\"urlTemplate\":\"https:\\\/\\\/www.amethystmine.fi\\\/fi\\\/?s={search_term_string}\"},\"query-input\":{\"@type\":\"PropertyValueSpecification\",\"valueRequired\":true,\"valueName\":\"search_term_string\"}}],\"inLanguage\":\"fi\"},{\"@type\":\"Organization\",\"@id\":\"https:\\\/\\\/www.amethystmine.fi\\\/fi\\\/#organization\",\"name\":\"Amethystmine.fi\",\"url\":\"https:\\\/\\\/www.amethystmine.fi\\\/fi\\\/\",\"logo\":{\"@type\":\"ImageObject\",\"inLanguage\":\"fi\",\"@id\":\"https:\\\/\\\/www.amethystmine.fi\\\/fi\\\/#\\\/schema\\\/logo\\\/image\\\/\",\"url\":\"https:\\\/\\\/www.amethystmine.fi\\\/wp-content\\\/uploads\\\/2018\\\/11\\\/logo.png\",\"contentUrl\":\"https:\\\/\\\/www.amethystmine.fi\\\/wp-content\\\/uploads\\\/2018\\\/11\\\/logo.png\",\"width\":186,\"height\":76,\"caption\":\"Amethystmine.fi\"},\"image\":{\"@id\":\"https:\\\/\\\/www.amethystmine.fi\\\/fi\\\/#\\\/schema\\\/logo\\\/image\\\/\"},\"sameAs\":[\"https:\\\/\\\/www.facebook.com\\\/Amethystmine\"]}]}<\/script>\n<!-- \/ Yoast SEO plugin. -->","yoast_head_json":{"title":"Aarre ametistikoru nahkanauhassa, pieni - Amethystmine.fi","description":"Aarre, ametistiriipus. K\u00e4tke syd\u00e4meesi ikioma aarteesi, sinun onnen ametistisi. Hopeinen kaulakoru, jonka sis\u00e4lle voit s\u00e4il\u00f6\u00e4 oman onnenkivesi. Kaksiosainen koru pysyy yhdess\u00e4 kaulanauhan avulla ja on helposti avattavissa sis\u00e4ll\u00e4 olevan onnenkiven vaihtoa varten.","robots":{"index":"index","follow":"follow","max-snippet":"max-snippet:-1","max-image-preview":"max-image-preview:large","max-video-preview":"max-video-preview:-1"},"canonical":"https:\/\/www.amethystmine.fi\/fi\/tuote\/aarre-ametistikoru-nahkanauhassa-pieni\/","og_locale":"fi_FI","og_type":"article","og_title":"Aarre ametistikoru nahkanauhassa, pieni - Amethystmine.fi","og_description":"Aarre, ametistiriipus. K\u00e4tke syd\u00e4meesi ikioma aarteesi, sinun onnen ametistisi. Hopeinen kaulakoru, jonka sis\u00e4lle voit s\u00e4il\u00f6\u00e4 oman onnenkivesi. Kaksiosainen koru pysyy yhdess\u00e4 kaulanauhan avulla ja on helposti avattavissa sis\u00e4ll\u00e4 olevan onnenkiven vaihtoa varten.","og_url":"https:\/\/www.amethystmine.fi\/fi\/tuote\/aarre-ametistikoru-nahkanauhassa-pieni\/","og_site_name":"Amethystmine.fi","article_publisher":"https:\/\/www.facebook.com\/Amethystmine","article_modified_time":"2025-06-19T21:59:12+00:00","og_image":[{"width":1000,"height":1000,"url":"https:\/\/www.amethystmine.fi\/wp-content\/uploads\/2019\/03\/Aarre-pieni-2.jpg","type":"image\/jpeg"}],"twitter_card":"summary_large_image","twitter_misc":{"Arvioitu lukuaika":"1 minuutti"},"schema":{"@context":"https:\/\/schema.org","@graph":[{"@type":"WebPage","@id":"https:\/\/www.amethystmine.fi\/fi\/tuote\/aarre-ametistikoru-nahkanauhassa-pieni\/","url":"https:\/\/www.amethystmine.fi\/fi\/tuote\/aarre-ametistikoru-nahkanauhassa-pieni\/","name":"Aarre ametistikoru nahkanauhassa, pieni - Amethystmine.fi","isPartOf":{"@id":"https:\/\/www.amethystmine.fi\/fi\/#website"},"primaryImageOfPage":{"@id":"https:\/\/www.amethystmine.fi\/fi\/tuote\/aarre-ametistikoru-nahkanauhassa-pieni\/#primaryimage"},"image":{"@id":"https:\/\/www.amethystmine.fi\/fi\/tuote\/aarre-ametistikoru-nahkanauhassa-pieni\/#primaryimage"},"thumbnailUrl":"https:\/\/www.amethystmine.fi\/wp-content\/uploads\/2019\/03\/Aarre-pieni-2.jpg","datePublished":"2024-09-07T13:43:10+00:00","dateModified":"2025-06-19T21:59:12+00:00","description":"Aarre, ametistiriipus. K\u00e4tke syd\u00e4meesi ikioma aarteesi, sinun onnen ametistisi. Hopeinen kaulakoru, jonka sis\u00e4lle voit s\u00e4il\u00f6\u00e4 oman onnenkivesi. Kaksiosainen koru pysyy yhdess\u00e4 kaulanauhan avulla ja on helposti avattavissa sis\u00e4ll\u00e4 olevan onnenkiven vaihtoa varten.","breadcrumb":{"@id":"https:\/\/www.amethystmine.fi\/fi\/tuote\/aarre-ametistikoru-nahkanauhassa-pieni\/#breadcrumb"},"inLanguage":"fi","potentialAction":[{"@type":"ReadAction","target":["https:\/\/www.amethystmine.fi\/fi\/tuote\/aarre-ametistikoru-nahkanauhassa-pieni\/"]}]},{"@type":"ImageObject","inLanguage":"fi","@id":"https:\/\/www.amethystmine.fi\/fi\/tuote\/aarre-ametistikoru-nahkanauhassa-pieni\/#primaryimage","url":"https:\/\/www.amethystmine.fi\/wp-content\/uploads\/2019\/03\/Aarre-pieni-2.jpg","contentUrl":"https:\/\/www.amethystmine.fi\/wp-content\/uploads\/2019\/03\/Aarre-pieni-2.jpg","width":1000,"height":1000,"caption":"Aarre ametistikoru, pieni"},{"@type":"BreadcrumbList","@id":"https:\/\/www.amethystmine.fi\/fi\/tuote\/aarre-ametistikoru-nahkanauhassa-pieni\/#breadcrumb","itemListElement":[{"@type":"ListItem","position":1,"name":"Home","item":"https:\/\/www.amethystmine.fi\/fi\/"},{"@type":"ListItem","position":2,"name":"Ametisti verkkokauppa","item":"https:\/\/www.amethystmine.fi\/fi\/ametisti-verkkokauppa\/"},{"@type":"ListItem","position":3,"name":"Aarre ametistikoru nahkanauhassa, pieni"}]},{"@type":"WebSite","@id":"https:\/\/www.amethystmine.fi\/fi\/#website","url":"https:\/\/www.amethystmine.fi\/fi\/","name":"Amethystmine.fi","description":"Ihan uusi WordPress-sivusto","publisher":{"@id":"https:\/\/www.amethystmine.fi\/fi\/#organization"},"potentialAction":[{"@type":"SearchAction","target":{"@type":"EntryPoint","urlTemplate":"https:\/\/www.amethystmine.fi\/fi\/?s={search_term_string}"},"query-input":{"@type":"PropertyValueSpecification","valueRequired":true,"valueName":"search_term_string"}}],"inLanguage":"fi"},{"@type":"Organization","@id":"https:\/\/www.amethystmine.fi\/fi\/#organization","name":"Amethystmine.fi","url":"https:\/\/www.amethystmine.fi\/fi\/","logo":{"@type":"ImageObject","inLanguage":"fi","@id":"https:\/\/www.amethystmine.fi\/fi\/#\/schema\/logo\/image\/","url":"https:\/\/www.amethystmine.fi\/wp-content\/uploads\/2018\/11\/logo.png","contentUrl":"https:\/\/www.amethystmine.fi\/wp-content\/uploads\/2018\/11\/logo.png","width":186,"height":76,"caption":"Amethystmine.fi"},"image":{"@id":"https:\/\/www.amethystmine.fi\/fi\/#\/schema\/logo\/image\/"},"sameAs":["https:\/\/www.facebook.com\/Amethystmine"]}]}},"_links":{"self":[{"href":"https:\/\/www.amethystmine.fi\/fi\/wp-json\/wp\/v2\/product\/932","targetHints":{"allow":["GET"]}}],"collection":[{"href":"https:\/\/www.amethystmine.fi\/fi\/wp-json\/wp\/v2\/product"}],"about":[{"href":"https:\/\/www.amethystmine.fi\/fi\/wp-json\/wp\/v2\/types\/product"}],"wp:featuredmedia":[{"embeddable":true,"href":"https:\/\/www.amethystmine.fi\/fi\/wp-json\/wp\/v2\/media\/1963"}],"wp:attachment":[{"href":"https:\/\/www.amethystmine.fi\/fi\/wp-json\/wp\/v2\/media?parent=932"}],"wp:term":[{"taxonomy":"product_brand","embeddable":true,"href":"https:\/\/www.amethystmine.fi\/fi\/wp-json\/wp\/v2\/product_brand?post=932"},{"taxonomy":"product_cat","embeddable":true,"href":"https:\/\/www.amethystmine.fi\/fi\/wp-json\/wp\/v2\/product_cat?post=932"},{"taxonomy":"product_tag","embeddable":true,"href":"https:\/\/www.amethystmine.fi\/fi\/wp-json\/wp\/v2\/product_tag?post=932"}],"curies":[{"name":"wp","href":"https:\/\/api.w.org\/{rel}","templated":true}]}}