{"id":944,"date":"2024-09-07T16:41:02","date_gmt":"2024-09-07T13:41:02","guid":{"rendered":"https:\/\/www.amethystmine.fi\/?post_type=product&#038;p=944"},"modified":"2024-09-07T16:41:02","modified_gmt":"2024-09-07T13:41:02","slug":"suvanto-ametistisormus","status":"publish","type":"product","link":"https:\/\/www.amethystmine.fi\/fi\/tuote\/suvanto-ametistisormus\/","title":{"rendered":"Suvanto ametistisormus"},"content":{"rendered":"<p><span style=\"margin: 0px; color: black; font-family: 'Segoe UI',sans-serif; font-size: 13.5pt;\">Suvanto-sarjan\u00a0korut henkiv\u00e4t\u00a0rauhaa ja lempe\u00e4\u00e4 energiaa.\u00a0Korun syd\u00e4men\u00e4 olevan aidon Lapin\u00a0ametistin uskotaankin tasapainottavan ja rauhoittavan kiireist\u00e4.<\/span><\/p>\n<p><span style=\"margin: 0px; color: black; font-family: 'Segoe UI',sans-serif; font-size: 13.5pt;\">Suvanto on\u00a0leve\u00e4 ja syv\u00e4 joen kohta, jossa virtaus liikkuu muuta jokea hitaammin. Suvanto on my\u00f6s pieni idyllinen jokivarsikyl\u00e4 Pelkosenniemell\u00e4.<\/span><\/p>\n<p><span style=\"margin: 0px; color: black; font-family: 'Segoe UI',sans-serif; font-size: 13.5pt;\">Sormuksen taulun koko on noin 14\u00d726 mm ja siin\u00e4 on 8 mm ametisti Luoston Lampivaarasta. Sormuksen runko on kapeimmillaan noin 4 mm ja\u00a0leveimmill\u00e4\u00e4n noin 7,5 mm. Huomaathan, ett\u00e4 ametistin s\u00e4vy vaihtelee vaalean lilasta tummaan violettiin, eik\u00e4 korun kivi ole v\u00e4ltt\u00e4m\u00e4tt\u00e4 s\u00e4vylt\u00e4\u00e4n samanlainen kuin kuvan riipuksen kivi!<\/span><\/p>\n<p><span style=\"margin: 0px; color: black; font-family: 'Segoe UI',sans-serif; font-size: 13.5pt;\">\u00a0<\/span><span style=\"margin: 0px; color: black; font-family: 'Segoe UI',sans-serif; font-size: 13.5pt;\">Muistathan valita sormuksen koon ennen ostoskoriin lis\u00e4\u00e4mist\u00e4!<\/span><\/p>\n","protected":false},"excerpt":{"rendered":"<p><span style=\"margin: 0px; color: black; font-family: 'Segoe UI',sans-serif; font-size: 13.5pt;\">Suvanto-sarjan korut henkiv\u00e4t rauhaa ja lempe\u00e4\u00e4 energiaa. Ametistin uskotaankin tasapainottavan ja rauhoittavan kiireist\u00e4.<\/span><\/p>\n","protected":false},"featured_media":2104,"template":"","meta":{"_acf_changed":false,"_genesis_hide_title":false,"_genesis_hide_breadcrumbs":false,"_genesis_hide_singular_image":false,"_genesis_hide_footer_widgets":false,"_genesis_custom_body_class":"","_genesis_custom_post_class":"","_genesis_layout":""},"product_brand":[],"product_cat":[26],"product_tag":[57,67,54],"class_list":{"0":"post-944","1":"product","2":"type-product","3":"status-publish","4":"has-post-thumbnail","6":"product_cat-sormukset","7":"product_tag-ametistikoru","8":"product_tag-sormus","9":"product_tag-suvanto","10":"product_shipping_class-kivet-ja-korut","11":"entry","13":"first","14":"instock","15":"taxable","16":"shipping-taxable","17":"purchasable","18":"product-type-variable"},"acf":[],"yoast_head":"<!-- This site is optimized with the Yoast SEO plugin v27.4 - https:\/\/yoast.com\/product\/yoast-seo-wordpress\/ -->\n<title>Suvanto ametistisormus - Amethystmine.fi<\/title>\n<meta name=\"description\" content=\"Suvanto-sarjan korut henkiv\u00e4t rauhaa ja lempe\u00e4\u00e4 energiaa. Korun syd\u00e4men\u00e4 olevan aidon Lapin ametistin uskotaankin tasapainottavan ja rauhoittavan kiireist\u00e4. Sormuksen taulun koko on noin 14x26 mm ja siin\u00e4 on 8 mm ametisti Luoston Lampivaarasta.\" \/>\n<meta name=\"robots\" content=\"index, follow, max-snippet:-1, max-image-preview:large, max-video-preview:-1\" \/>\n<link rel=\"canonical\" href=\"https:\/\/www.amethystmine.fi\/fi\/tuote\/suvanto-ametistisormus\/\" \/>\n<meta property=\"og:locale\" content=\"fi_FI\" \/>\n<meta property=\"og:type\" content=\"article\" \/>\n<meta property=\"og:title\" content=\"Suvanto ametistisormus - Amethystmine.fi\" \/>\n<meta property=\"og:description\" content=\"Suvanto-sarjan korut henkiv\u00e4t rauhaa ja lempe\u00e4\u00e4 energiaa. Korun syd\u00e4men\u00e4 olevan aidon Lapin ametistin uskotaankin tasapainottavan ja rauhoittavan kiireist\u00e4. Sormuksen taulun koko on noin 14x26 mm ja siin\u00e4 on 8 mm ametisti Luoston Lampivaarasta.\" \/>\n<meta property=\"og:url\" content=\"https:\/\/www.amethystmine.fi\/fi\/tuote\/suvanto-ametistisormus\/\" \/>\n<meta property=\"og:site_name\" content=\"Amethystmine.fi\" \/>\n<meta property=\"article:publisher\" content=\"https:\/\/www.facebook.com\/Amethystmine\" \/>\n<meta property=\"og:image\" content=\"https:\/\/www.amethystmine.fi\/wp-content\/uploads\/2019\/03\/suvanto-sormus-1.jpg\" \/>\n\t<meta property=\"og:image:width\" content=\"849\" \/>\n\t<meta property=\"og:image:height\" content=\"849\" \/>\n\t<meta property=\"og:image:type\" content=\"image\/jpeg\" \/>\n<meta name=\"twitter:card\" content=\"summary_large_image\" \/>\n<meta name=\"twitter:label1\" content=\"Arvioitu lukuaika\" \/>\n\t<meta name=\"twitter:data1\" content=\"1 minuutti\" \/>\n<script type=\"application\/ld+json\" class=\"yoast-schema-graph\">{\"@context\":\"https:\\\/\\\/schema.org\",\"@graph\":[{\"@type\":\"WebPage\",\"@id\":\"https:\\\/\\\/www.amethystmine.fi\\\/fi\\\/tuote\\\/suvanto-ametistisormus\\\/\",\"url\":\"https:\\\/\\\/www.amethystmine.fi\\\/fi\\\/tuote\\\/suvanto-ametistisormus\\\/\",\"name\":\"Suvanto ametistisormus - Amethystmine.fi\",\"isPartOf\":{\"@id\":\"https:\\\/\\\/www.amethystmine.fi\\\/fi\\\/#website\"},\"primaryImageOfPage\":{\"@id\":\"https:\\\/\\\/www.amethystmine.fi\\\/fi\\\/tuote\\\/suvanto-ametistisormus\\\/#primaryimage\"},\"image\":{\"@id\":\"https:\\\/\\\/www.amethystmine.fi\\\/fi\\\/tuote\\\/suvanto-ametistisormus\\\/#primaryimage\"},\"thumbnailUrl\":\"https:\\\/\\\/www.amethystmine.fi\\\/wp-content\\\/uploads\\\/2019\\\/03\\\/suvanto-sormus-1.jpg\",\"datePublished\":\"2024-09-07T13:41:02+00:00\",\"description\":\"Suvanto-sarjan korut henkiv\u00e4t rauhaa ja lempe\u00e4\u00e4 energiaa. Korun syd\u00e4men\u00e4 olevan aidon Lapin ametistin uskotaankin tasapainottavan ja rauhoittavan kiireist\u00e4. Sormuksen taulun koko on noin 14x26 mm ja siin\u00e4 on 8 mm ametisti Luoston Lampivaarasta.\",\"breadcrumb\":{\"@id\":\"https:\\\/\\\/www.amethystmine.fi\\\/fi\\\/tuote\\\/suvanto-ametistisormus\\\/#breadcrumb\"},\"inLanguage\":\"fi\",\"potentialAction\":[{\"@type\":\"ReadAction\",\"target\":[\"https:\\\/\\\/www.amethystmine.fi\\\/fi\\\/tuote\\\/suvanto-ametistisormus\\\/\"]}]},{\"@type\":\"ImageObject\",\"inLanguage\":\"fi\",\"@id\":\"https:\\\/\\\/www.amethystmine.fi\\\/fi\\\/tuote\\\/suvanto-ametistisormus\\\/#primaryimage\",\"url\":\"https:\\\/\\\/www.amethystmine.fi\\\/wp-content\\\/uploads\\\/2019\\\/03\\\/suvanto-sormus-1.jpg\",\"contentUrl\":\"https:\\\/\\\/www.amethystmine.fi\\\/wp-content\\\/uploads\\\/2019\\\/03\\\/suvanto-sormus-1.jpg\",\"width\":849,\"height\":849,\"caption\":\"Suvanto ametistisormus\"},{\"@type\":\"BreadcrumbList\",\"@id\":\"https:\\\/\\\/www.amethystmine.fi\\\/fi\\\/tuote\\\/suvanto-ametistisormus\\\/#breadcrumb\",\"itemListElement\":[{\"@type\":\"ListItem\",\"position\":1,\"name\":\"Home\",\"item\":\"https:\\\/\\\/www.amethystmine.fi\\\/fi\\\/\"},{\"@type\":\"ListItem\",\"position\":2,\"name\":\"Ametisti verkkokauppa\",\"item\":\"https:\\\/\\\/www.amethystmine.fi\\\/fi\\\/ametisti-verkkokauppa\\\/\"},{\"@type\":\"ListItem\",\"position\":3,\"name\":\"Suvanto ametistisormus\"}]},{\"@type\":\"WebSite\",\"@id\":\"https:\\\/\\\/www.amethystmine.fi\\\/fi\\\/#website\",\"url\":\"https:\\\/\\\/www.amethystmine.fi\\\/fi\\\/\",\"name\":\"Amethystmine.fi\",\"description\":\"Ihan uusi WordPress-sivusto\",\"publisher\":{\"@id\":\"https:\\\/\\\/www.amethystmine.fi\\\/fi\\\/#organization\"},\"potentialAction\":[{\"@type\":\"SearchAction\",\"target\":{\"@type\":\"EntryPoint\",\"urlTemplate\":\"https:\\\/\\\/www.amethystmine.fi\\\/fi\\\/?s={search_term_string}\"},\"query-input\":{\"@type\":\"PropertyValueSpecification\",\"valueRequired\":true,\"valueName\":\"search_term_string\"}}],\"inLanguage\":\"fi\"},{\"@type\":\"Organization\",\"@id\":\"https:\\\/\\\/www.amethystmine.fi\\\/fi\\\/#organization\",\"name\":\"Amethystmine.fi\",\"url\":\"https:\\\/\\\/www.amethystmine.fi\\\/fi\\\/\",\"logo\":{\"@type\":\"ImageObject\",\"inLanguage\":\"fi\",\"@id\":\"https:\\\/\\\/www.amethystmine.fi\\\/fi\\\/#\\\/schema\\\/logo\\\/image\\\/\",\"url\":\"https:\\\/\\\/www.amethystmine.fi\\\/wp-content\\\/uploads\\\/2018\\\/11\\\/logo.png\",\"contentUrl\":\"https:\\\/\\\/www.amethystmine.fi\\\/wp-content\\\/uploads\\\/2018\\\/11\\\/logo.png\",\"width\":186,\"height\":76,\"caption\":\"Amethystmine.fi\"},\"image\":{\"@id\":\"https:\\\/\\\/www.amethystmine.fi\\\/fi\\\/#\\\/schema\\\/logo\\\/image\\\/\"},\"sameAs\":[\"https:\\\/\\\/www.facebook.com\\\/Amethystmine\"]}]}<\/script>\n<!-- \/ Yoast SEO plugin. -->","yoast_head_json":{"title":"Suvanto ametistisormus - Amethystmine.fi","description":"Suvanto-sarjan korut henkiv\u00e4t rauhaa ja lempe\u00e4\u00e4 energiaa. Korun syd\u00e4men\u00e4 olevan aidon Lapin ametistin uskotaankin tasapainottavan ja rauhoittavan kiireist\u00e4. Sormuksen taulun koko on noin 14x26 mm ja siin\u00e4 on 8 mm ametisti Luoston Lampivaarasta.","robots":{"index":"index","follow":"follow","max-snippet":"max-snippet:-1","max-image-preview":"max-image-preview:large","max-video-preview":"max-video-preview:-1"},"canonical":"https:\/\/www.amethystmine.fi\/fi\/tuote\/suvanto-ametistisormus\/","og_locale":"fi_FI","og_type":"article","og_title":"Suvanto ametistisormus - Amethystmine.fi","og_description":"Suvanto-sarjan korut henkiv\u00e4t rauhaa ja lempe\u00e4\u00e4 energiaa. Korun syd\u00e4men\u00e4 olevan aidon Lapin ametistin uskotaankin tasapainottavan ja rauhoittavan kiireist\u00e4. Sormuksen taulun koko on noin 14x26 mm ja siin\u00e4 on 8 mm ametisti Luoston Lampivaarasta.","og_url":"https:\/\/www.amethystmine.fi\/fi\/tuote\/suvanto-ametistisormus\/","og_site_name":"Amethystmine.fi","article_publisher":"https:\/\/www.facebook.com\/Amethystmine","og_image":[{"width":849,"height":849,"url":"https:\/\/www.amethystmine.fi\/wp-content\/uploads\/2019\/03\/suvanto-sormus-1.jpg","type":"image\/jpeg"}],"twitter_card":"summary_large_image","twitter_misc":{"Arvioitu lukuaika":"1 minuutti"},"schema":{"@context":"https:\/\/schema.org","@graph":[{"@type":"WebPage","@id":"https:\/\/www.amethystmine.fi\/fi\/tuote\/suvanto-ametistisormus\/","url":"https:\/\/www.amethystmine.fi\/fi\/tuote\/suvanto-ametistisormus\/","name":"Suvanto ametistisormus - Amethystmine.fi","isPartOf":{"@id":"https:\/\/www.amethystmine.fi\/fi\/#website"},"primaryImageOfPage":{"@id":"https:\/\/www.amethystmine.fi\/fi\/tuote\/suvanto-ametistisormus\/#primaryimage"},"image":{"@id":"https:\/\/www.amethystmine.fi\/fi\/tuote\/suvanto-ametistisormus\/#primaryimage"},"thumbnailUrl":"https:\/\/www.amethystmine.fi\/wp-content\/uploads\/2019\/03\/suvanto-sormus-1.jpg","datePublished":"2024-09-07T13:41:02+00:00","description":"Suvanto-sarjan korut henkiv\u00e4t rauhaa ja lempe\u00e4\u00e4 energiaa. Korun syd\u00e4men\u00e4 olevan aidon Lapin ametistin uskotaankin tasapainottavan ja rauhoittavan kiireist\u00e4. Sormuksen taulun koko on noin 14x26 mm ja siin\u00e4 on 8 mm ametisti Luoston Lampivaarasta.","breadcrumb":{"@id":"https:\/\/www.amethystmine.fi\/fi\/tuote\/suvanto-ametistisormus\/#breadcrumb"},"inLanguage":"fi","potentialAction":[{"@type":"ReadAction","target":["https:\/\/www.amethystmine.fi\/fi\/tuote\/suvanto-ametistisormus\/"]}]},{"@type":"ImageObject","inLanguage":"fi","@id":"https:\/\/www.amethystmine.fi\/fi\/tuote\/suvanto-ametistisormus\/#primaryimage","url":"https:\/\/www.amethystmine.fi\/wp-content\/uploads\/2019\/03\/suvanto-sormus-1.jpg","contentUrl":"https:\/\/www.amethystmine.fi\/wp-content\/uploads\/2019\/03\/suvanto-sormus-1.jpg","width":849,"height":849,"caption":"Suvanto ametistisormus"},{"@type":"BreadcrumbList","@id":"https:\/\/www.amethystmine.fi\/fi\/tuote\/suvanto-ametistisormus\/#breadcrumb","itemListElement":[{"@type":"ListItem","position":1,"name":"Home","item":"https:\/\/www.amethystmine.fi\/fi\/"},{"@type":"ListItem","position":2,"name":"Ametisti verkkokauppa","item":"https:\/\/www.amethystmine.fi\/fi\/ametisti-verkkokauppa\/"},{"@type":"ListItem","position":3,"name":"Suvanto ametistisormus"}]},{"@type":"WebSite","@id":"https:\/\/www.amethystmine.fi\/fi\/#website","url":"https:\/\/www.amethystmine.fi\/fi\/","name":"Amethystmine.fi","description":"Ihan uusi WordPress-sivusto","publisher":{"@id":"https:\/\/www.amethystmine.fi\/fi\/#organization"},"potentialAction":[{"@type":"SearchAction","target":{"@type":"EntryPoint","urlTemplate":"https:\/\/www.amethystmine.fi\/fi\/?s={search_term_string}"},"query-input":{"@type":"PropertyValueSpecification","valueRequired":true,"valueName":"search_term_string"}}],"inLanguage":"fi"},{"@type":"Organization","@id":"https:\/\/www.amethystmine.fi\/fi\/#organization","name":"Amethystmine.fi","url":"https:\/\/www.amethystmine.fi\/fi\/","logo":{"@type":"ImageObject","inLanguage":"fi","@id":"https:\/\/www.amethystmine.fi\/fi\/#\/schema\/logo\/image\/","url":"https:\/\/www.amethystmine.fi\/wp-content\/uploads\/2018\/11\/logo.png","contentUrl":"https:\/\/www.amethystmine.fi\/wp-content\/uploads\/2018\/11\/logo.png","width":186,"height":76,"caption":"Amethystmine.fi"},"image":{"@id":"https:\/\/www.amethystmine.fi\/fi\/#\/schema\/logo\/image\/"},"sameAs":["https:\/\/www.facebook.com\/Amethystmine"]}]}},"_links":{"self":[{"href":"https:\/\/www.amethystmine.fi\/fi\/wp-json\/wp\/v2\/product\/944","targetHints":{"allow":["GET"]}}],"collection":[{"href":"https:\/\/www.amethystmine.fi\/fi\/wp-json\/wp\/v2\/product"}],"about":[{"href":"https:\/\/www.amethystmine.fi\/fi\/wp-json\/wp\/v2\/types\/product"}],"wp:featuredmedia":[{"embeddable":true,"href":"https:\/\/www.amethystmine.fi\/fi\/wp-json\/wp\/v2\/media\/2104"}],"wp:attachment":[{"href":"https:\/\/www.amethystmine.fi\/fi\/wp-json\/wp\/v2\/media?parent=944"}],"wp:term":[{"taxonomy":"product_brand","embeddable":true,"href":"https:\/\/www.amethystmine.fi\/fi\/wp-json\/wp\/v2\/product_brand?post=944"},{"taxonomy":"product_cat","embeddable":true,"href":"https:\/\/www.amethystmine.fi\/fi\/wp-json\/wp\/v2\/product_cat?post=944"},{"taxonomy":"product_tag","embeddable":true,"href":"https:\/\/www.amethystmine.fi\/fi\/wp-json\/wp\/v2\/product_tag?post=944"}],"curies":[{"name":"wp","href":"https:\/\/api.w.org\/{rel}","templated":true}]}}