{"id":965,"date":"2024-09-07T16:41:00","date_gmt":"2024-09-07T13:41:00","guid":{"rendered":"https:\/\/www.amethystmine.fi\/?post_type=product&#038;p=965"},"modified":"2026-02-04T12:09:58","modified_gmt":"2026-02-04T10:09:58","slug":"kuukkeli-ametistiriipus","status":"publish","type":"product","link":"https:\/\/www.amethystmine.fi\/fi\/tuote\/kuukkeli-ametistiriipus\/","title":{"rendered":"Kuukkeli ametistiriipus"},"content":{"rendered":"<p><span style=\"margin: 0px; color: black; font-family: 'Segoe UI',sans-serif; font-size: 13.5pt;\">Kuukkeli on pohjoisten metsien peloton ja utelias onnenlintu. Sit\u00e4 on pidetty sielunlintuna, johon Lapin ihmisen sielu on kuoleman j\u00e4lkeen asettunut. Etel\u00e4-Suomen metsien pirstoutumisen vuoksi kuukkeli on yleinen en\u00e4\u00e4 pohjoisessa, jossa retkeilij\u00e4 saa siit\u00e4 usein ev\u00e4st\u00e4 k\u00e4rtt\u00e4v\u00e4\u00e4 seuraa nuotionsa \u00e4\u00e4reen.<\/span><\/p>\n<p><span style=\"margin: 0px; color: black; font-family: 'Segoe UI',sans-serif; font-size: 13.5pt;\">Kuukkeli-koru ametistikivell\u00e4 on Taigakorun Ametistikaivokselle suunnittelema ja valmistama malli. Kuukkelin siipien v\u00e4li on noin 21,5 mm.<\/span><\/p>\n<p><span style=\"margin: 0px; color: black; font-family: 'Segoe UI',sans-serif; font-size: 13.5pt;\">Hopeaketju sis\u00e4ltyy korun hintaan. Valitse sopiva ketjun pituus valikosta.<\/span><\/p>\n<p><span style=\"margin: 0px; color: black; font-family: 'Segoe UI',sans-serif; font-size: 13.5pt;\">Huomaathan, ett\u00e4 ametistin s\u00e4vy vaihtelee vaalean lilasta tummaan violettiin, eik\u00e4 korun kivi ole v\u00e4ltt\u00e4m\u00e4tt\u00e4 s\u00e4vylt\u00e4\u00e4n samanlainen kuin kuvan riipuksen kivi!<\/span><\/p>\n<p>&nbsp;<\/p>\n","protected":false},"excerpt":{"rendered":"<p><span style=\"margin: 0px; color: black; line-height: 107%; font-family: 'Segoe UI',sans-serif; font-size: 13.5pt;\">Kuukkeli on pohjoisten metsien peloton ja utelias onnenlintu. Sit\u00e4 on pidetty sielunlintuna, johon Lapin ihmisen sielu on kuoleman j\u00e4lkeen asettunut. <\/span><\/p>\n","protected":false},"featured_media":2026,"template":"","meta":{"_acf_changed":false,"_genesis_hide_title":false,"_genesis_hide_breadcrumbs":false,"_genesis_hide_singular_image":false,"_genesis_hide_footer_widgets":false,"_genesis_custom_body_class":"","_genesis_custom_post_class":"","_genesis_layout":""},"product_brand":[],"product_cat":[23],"product_tag":[57,61,56,69],"class_list":{"0":"post-965","1":"product","2":"type-product","3":"status-publish","4":"has-post-thumbnail","6":"product_cat-kaulakorut","7":"product_tag-ametistikoru","8":"product_tag-ametistiriipus","9":"product_tag-kaulakoru","10":"product_tag-kuukkeli","11":"product_shipping_class-kivet-ja-korut","12":"entry","14":"first","15":"instock","16":"taxable","17":"shipping-taxable","18":"purchasable","19":"product-type-variable"},"acf":[],"yoast_head":"<!-- This site is optimized with the Yoast SEO plugin v27.4 - https:\/\/yoast.com\/product\/yoast-seo-wordpress\/ -->\n<title>Kuukkeli ametistiriipus - Amethystmine.fi<\/title>\n<meta name=\"description\" content=\"Kuukkeli on pohjoisten metsien peloton ja utelias onnenlintu. Sit\u00e4 on pidetty sielunlintuna, johon Lapin ihmisen sielu on kuoleman j\u00e4lkeen asettunut. Kuukkeli on yleinen en\u00e4\u00e4 pohjoisessa, jossa retkeilij\u00e4 saa siit\u00e4 usein ev\u00e4st\u00e4 k\u00e4rtt\u00e4v\u00e4\u00e4 seuraa nuotionsa \u00e4\u00e4reen.\" \/>\n<meta name=\"robots\" content=\"index, follow, max-snippet:-1, max-image-preview:large, max-video-preview:-1\" \/>\n<link rel=\"canonical\" href=\"https:\/\/www.amethystmine.fi\/fi\/tuote\/kuukkeli-ametistiriipus\/\" \/>\n<meta property=\"og:locale\" content=\"fi_FI\" \/>\n<meta property=\"og:type\" content=\"article\" \/>\n<meta property=\"og:title\" content=\"Kuukkeli ametistiriipus - Amethystmine.fi\" \/>\n<meta property=\"og:description\" content=\"Kuukkeli on pohjoisten metsien peloton ja utelias onnenlintu. Sit\u00e4 on pidetty sielunlintuna, johon Lapin ihmisen sielu on kuoleman j\u00e4lkeen asettunut. Kuukkeli on yleinen en\u00e4\u00e4 pohjoisessa, jossa retkeilij\u00e4 saa siit\u00e4 usein ev\u00e4st\u00e4 k\u00e4rtt\u00e4v\u00e4\u00e4 seuraa nuotionsa \u00e4\u00e4reen.\" \/>\n<meta property=\"og:url\" content=\"https:\/\/www.amethystmine.fi\/fi\/tuote\/kuukkeli-ametistiriipus\/\" \/>\n<meta property=\"og:site_name\" content=\"Amethystmine.fi\" \/>\n<meta property=\"article:publisher\" content=\"https:\/\/www.facebook.com\/Amethystmine\" \/>\n<meta property=\"article:modified_time\" content=\"2026-02-04T10:09:58+00:00\" \/>\n<meta property=\"og:image\" content=\"https:\/\/www.amethystmine.fi\/wp-content\/uploads\/2019\/03\/Kuukkeli-riipus3.jpg\" \/>\n\t<meta property=\"og:image:width\" content=\"1000\" \/>\n\t<meta property=\"og:image:height\" content=\"1000\" \/>\n\t<meta property=\"og:image:type\" content=\"image\/jpeg\" \/>\n<meta name=\"twitter:card\" content=\"summary_large_image\" \/>\n<meta name=\"twitter:label1\" content=\"Arvioitu lukuaika\" \/>\n\t<meta name=\"twitter:data1\" content=\"1 minuutti\" \/>\n<script type=\"application\/ld+json\" class=\"yoast-schema-graph\">{\"@context\":\"https:\\\/\\\/schema.org\",\"@graph\":[{\"@type\":\"WebPage\",\"@id\":\"https:\\\/\\\/www.amethystmine.fi\\\/fi\\\/tuote\\\/kuukkeli-ametistiriipus\\\/\",\"url\":\"https:\\\/\\\/www.amethystmine.fi\\\/fi\\\/tuote\\\/kuukkeli-ametistiriipus\\\/\",\"name\":\"Kuukkeli ametistiriipus - Amethystmine.fi\",\"isPartOf\":{\"@id\":\"https:\\\/\\\/www.amethystmine.fi\\\/fi\\\/#website\"},\"primaryImageOfPage\":{\"@id\":\"https:\\\/\\\/www.amethystmine.fi\\\/fi\\\/tuote\\\/kuukkeli-ametistiriipus\\\/#primaryimage\"},\"image\":{\"@id\":\"https:\\\/\\\/www.amethystmine.fi\\\/fi\\\/tuote\\\/kuukkeli-ametistiriipus\\\/#primaryimage\"},\"thumbnailUrl\":\"https:\\\/\\\/www.amethystmine.fi\\\/wp-content\\\/uploads\\\/2019\\\/03\\\/Kuukkeli-riipus3.jpg\",\"datePublished\":\"2024-09-07T13:41:00+00:00\",\"dateModified\":\"2026-02-04T10:09:58+00:00\",\"description\":\"Kuukkeli on pohjoisten metsien peloton ja utelias onnenlintu. Sit\u00e4 on pidetty sielunlintuna, johon Lapin ihmisen sielu on kuoleman j\u00e4lkeen asettunut. Kuukkeli on yleinen en\u00e4\u00e4 pohjoisessa, jossa retkeilij\u00e4 saa siit\u00e4 usein ev\u00e4st\u00e4 k\u00e4rtt\u00e4v\u00e4\u00e4 seuraa nuotionsa \u00e4\u00e4reen.\",\"breadcrumb\":{\"@id\":\"https:\\\/\\\/www.amethystmine.fi\\\/fi\\\/tuote\\\/kuukkeli-ametistiriipus\\\/#breadcrumb\"},\"inLanguage\":\"fi\",\"potentialAction\":[{\"@type\":\"ReadAction\",\"target\":[\"https:\\\/\\\/www.amethystmine.fi\\\/fi\\\/tuote\\\/kuukkeli-ametistiriipus\\\/\"]}]},{\"@type\":\"ImageObject\",\"inLanguage\":\"fi\",\"@id\":\"https:\\\/\\\/www.amethystmine.fi\\\/fi\\\/tuote\\\/kuukkeli-ametistiriipus\\\/#primaryimage\",\"url\":\"https:\\\/\\\/www.amethystmine.fi\\\/wp-content\\\/uploads\\\/2019\\\/03\\\/Kuukkeli-riipus3.jpg\",\"contentUrl\":\"https:\\\/\\\/www.amethystmine.fi\\\/wp-content\\\/uploads\\\/2019\\\/03\\\/Kuukkeli-riipus3.jpg\",\"width\":1000,\"height\":1000,\"caption\":\"Kuukkeli ametistiriipus\"},{\"@type\":\"BreadcrumbList\",\"@id\":\"https:\\\/\\\/www.amethystmine.fi\\\/fi\\\/tuote\\\/kuukkeli-ametistiriipus\\\/#breadcrumb\",\"itemListElement\":[{\"@type\":\"ListItem\",\"position\":1,\"name\":\"Home\",\"item\":\"https:\\\/\\\/www.amethystmine.fi\\\/fi\\\/\"},{\"@type\":\"ListItem\",\"position\":2,\"name\":\"Ametisti verkkokauppa\",\"item\":\"https:\\\/\\\/www.amethystmine.fi\\\/fi\\\/ametisti-verkkokauppa\\\/\"},{\"@type\":\"ListItem\",\"position\":3,\"name\":\"Kuukkeli ametistiriipus\"}]},{\"@type\":\"WebSite\",\"@id\":\"https:\\\/\\\/www.amethystmine.fi\\\/fi\\\/#website\",\"url\":\"https:\\\/\\\/www.amethystmine.fi\\\/fi\\\/\",\"name\":\"Amethystmine.fi\",\"description\":\"Ihan uusi WordPress-sivusto\",\"publisher\":{\"@id\":\"https:\\\/\\\/www.amethystmine.fi\\\/fi\\\/#organization\"},\"potentialAction\":[{\"@type\":\"SearchAction\",\"target\":{\"@type\":\"EntryPoint\",\"urlTemplate\":\"https:\\\/\\\/www.amethystmine.fi\\\/fi\\\/?s={search_term_string}\"},\"query-input\":{\"@type\":\"PropertyValueSpecification\",\"valueRequired\":true,\"valueName\":\"search_term_string\"}}],\"inLanguage\":\"fi\"},{\"@type\":\"Organization\",\"@id\":\"https:\\\/\\\/www.amethystmine.fi\\\/fi\\\/#organization\",\"name\":\"Amethystmine.fi\",\"url\":\"https:\\\/\\\/www.amethystmine.fi\\\/fi\\\/\",\"logo\":{\"@type\":\"ImageObject\",\"inLanguage\":\"fi\",\"@id\":\"https:\\\/\\\/www.amethystmine.fi\\\/fi\\\/#\\\/schema\\\/logo\\\/image\\\/\",\"url\":\"https:\\\/\\\/www.amethystmine.fi\\\/wp-content\\\/uploads\\\/2018\\\/11\\\/logo.png\",\"contentUrl\":\"https:\\\/\\\/www.amethystmine.fi\\\/wp-content\\\/uploads\\\/2018\\\/11\\\/logo.png\",\"width\":186,\"height\":76,\"caption\":\"Amethystmine.fi\"},\"image\":{\"@id\":\"https:\\\/\\\/www.amethystmine.fi\\\/fi\\\/#\\\/schema\\\/logo\\\/image\\\/\"},\"sameAs\":[\"https:\\\/\\\/www.facebook.com\\\/Amethystmine\"]}]}<\/script>\n<!-- \/ Yoast SEO plugin. -->","yoast_head_json":{"title":"Kuukkeli ametistiriipus - Amethystmine.fi","description":"Kuukkeli on pohjoisten metsien peloton ja utelias onnenlintu. Sit\u00e4 on pidetty sielunlintuna, johon Lapin ihmisen sielu on kuoleman j\u00e4lkeen asettunut. Kuukkeli on yleinen en\u00e4\u00e4 pohjoisessa, jossa retkeilij\u00e4 saa siit\u00e4 usein ev\u00e4st\u00e4 k\u00e4rtt\u00e4v\u00e4\u00e4 seuraa nuotionsa \u00e4\u00e4reen.","robots":{"index":"index","follow":"follow","max-snippet":"max-snippet:-1","max-image-preview":"max-image-preview:large","max-video-preview":"max-video-preview:-1"},"canonical":"https:\/\/www.amethystmine.fi\/fi\/tuote\/kuukkeli-ametistiriipus\/","og_locale":"fi_FI","og_type":"article","og_title":"Kuukkeli ametistiriipus - Amethystmine.fi","og_description":"Kuukkeli on pohjoisten metsien peloton ja utelias onnenlintu. Sit\u00e4 on pidetty sielunlintuna, johon Lapin ihmisen sielu on kuoleman j\u00e4lkeen asettunut. Kuukkeli on yleinen en\u00e4\u00e4 pohjoisessa, jossa retkeilij\u00e4 saa siit\u00e4 usein ev\u00e4st\u00e4 k\u00e4rtt\u00e4v\u00e4\u00e4 seuraa nuotionsa \u00e4\u00e4reen.","og_url":"https:\/\/www.amethystmine.fi\/fi\/tuote\/kuukkeli-ametistiriipus\/","og_site_name":"Amethystmine.fi","article_publisher":"https:\/\/www.facebook.com\/Amethystmine","article_modified_time":"2026-02-04T10:09:58+00:00","og_image":[{"width":1000,"height":1000,"url":"https:\/\/www.amethystmine.fi\/wp-content\/uploads\/2019\/03\/Kuukkeli-riipus3.jpg","type":"image\/jpeg"}],"twitter_card":"summary_large_image","twitter_misc":{"Arvioitu lukuaika":"1 minuutti"},"schema":{"@context":"https:\/\/schema.org","@graph":[{"@type":"WebPage","@id":"https:\/\/www.amethystmine.fi\/fi\/tuote\/kuukkeli-ametistiriipus\/","url":"https:\/\/www.amethystmine.fi\/fi\/tuote\/kuukkeli-ametistiriipus\/","name":"Kuukkeli ametistiriipus - Amethystmine.fi","isPartOf":{"@id":"https:\/\/www.amethystmine.fi\/fi\/#website"},"primaryImageOfPage":{"@id":"https:\/\/www.amethystmine.fi\/fi\/tuote\/kuukkeli-ametistiriipus\/#primaryimage"},"image":{"@id":"https:\/\/www.amethystmine.fi\/fi\/tuote\/kuukkeli-ametistiriipus\/#primaryimage"},"thumbnailUrl":"https:\/\/www.amethystmine.fi\/wp-content\/uploads\/2019\/03\/Kuukkeli-riipus3.jpg","datePublished":"2024-09-07T13:41:00+00:00","dateModified":"2026-02-04T10:09:58+00:00","description":"Kuukkeli on pohjoisten metsien peloton ja utelias onnenlintu. Sit\u00e4 on pidetty sielunlintuna, johon Lapin ihmisen sielu on kuoleman j\u00e4lkeen asettunut. Kuukkeli on yleinen en\u00e4\u00e4 pohjoisessa, jossa retkeilij\u00e4 saa siit\u00e4 usein ev\u00e4st\u00e4 k\u00e4rtt\u00e4v\u00e4\u00e4 seuraa nuotionsa \u00e4\u00e4reen.","breadcrumb":{"@id":"https:\/\/www.amethystmine.fi\/fi\/tuote\/kuukkeli-ametistiriipus\/#breadcrumb"},"inLanguage":"fi","potentialAction":[{"@type":"ReadAction","target":["https:\/\/www.amethystmine.fi\/fi\/tuote\/kuukkeli-ametistiriipus\/"]}]},{"@type":"ImageObject","inLanguage":"fi","@id":"https:\/\/www.amethystmine.fi\/fi\/tuote\/kuukkeli-ametistiriipus\/#primaryimage","url":"https:\/\/www.amethystmine.fi\/wp-content\/uploads\/2019\/03\/Kuukkeli-riipus3.jpg","contentUrl":"https:\/\/www.amethystmine.fi\/wp-content\/uploads\/2019\/03\/Kuukkeli-riipus3.jpg","width":1000,"height":1000,"caption":"Kuukkeli ametistiriipus"},{"@type":"BreadcrumbList","@id":"https:\/\/www.amethystmine.fi\/fi\/tuote\/kuukkeli-ametistiriipus\/#breadcrumb","itemListElement":[{"@type":"ListItem","position":1,"name":"Home","item":"https:\/\/www.amethystmine.fi\/fi\/"},{"@type":"ListItem","position":2,"name":"Ametisti verkkokauppa","item":"https:\/\/www.amethystmine.fi\/fi\/ametisti-verkkokauppa\/"},{"@type":"ListItem","position":3,"name":"Kuukkeli ametistiriipus"}]},{"@type":"WebSite","@id":"https:\/\/www.amethystmine.fi\/fi\/#website","url":"https:\/\/www.amethystmine.fi\/fi\/","name":"Amethystmine.fi","description":"Ihan uusi WordPress-sivusto","publisher":{"@id":"https:\/\/www.amethystmine.fi\/fi\/#organization"},"potentialAction":[{"@type":"SearchAction","target":{"@type":"EntryPoint","urlTemplate":"https:\/\/www.amethystmine.fi\/fi\/?s={search_term_string}"},"query-input":{"@type":"PropertyValueSpecification","valueRequired":true,"valueName":"search_term_string"}}],"inLanguage":"fi"},{"@type":"Organization","@id":"https:\/\/www.amethystmine.fi\/fi\/#organization","name":"Amethystmine.fi","url":"https:\/\/www.amethystmine.fi\/fi\/","logo":{"@type":"ImageObject","inLanguage":"fi","@id":"https:\/\/www.amethystmine.fi\/fi\/#\/schema\/logo\/image\/","url":"https:\/\/www.amethystmine.fi\/wp-content\/uploads\/2018\/11\/logo.png","contentUrl":"https:\/\/www.amethystmine.fi\/wp-content\/uploads\/2018\/11\/logo.png","width":186,"height":76,"caption":"Amethystmine.fi"},"image":{"@id":"https:\/\/www.amethystmine.fi\/fi\/#\/schema\/logo\/image\/"},"sameAs":["https:\/\/www.facebook.com\/Amethystmine"]}]}},"_links":{"self":[{"href":"https:\/\/www.amethystmine.fi\/fi\/wp-json\/wp\/v2\/product\/965","targetHints":{"allow":["GET"]}}],"collection":[{"href":"https:\/\/www.amethystmine.fi\/fi\/wp-json\/wp\/v2\/product"}],"about":[{"href":"https:\/\/www.amethystmine.fi\/fi\/wp-json\/wp\/v2\/types\/product"}],"wp:featuredmedia":[{"embeddable":true,"href":"https:\/\/www.amethystmine.fi\/fi\/wp-json\/wp\/v2\/media\/2026"}],"wp:attachment":[{"href":"https:\/\/www.amethystmine.fi\/fi\/wp-json\/wp\/v2\/media?parent=965"}],"wp:term":[{"taxonomy":"product_brand","embeddable":true,"href":"https:\/\/www.amethystmine.fi\/fi\/wp-json\/wp\/v2\/product_brand?post=965"},{"taxonomy":"product_cat","embeddable":true,"href":"https:\/\/www.amethystmine.fi\/fi\/wp-json\/wp\/v2\/product_cat?post=965"},{"taxonomy":"product_tag","embeddable":true,"href":"https:\/\/www.amethystmine.fi\/fi\/wp-json\/wp\/v2\/product_tag?post=965"}],"curies":[{"name":"wp","href":"https:\/\/api.w.org\/{rel}","templated":true}]}}